{"id":8014,"date":"2025-11-10T08:22:50","date_gmt":"2025-11-10T08:22:50","guid":{"rendered":"https:\/\/yenhung.com\/?product=chat-pha-gi-rost-off-plus-wurth-400ml"},"modified":"2026-02-11T01:18:57","modified_gmt":"2026-02-11T01:18:57","slug":"chat-pha-gi-rost-off-plus-wurth-400ml","status":"publish","type":"product","link":"https:\/\/yenhung.com\/?product=chat-pha-gi-rost-off-plus-wurth-400ml","title":{"rendered":"Ch\u1ea5t ph\u00e1 g\u1ec9 rost-off-plus Wurth 400ml"},"content":{"rendered":"<div class=\"ba-text-fpt\">\n<h2><strong>M\u00f4 t\u1ea3 Ch\u1ea5t ph\u00e1 g\u1ec9 Wurth Rust Remover Rost-Off Plus 300ml<\/strong><\/h2>\n<p><img decoding=\"async\" title=\"rost-off-plus-2-jpeg-a5a8fed2-09a8-4f76-aa6e-f83d673ee97f-2\" src=\"https:\/\/yenhung.com\/wp-content\/uploads\/2025\/11\/rost-off-plus-2-jpeg-a5a8fed2-09a8-4f76-aa6e-f83d673ee97f-2.jpg\" alt=\"CH\u1ea4T PH\u00c1 G\u1ec8 ROST-OFF-PLUS 400ML\" data-thumb=\"large\" \/><\/p>\n<p>Ch\u1ea5t t\u1ea9y g\u1ec9 ch\u1ea5t l\u01b0\u1ee3ng cao, hi\u1ec7u qu\u1ea3 b\u00f4i tr\u01a1n \u2013 nh\u1edd c\u00f4ng ngh\u1ec7 ph\u1ee5 gia m\u1edbi nh\u1ea5t (c\u00f4ng ngh\u1ec7 OMC 2)<\/p>\n<p>Ho\u1ea1t \u0111\u1ed9ng mao d\u1eabn cao<\/p>\n<p>\u0110\u1eb7c t\u00ednh leo t\u1ed1i \u01b0u \u0111\u1ea3m b\u1ea3o s\u1ef1 x\u00e2m nh\u1eadp r\u1ec9 v\u01b0\u1ee3t tr\u1ed9i v\u00e0 lo\u1ea1i b\u1ecf r\u1ec9 r\u1ed9ng<\/p>\n<p>Ch\u1ee9a ch\u1ea5t l\u1ecfng, hi\u1ec7u qu\u1ea3 cao, h\u1ee3p ch\u1ea5t molypden h\u1eefu c\u01a1 OMC2<\/p>\n<p>Ng\u01b0\u1ee3c l\u1ea1i v\u1edbi c\u00e1c s\u1ea3n ph\u1ea9m c\u00f3 ch\u1ee9a ch\u1ea5t b\u00f4i tr\u01a1n r\u1eafn, nh\u01b0 MOS2, OMC2 kh\u00f4ng k\u1ebft t\u1ee7a trong c\u00e1c th\u00f9ng ch\u1ee9a l\u1edbn h\u01a1n<\/p>\n<p>Ma s\u00e1t gi\u1ea3m<\/p>\n<p>Hi\u1ec7u qu\u1ea3 b\u00f4i tr\u01a1n tuy\u1ec7t v\u1eddi b\u1eb1ng c\u00e1ch l\u00e0m m\u1ecbn b\u1ec1 m\u1eb7t kim lo\u1ea1i<\/p>\n<p>\u0110\u1ea3m b\u1ea3o ho\u1ea1t \u0111\u1ed9ng tr\u01a1n tru v\u0129nh vi\u1ec5n c\u1ee7a c\u00e1c k\u1ebft n\u1ed1i Ph\u1ee5 gia b\u1ea3o v\u1ec7 ch\u1ed1ng \u0103n m\u00f2n \u0111\u1ec3 b\u1ea3o v\u1ec7 t\u1ed1i \u01b0u<\/p>\n<p>Cung c\u1ea5p b\u1ea3o v\u1ec7 l\u00e2u d\u00e0i ch\u1ed1ng \u0103n m\u00f2n h\u01a1n n\u1eefa<\/p>\n<p>Nh\u1ef1a v\u00e0 axit mi\u1ec5n ph\u00ed Kh\u00f4ng c\u00f3 silicone<\/p>\n<p>T\u01b0\u01a1ng th\u00edch v\u1edbi cao su v\u00e0 nh\u1ef1a<\/p>\n<p><img decoding=\"async\" title=\"rost-off-plus-jpeg-1\" src=\"https:\/\/yenhung.com\/wp-content\/uploads\/2025\/11\/rost-off-plus-jpeg-1.jpg\" alt=\"CH\u1ea4T PH\u00c1 G\u1ec8 ROST-OFF-PLUS 400ML\" data-thumb=\"large\" \/><\/p>\n<h2><strong>C\u00e1ch s\u1eed d\u1ee5ng<\/strong>:<\/h2>\n<p>L\u1eafc k\u1ef9 chai tr\u01b0\u1edbc khi s\u1eed d\u1ee5ng. X\u1ecbt l\u1eb7p l\u1ea1i<\/p>\n<p>C\u00f4ng d\u1ee5ng: Ph\u00e1 g\u1ec9, S\u1eed d\u1ee5ng ph\u00f9 h\u1ee3p cho \u00f4-t\u00f4, m\u00f4-t\u00f4, xe v\u1eadn t\u1ea3i, xe du l\u1ecbch, c\u00e1c lo\u1ea1i thi\u1ebft b\u1ecb, \u0111\u1ed9ng c\u01a1 x\u00e2y d\u1ef1ng, n\u00f4ng nghi\u1ec7p. Th\u1ea9m th\u1ea5u nhanh, len l\u1ecfi s\u00e2u \u0111\u1ec3 c\u00f4ng ph\u00e1 l\u00e0m bong r\u00e3 g\u1ec9 s\u00e9t m\u1ed9t c\u00e1ch t\u1ed1i \u0111a. L\u00e0m l\u01a1i c\u00e1c \u1ed1c v\u00edt, bu-lon b\u1ecb hoen g\u1ec9 l\u00e2u ng\u00e0y. Sau khi x\u1ecbt s\u1ebd \u0111\u1ec3 l\u1ea1i m\u1ed9t l\u1edbp b\u1ea3o v\u1ec7 ch\u1ee9a ch\u1ea5t keo d\u00ednh ch\u1ed1ng \u0103n m\u00f2n v\u00e0 ch\u1ed1ng \u00f4-xy h\u00f3a nh\u1eb1m ch\u1eb7n \u0111\u1ee9ng v\u00e0 ng\u0103n ng\u1eeba hi\u1ec7n t\u01b0\u1ee3ng g\u1ec9 t\u00e1i di\u1ec5n.<\/p>\n<p><img decoding=\"async\" title=\"rost-off-plus-2-jpeg-1\" src=\"https:\/\/yenhung.com\/wp-content\/uploads\/2025\/11\/rost-off-plus-2-jpeg-1.jpg\" alt=\"CH\u1ea4T PH\u00c1 G\u1ec8 ROST-OFF-PLUS 400ML\" data-thumb=\"large\" \/><\/p>\n<p>&nbsp;<\/p>\n<\/div>\n","protected":false},"excerpt":{"rendered":"<p><strong>T\u00ean sa\u0309n ph\u00e2\u0309m:<\/strong>\u00a0Ch\u1ea5t ph\u00e1 g\u1ec9 Wurth Rust Remover Rost-Off Plus 300ml<\/p>\n","protected":false},"featured_media":8015,"comment_status":"closed","ping_status":"closed","template":"","meta":[],"product_brand":[],"product_cat":[164],"product_tag":[],"class_list":{"0":"post-8014","1":"product","2":"type-product","3":"status-publish","4":"has-post-thumbnail","6":"product_cat-wurth","8":"first","9":"instock","10":"shipping-taxable","11":"product-type-simple"},"_links":{"self":[{"href":"https:\/\/yenhung.com\/index.php?rest_route=\/wp\/v2\/product\/8014","targetHints":{"allow":["GET"]}}],"collection":[{"href":"https:\/\/yenhung.com\/index.php?rest_route=\/wp\/v2\/product"}],"about":[{"href":"https:\/\/yenhung.com\/index.php?rest_route=\/wp\/v2\/types\/product"}],"replies":[{"embeddable":true,"href":"https:\/\/yenhung.com\/index.php?rest_route=%2Fwp%2Fv2%2Fcomments&post=8014"}],"wp:featuredmedia":[{"embeddable":true,"href":"https:\/\/yenhung.com\/index.php?rest_route=\/wp\/v2\/media\/8015"}],"wp:attachment":[{"href":"https:\/\/yenhung.com\/index.php?rest_route=%2Fwp%2Fv2%2Fmedia&parent=8014"}],"wp:term":[{"taxonomy":"product_brand","embeddable":true,"href":"https:\/\/yenhung.com\/index.php?rest_route=%2Fwp%2Fv2%2Fproduct_brand&post=8014"},{"taxonomy":"product_cat","embeddable":true,"href":"https:\/\/yenhung.com\/index.php?rest_route=%2Fwp%2Fv2%2Fproduct_cat&post=8014"},{"taxonomy":"product_tag","embeddable":true,"href":"https:\/\/yenhung.com\/index.php?rest_route=%2Fwp%2Fv2%2Fproduct_tag&post=8014"}],"curies":[{"name":"wp","href":"https:\/\/api.w.org\/{rel}","templated":true}]}}