{"id":8031,"date":"2025-11-10T08:35:50","date_gmt":"2025-11-10T08:35:50","guid":{"rendered":"https:\/\/yenhung.com\/?product=dau-mobil-rarus-429-208l"},"modified":"2026-02-10T09:51:12","modified_gmt":"2026-02-10T09:51:12","slug":"dau-mobil-rarus-429-208l","status":"publish","type":"product","link":"https:\/\/yenhung.com\/?product=dau-mobil-rarus-429-208l","title":{"rendered":"D\u1ea6U &#8211; MOBIL RARUS 429 &#8211; 208L"},"content":{"rendered":"<div class=\"ba-text-fpt\">\n<h2 style=\"text-align: justify;\"><strong>T\u1ed5ng quan v\u1ec1\u00a0D\u1ea6U &#8211; MOBIL RARUS 429 &#8211; 208L<\/strong><\/h2>\n<p style=\"text-align: justify;\"><b>D\u1ea6U MOBIL RARUS 429<\/b> l\u00e0 lo\u1ea1i d\u1ea7u b\u00f4i tr\u01a1n m\u00e1y n\u00e9n kh\u00ed ch\u1ea5t l\u01b0\u1ee3ng cao, thu\u1ed9c d\u00f2ng s\u1ea3n ph\u1ea9m <b>Mobil Rarus\u2122 400 Series<\/b> c\u1ee7a ExxonMobil. S\u1ea3n ph\u1ea9m n\u00e0y \u0111\u01b0\u1ee3c thi\u1ebft k\u1ebf \u0111\u1ec3 \u0111\u00e1p \u1ee9ng c\u00e1c y\u00eau c\u1ea7u kh\u1eaft khe c\u1ee7a c\u00e1c nh\u00e0 s\u1ea3n xu\u1ea5t m\u00e1y n\u00e9n kh\u00ed h\u00e0ng \u0111\u1ea7u.<\/p>\n<h2 style=\"text-align: justify;\"><strong>Th\u00f4ng s\u1ed1 K\u1ef9 thu\u1eadt Ch\u00ednh\u00a0D\u1ea6U &#8211; MOBIL RARUS 429 &#8211; 208L<\/strong><\/h2>\n<p style=\"text-align: center;\"><img decoding=\"async\" title=\"screenshot-1762338808-2\" src=\"https:\/\/yenhung.com\/wp-content\/uploads\/2025\/11\/screenshot-1762338808-2.png\" alt=\"D\u1ea6U - MOBIL RARUS 429 - 208L\" data-thumb=\"grande\" \/><\/p>\n<table class=\"MsoTableGridLight\" style=\"border-collapse: collapse; border: solid #bfbfbf 1.0pt;\">\n<tbody>\n<tr>\n<td style=\"border: solid #bfbfbf 1.0pt; padding: 0cm 5.4pt 0cm 5.4pt;\" valign=\"top\">\n<p style=\"text-align: center;\"><span style=\"font-size: 11pt;\"><span style=\"line-height: normal;\"><span style=\"font-family: Calibri,sans-serif;\"><b><span style=\"border: none windowtext 1.0pt; font-size: 12.0pt; padding: 0cm;\"><span style=\"font-family: 'Times New Roman',serif;\"><span style=\"color: #1b1c1d;\">Thu\u1ed9c t\u00ednh<\/span><\/span><\/span><\/b><\/span><\/span><\/span><\/p>\n<\/td>\n<td style=\"border: solid #bfbfbf 1.0pt; border-left: none; padding: 0cm 5.4pt 0cm 5.4pt;\" valign=\"top\">\n<p style=\"text-align: center;\"><span style=\"font-size: 11pt;\"><span style=\"line-height: normal;\"><span style=\"font-family: Calibri,sans-serif;\"><b><span style=\"border: none windowtext 1.0pt; font-size: 12.0pt; padding: 0cm;\"><span style=\"font-family: 'Times New Roman',serif;\"><span style=\"color: #1b1c1d;\">Chi ti\u1ebft<\/span><\/span><\/span><\/b><\/span><\/span><\/span><\/p>\n<\/td>\n<\/tr>\n<tr>\n<td style=\"border: solid #bfbfbf 1.0pt; border-top: none; padding: 0cm 5.4pt 0cm 5.4pt;\" valign=\"top\">\n<p style=\"text-align: justify;\"><strong><span style=\"font-size: 11pt;\"><span style=\"line-height: normal;\"><span style=\"font-family: Calibri,sans-serif;\"><span style=\"border: none windowtext 1.0pt; font-size: 12.0pt; padding: 0cm;\"><span style=\"font-family: 'Times New Roman',serif;\"><span style=\"color: #1b1c1d;\">T\u00ean s\u1ea3n ph\u1ea9m<\/span><\/span><\/span><\/span><\/span><\/span><\/strong><\/p>\n<\/td>\n<td style=\"border-bottom: solid #bfbfbf 1.0pt; border-top: none; border-left: none; border-right: solid #bfbfbf 1.0pt; padding: 0cm 5.4pt 0cm 5.4pt;\" valign=\"top\">\n<p style=\"text-align: justify;\"><span style=\"font-size: 11pt;\"><span style=\"line-height: normal;\"><span style=\"font-family: Calibri,sans-serif;\"><span style=\"border: none windowtext 1.0pt; font-size: 12.0pt; padding: 0cm;\"><span style=\"font-family: 'Times New Roman',serif;\"><span style=\"color: #1b1c1d;\">Mobil Rarus 429<\/span><\/span><\/span><\/span><\/span><\/span><\/p>\n<\/td>\n<\/tr>\n<tr>\n<td style=\"border: solid #bfbfbf 1.0pt; border-top: none; padding: 0cm 5.4pt 0cm 5.4pt;\" valign=\"top\">\n<p style=\"text-align: justify;\"><strong><span style=\"font-size: 11pt;\"><span style=\"line-height: normal;\"><span style=\"font-family: Calibri,sans-serif;\">Lo\u1ea1i d\u1ea7u<\/span><\/span><\/span><\/strong><\/p>\n<\/td>\n<td style=\"border-bottom: solid #bfbfbf 1.0pt; border-top: none; border-left: none; border-right: solid #bfbfbf 1.0pt; padding: 0cm 5.4pt 0cm 5.4pt;\" valign=\"top\">\n<p style=\"text-align: justify;\"><span style=\"font-size: 11pt;\"><span style=\"line-height: normal;\"><span style=\"font-family: Calibri,sans-serif;\">D\u1ea7u M\u00e1y N\u00e9n Kh\u00ed G\u1ed1c Kho\u00e1ng (Premium Performance Ashless Air Compressor Lubricant)<\/span><\/span><\/span><\/p>\n<\/td>\n<\/tr>\n<tr>\n<td style=\"border: solid #bfbfbf 1.0pt; border-top: none; padding: 0cm 5.4pt 0cm 5.4pt;\" valign=\"top\">\n<p style=\"text-align: justify;\"><strong><span style=\"font-size: 11pt;\"><span style=\"line-height: normal;\"><span style=\"font-family: Calibri,sans-serif;\">C\u1ea5p \u0111\u1ed9 nh\u1edbt ISO (VG)<\/span><\/span><\/span><\/strong><\/p>\n<\/td>\n<td style=\"border-bottom: solid #bfbfbf 1.0pt; border-top: none; border-left: none; border-right: solid #bfbfbf 1.0pt; padding: 0cm 5.4pt 0cm 5.4pt;\" valign=\"top\">\n<p style=\"text-align: justify;\"><span style=\"font-size: 11pt;\"><span style=\"line-height: normal;\"><span style=\"font-family: Calibri,sans-serif;\">ISO VG 150<\/span><\/span><\/span><\/p>\n<\/td>\n<\/tr>\n<tr>\n<td style=\"border: solid #bfbfbf 1.0pt; border-top: none; padding: 0cm 5.4pt 0cm 5.4pt;\" valign=\"top\">\n<p style=\"text-align: justify;\"><strong><span style=\"font-size: 11pt;\"><span style=\"line-height: normal;\"><span style=\"font-family: Calibri,sans-serif;\">Quy c\u00e1ch \u0111\u00f3ng g\u00f3i<\/span><\/span><\/span><\/strong><\/p>\n<\/td>\n<td style=\"border-bottom: solid #bfbfbf 1.0pt; border-top: none; border-left: none; border-right: solid #bfbfbf 1.0pt; padding: 0cm 5.4pt 0cm 5.4pt;\" valign=\"top\">\n<p style=\"text-align: justify;\"><span style=\"font-size: 11pt;\"><span style=\"line-height: normal;\"><span style=\"font-family: Calibri,sans-serif;\">208 L\u00edt\/Phuy (DRUM 208L)<\/span><\/span><\/span><\/p>\n<\/td>\n<\/tr>\n<tr>\n<td style=\"border: solid #bfbfbf 1.0pt; border-top: none; padding: 0cm 5.4pt 0cm 5.4pt;\" valign=\"top\">\n<p style=\"text-align: justify;\"><strong><span style=\"font-size: 11pt;\"><span style=\"line-height: normal;\"><span style=\"font-family: Calibri,sans-serif;\">\u0110\u1ed9 nh\u1edbt \u0110\u1ed9ng h\u1ecdc @ 40<span style=\"font-family: 'Cambria Math',serif;\">\u2218<\/span>C<\/span><\/span><\/span><\/strong><\/p>\n<\/td>\n<td style=\"border-bottom: solid #bfbfbf 1.0pt; border-top: none; border-left: none; border-right: solid #bfbfbf 1.0pt; padding: 0cm 5.4pt 0cm 5.4pt;\" valign=\"top\">\n<p style=\"text-align: justify;\"><span style=\"font-size: 11pt;\"><span style=\"line-height: normal;\"><span style=\"font-family: Calibri,sans-serif;\">147.3\u00a0mm2\/s (cSt) (ASTM D445)<\/span><\/span><\/span><\/p>\n<\/td>\n<\/tr>\n<tr>\n<td style=\"border: solid #bfbfbf 1.0pt; border-top: none; padding: 0cm 5.4pt 0cm 5.4pt;\" valign=\"top\">\n<p style=\"text-align: justify;\"><strong><span style=\"font-size: 11pt;\"><span style=\"line-height: normal;\"><span style=\"font-family: Calibri,sans-serif;\">\u0110\u1ed9 nh\u1edbt \u0110\u1ed9ng h\u1ecdc @ 100<span style=\"font-family: 'Cambria Math',serif;\">\u2218<\/span>C<\/span><\/span><\/span><\/strong><\/p>\n<\/td>\n<td style=\"border-bottom: solid #bfbfbf 1.0pt; border-top: none; border-left: none; border-right: solid #bfbfbf 1.0pt; padding: 0cm 5.4pt 0cm 5.4pt;\" valign=\"top\">\n<p style=\"text-align: justify;\"><span style=\"font-size: 11pt;\"><span style=\"line-height: normal;\"><span style=\"font-family: Calibri,sans-serif;\">14.7\u00a0mm2\/s (cSt) (ASTM D445)<\/span><\/span><\/span><\/p>\n<\/td>\n<\/tr>\n<tr>\n<td style=\"border: solid #bfbfbf 1.0pt; border-top: none; padding: 0cm 5.4pt 0cm 5.4pt;\" valign=\"top\">\n<p style=\"text-align: justify;\"><strong><span style=\"font-size: 11pt;\"><span style=\"line-height: normal;\"><span style=\"font-family: Calibri,sans-serif;\">Ch\u1ec9 s\u1ed1 \u0111\u1ed9 nh\u1edbt (VI)<\/span><\/span><\/span><\/strong><\/p>\n<\/td>\n<td style=\"border-bottom: solid #bfbfbf 1.0pt; border-top: none; border-left: none; border-right: solid #bfbfbf 1.0pt; padding: 0cm 5.4pt 0cm 5.4pt;\" valign=\"top\">\n<p style=\"text-align: justify;\"><span style=\"font-size: 11pt;\"><span style=\"line-height: normal;\"><span style=\"font-family: Calibri,sans-serif;\">100 (ASTM D2270)<\/span><\/span><\/span><\/p>\n<\/td>\n<\/tr>\n<tr>\n<td style=\"border: solid #bfbfbf 1.0pt; border-top: none; padding: 0cm 5.4pt 0cm 5.4pt;\" valign=\"top\">\n<p style=\"text-align: justify;\"><strong><span style=\"font-size: 11pt;\"><span style=\"line-height: normal;\"><span style=\"font-family: Calibri,sans-serif;\">\u0110i\u1ec3m ch\u1edbp ch\u00e1y (Flash Point, COC)<\/span><\/span><\/span><\/strong><\/p>\n<\/td>\n<td style=\"border-bottom: solid #bfbfbf 1.0pt; border-top: none; border-left: none; border-right: solid #bfbfbf 1.0pt; padding: 0cm 5.4pt 0cm 5.4pt;\" valign=\"top\">\n<p style=\"text-align: justify;\"><span style=\"font-size: 11pt;\"><span style=\"line-height: normal;\"><span style=\"font-family: Calibri,sans-serif;\">269<span style=\"font-family: 'Cambria Math',serif;\">\u2218<\/span>C (ASTM D92)<\/span><\/span><\/span><\/p>\n<\/td>\n<\/tr>\n<tr>\n<td style=\"border: solid #bfbfbf 1.0pt; border-top: none; padding: 0cm 5.4pt 0cm 5.4pt;\" valign=\"top\">\n<p style=\"text-align: justify;\"><strong><span style=\"font-size: 11pt;\"><span style=\"line-height: normal;\"><span style=\"font-family: Calibri,sans-serif;\">H\u00e0m l\u01b0\u1ee3ng Tro Sulfated<\/span><\/span><\/span><\/strong><\/p>\n<\/td>\n<td style=\"border-bottom: solid #bfbfbf 1.0pt; border-top: none; border-left: none; border-right: solid #bfbfbf 1.0pt; padding: 0cm 5.4pt 0cm 5.4pt;\" valign=\"top\">\n<p style=\"text-align: justify;\"><span style=\"font-size: 11pt;\"><span style=\"line-height: normal;\"><span style=\"font-family: Calibri,sans-serif;\">&lt;0.01\u00a0% kh\u1ed1i l\u01b0\u1ee3ng (Ashless &#8211; Kh\u00f4ng tro)<\/span><\/span><\/span><\/p>\n<\/td>\n<\/tr>\n<tr>\n<td style=\"border: solid #bfbfbf 1.0pt; border-top: none; padding: 0cm 5.4pt 0cm 5.4pt;\" valign=\"top\">\n<p style=\"text-align: justify;\"><strong><span style=\"font-size: 11pt;\"><span style=\"line-height: normal;\"><span style=\"font-family: Calibri,sans-serif;\">Nhi\u1ec7t \u0111\u1ed9 kh\u00ed n\u00e9n t\u1ed1i \u0111a<\/span><\/span><\/span><\/strong><\/p>\n<\/td>\n<td style=\"border-bottom: solid #bfbfbf 1.0pt; border-top: none; border-left: none; border-right: solid #bfbfbf 1.0pt; padding: 0cm 5.4pt 0cm 5.4pt;\" valign=\"top\">\n<p style=\"text-align: justify;\"><span style=\"font-size: 11pt;\"><span style=\"line-height: normal;\"><span style=\"font-family: Calibri,sans-serif;\">L\u00ean \u0111\u1ebfn 220<span style=\"font-family: 'Cambria Math',serif;\">\u2218<\/span>C (theo DIN 51506)<\/span><\/span><\/span><\/p>\n<\/td>\n<\/tr>\n<tr>\n<td style=\"border: solid #bfbfbf 1.0pt; border-top: none; padding: 0cm 5.4pt 0cm 5.4pt;\" valign=\"top\">\n<p style=\"text-align: justify;\"><strong><span style=\"font-size: 11pt;\"><span style=\"line-height: normal;\"><span style=\"font-family: Calibri,sans-serif;\">T\u1ea3i tr\u1ecdng FZG<\/span><\/span><\/span><\/strong><\/p>\n<\/td>\n<td style=\"border-bottom: solid #bfbfbf 1.0pt; border-top: none; border-left: none; border-right: solid #bfbfbf 1.0pt; padding: 0cm 5.4pt 0cm 5.4pt;\" valign=\"top\">\n<p style=\"text-align: justify;\"><span style=\"font-size: 11pt;\"><span style=\"line-height: normal;\"><span style=\"font-family: Calibri,sans-serif;\">Fail Load Stage 11<\/span><\/span><\/span><\/p>\n<\/td>\n<\/tr>\n<\/tbody>\n<\/table>\n<h2 style=\"text-align: justify;\"><strong>\u01afu \u0111i\u1ec3m v\u00e0 L\u1ee3i \u00edch\u00a0D\u1ea6U &#8211; MOBIL RARUS 429 &#8211; 208L<\/strong><\/h2>\n<p style=\"text-align: center;\"><img decoding=\"async\" title=\"screenshot-1762338901-1\" src=\"https:\/\/yenhung.com\/wp-content\/uploads\/2025\/11\/screenshot-1762338901-1.png\" alt=\"D\u1ea6U - MOBIL RARUS 429 - 208L\" data-thumb=\"grande\" \/><\/p>\n<ul>\n<li>\n<p style=\"text-align: justify;\"><b>\u1ed4n \u0111\u1ecbnh Nhi\u1ec7t v\u00e0 Oxy h\u00f3a V\u01b0\u1ee3t tr\u1ed9i:<\/b> Gi\u00fap k\u00e9o d\u00e0i tu\u1ed5i th\u1ecd d\u1ea7u, gi\u1ea3m thi\u1ec3u s\u1ef1 h\u00ecnh th\u00e0nh c\u1eb7n b\u00f9n v\u00e0 c\u1eb7n carbon, \u0111\u1ea3m b\u1ea3o c\u00e1c b\u1ed9 ph\u1eadn s\u1ea1ch h\u01a1n.<\/p>\n<\/li>\n<li>\n<p style=\"text-align: justify;\"><b>H\u00e0m l\u01b0\u1ee3ng Tro v\u00e0 Carbon Th\u1ea5p:<\/b> C\u1ea3i thi\u1ec7n hi\u1ec7u su\u1ea5t c\u1ee7a van v\u00e0 gi\u1ea3m thi\u1ec3u nguy c\u01a1 ch\u00e1y n\u1ed5 trong h\u1ec7 th\u1ed1ng x\u1ea3.<\/p>\n<\/li>\n<li>\n<p style=\"text-align: justify;\"><b>Kh\u1ea3 n\u0103ng Ch\u1ecbu t\u1ea3i Cao:<\/b> Gi\u1ea3m m\u00e0i m\u00f2n c\u00e1c v\u00f2ng piston, xi lanh, \u1ed5 tr\u1ee5c v\u00e0 b\u00e1nh r\u0103ng (nh\u1edd x\u1ebfp h\u1ea1ng FZG cao).<\/p>\n<\/li>\n<li>\n<p style=\"text-align: justify;\"><b>T\u00e1ch n\u01b0\u1edbc Tuy\u1ec7t v\u1eddi:<\/b> Gi\u1ea3m s\u1ef1 h\u00ecnh th\u00e0nh nh\u0169 t\u01b0\u01a1ng v\u00e0 b\u00f9n trong cacte, gi\u1ea3m s\u1ef1 t\u1eafc ngh\u1ebdn c\u1ee7a b\u1ed9 l\u1ecdc.<\/p>\n<\/li>\n<li>\n<p style=\"text-align: justify;\"><b>B\u1ea3o v\u1ec7 Ch\u1ed1ng r\u1ec9 s\u00e9t v\u00e0 \u0102n m\u00f2n:<\/b> B\u1ea3o v\u1ec7 hi\u1ec7u qu\u1ea3 c\u00e1c b\u1ed9 ph\u1eadn quan tr\u1ecdng c\u1ee7a m\u00e1y n\u00e9n.<\/p>\n<\/li>\n<\/ul>\n<h2 style=\"text-align: justify;\"><strong>\u1ee8ng d\u1ee5ng Ch\u00ednh\u00a0D\u1ea6U &#8211; MOBIL RARUS 429 &#8211; 208L<\/strong><\/h2>\n<p style=\"text-align: center;\"><img decoding=\"async\" title=\"screenshot-1762338869-1\" src=\"https:\/\/yenhung.com\/wp-content\/uploads\/2025\/11\/screenshot-1762338869-1.png\" alt=\"D\u1ea6U - MOBIL RARUS 429 - 208L\" data-thumb=\"grande\" \/><\/p>\n<p style=\"text-align: justify;\">D\u1ea7u Mobil Rarus 429 \u0111\u01b0\u1ee3c khuy\u1ebfn ngh\u1ecb s\u1eed d\u1ee5ng cho:<\/p>\n<ul>\n<li>\n<p style=\"text-align: justify;\"><b>M\u00e1y n\u00e9n kh\u00ed Piston (Reciprocating):<\/b> D\u00f9ng cho c\u1ea3 cacte v\u00e0 xi lanh, \u0111\u1eb7c bi\u1ec7t hi\u1ec7u qu\u1ea3 trong \u0111i\u1ec1u ki\u1ec7n nhi\u1ec7t \u0111\u1ed9 cao li\u00ean t\u1ee5c.<\/p>\n<\/li>\n<li>\n<p style=\"text-align: justify;\"><b>M\u00e1y n\u00e9n kh\u00ed R\u00f4to Tr\u1ee5c v\u00edt (Rotary Screw):<\/b> Ph\u00f9 h\u1ee3p v\u1edbi c\u00e1c lo\u1ea1i m\u00e1y n\u00e9n tr\u1ee5c v\u00edt.<\/p>\n<\/li>\n<li>\n<p style=\"text-align: justify;\"><b>M\u00e1y n\u00e9n kh\u00ed C\u00e1nh g\u1ea1t (Rotary Vane).<\/b><\/p>\n<\/li>\n<li>\n<p style=\"text-align: justify;\"><b>M\u00e1y n\u00e9n kh\u00ed Ly t\u00e2m v\u00e0 H\u01b0\u1edbng tr\u1ee5c (Axial and Centrifugal).<\/b><\/p>\n<\/li>\n<li>\n<p style=\"text-align: justify;\">C\u00e1c h\u1ec7 th\u1ed1ng m\u00e1y n\u00e9n c\u00f3 s\u1eed d\u1ee5ng b\u00e1nh r\u0103ng v\u00e0 \u1ed5 tr\u1ee5c quan tr\u1ecdng, ho\u1ea1t \u0111\u1ed9ng trong \u0111i\u1ec1u ki\u1ec7n t\u1eeb nh\u1eb9 \u0111\u1ebfn kh\u1eafc nghi\u1ec7t.<\/p>\n<\/li>\n<\/ul>\n<p style=\"text-align: justify;\">\n<\/div>\n","protected":false},"excerpt":{"rendered":"<p><strong>T\u00ean sa\u0309n ph\u00e2\u0309m:<\/strong>\u00a0D\u1ea6U &#8211; MOBIL RARUS 429 &#8211; 208L<br \/>\n<strong>T\u00ecnh tr\u1ea1ng:<\/strong>\u00a0Li\u00ean h\u1ec7 S\u0110T 090 666 5927<br \/>\n<strong>Kho:<\/strong>\u00a0H\u1ed3 Ch\u00ed Minh<br \/>\n<strong>Li\u00ean h\u1ec7:<\/strong>\u00a0090.666.5927 (24\/7)<br \/>\n<strong>Giao h\u00e0ng:<\/strong>\u00a0Trong ng\u00e0y<\/p>\n","protected":false},"featured_media":8032,"comment_status":"closed","ping_status":"closed","template":"","meta":[],"product_brand":[],"product_cat":[165],"product_tag":[],"class_list":{"0":"post-8031","1":"product","2":"type-product","3":"status-publish","4":"has-post-thumbnail","6":"product_cat-mobil","8":"first","9":"instock","10":"shipping-taxable","11":"product-type-simple"},"_links":{"self":[{"href":"https:\/\/yenhung.com\/index.php?rest_route=\/wp\/v2\/product\/8031","targetHints":{"allow":["GET"]}}],"collection":[{"href":"https:\/\/yenhung.com\/index.php?rest_route=\/wp\/v2\/product"}],"about":[{"href":"https:\/\/yenhung.com\/index.php?rest_route=\/wp\/v2\/types\/product"}],"replies":[{"embeddable":true,"href":"https:\/\/yenhung.com\/index.php?rest_route=%2Fwp%2Fv2%2Fcomments&post=8031"}],"wp:featuredmedia":[{"embeddable":true,"href":"https:\/\/yenhung.com\/index.php?rest_route=\/wp\/v2\/media\/8032"}],"wp:attachment":[{"href":"https:\/\/yenhung.com\/index.php?rest_route=%2Fwp%2Fv2%2Fmedia&parent=8031"}],"wp:term":[{"taxonomy":"product_brand","embeddable":true,"href":"https:\/\/yenhung.com\/index.php?rest_route=%2Fwp%2Fv2%2Fproduct_brand&post=8031"},{"taxonomy":"product_cat","embeddable":true,"href":"https:\/\/yenhung.com\/index.php?rest_route=%2Fwp%2Fv2%2Fproduct_cat&post=8031"},{"taxonomy":"product_tag","embeddable":true,"href":"https:\/\/yenhung.com\/index.php?rest_route=%2Fwp%2Fv2%2Fproduct_tag&post=8031"}],"curies":[{"name":"wp","href":"https:\/\/api.w.org\/{rel}","templated":true}]}}