{"id":8047,"date":"2025-11-10T08:36:04","date_gmt":"2025-11-10T08:36:04","guid":{"rendered":"https:\/\/yenhung.com\/?product=dau-mobil-vacuoline-1405-208l"},"modified":"2026-02-10T09:37:35","modified_gmt":"2026-02-10T09:37:35","slug":"dau-mobil-vacuoline-1405-208l","status":"publish","type":"product","link":"https:\/\/yenhung.com\/?product=dau-mobil-vacuoline-1405-208l","title":{"rendered":"D\u1ea6U &#8211; MOBIL VACUOLINE 1405 &#8211; 208L"},"content":{"rendered":"<div class=\"ba-text-fpt\">\n<h2 style=\"margin-bottom: 11px;\"><span style=\"font-size: 11pt;\"><span style=\"line-height: normal;\"><span style=\"font-family: Calibri,sans-serif;\"><span style=\"font-size: 12.0pt;\"><span style=\"font-family: 'Times New Roman',serif;\"><strong>D\u1ea7u Mobil Vacuoline 1405 &#8211; 208L<\/strong> <\/span><\/span><\/span><\/span><\/span><\/h2>\n<h2 style=\"margin-bottom: 11px;\"><span style=\"font-size: 11pt;\"><span style=\"line-height: normal;\"><span style=\"font-family: Calibri,sans-serif;\"><span style=\"font-size: 12.0pt;\"><span style=\"font-family: 'Times New Roman',serif;\">L\u00e0 m\u1ed9t s\u1ea3n ph\u1ea9m b\u00f4i tr\u01a1n hi\u1ec7u su\u1ea5t cao, \u0111\u01b0\u1ee3c thi\u1ebft k\u1ebf \u0111\u1eb7c bi\u1ec7t \u0111\u1ec3 s\u1eed d\u1ee5ng trong c\u00e1c m\u00e1y c\u00f4ng c\u1ee5 c\u00f3 y\u00eau c\u1ea7u kh\u1eaft khe v\u1ec1 c\u1ea3 h\u1ec7 th\u1ed1ng th\u1ee7y l\u1ef1c v\u00e0 b\u00f4i tr\u01a1n \u0111\u01b0\u1eddng tr\u01b0\u1ee3t. \u0110\u00e2y l\u00e0 gi\u1ea3i ph\u00e1p &#8220;hai trong m\u1ed9t&#8221; l\u00fd t\u01b0\u1edfng, gi\u00fap \u0111\u01a1n gi\u1ea3n h\u00f3a vi\u1ec7c b\u1ea3o tr\u00ec v\u00e0 n\u00e2ng cao hi\u1ec7u qu\u1ea3 ho\u1ea1t \u0111\u1ed9ng.<\/span><\/span><\/span><\/span><\/span><\/h2>\n<p><img decoding=\"async\" title=\"dau-mobil-vacuoline-1405-208l-b-1754881385759-2\" src=\"https:\/\/yenhung.com\/wp-content\/uploads\/2025\/11\/dau-mobil-vacuoline-1405-208l-b-1754881385759-2.jpg\" alt=\"D\u1ea6U - MOBIL VACUOLINE 1405 - 208L\" data-thumb=\"large\" \/><\/p>\n<p style=\"margin-bottom: 11px;\"><span style=\"font-size: 11pt;\"><span style=\"line-height: normal;\"><span style=\"font-family: Calibri,sans-serif;\"><b><span style=\"font-size: 13.5pt;\"><span style=\"font-family: 'Times New Roman',serif;\">\u0110\u1eb7c \u0110i\u1ec3m N\u1ed5i B\u1eadt<\/span><\/span><\/b><\/span><\/span><\/span><\/p>\n<p style=\"margin-bottom: 11px;\"><span style=\"font-size: 11pt;\"><span style=\"line-height: normal;\"><span style=\"font-family: Calibri,sans-serif;\"><b><span style=\"font-size: 12.0pt;\"><span style=\"font-family: 'Times New Roman',serif;\">Mobil Vacuoline 1405<\/span><\/span><\/b><span style=\"font-size: 12.0pt;\"><span style=\"font-family: 'Times New Roman',serif;\"> \u0111\u01b0\u1ee3c pha ch\u1ebf t\u1eeb d\u1ea7u g\u1ed1c ch\u1ea5t l\u01b0\u1ee3ng cao v\u00e0 h\u1ec7 ph\u1ee5 gia \u0111\u1ed9c \u0111\u00e1o, mang l\u1ea1i nh\u1eefng l\u1ee3i \u00edch v\u01b0\u1ee3t tr\u1ed9i:<\/span><\/span><\/span><\/span><\/span><\/p>\n<p style=\"margin-bottom: 11px;\"><span style=\"font-size: 11pt;\"><span style=\"line-height: normal;\"><span style=\"font-family: Calibri,sans-serif;\"><span style=\"font-size: 12.0pt;\"><span style=\"font-family: 'Times New Roman',serif;\"><img decoding=\"async\" title=\"dau-mobil-vacuoline-1405-208l-a-1754881386371-1\" src=\"https:\/\/yenhung.com\/wp-content\/uploads\/2025\/11\/dau-mobil-vacuoline-1405-208l-a-1754881386371-1.jpg\" alt=\"D\u1ea6U - MOBIL VACUOLINE 1405 - 208L\" data-thumb=\"large\" \/><\/span><\/span><\/span><\/span><\/span><\/p>\n<ul>\n<li style=\"margin-bottom: 11px;\"><span style=\"font-size: 11pt;\"><span style=\"line-height: normal;\"><span style=\"tab-stops: list 36.0pt;\"><span style=\"font-family: Calibri,sans-serif;\"><b><span style=\"font-size: 12.0pt;\"><span style=\"font-family: 'Times New Roman',serif;\">T\u00ednh \u0111a d\u1ee5ng<\/span><\/span><\/b><span style=\"font-size: 12.0pt;\"><span style=\"font-family: 'Times New Roman',serif;\">: D\u1ea7u n\u00e0y \u0111\u01b0\u1ee3c thi\u1ebft k\u1ebf \u0111\u1ec3 s\u1eed d\u1ee5ng cho c\u1ea3 hai h\u1ec7 th\u1ed1ng c\u00f9ng l\u00fac: <b>d\u1ea7u th\u1ee7y l\u1ef1c<\/b> v\u00e0 <b>d\u1ea7u r\u00e3nh tr\u01b0\u1ee3t<\/b>. \u0110i\u1ec1u n\u00e0y gi\u00fap lo\u1ea1i b\u1ecf nguy c\u01a1 nhi\u1ec5m ch\u00e9o gi\u1eefa c\u00e1c lo\u1ea1i d\u1ea7u, tr\u00e1nh s\u1eed d\u1ee5ng sai s\u1ea3n ph\u1ea9m v\u00e0 gi\u1ea3m nhu c\u1ea7u l\u01b0u tr\u1eef nhi\u1ec1u lo\u1ea1i d\u1ea7u kh\u00e1c nhau.<\/span><\/span><\/span><\/span><\/span><\/span><\/li>\n<li style=\"margin-bottom: 11px;\"><span style=\"font-size: 11pt;\"><span style=\"line-height: normal;\"><span style=\"tab-stops: list 36.0pt;\"><span style=\"font-family: Calibri,sans-serif;\"><b><span style=\"font-size: 12.0pt;\"><span style=\"font-family: 'Times New Roman',serif;\">Ch\u1ed1ng hi\u1ec7n t\u01b0\u1ee3ng &#8220;Stick-slip&#8221;<\/span><\/span><\/b><span style=\"font-size: 12.0pt;\"><span style=\"font-family: 'Times New Roman',serif;\">: M\u1ed9t trong nh\u1eefng \u01b0u \u0111i\u1ec3m l\u1edbn nh\u1ea5t c\u1ee7a s\u1ea3n ph\u1ea9m n\u00e0y l\u00e0 kh\u1ea3 n\u0103ng lo\u1ea1i b\u1ecf ho\u00e0n to\u00e0n hi\u1ec7n t\u01b0\u1ee3ng rung gi\u1eadt, c\u00f2n \u0111\u01b0\u1ee3c g\u1ecdi l\u00e0 &#8220;stick-slip&#8221;, khi b\u00e0n tr\u01b0\u1ee3t di chuy\u1ec3n. \u0110i\u1ec1u n\u00e0y gi\u00fap b\u1ec1 m\u1eb7t gia c\u00f4ng m\u1ecbn, \u0111\u1ec1u v\u00e0 t\u0103ng \u0111\u1ed9 ch\u00ednh x\u00e1c c\u1ee7a chi ti\u1ebft.<\/span><\/span><\/span><\/span><\/span><\/span><\/li>\n<li style=\"margin-bottom: 11px;\"><span style=\"font-size: 11pt;\"><span style=\"line-height: normal;\"><span style=\"tab-stops: list 36.0pt;\"><span style=\"font-family: Calibri,sans-serif;\"><b><span style=\"font-size: 12.0pt;\"><span style=\"font-family: 'Times New Roman',serif;\">Kh\u1ea3 n\u0103ng b\u00e1m d\u00ednh v\u01b0\u1ee3t tr\u1ed9i<\/span><\/span><\/b><span style=\"font-size: 12.0pt;\"><span style=\"font-family: 'Times New Roman',serif;\">: D\u1ea7u b\u00e1m d\u00ednh t\u1ed1t tr\u00ean c\u00e1c b\u1ec1 m\u1eb7t r\u00e3nh tr\u01b0\u1ee3t, ch\u1ed1ng l\u1ea1i hi\u1ec7n t\u01b0\u1ee3ng b\u1ecb r\u1eeda tr\u00f4i b\u1edfi d\u1ea7u c\u1eaft g\u1ecdt, b\u1ea3o v\u1ec7 b\u1ec1 m\u1eb7t kh\u1ecfi g\u1ec9 s\u00e9t v\u00e0 m\u00e0i m\u00f2n.<\/span><\/span><\/span><\/span><\/span><\/span><\/li>\n<li style=\"margin-bottom: 11px;\"><span style=\"font-size: 11pt;\"><span style=\"line-height: normal;\"><span style=\"tab-stops: list 36.0pt;\"><span style=\"font-family: Calibri,sans-serif;\"><b><span style=\"font-size: 12.0pt;\"><span style=\"font-family: 'Times New Roman',serif;\">Ch\u1ed1ng t\u1ea1o c\u1eb7n v\u00e0 \u1ed5n \u0111\u1ecbnh nhi\u1ec7t<\/span><\/span><\/b><span style=\"font-size: 12.0pt;\"><span style=\"font-family: 'Times New Roman',serif;\">: D\u1ea7u c\u00f3 kh\u1ea3 n\u0103ng ch\u1ed1ng oxy h\u00f3a v\u00e0 \u1ed5n \u0111\u1ecbnh nhi\u1ec7t cao, gi\u00fap k\u00e9o d\u00e0i th\u1eddi gian s\u1eed d\u1ee5ng, gi\u1eef cho h\u1ec7 th\u1ed1ng lu\u00f4n s\u1ea1ch s\u1ebd v\u00e0 kh\u00f4ng b\u1ecb c\u1eb7n b\u00e1m.<\/span><\/span><\/span><\/span><\/span><\/span><\/li>\n<\/ul>\n<h2 style=\"margin-bottom: 11px;\"><b><span style=\"font-size: 12.0pt;\"><span style=\"line-height: 107%;\"><span style=\"font-family: 'Times New Roman',serif;\">T\u00e1ch n\u01b0\u1edbc v\u00e0 d\u1ea7u c\u1eaft g\u1ecdt<\/span><\/span><\/span><\/b><span style=\"font-size: 12.0pt;\"><span style=\"line-height: 107%;\"><span style=\"font-family: 'Times New Roman',serif;\">: <b>Mobil Vacuoline 1405<\/b> c\u00f3 kh\u1ea3 n\u0103ng t\u00e1ch n\u01b0\u1edbc v\u00e0 d\u1ea7u c\u1eaft g\u1ecdt h\u00f2a l\u1eabn m\u1ed9t c\u00e1ch hi\u1ec7u qu\u1ea3 v\u00e0 ngay t\u1ee9c th\u00ec, gi\u1ea3m thi\u1ec3u nh\u1eefng \u1ea3nh h\u01b0\u1edfng ti\u00eau c\u1ef1c l\u00ean b\u1ec1 m\u1eb7t l\u00e0m vi\u1ec7c<\/span><\/span><\/span><\/h2>\n<p style=\"margin-bottom: 11px;\"><span style=\"font-size: 11pt;\"><span style=\"line-height: normal;\"><span style=\"font-family: Calibri,sans-serif;\"><b><span style=\"font-size: 13.5pt;\"><span style=\"font-family: 'Times New Roman',serif;\">\u1ee8ng D\u1ee5ng L\u00fd T\u01b0\u1edfng<\/span><\/span><\/b><\/span><\/span><\/span><\/p>\n<p style=\"margin-bottom: 11px;\"><span style=\"font-size: 11pt;\"><span style=\"line-height: normal;\"><span style=\"font-family: Calibri,sans-serif;\"><b><span style=\"font-size: 13.5pt;\"><span style=\"font-family: 'Times New Roman',serif;\"><img decoding=\"async\" title=\"dau-mobil-vacuoline-1405-208l-c-1754881845146-1\" src=\"https:\/\/yenhung.com\/wp-content\/uploads\/2025\/11\/dau-mobil-vacuoline-1405-208l-c-1754881845146-1.jpg\" alt=\"D\u1ea6U - MOBIL VACUOLINE 1405 - 208L\" data-thumb=\"large\" \/><\/span><\/span><\/b><\/span><\/span><\/span><\/p>\n<p style=\"margin-bottom: 11px;\"><span style=\"font-size: 11pt;\"><span style=\"line-height: normal;\"><span style=\"font-family: Calibri,sans-serif;\"><b><span style=\"font-size: 12.0pt;\"><span style=\"font-family: 'Times New Roman',serif;\">D\u1ea7u Mobil Vacuoline 1405<\/span><\/span><\/b><span style=\"font-size: 12.0pt;\"><span style=\"font-family: 'Times New Roman',serif;\"> (v\u1edbi \u0111\u1ed9 nh\u1edbt ISO VG 32) \u0111\u01b0\u1ee3c khuy\u1ebfn ngh\u1ecb s\u1eed d\u1ee5ng cho:<\/span><\/span><\/span><\/span><\/span><\/p>\n<ul>\n<li style=\"margin-bottom: 11px;\"><span style=\"font-size: 11pt;\"><span style=\"line-height: normal;\"><span style=\"tab-stops: list 36.0pt;\"><span style=\"font-family: Calibri,sans-serif;\"><span style=\"font-size: 12.0pt;\"><span style=\"font-family: 'Times New Roman',serif;\">C\u00e1c m\u00e1y c\u00f4ng c\u1ee5 c\u00f3 h\u1ec7 th\u1ed1ng th\u1ee7y l\u1ef1c v\u00e0 b\u00f4i tr\u01a1n \u0111\u01b0\u1eddng tr\u01b0\u1ee3t chung.<\/span><\/span><\/span><\/span><\/span><\/span><\/li>\n<li style=\"margin-bottom: 11px;\"><span style=\"font-size: 11pt;\"><span style=\"line-height: normal;\"><span style=\"tab-stops: list 36.0pt;\"><span style=\"font-family: Calibri,sans-serif;\"><span style=\"font-size: 12.0pt;\"><span style=\"font-family: 'Times New Roman',serif;\">R\u00e3nh tr\u01b0\u1ee3t ngang, tr\u00ean c\u00e1c m\u00e1y c\u00f4ng c\u1ee5 c\u1ee1 nh\u1ecf v\u00e0 v\u1eeba.<\/span><\/span><\/span><\/span><\/span><\/span><\/li>\n<li style=\"margin-bottom: 11px;\"><span style=\"font-size: 11pt;\"><span style=\"line-height: normal;\"><span style=\"tab-stops: list 36.0pt;\"><span style=\"font-family: Calibri,sans-serif;\"><span style=\"font-size: 12.0pt;\"><span style=\"font-family: 'Times New Roman',serif;\">\u1ee8ng d\u1ee5ng tu\u1ea7n ho\u00e0n v\u00e0 h\u1ec7 th\u1ed1ng th\u1ee7y l\u1ef1c c\u00f3 t\u1ea3i tr\u1ecdng v\u1eeba ph\u1ea3i.<\/span><\/span><\/span><\/span><\/span><\/span><\/li>\n<li style=\"margin-bottom: 11px;\"><span style=\"font-size: 11pt;\"><span style=\"line-height: normal;\"><span style=\"tab-stops: list 36.0pt;\"><span style=\"font-family: Calibri,sans-serif;\"><span style=\"font-size: 12.0pt;\"><span style=\"font-family: 'Times New Roman',serif;\">\u0110\u1eb7c bi\u1ec7t ph\u00f9 h\u1ee3p v\u1edbi c\u00e1c m\u00e1y CNC c\u1ee7a Nh\u1eadt B\u1ea3n, \u0110\u00e0i Loan, \u0110\u1ee9c, s\u1eed d\u1ee5ng h\u1ec7 th\u1ed1ng d\u1ea7u r\u00e3nh tr\u01b0\u1ee3t th\u1ee7y l\u1ef1c t\u00edch h\u1ee3p.<\/span><\/span><\/span><\/span><\/span><\/span><\/li>\n<\/ul>\n<\/div>\n","protected":false},"excerpt":{"rendered":"<p><strong>T\u00ean sa\u0309n ph\u00e2\u0309m:\u00a0<\/strong>D\u1ea6U &#8211; MOBIL VACUOLINE 1405 &#8211; 208L<br \/>\n<strong>T\u00ecnh tr\u1ea1ng:<\/strong> Li\u00ean h\u1ec7 S\u0110T 090 666 5927 .<br \/>\n<strong>Kho:<\/strong> H\u1ed3 Ch\u00ed Minh.<br \/>\n<strong>Li\u00ean h\u1ec7:<\/strong> (24\/7)<br \/>\n<strong>Giao h\u00e0ng:<\/strong> Trong ng\u00e0y<\/p>\n","protected":false},"featured_media":8048,"comment_status":"closed","ping_status":"closed","template":"","meta":[],"product_brand":[],"product_cat":[165],"product_tag":[],"class_list":{"0":"post-8047","1":"product","2":"type-product","3":"status-publish","4":"has-post-thumbnail","6":"product_cat-mobil","8":"first","9":"instock","10":"shipping-taxable","11":"product-type-simple"},"_links":{"self":[{"href":"https:\/\/yenhung.com\/index.php?rest_route=\/wp\/v2\/product\/8047","targetHints":{"allow":["GET"]}}],"collection":[{"href":"https:\/\/yenhung.com\/index.php?rest_route=\/wp\/v2\/product"}],"about":[{"href":"https:\/\/yenhung.com\/index.php?rest_route=\/wp\/v2\/types\/product"}],"replies":[{"embeddable":true,"href":"https:\/\/yenhung.com\/index.php?rest_route=%2Fwp%2Fv2%2Fcomments&post=8047"}],"wp:featuredmedia":[{"embeddable":true,"href":"https:\/\/yenhung.com\/index.php?rest_route=\/wp\/v2\/media\/8048"}],"wp:attachment":[{"href":"https:\/\/yenhung.com\/index.php?rest_route=%2Fwp%2Fv2%2Fmedia&parent=8047"}],"wp:term":[{"taxonomy":"product_brand","embeddable":true,"href":"https:\/\/yenhung.com\/index.php?rest_route=%2Fwp%2Fv2%2Fproduct_brand&post=8047"},{"taxonomy":"product_cat","embeddable":true,"href":"https:\/\/yenhung.com\/index.php?rest_route=%2Fwp%2Fv2%2Fproduct_cat&post=8047"},{"taxonomy":"product_tag","embeddable":true,"href":"https:\/\/yenhung.com\/index.php?rest_route=%2Fwp%2Fv2%2Fproduct_tag&post=8047"}],"curies":[{"name":"wp","href":"https:\/\/api.w.org\/{rel}","templated":true}]}}