{"id":8055,"date":"2025-11-10T08:36:10","date_gmt":"2025-11-10T08:36:10","guid":{"rendered":"https:\/\/yenhung.com\/?product=dau-cau-mobilube-hd-80w90-apigl-5-xo-20l"},"modified":"2026-02-11T01:18:37","modified_gmt":"2026-02-11T01:18:37","slug":"dau-cau-mobilube-hd-80w90-apigl-5-xo-20l","status":"publish","type":"product","link":"https:\/\/yenhung.com\/?product=dau-cau-mobilube-hd-80w90-apigl-5-xo-20l","title":{"rendered":"D\u1ea7u c\u1ea7u Mobilube HD 80W90 APIGL-5 (X\u00f4 20L)"},"content":{"rendered":"<div class=\"ba-text-fpt\">\n<h2><strong>D\u1ea7u c\u1ea7u Mobilube HD 80W90 APIGL-5 (X\u00f4 20L)<\/strong><\/h2>\n<p>\u0110\u00e2y l\u00e0 m\u1ed9t lo\u1ea1i d\u1ea7u b\u00f4i tr\u01a1n b\u00e1nh r\u0103ng v\u00e0 c\u1ea7u xe t\u1ea3i n\u1eb7ng ch\u1ea5t l\u01b0\u1ee3ng cao c\u1ee7a th\u01b0\u01a1ng hi\u1ec7u <b>Mobil<\/b> (thu\u1ed9c t\u1eadp \u0111o\u00e0n ExxonMobil).<b>Mobilube HD 80W-90<\/b> l\u00e0 d\u1ea7u b\u00f4i tr\u01a1n b\u00e1nh r\u0103ng hi\u1ec7u su\u1ea5t cao, \u0111\u01b0\u1ee3c pha ch\u1ebf t\u1eeb d\u1ea7u g\u1ed1c ch\u1ea5t l\u01b0\u1ee3ng cao v\u00e0 h\u1ec7 ph\u1ee5 gia ti\u00ean ti\u1ebfn, \u0111\u00e1p \u1ee9ng ti\u00eau chu\u1ea9n hi\u1ec7u n\u0103ng <b>API GL-5<\/b>. S\u1ea3n ph\u1ea9m n\u00e0y \u0111\u01b0\u1ee3c thi\u1ebft k\u1ebf \u0111\u1eb7c bi\u1ec7t \u0111\u1ec3 b\u00f4i tr\u01a1n cho c\u00e1c tr\u1ee5c xe (axle) v\u00e0 truy\u1ec1n \u0111\u1ed9ng cu\u1ed1i (final drive) ch\u1ecbu \u00e1p l\u1ef1c c\u1ef1c tr\u1ecb v\u00e0 t\u1ea3i tr\u1ecdng \u0111\u1ed9t ng\u1ed9t, ph\u1ed5 bi\u1ebfn trong c\u00e1c lo\u1ea1i xe t\u1ea3i, xe kh\u00e1ch v\u00e0 thi\u1ebft b\u1ecb h\u1ea1ng n\u1eb7ng.<\/p>\n<h3><b>\u0110\u1eb7c \u0111i\u1ec3m n\u1ed5i b\u1eadt<\/b><\/h3>\n<p><img decoding=\"async\" title=\"dau-cau-mobilube-hd-80w90-apigl-5-b-1753407978587-1\" src=\"https:\/\/yenhung.com\/wp-content\/uploads\/2025\/11\/dau-cau-mobilube-hd-80w90-apigl-5-b-1753407978587-1.jpg\" alt=\"D\u1ea7u c\u1ea7u Mobilube HD 80W90 APIGL-5 (X\u00f4 20L)\" data-thumb=\"large\" \/><\/p>\n<p>D\u1ea7u c\u1ea7u Mobilube HD 80W-90 mang l\u1ea1i nhi\u1ec1u l\u1ee3i \u00edch v\u00e0 t\u00ednh n\u0103ng \u01b0u vi\u1ec7t:<\/p>\n<ul>\n<li><b>B\u1ea3o v\u1ec7 b\u00e1nh r\u0103ng v\u00e0 c\u1ea7u xe:<\/b> \u0110\u01b0\u1ee3c pha ch\u1ebf v\u1edbi ph\u1ee5 gia c\u1ef1c \u00e1p (EP &#8211; Extreme Pressure) ti\u00ean ti\u1ebfn, d\u1ea7u n\u00e0y cung c\u1ea5p kh\u1ea3 n\u0103ng b\u1ea3o v\u1ec7 v\u01b0\u1ee3t tr\u1ed9i ch\u1ed1ng l\u1ea1i m\u00e0i m\u00f2n, tr\u1ea7y x\u01b0\u1edbc v\u00e0 hi\u1ec7n t\u01b0\u1ee3ng k\u1eb9t r\u0103ng (scoring) d\u01b0\u1edbi \u0111i\u1ec1u ki\u1ec7n t\u1ea3i tr\u1ecdng n\u1eb7ng, t\u1ed1c \u0111\u1ed9 cao\/t\u1ea3i va \u0111\u1eadp, t\u1ed1c \u0111\u1ed9 cao\/m\u00f4-men xo\u1eafn th\u1ea5p, v\u00e0 t\u1ed1c \u0111\u1ed9 th\u1ea5p\/m\u00f4-men xo\u1eafn cao.<\/li>\n<li><b>\u1ed4n \u0111\u1ecbnh nhi\u1ec7t v\u00e0 ch\u1ed1ng oxy h\u00f3a tuy\u1ec7t v\u1eddi:<\/b> D\u1ea7u duy tr\u00ec t\u00ednh \u1ed5n \u0111\u1ecbnh \u1edf nhi\u1ec7t \u0111\u1ed9 cao, gi\u00fap gi\u1ea3m thi\u1ec3u s\u1ef1 h\u00ecnh th\u00e0nh c\u1eb7n l\u1eafng v\u00e0 h\u00f3a \u0111\u1eb7c d\u1ea7u, k\u00e9o d\u00e0i tu\u1ed5i th\u1ecd d\u1ea7u v\u00e0 tu\u1ed5i th\u1ecd c\u1ee7a c\u00e1c b\u1ed9 ph\u1eadn b\u00e1nh r\u0103ng.<\/li>\n<li><b>K\u00e9o d\u00e0i tu\u1ed5i th\u1ecd thi\u1ebft b\u1ecb:<\/b> Nh\u1edd kh\u1ea3 n\u0103ng ch\u1ed1ng m\u00e0i m\u00f2n v\u00e0 b\u1ea3o v\u1ec7 v\u01b0\u1ee3t tr\u1ed9i, d\u1ea7u gi\u00fap t\u0103ng tu\u1ed5i th\u1ecd c\u1ee7a b\u00e1nh r\u0103ng, \u1ed5 tr\u1ee5c v\u00e0 c\u00e1c chi ti\u1ebft kh\u00e1c trong h\u1ec7 th\u1ed1ng truy\u1ec1n \u0111\u1ed9ng, t\u1eeb \u0111\u00f3 gi\u1ea3m chi ph\u00ed b\u1ea3o tr\u00ec.<\/li>\n<li><b>B\u1ea3o v\u1ec7 ch\u1ed1ng g\u1ec9 s\u00e9t v\u00e0 \u0103n m\u00f2n:<\/b> C\u00e1c ph\u1ee5 gia \u0111\u1eb7c bi\u1ec7t gi\u00fap ch\u1ed1ng l\u1ea1i s\u1ef1 h\u00ecnh th\u00e0nh g\u1ec9 s\u00e9t v\u00e0 \u0103n m\u00f2n hi\u1ec7u qu\u1ea3, b\u1ea3o v\u1ec7 c\u00e1c b\u1ec1 m\u1eb7t kim lo\u1ea1i.<\/li>\n<li><b>B\u00f4i tr\u01a1n hi\u1ec7u qu\u1ea3 \u1edf nhi\u1ec7t \u0111\u1ed9 th\u1ea5p:<\/b> \u0110\u1ed9 nh\u1edbt 80W-90 \u0111\u1ea3m b\u1ea3o d\u1ea7u v\u1eabn duy tr\u00ec kh\u1ea3 n\u0103ng l\u01b0u \u0111\u1ed9ng v\u00e0 b\u00f4i tr\u01a1n t\u1ed1t ngay c\u1ea3 khi nhi\u1ec7t \u0111\u1ed9 m\u00f4i tr\u01b0\u1eddng th\u1ea5p, gi\u00fap c\u1ea3i thi\u1ec7n kh\u1ea3 n\u0103ng kh\u1edfi \u0111\u1ed9ng c\u1ee7a xe.<\/li>\n<li><b>T\u01b0\u01a1ng th\u00edch v\u1edbi ph\u1edbt v\u00e0 gio\u0103ng \u0111\u1ec7m:<\/b> D\u1ea7u \u0111\u01b0\u1ee3c pha ch\u1ebf \u0111\u1ec3 t\u01b0\u01a1ng th\u00edch v\u1edbi c\u00e1c v\u1eadt li\u1ec7u ph\u1edbt v\u00e0 gio\u0103ng \u0111\u1ec7m th\u00f4ng th\u01b0\u1eddng trong \u00f4 t\u00f4, gi\u00fap gi\u1ea3m thi\u1ec3u r\u00f2 r\u1ec9 v\u00e0 \u00f4 nhi\u1ec5m.<br \/>\n<h3><b>Ti\u00eau chu\u1ea9n hi\u1ec7u n\u0103ng v\u00e0 \u1ee9ng d\u1ee5ng<\/b><\/h3>\n<p><img decoding=\"async\" title=\"dau-cau-mobilube-hd-80w90-apigl-5-c-1753407978054-2\" src=\"https:\/\/yenhung.com\/wp-content\/uploads\/2025\/11\/dau-cau-mobilube-hd-80w90-apigl-5-c-1753407978054-2.jpg\" alt=\"D\u1ea7u c\u1ea7u Mobilube HD 80W90 APIGL-5 (X\u00f4 20L)\" data-thumb=\"large\" \/><\/li>\n<li><b>C\u1ea5p hi\u1ec7u n\u0103ng API GL-5:<\/b> Mobilube HD 80W-90 \u0111\u00e1p \u1ee9ng ho\u1eb7c v\u01b0\u1ee3t qu\u00e1 c\u00e1c y\u00eau c\u1ea7u c\u1ee7a ti\u00eau chu\u1ea9n API GL-5, \u0111\u00e2y l\u00e0 ti\u00eau chu\u1ea9n cao nh\u1ea5t cho d\u1ea7u c\u1ea7u\/h\u1ed9p s\u1ed1 ch\u1ecbu t\u1ea3i n\u1eb7ng, c\u00f3 ch\u1ee9a b\u00e1nh r\u0103ng hypoid.<\/li>\n<li><b>\u1ee8ng d\u1ee5ng:<\/b>\n<ul>\n<li><b>Tr\u1ee5c h\u1ea1ng n\u1eb7ng v\u00e0 truy\u1ec1n \u0111\u1ed9ng cu\u1ed1i:<\/b> \u0110\u1eb7c bi\u1ec7t d\u00e0nh cho c\u00e1c lo\u1ea1i c\u1ea7u xe v\u00e0 truy\u1ec1n \u0111\u1ed9ng cu\u1ed1i y\u00eau c\u1ea7u d\u1ea7u c\u1ea5p API GL-5.<\/li>\n<li><b>Xe kh\u00e1ch, xe t\u1ea3i h\u1ea1ng n\u1eb7ng v\u00e0 xe th\u01b0\u01a1ng m\u1ea1i:<\/b> Ph\u00f9 h\u1ee3p cho nhi\u1ec1u lo\u1ea1i ph\u01b0\u01a1ng ti\u1ec7n v\u1eadn t\u1ea3i \u0111\u01b0\u1eddng b\u1ed9.<\/li>\n<li><b>C\u00e1c ng\u00e0nh c\u00f4ng nghi\u1ec7p kh\u00e1c:<\/b> \u0110\u01b0\u1ee3c s\u1eed d\u1ee5ng r\u1ed9ng r\u00e3i trong c\u00e1c thi\u1ebft b\u1ecb x\u00e2y d\u1ef1ng, khai th\u00e1c m\u1ecf, khai th\u00e1c \u0111\u00e1 v\u00e0 n\u00f4ng nghi\u1ec7p, n\u01a1i c\u00f3 c\u00e1c h\u1ec7 th\u1ed1ng truy\u1ec1n \u0111\u1ed9ng b\u00e1nh r\u0103ng ch\u1ecbu t\u1ea3i n\u1eb7ng.<br \/>\n<h3><b>Th\u00f4ng s\u1ed1 k\u1ef9 thu\u1eadt ti\u00eau bi\u1ec3u (c\u00f3 th\u1ec3 thay \u0111\u1ed5i t\u00f9y phi\u00ean b\u1ea3n s\u1ea3n xu\u1ea5t)<\/b><\/h3>\n<p><img decoding=\"async\" title=\"dau-cau-mobilube-hd-80w90-apigl-5-a-1753407979075-1\" src=\"https:\/\/yenhung.com\/wp-content\/uploads\/2025\/11\/dau-cau-mobilube-hd-80w90-apigl-5-a-1753407979075-1.jpg\" alt=\"D\u1ea7u c\u1ea7u Mobilube HD 80W90 APIGL-5 (X\u00f4 20L)\" data-thumb=\"large\" \/><\/li>\n<li><b>C\u1ea5p \u0111\u1ed9 nh\u1edbt SAE:<\/b> 80W-90<\/li>\n<li><b>C\u1ea5p hi\u1ec7u n\u0103ng API:<\/b> GL-5<\/li>\n<li><b>\u0110\u1ed9 nh\u1edbt \u0111\u1ed9ng h\u1ecdc @ 40\u2218C:<\/b> Kho\u1ea3ng 136\u00a0cSt<\/li>\n<li><b>\u0110\u1ed9 nh\u1edbt \u0111\u1ed9ng h\u1ecdc @ 100\u2218C:<\/b> Kho\u1ea3ng 14.5\u00a0cSt<\/li>\n<li><b>Ch\u1ec9 s\u1ed1 \u0111\u1ed9 nh\u1edbt:<\/b> Kho\u1ea3ng 105<\/li>\n<li><b>\u0110i\u1ec3m ch\u1edbp ch\u00e1y:<\/b> Kho\u1ea3ng 202\u2218C<\/li>\n<li><b>\u0110i\u1ec3m \u0111\u00f4ng \u0111\u1eb7c:<\/b> Kho\u1ea3ng \u221230\u2218C<\/li>\n<\/ul>\n<\/li>\n<\/ul>\n<\/div>\n","protected":false},"excerpt":{"rendered":"<p>T\u00ean sa\u0309n ph\u00e2\u0309m:\u00a0D\u1ea7u c\u1ea7u Mobilube HD 80W90 APIGL-5 (X\u00f4 20L)<\/p>\n","protected":false},"featured_media":8056,"comment_status":"closed","ping_status":"closed","template":"","meta":[],"product_brand":[],"product_cat":[165],"product_tag":[],"class_list":{"0":"post-8055","1":"product","2":"type-product","3":"status-publish","4":"has-post-thumbnail","6":"product_cat-mobil","8":"first","9":"instock","10":"shipping-taxable","11":"product-type-simple"},"_links":{"self":[{"href":"https:\/\/yenhung.com\/index.php?rest_route=\/wp\/v2\/product\/8055","targetHints":{"allow":["GET"]}}],"collection":[{"href":"https:\/\/yenhung.com\/index.php?rest_route=\/wp\/v2\/product"}],"about":[{"href":"https:\/\/yenhung.com\/index.php?rest_route=\/wp\/v2\/types\/product"}],"replies":[{"embeddable":true,"href":"https:\/\/yenhung.com\/index.php?rest_route=%2Fwp%2Fv2%2Fcomments&post=8055"}],"wp:featuredmedia":[{"embeddable":true,"href":"https:\/\/yenhung.com\/index.php?rest_route=\/wp\/v2\/media\/8056"}],"wp:attachment":[{"href":"https:\/\/yenhung.com\/index.php?rest_route=%2Fwp%2Fv2%2Fmedia&parent=8055"}],"wp:term":[{"taxonomy":"product_brand","embeddable":true,"href":"https:\/\/yenhung.com\/index.php?rest_route=%2Fwp%2Fv2%2Fproduct_brand&post=8055"},{"taxonomy":"product_cat","embeddable":true,"href":"https:\/\/yenhung.com\/index.php?rest_route=%2Fwp%2Fv2%2Fproduct_cat&post=8055"},{"taxonomy":"product_tag","embeddable":true,"href":"https:\/\/yenhung.com\/index.php?rest_route=%2Fwp%2Fv2%2Fproduct_tag&post=8055"}],"curies":[{"name":"wp","href":"https:\/\/api.w.org\/{rel}","templated":true}]}}