{"id":8063,"date":"2025-11-10T08:36:16","date_gmt":"2025-11-10T08:36:16","guid":{"rendered":"https:\/\/yenhung.com\/?product=mo-mobilux-ep-023-16kg-mo-000"},"modified":"2026-02-10T09:37:23","modified_gmt":"2026-02-10T09:37:23","slug":"mo-mobilux-ep-023-16kg-mo-000","status":"publish","type":"product","link":"https:\/\/yenhung.com\/?product=mo-mobilux-ep-023-16kg-mo-000","title":{"rendered":"M\u1ee1 MOBILUX EP 023 &#8211; 16KG &#8211; m\u1ee1 000"},"content":{"rendered":"<div class=\"ba-text-fpt\">\n<h2><strong>M\u1ee1 MOBILUX EP 023 &#8211; 16KG &#8211; m\u1ee1 000<\/strong><\/h2>\n<p>\u0110\u00e2y l\u00e0 m\u1ed9t lo\u1ea1i m\u1ee1 \u0111\u1eb7c bi\u1ec7t, thu\u1ed9c c\u1ea5p \u0111\u1ed9 NLGI 000, c\u00f3 t\u00ednh ch\u1ea5t b\u00e1n l\u1ecfng (semi-fluid grease), \u0111\u01b0\u1ee3c thi\u1ebft k\u1ebf \u0111\u1ec3 b\u00f4i tr\u01a1n hi\u1ec7u qu\u1ea3 c\u00e1c h\u1ed9p s\u1ed1 k\u00edn ho\u1eb7c c\u00e1c \u1ee9ng d\u1ee5ng c\u00f3 h\u1ec7 th\u1ed1ng b\u00f4i tr\u01a1n trung t\u00e2m, n\u01a1i d\u1ea7u h\u1ed9p s\u1ed1 th\u00f4ng th\u01b0\u1eddng d\u1ec5 b\u1ecb r\u00f2 r\u1ec9.<\/p>\n<h3><b>\u0110\u1eb7c \u0111i\u1ec3m n\u1ed5i b\u1eadt c\u1ee7a M\u1ee1 Mobilux EP 023<\/b><\/h3>\n<p><img decoding=\"async\" title=\"mo-mobilux-ep-023-16kg-mo-000-a-1751943972158-1\" src=\"https:\/\/yenhung.com\/wp-content\/uploads\/2025\/11\/mo-mobilux-ep-023-16kg-mo-000-a-1751943972158-1.png\" alt=\"M\u1ee1 MOBILUX EP 023 - 16KG - m\u1ee1 000\" data-thumb=\"large\" \/><\/p>\n<p>Mobilux EP 023 thu\u1ed9c d\u00f2ng s\u1ea3n ph\u1ea9m Mobilux EP Series, l\u00e0 lo\u1ea1i m\u1ee1 lithium hydroxystearate hi\u1ec7u su\u1ea5t cao, \u0111\u01b0\u1ee3c pha ch\u1ebf \u0111\u1ec3 mang l\u1ea1i kh\u1ea3 n\u0103ng b\u1ea3o v\u1ec7 v\u01b0\u1ee3t tr\u1ed9i ch\u1ed1ng m\u00e0i m\u00f2n, g\u1ec9 s\u00e9t v\u00e0 ch\u1ed1ng r\u1eeda tr\u00f4i b\u1edfi n\u01b0\u1edbc.<\/p>\n<ul>\n<li><b>C\u1ea5p \u0111\u1ed9 NLGI 000 (Semi-fluid):<\/b> \u0110\u00e2y l\u00e0 \u0111i\u1ec3m \u0111\u1eb7c tr\u01b0ng c\u1ee7a Mobilux EP 023. M\u1ee1 c\u1ea5p 000 r\u1ea5t m\u1ec1m, g\u1ea7n nh\u01b0 l\u1ecfng, cho ph\u00e9p n\u00f3 ch\u1ea3y v\u00e0 b\u01a1m d\u1ec5 d\u00e0ng trong c\u00e1c h\u1ec7 th\u1ed1ng b\u00f4i tr\u01a1n trung t\u00e2m ho\u1eb7c l\u1ea5p \u0111\u1ea7y c\u00e1c khe h\u1edf trong h\u1ed9p s\u1ed1 b\u1ecb r\u00f2 r\u1ec9.<\/li>\n<li><b>Kh\u1ea3 n\u0103ng ch\u1ecbu \u00e1p l\u1ef1c c\u1ef1c tr\u1ecb (Extreme Pressure &#8211; EP):<\/b> \u0110\u01b0\u1ee3c t\u0103ng c\u01b0\u1eddng ph\u1ee5 gia EP m\u1ea1nh m\u1ebd, gi\u00fap gi\u1ea3m m\u00e0i m\u00f2n d\u01b0\u1edbi c\u00e1c \u0111i\u1ec1u ki\u1ec7n ho\u1ea1t \u0111\u1ed9ng ch\u1ecbu t\u1ea3i n\u1eb7ng ho\u1eb7c t\u1ea3i va \u0111\u1eadp v\u00e0 rung \u0111\u1ed9ng, k\u00e9o d\u00e0i tu\u1ed5i th\u1ecd thi\u1ebft b\u1ecb. Ch\u1ec9 s\u1ed1 Timken OK Load l\u00e0 40 lb cho th\u1ea5y kh\u1ea3 n\u0103ng ch\u1ecbu t\u1ea3i cao c\u1ee7a n\u00f3.<\/li>\n<li><b>B\u1ea3o v\u1ec7 ch\u1ed1ng r\u1ec9 s\u00e9t v\u00e0 \u0103n m\u00f2n:<\/b> Cung c\u1ea5p kh\u1ea3 n\u0103ng b\u1ea3o v\u1ec7 tuy\u1ec7t v\u1eddi ch\u1ed1ng l\u1ea1i g\u1ec9 s\u00e9t v\u00e0 \u0103n m\u00f2n, \u0111\u1ed3ng th\u1eddi kh\u1ea3 n\u0103ng ch\u1ed1ng r\u1eeda tr\u00f4i b\u1edfi n\u01b0\u1edbc gi\u00fap b\u1ea3o v\u1ec7 thi\u1ebft b\u1ecb v\u00e0 duy tr\u00ec b\u00f4i tr\u01a1n t\u1ed1t ngay c\u1ea3 khi b\u1ecb nhi\u1ec5m n\u01b0\u1edbc ho\u1eb7c trong m\u00f4i tr\u01b0\u1eddng \u1ea9m \u01b0\u1edbt.<\/li>\n<li><b>Ki\u1ec3m so\u00e1t r\u00f2 r\u1ec9 hi\u1ec7u qu\u1ea3:<\/b> Nh\u1edd \u0111\u1ed9 \u0111\u1eb7c NLGI 000, Mobilux EP 023 \u0111\u1eb7c bi\u1ec7t th\u00edch h\u1ee3p cho c\u00e1c h\u1ed9p s\u1ed1 v\u00e0 \u1ed5 bi b\u1ecbt k\u00edn k\u00e9m, n\u01a1i d\u1ea7u b\u00e1nh r\u0103ng th\u00f4ng th\u01b0\u1eddng kh\u00f4ng th\u1ec3 gi\u1eef l\u1ea1i do r\u00f2 r\u1ec9 qua c\u00e1c ph\u1edbt ho\u1eb7c gio\u0103ng b\u1ecb m\u00f2n\/m\u1ea5t. N\u00f3 gi\u00fap ki\u1ec3m so\u00e1t r\u00f2 r\u1ec9 d\u1ea7u hi\u1ec7u qu\u1ea3 h\u01a1n.<\/li>\n<li><b>Kh\u1ea3 n\u0103ng b\u01a1m t\u1ed1t \u1edf nhi\u1ec7t \u0111\u1ed9 th\u1ea5p:<\/b> M\u1eb7c d\u00f9 \u0111\u01b0\u1ee3c thi\u1ebft k\u1ebf cho h\u1ed9p s\u1ed1, nh\u01b0ng v\u1edbi \u0111\u1ed9 l\u1ecfng nh\u1ea5t \u0111\u1ecbnh, n\u00f3 v\u1eabn c\u00f3 kh\u1ea3 n\u0103ng b\u01a1m t\u1ed1t trong c\u00e1c h\u1ec7 th\u1ed1ng b\u00f4i tr\u01a1n trung t\u00e2m \u1edf nhi\u1ec7t \u0111\u1ed9 th\u1ea5p.<\/li>\n<li><b>Ph\u1ea1m vi nhi\u1ec7t \u0111\u1ed9 ho\u1ea1t \u0111\u1ed9ng:<\/b> Ho\u1ea1t \u0111\u1ed9ng hi\u1ec7u qu\u1ea3 trong d\u1ea3i nhi\u1ec7t \u0111\u1ed9 t\u1eeb <b>\u221220\u2218C \u0111\u1ebfn 120\u2218C<\/b>.<br \/>\n<h3><b>\u1ee8ng d\u1ee5ng c\u1ee7a M\u1ee1 Mobilux EP 023<\/b><\/h3>\n<p><img decoding=\"async\" title=\"mo-mobilux-ep-023-16kg-mo-000-b-1751943971491-2\" src=\"https:\/\/yenhung.com\/wp-content\/uploads\/2025\/11\/mo-mobilux-ep-023-16kg-mo-000-b-1751943971491-2.jpg\" alt=\"M\u1ee1 MOBILUX EP 023 - 16KG - m\u1ee1 000\" data-thumb=\"large\" \/><\/p>\n<p>Mobilux EP 023 \u0111\u01b0\u1ee3c khuy\u1ebfn ngh\u1ecb \u0111\u1eb7c bi\u1ec7t cho c\u00e1c \u1ee9ng d\u1ee5ng sau:<\/li>\n<li><b>H\u1ed9p s\u1ed1 v\u00e0 \u1ed5 bi b\u1ecbt k\u00edn k\u00e9m:<\/b> \u0110\u00e2y l\u00e0 \u1ee9ng d\u1ee5ng ch\u00ednh c\u1ee7a n\u00f3. R\u1ea5t l\u00fd t\u01b0\u1edfng cho vi\u1ec7c b\u00f4i tr\u01a1n c\u00e1c h\u1ed9p s\u1ed1 v\u00e0 \u1ed5 bi n\u1eb1m trong c\u00e1c h\u1ed9p s\u1ed1 b\u1ecbt k\u00edn k\u00e9m, n\u01a1i d\u1ea7u b\u00e1nh r\u0103ng th\u00f4ng th\u01b0\u1eddng d\u1ec5 b\u1ecb r\u00f2 r\u1ec9.<\/li>\n<li><b>H\u1ec7 th\u1ed1ng b\u00f4i tr\u01a1n trung t\u00e2m:<\/b> Ph\u00f9 h\u1ee3p cho c\u00e1c h\u1ec7 th\u1ed1ng n\u00e0y nh\u1edd kh\u1ea3 n\u0103ng b\u01a1m t\u1ed1t.<\/li>\n<li><b>M\u00e1y m\u00f3c khai th\u00e1c m\u1ecf d\u01b0\u1edbi l\u00f2ng \u0111\u1ea5t:<\/b> Th\u01b0\u1eddng \u0111\u01b0\u1ee3c s\u1eed d\u1ee5ng trong c\u00e1c m\u00e1y m\u00f3c n\u00e0y (tr\u1eeb b\u00e1nh r\u0103ng \u0111\u1ed9ng c\u01a1 \u0111i\u1ec7n).<\/li>\n<li><b>C\u00e1c \u1ee9ng d\u1ee5ng c\u00f4ng nghi\u1ec7p kh\u00e1c:<\/b> N\u01a1i d\u1ea7u b\u00e1nh r\u0103ng th\u00f4ng th\u01b0\u1eddng kh\u00f4ng th\u1ec3 gi\u1eef l\u1ea1i \u0111\u01b0\u1ee3c trong c\u00e1c v\u1ecf h\u1ed9p s\u1ed1, v\u1ecf x\u00edch, v.v., do r\u00f2 r\u1ec9 t\u1eeb c\u00e1c ph\u1edbt b\u1ecb m\u00f2n ho\u1eb7c thi\u1ebfu.<\/li>\n<li><b>M\u00e1y c\u00e1n th\u00e9p, b\u00e1nh r\u0103ng h\u1ed9p s\u1ed1, x\u00edch, c\u00e1c \u1ed5 bi, \u1ed5 l\u0103n, \u1ed5 tr\u01b0\u1ee3t c\u00f3 t\u1ea3i n\u1eb7ng:<\/b> Ho\u1ea1t \u0111\u1ed9ng t\u1ed1t trong c\u00e1c \u0111i\u1ec1u ki\u1ec7n kh\u1eafc nghi\u1ec7t.<\/li>\n<li><img decoding=\"async\" title=\"mo-mobilux-ep-004-c-1751943973100-1\" src=\"https:\/\/yenhung.com\/wp-content\/uploads\/2025\/11\/mo-mobilux-ep-004-c-1751943973100-1.jpg\" alt=\"M\u1ee1 MOBILUX EP 023 - 16KG - m\u1ee1 000\" data-thumb=\"large\" \/><\/li>\n<li><b>M\u00e1y \u00e9p nh\u1ef1a, b\u00e1nh r\u0103ng, con l\u0103n, m\u00e1y nghi\u1ec1n v\u00e0 m\u00e1y rung.<\/b><\/li>\n<\/ul>\n<\/div>\n","protected":false},"excerpt":{"rendered":"<p>T\u00ean sa\u0309n ph\u00e2\u0309m:\u00a0M\u1ee1 MOBILUX EP 023 &#8211; 16KG &#8211; m\u1ee1 000<\/p>\n","protected":false},"featured_media":8064,"comment_status":"closed","ping_status":"closed","template":"","meta":[],"product_brand":[],"product_cat":[165],"product_tag":[],"class_list":{"0":"post-8063","1":"product","2":"type-product","3":"status-publish","4":"has-post-thumbnail","6":"product_cat-mobil","8":"first","9":"instock","10":"shipping-taxable","11":"product-type-simple"},"_links":{"self":[{"href":"https:\/\/yenhung.com\/index.php?rest_route=\/wp\/v2\/product\/8063","targetHints":{"allow":["GET"]}}],"collection":[{"href":"https:\/\/yenhung.com\/index.php?rest_route=\/wp\/v2\/product"}],"about":[{"href":"https:\/\/yenhung.com\/index.php?rest_route=\/wp\/v2\/types\/product"}],"replies":[{"embeddable":true,"href":"https:\/\/yenhung.com\/index.php?rest_route=%2Fwp%2Fv2%2Fcomments&post=8063"}],"wp:featuredmedia":[{"embeddable":true,"href":"https:\/\/yenhung.com\/index.php?rest_route=\/wp\/v2\/media\/8064"}],"wp:attachment":[{"href":"https:\/\/yenhung.com\/index.php?rest_route=%2Fwp%2Fv2%2Fmedia&parent=8063"}],"wp:term":[{"taxonomy":"product_brand","embeddable":true,"href":"https:\/\/yenhung.com\/index.php?rest_route=%2Fwp%2Fv2%2Fproduct_brand&post=8063"},{"taxonomy":"product_cat","embeddable":true,"href":"https:\/\/yenhung.com\/index.php?rest_route=%2Fwp%2Fv2%2Fproduct_cat&post=8063"},{"taxonomy":"product_tag","embeddable":true,"href":"https:\/\/yenhung.com\/index.php?rest_route=%2Fwp%2Fv2%2Fproduct_tag&post=8063"}],"curies":[{"name":"wp","href":"https:\/\/api.w.org\/{rel}","templated":true}]}}