{"id":8071,"date":"2025-11-10T08:36:24","date_gmt":"2025-11-10T08:36:24","guid":{"rendered":"https:\/\/yenhung.com\/?product=mo-mobilux-ep-004-16kg-mo-00"},"modified":"2025-11-10T08:36:26","modified_gmt":"2025-11-10T08:36:26","slug":"mo-mobilux-ep-004-16kg-mo-00","status":"publish","type":"product","link":"https:\/\/yenhung.com\/?product=mo-mobilux-ep-004-16kg-mo-00","title":{"rendered":"M\u1ee1 MOBILUX EP 004 &#8211; 16KG &#8211; m\u1ee1 00"},"content":{"rendered":"<\/p>\n<div class=\"ba-text-fpt\">\n<h2><strong>M\u1ee1 MOBILUX EP 004 &#8211; 16KG &#8211; m\u1ee1 00<\/strong><\/h2>\n<h3><b>\u0110\u1eb7c \u0111i\u1ec3m n\u1ed5i b\u1eadt c\u1ee7a M\u1ee1 Mobilux EP 004<\/b><\/h3>\n<p><img decoding=\"async\" alt=\"M\u1ee1 MOBILUX EP 004 - 16KG - m\u1ee1 00\" data-thumb=\"large\" original-height=\"980\" original-width=\"682\" src=\"https:\/\/yenhung.com\/wp-content\/uploads\/2025\/11\/mo-mobilux-ep-004-16kg-mo-00-a-1751944775777-1.jpg\" title=\"mo-mobilux-ep-004-16kg-mo-00-a-1751944775777-1\"><\/p>\n<p>Mobilux EP 004 l\u00e0 m\u1ee1 lithium hydroxystearate hi\u1ec7u su\u1ea5t cao, \u0111\u01b0\u1ee3c pha ch\u1ebf \u0111\u1ec3 cung c\u1ea5p s\u1ef1 b\u1ea3o v\u1ec7 v\u01b0\u1ee3t tr\u1ed9i ch\u1ed1ng m\u00e0i m\u00f2n, r\u1ec9 s\u00e9t v\u00e0 kh\u00f4ng b\u1ecb r\u1eeda tr\u00f4i b\u1edfi n\u01b0\u1edbc.<\/p>\n<ul>\n<li>\n<p><b>C\u1ea5p \u0111\u1ed9 NLGI 00 (Semi-fluid):<\/b> \u0110\u00e2y l\u00e0 \u0111\u1eb7c \u0111i\u1ec3m ch\u00ednh c\u1ee7a Mobilux EP 004. M\u1ee1 c\u1ea5p 00 c\u00f3 \u0111\u1ed9 \u0111\u1eb7c t\u01b0\u01a1ng \u0111\u1ed1i th\u1ea5p, l\u1ecfng h\u01a1n m\u1ee1 NLGI 0, 1, 2, 3 nh\u01b0ng \u0111\u1eb7c h\u01a1n m\u1ee1 NLGI 000 v\u00e0 d\u1ea7u b\u00f4i tr\u01a1n th\u00f4ng th\u01b0\u1eddng. \u0110i\u1ec1u n\u00e0y gi\u00fap n\u00f3 d\u1ec5 d\u00e0ng b\u01a1m qua c\u00e1c h\u1ec7 th\u1ed1ng b\u00f4i tr\u01a1n trung t\u00e2m v\u00e0 l\u1ea5p \u0111\u1ea7y c\u00e1c khe h\u1edf trong h\u1ed9p s\u1ed1 b\u1ecb r\u00f2 r\u1ec9.<\/p>\n<\/li>\n<li>\n<p><b>Kh\u1ea3 n\u0103ng ch\u1ecbu \u00e1p l\u1ef1c c\u1ef1c tr\u1ecb (Extreme Pressure &#8211; EP):<\/b> \u0110\u01b0\u1ee3c t\u0103ng c\u01b0\u1eddng ph\u1ee5 gia EP m\u1ea1nh m\u1ebd, m\u1ee1 gi\u00fap gi\u1ea3m m\u00e0i m\u00f2n hi\u1ec7u qu\u1ea3 d\u01b0\u1edbi c\u00e1c \u0111i\u1ec1u ki\u1ec7n v\u1eadn h\u00e0nh ch\u1ecbu t\u1ea3i n\u1eb7ng, t\u1ea3i va \u0111\u1eadp v\u00e0 rung \u0111\u1ed9ng, g\u00f3p ph\u1ea7n k\u00e9o d\u00e0i tu\u1ed5i th\u1ecd thi\u1ebft b\u1ecb. Th\u1eed t\u1ea3i Timken OK Load 40 lb l\u00e0 minh ch\u1ee9ng cho kh\u1ea3 n\u0103ng ch\u1ecbu t\u1ea3i c\u1ee7a n\u00f3.<\/p>\n<\/li>\n<li>\n<p><b>B\u1ea3o v\u1ec7 ch\u1ed1ng r\u1ec9 s\u00e9t v\u00e0 \u0103n m\u00f2n:<\/b> Cung c\u1ea5p kh\u1ea3 n\u0103ng b\u1ea3o v\u1ec7 tuy\u1ec7t v\u1eddi ch\u1ed1ng l\u1ea1i g\u1ec9 s\u00e9t v\u00e0 \u0103n m\u00f2n, ngay c\u1ea3 trong m\u00f4i tr\u01b0\u1eddng \u1ea9m \u01b0\u1edbt ho\u1eb7c c\u00f3 n\u01b0\u1edbc. Kh\u1ea3 n\u0103ng ch\u1ed1ng r\u1eeda tr\u00f4i b\u1edfi n\u01b0\u1edbc gi\u00fap duy tr\u00ec l\u1edbp b\u00f4i tr\u01a1n b\u1ea3o v\u1ec7.<\/p>\n<\/li>\n<li>\n<p><b>Ki\u1ec3m so\u00e1t r\u00f2 r\u1ec9 hi\u1ec7u qu\u1ea3:<\/b> Nh\u1edd \u0111\u1ed9 \u0111\u1eb7c NLGI 00, Mobilux EP 004 \u0111\u1eb7c bi\u1ec7t ph\u00f9 h\u1ee3p cho c\u00e1c h\u1ed9p s\u1ed1 v\u00e0 \u1ed5 bi b\u1ecbt k\u00edn k\u00e9m, n\u01a1i d\u1ea7u b\u00e1nh r\u0103ng th\u00f4ng th\u01b0\u1eddng c\u00f3 th\u1ec3 d\u1ec5 d\u00e0ng b\u1ecb r\u00f2 r\u1ec9 qua c\u00e1c ph\u1edbt ho\u1eb7c gio\u0103ng b\u1ecb m\u00f2n\/h\u1ecfng. N\u00f3 gi\u00fap gi\u1eef l\u1ea1i ch\u1ea5t b\u00f4i tr\u01a1n trong h\u1ec7 th\u1ed1ng.<\/p>\n<\/li>\n<li>\n<p><b>Kh\u1ea3 n\u0103ng b\u01a1m t\u1ed1t \u1edf nhi\u1ec7t \u0111\u1ed9 th\u1ea5p:<\/b> M\u1ee1 c\u00f3 kh\u1ea3 n\u0103ng b\u01a1m t\u1ed1t trong c\u00e1c h\u1ec7 th\u1ed1ng b\u00f4i tr\u01a1n trung t\u00e2m, ngay c\u1ea3 \u1edf nhi\u1ec7t \u0111\u1ed9 t\u01b0\u01a1ng \u0111\u1ed1i th\u1ea5p.<\/p>\n<\/li>\n<li>\n<p><b>Ph\u1ea1m vi nhi\u1ec7t \u0111\u1ed9 ho\u1ea1t \u0111\u1ed9ng:<\/b> Ho\u1ea1t \u0111\u1ed9ng hi\u1ec7u qu\u1ea3 trong d\u1ea3i nhi\u1ec7t \u0111\u1ed9 t\u1eeb <b>-25oC \u0111\u1ebfn 120oC<\/b>.<\/p>\n<h3><b>\u1ee8ng d\u1ee5ng c\u1ee7a M\u1ee1 Mobilux EP 004<\/b><\/h3>\n<p><img decoding=\"async\" alt=\"M\u1ee1 MOBILUX EP 004 - 16KG - m\u1ee1 00\" data-thumb=\"large\" original-height=\"543\" original-width=\"537\" src=\"https:\/\/yenhung.com\/wp-content\/uploads\/2025\/11\/mo-mobilux-ep-004-16kg-mo-00-c-1751944774875-2.jpg\" title=\"mo-mobilux-ep-004-16kg-mo-00-c-1751944774875-2\"><\/p>\n<p>Mobilux EP 004 \u0111\u01b0\u1ee3c khuy\u1ebfn ngh\u1ecb \u0111\u1eb7c bi\u1ec7t cho c\u00e1c \u1ee9ng d\u1ee5ng sau:<\/p>\n<\/li>\n<li>\n<p><b>H\u1ed9p s\u1ed1 k\u00edn v\u00e0 \u1ed5 bi b\u1ecbt k\u00edn k\u00e9m:<\/b> \u0110\u00e2y l\u00e0 \u1ee9ng d\u1ee5ng ch\u00ednh c\u1ee7a n\u00f3, l\u00fd t\u01b0\u1edfng \u0111\u1ec3 b\u00f4i tr\u01a1n c\u00e1c h\u1ed9p s\u1ed1 v\u00e0 \u1ed5 bi trong c\u00e1c h\u1ed9p s\u1ed1 b\u1ecbt k\u00edn k\u00e9m, n\u01a1i d\u1ea7u b\u00e1nh r\u0103ng th\u00f4ng th\u01b0\u1eddng d\u1ec5 b\u1ecb r\u00f2 r\u1ec9.<\/p>\n<\/li>\n<li>\n<p><b>H\u1ec7 th\u1ed1ng b\u00f4i tr\u01a1n trung t\u00e2m:<\/b> Ph\u00f9 h\u1ee3p v\u1edbi c\u00e1c h\u1ec7 th\u1ed1ng n\u00e0y nh\u1edd kh\u1ea3 n\u0103ng b\u01a1m d\u1ec5 d\u00e0ng.<\/p>\n<\/li>\n<li>\n<p><b>M\u00e1y m\u00f3c khai th\u00e1c m\u1ecf d\u01b0\u1edbi l\u00f2ng \u0111\u1ea5t:<\/b> Th\u01b0\u1eddng \u0111\u01b0\u1ee3c s\u1eed d\u1ee5ng trong c\u00e1c m\u00e1y m\u00f3c n\u00e0y (tr\u1eeb b\u00e1nh r\u0103ng \u0111\u1ed9ng c\u01a1 \u0111i\u1ec7n).<\/p>\n<\/li>\n<li>\n<p><b>C\u00e1c \u1ee9ng d\u1ee5ng c\u00f4ng nghi\u1ec7p kh\u00e1c:<\/b> N\u01a1i d\u1ea7u b\u00e1nh r\u0103ng th\u00f4ng th\u01b0\u1eddng kh\u00f4ng th\u1ec3 gi\u1eef l\u1ea1i \u0111\u01b0\u1ee3c trong c\u00e1c v\u1ecf h\u1ed9p s\u1ed1, v\u1ecf x\u00edch, v.v., do r\u00f2 r\u1ec9 t\u1eeb c\u00e1c ph\u1edbt b\u1ecb m\u00f2n ho\u1eb7c thi\u1ebfu.<\/p>\n<\/li>\n<li>\n<p><b>B\u00e1nh r\u0103ng, con l\u0103n, m\u00e1y nghi\u1ec1n v\u00e0 m\u00e1y rung:<\/b> Trong c\u00e1c \u1ee9ng d\u1ee5ng ch\u1ecbu t\u1ea3i n\u1eb7ng v\u00e0 rung \u0111\u1ed9ng.<\/p>\n<\/li>\n<li>\n<p><img decoding=\"async\" alt=\"M\u1ee1 MOBILUX EP 004 - 16KG - m\u1ee1 00\" data-thumb=\"large\" original-height=\"423\" original-width=\"421\" src=\"https:\/\/yenhung.com\/wp-content\/uploads\/2025\/11\/mo-mobilux-ep-004-16kg-mo-00-b-1751944775301-1.jpg\" title=\"mo-mobilux-ep-004-16kg-mo-00-b-1751944775301-1\"><\/p>\n<\/li>\n<li>\n<p><b>M\u00e1y \u00e9p nh\u1ef1a, m\u00e1y d\u1ec7t, m\u00e1y in, m\u00e1y ch\u1ebf bi\u1ebfn th\u1ef1c ph\u1ea9m:<\/b> C\u00e1c \u1ee9ng d\u1ee5ng c\u00f4ng nghi\u1ec7p c\u1ea7n m\u1ee1 \u0111a d\u1ee5ng, hi\u1ec7u su\u1ea5t cao.<\/p>\n<p><strong>Th\u00f4ng tin li\u00ean h\u1ec7\u00a0<\/strong><\/p>\n<p><strong>C\u00d4NG TY TNHH TH\u01af\u01a0NG M\u1ea0I D\u1ecaCH V\u1ee4 SUN COMMERCIAL \u2013 SUN COMMERCIAL SERVICE TRADING CO., LTD<\/strong><\/p>\n<p>\u2013 M\u00e3 s\u1ed1 thu\u1ebf: 0316694604<\/p>\n<p>\u2013 S\u0110T: 090 666 5927\u00a0<\/p>\n<p>\u2013 \u0110\u1ecba ch\u1ec9: 118\/8 Hu\u1ef3nh Thi\u1ec7n L\u1ed9c, Ph\u01b0\u1eddng Ho\u00e0 Th\u1ea1nh, Qu\u1eadn T\u00e2n Ph\u00fa, TP. H\u1ed3 Ch\u00ed Minh<\/p>\n<\/li>\n<\/ul><\/div>\n","protected":false},"excerpt":{"rendered":"<p>T\u00ean sa\u0309n ph\u00e2\u0309m:\u00a0M\u1ee1 MOBILUX EP 004 &#8211; 16KG &#8211; m\u1ee1 00<\/p>\n","protected":false},"featured_media":8072,"comment_status":"closed","ping_status":"closed","template":"","meta":[],"product_brand":[],"product_cat":[165],"product_tag":[],"class_list":{"0":"post-8071","1":"product","2":"type-product","3":"status-publish","4":"has-post-thumbnail","6":"product_cat-mobil","8":"first","9":"instock","10":"shipping-taxable","11":"purchasable","12":"product-type-simple"},"_links":{"self":[{"href":"https:\/\/yenhung.com\/index.php?rest_route=\/wp\/v2\/product\/8071","targetHints":{"allow":["GET"]}}],"collection":[{"href":"https:\/\/yenhung.com\/index.php?rest_route=\/wp\/v2\/product"}],"about":[{"href":"https:\/\/yenhung.com\/index.php?rest_route=\/wp\/v2\/types\/product"}],"replies":[{"embeddable":true,"href":"https:\/\/yenhung.com\/index.php?rest_route=%2Fwp%2Fv2%2Fcomments&post=8071"}],"wp:featuredmedia":[{"embeddable":true,"href":"https:\/\/yenhung.com\/index.php?rest_route=\/wp\/v2\/media\/8072"}],"wp:attachment":[{"href":"https:\/\/yenhung.com\/index.php?rest_route=%2Fwp%2Fv2%2Fmedia&parent=8071"}],"wp:term":[{"taxonomy":"product_brand","embeddable":true,"href":"https:\/\/yenhung.com\/index.php?rest_route=%2Fwp%2Fv2%2Fproduct_brand&post=8071"},{"taxonomy":"product_cat","embeddable":true,"href":"https:\/\/yenhung.com\/index.php?rest_route=%2Fwp%2Fv2%2Fproduct_cat&post=8071"},{"taxonomy":"product_tag","embeddable":true,"href":"https:\/\/yenhung.com\/index.php?rest_route=%2Fwp%2Fv2%2Fproduct_tag&post=8071"}],"curies":[{"name":"wp","href":"https:\/\/api.w.org\/{rel}","templated":true}]}}