{"id":8117,"date":"2025-11-10T08:37:00","date_gmt":"2025-11-10T08:37:00","guid":{"rendered":"https:\/\/yenhung.com\/?product=dau-mobilgear-600-xp-68-208l-phuy"},"modified":"2026-02-10T09:28:48","modified_gmt":"2026-02-10T09:28:48","slug":"dau-mobilgear-600-xp-68-208l-phuy","status":"publish","type":"product","link":"https:\/\/yenhung.com\/?product=dau-mobilgear-600-xp-68-208l-phuy","title":{"rendered":"D\u1ea7u MOBILGEAR 600 XP 68 208L\/phuy"},"content":{"rendered":"<div class=\"ba-text-fpt\">\n<h2><strong>D\u1ea7u MOBILGEAR 600 XP 68 208L\/phuy<\/strong><\/h2>\n<p><strong>D\u1ea7u MOBILGEAR 600 XP 68<\/strong> v\u1edbi quy c\u00e1ch \u0111\u00f3ng g\u00f3i <strong>phuy 208 l\u00edt<\/strong>. \u0110\u00e2y l\u00e0 m\u1ed9t lo\u1ea1i d\u1ea7u b\u00e1nh r\u0103ng c\u00f4ng nghi\u1ec7p hi\u1ec7u su\u1ea5t cao c\u1ee7a <strong>Mobil<\/strong> (thu\u1ed9c ExxonMobil), \u0111\u01b0\u1ee3c thi\u1ebft k\u1ebf \u0111\u1eb7c bi\u1ec7t \u0111\u1ec3 b\u1ea3o v\u1ec7 c\u00e1c b\u00e1nh r\u0103ng hi\u1ec7n \u0111\u1ea1i ho\u1ea1t \u0111\u1ed9ng d\u01b0\u1edbi \u0111i\u1ec1u ki\u1ec7n kh\u1eafc nghi\u1ec7t.<\/p>\n<p><img decoding=\"async\" title=\"dau-mobilgear-600-xp-68-208l-1-1\" src=\"https:\/\/yenhung.com\/wp-content\/uploads\/2025\/11\/dau-mobilgear-600-xp-68-208l-1-1.jpg\" alt=\"D\u1ea7u MOBILGEAR 600 XP 68 208L\/phuy\" data-thumb=\"large\" \/><\/p>\n<h3 data-sourcepos=\"12:1-12:47\">\u0110\u1eb7c \u0111i\u1ec3m n\u1ed5i b\u1eadt c\u1ee7a Mobilgear 600 XP 68<\/h3>\n<p data-sourcepos=\"14:1-14:193\">Mobilgear 600 XP 68 thu\u1ed9c d\u00f2ng s\u1ea3n ph\u1ea9m Mobilgear 600 XP Series, n\u1ed5i b\u1eadt v\u1edbi kh\u1ea3 n\u0103ng b\u1ea3o v\u1ec7 b\u00e1nh r\u0103ng kh\u1ecfi vi r\u1ed7 (micropitting), m\u1ed9t d\u1ea1ng m\u00e0i m\u00f2n c\u00f3 th\u1ec3 g\u00e2y h\u01b0 h\u1ecfng nghi\u00eam tr\u1ecdng cho b\u00e1nh r\u0103ng.<\/p>\n<ul data-sourcepos=\"16:1-28:0\">\n<li data-sourcepos=\"16:1-16:232\"><strong>B\u1ea3o v\u1ec7 v\u01b0\u1ee3t tr\u1ed9i ch\u1ed1ng vi r\u1ed7:<\/strong> \u0110\u00e2y l\u00e0 \u0111\u1eb7c \u0111i\u1ec3m n\u1ed5i b\u1eadt nh\u1ea5t. D\u1ea7u \u0111\u01b0\u1ee3c pha ch\u1ebf \u0111\u1eb7c bi\u1ec7t \u0111\u1ec3 ch\u1ed1ng l\u1ea1i hi\u1ec7n t\u01b0\u1ee3ng vi r\u1ed7, m\u1ed9t d\u1ea1ng h\u01b0 h\u1ecfng m\u1ecfi b\u1ec1 m\u1eb7t th\u01b0\u1eddng x\u1ea3y ra \u1edf c\u00e1c b\u00e1nh r\u0103ng t\u1ea3i tr\u1ecdng cao, gi\u00fap k\u00e9o d\u00e0i tu\u1ed5i th\u1ecd c\u1ee7a b\u00e1nh r\u0103ng.<\/li>\n<li data-sourcepos=\"17:1-17:233\"><strong>Kh\u1ea3 n\u0103ng ch\u1ecbu t\u1ea3i c\u1ef1c \u00e1p (EP &#8211; Extreme Pressure) v\u00e0 ch\u1ed1ng m\u00e0i m\u00f2n (AW &#8211; Anti-Wear):<\/strong> Cung c\u1ea5p kh\u1ea3 n\u0103ng b\u1ea3o v\u1ec7 xu\u1ea5t s\u1eafc cho c\u00e1c b\u00e1nh r\u0103ng v\u00e0 \u1ed5 tr\u1ee5c kh\u1ecfi m\u00e0i m\u00f2n, tr\u1ea7y x\u01b0\u1edbc ngay c\u1ea3 d\u01b0\u1edbi t\u1ea3i tr\u1ecdng n\u1eb7ng, t\u1ea3i xung k\u00edch v\u00e0 t\u1ed1c \u0111\u1ed9 cao.<\/li>\n<li data-sourcepos=\"18:1-18:213\"><strong>\u0110\u1ed9 \u1ed5n \u0111\u1ecbnh oxy h\u00f3a v\u00e0 nhi\u1ec7t cao:<\/strong> Gi\u00fap d\u1ea7u ch\u1ed1ng l\u1ea1i s\u1ef1 xu\u1ed1ng c\u1ea5p do nhi\u1ec7t \u0111\u1ed9 cao v\u00e0 qu\u00e1 tr\u00ecnh oxy h\u00f3a, k\u00e9o d\u00e0i tu\u1ed5i th\u1ecd d\u1ea7u v\u00e0 gi\u1ea3m t\u1ea7n su\u1ea5t thay d\u1ea7u, \u0111\u1ed3ng th\u1eddi gi\u1ea3m thi\u1ec3u s\u1ef1 h\u00ecnh th\u00e0nh c\u1eb7n b\u1ea9n v\u00e0 l\u1eafng \u0111\u1ecdng.<\/li>\n<li data-sourcepos=\"19:1-19:162\"><strong>Ch\u1ed1ng \u0103n m\u00f2n v\u00e0 r\u1ec9 s\u00e9t v\u01b0\u1ee3t tr\u1ed9i:<\/strong> B\u1ea3o v\u1ec7 hi\u1ec7u qu\u1ea3 c\u00e1c b\u1ed9 ph\u1eadn kim lo\u1ea1i (th\u00e9p, \u0111\u1ed3ng v\u00e0 h\u1ee3p kim m\u1ec1m) kh\u1ecfi r\u1ec9 s\u00e9t v\u00e0 \u0103n m\u00f2n, ngay c\u1ea3 khi c\u00f3 n\u01b0\u1edbc bi\u1ec3n x\u00e2m nh\u1eadp.<\/li>\n<li data-sourcepos=\"20:1-20:244\"><strong>Kh\u1ea3 n\u0103ng t\u00e1ch n\u01b0\u1edbc v\u00e0 ch\u1ed1ng t\u1ea1o b\u1ecdt:<\/strong> D\u1ea7u c\u00f3 kh\u1ea3 n\u0103ng t\u00e1ch n\u01b0\u1edbc r\u1ea5t t\u1ed1t (kh\u1eed nh\u0169), gi\u00fap lo\u1ea1i b\u1ecf n\u01b0\u1edbc kh\u1ecfi h\u1ec7 th\u1ed1ng v\u00e0 duy tr\u00ec hi\u1ec7u qu\u1ea3 b\u00f4i tr\u01a1n. \u0110\u1ed3ng th\u1eddi, n\u00f3 c\u0169ng c\u00f3 kh\u1ea3 n\u0103ng ch\u1ed1ng t\u1ea1o b\u1ecdt tuy\u1ec7t v\u1eddi, \u0111\u1ea3m b\u1ea3o b\u00f4i tr\u01a1n li\u00ean t\u1ee5c v\u00e0 hi\u1ec7u qu\u1ea3.<\/li>\n<li data-sourcepos=\"21:1-21:173\"><strong>Hi\u1ec7u qu\u1ea3 n\u0103ng l\u01b0\u1ee3ng:<\/strong> M\u1ed9t s\u1ed1 th\u1eed nghi\u1ec7m cho th\u1ea5y d\u00f2ng Mobilgear 600 XP Series c\u00f3 th\u1ec3 c\u1ea3i thi\u1ec7n hi\u1ec7u su\u1ea5t n\u0103ng l\u01b0\u1ee3ng l\u00ean \u0111\u1ebfn 3.6% trong c\u00e1c \u1ee9ng d\u1ee5ng b\u00e1nh r\u0103ng nh\u1ea5t \u0111\u1ecbnh.<\/li>\n<li data-sourcepos=\"22:1-22:203\"><strong>Ph\u1ea1m vi \u1ee9ng d\u1ee5ng r\u1ed9ng:<\/strong> V\u1edbi nhi\u1ec1u c\u1ea5p \u0111\u1ed9 nh\u1edbt kh\u00e1c nhau (trong \u0111\u00f3 68 l\u00e0 m\u1ed9t c\u1ea5p), d\u00f2ng s\u1ea3n ph\u1ea9m n\u00e0y c\u00f3 th\u1ec3 \u0111\u01b0\u1ee3c s\u1eed d\u1ee5ng cho nhi\u1ec1u lo\u1ea1i thi\u1ebft b\u1ecb, gi\u00fap gi\u1ea3m chi ph\u00ed t\u1ed3n kho v\u00e0 nguy c\u01a1 s\u1eed d\u1ee5ng sai d\u1ea7u.<\/li>\n<li data-sourcepos=\"23:1-28:0\"><strong>\u0110\u1ea1t nhi\u1ec1u ti\u00eau chu\u1ea9n v\u00e0 ch\u1ea5p thu\u1eadn:<\/strong><\/li>\n<li data-sourcepos=\"23:1-28:0\"><strong><img decoding=\"async\" title=\"dau-mobilgear-600-xp-68-208l-2-1\" src=\"https:\/\/yenhung.com\/wp-content\/uploads\/2025\/11\/dau-mobilgear-600-xp-68-208l-2-1.jpg\" alt=\"D\u1ea7u MOBILGEAR 600 XP 68 208L\/phuy\" data-thumb=\"large\" \/><\/strong>\n<ul data-sourcepos=\"24:5-28:0\">\n<li data-sourcepos=\"24:5-24:22\">DIN 51517-3: CLP<\/li>\n<li data-sourcepos=\"25:5-25:28\">ISO 12925-1: CKC \/ CKD<\/li>\n<li data-sourcepos=\"26:5-26:24\">AGMA 9005-E02 (EP)<\/li>\n<li data-sourcepos=\"27:5-28:0\">Siemens AG (cho h\u1ed9p s\u1ed1 Flender).<br \/>\n<h3 data-sourcepos=\"12:1-12:47\">\u0110\u1eb7c \u0111i\u1ec3m n\u1ed5i b\u1eadt c\u1ee7a Mobilgear 600 XP 68<\/h3>\n<p data-sourcepos=\"14:1-14:193\">Mobilgear 600 XP 68 thu\u1ed9c d\u00f2ng s\u1ea3n ph\u1ea9m Mobilgear 600 XP Series, n\u1ed5i b\u1eadt v\u1edbi kh\u1ea3 n\u0103ng b\u1ea3o v\u1ec7 b\u00e1nh r\u0103ng kh\u1ecfi vi r\u1ed7 (micropitting), m\u1ed9t d\u1ea1ng m\u00e0i m\u00f2n c\u00f3 th\u1ec3 g\u00e2y h\u01b0 h\u1ecfng nghi\u00eam tr\u1ecdng cho b\u00e1nh r\u0103ng.<\/p>\n<\/li>\n<li data-sourcepos=\"16:1-16:232\"><strong>B\u1ea3o v\u1ec7 v\u01b0\u1ee3t tr\u1ed9i ch\u1ed1ng vi r\u1ed7:<\/strong> \u0110\u00e2y l\u00e0 \u0111\u1eb7c \u0111i\u1ec3m n\u1ed5i b\u1eadt nh\u1ea5t. D\u1ea7u \u0111\u01b0\u1ee3c pha ch\u1ebf \u0111\u1eb7c bi\u1ec7t \u0111\u1ec3 ch\u1ed1ng l\u1ea1i hi\u1ec7n t\u01b0\u1ee3ng vi r\u1ed7, m\u1ed9t d\u1ea1ng h\u01b0 h\u1ecfng m\u1ecfi b\u1ec1 m\u1eb7t th\u01b0\u1eddng x\u1ea3y ra \u1edf c\u00e1c b\u00e1nh r\u0103ng t\u1ea3i tr\u1ecdng cao, gi\u00fap k\u00e9o d\u00e0i tu\u1ed5i th\u1ecd c\u1ee7a b\u00e1nh r\u0103ng.<\/li>\n<li data-sourcepos=\"17:1-17:233\"><strong>Kh\u1ea3 n\u0103ng ch\u1ecbu t\u1ea3i c\u1ef1c \u00e1p (EP &#8211; Extreme Pressure) v\u00e0 ch\u1ed1ng m\u00e0i m\u00f2n (AW &#8211; Anti-Wear):<\/strong> Cung c\u1ea5p kh\u1ea3 n\u0103ng b\u1ea3o v\u1ec7 xu\u1ea5t s\u1eafc cho c\u00e1c b\u00e1nh r\u0103ng v\u00e0 \u1ed5 tr\u1ee5c kh\u1ecfi m\u00e0i m\u00f2n, tr\u1ea7y x\u01b0\u1edbc ngay c\u1ea3 d\u01b0\u1edbi t\u1ea3i tr\u1ecdng n\u1eb7ng, t\u1ea3i xung k\u00edch v\u00e0 t\u1ed1c \u0111\u1ed9 cao.<\/li>\n<li data-sourcepos=\"18:1-18:213\"><strong>\u0110\u1ed9 \u1ed5n \u0111\u1ecbnh oxy h\u00f3a v\u00e0 nhi\u1ec7t cao:<\/strong> Gi\u00fap d\u1ea7u ch\u1ed1ng l\u1ea1i s\u1ef1 xu\u1ed1ng c\u1ea5p do nhi\u1ec7t \u0111\u1ed9 cao v\u00e0 qu\u00e1 tr\u00ecnh oxy h\u00f3a, k\u00e9o d\u00e0i tu\u1ed5i th\u1ecd d\u1ea7u v\u00e0 gi\u1ea3m t\u1ea7n su\u1ea5t thay d\u1ea7u, \u0111\u1ed3ng th\u1eddi gi\u1ea3m thi\u1ec3u s\u1ef1 h\u00ecnh th\u00e0nh c\u1eb7n b\u1ea9n v\u00e0 l\u1eafng \u0111\u1ecdng.<\/li>\n<li data-sourcepos=\"19:1-19:162\"><strong>Ch\u1ed1ng \u0103n m\u00f2n v\u00e0 r\u1ec9 s\u00e9t v\u01b0\u1ee3t tr\u1ed9i:<\/strong> B\u1ea3o v\u1ec7 hi\u1ec7u qu\u1ea3 c\u00e1c b\u1ed9 ph\u1eadn kim lo\u1ea1i (th\u00e9p, \u0111\u1ed3ng v\u00e0 h\u1ee3p kim m\u1ec1m) kh\u1ecfi r\u1ec9 s\u00e9t v\u00e0 \u0103n m\u00f2n, ngay c\u1ea3 khi c\u00f3 n\u01b0\u1edbc bi\u1ec3n x\u00e2m nh\u1eadp.<\/li>\n<li data-sourcepos=\"20:1-20:244\"><strong>Kh\u1ea3 n\u0103ng t\u00e1ch n\u01b0\u1edbc v\u00e0 ch\u1ed1ng t\u1ea1o b\u1ecdt:<\/strong> D\u1ea7u c\u00f3 kh\u1ea3 n\u0103ng t\u00e1ch n\u01b0\u1edbc r\u1ea5t t\u1ed1t (kh\u1eed nh\u0169), gi\u00fap lo\u1ea1i b\u1ecf n\u01b0\u1edbc kh\u1ecfi h\u1ec7 th\u1ed1ng v\u00e0 duy tr\u00ec hi\u1ec7u qu\u1ea3 b\u00f4i tr\u01a1n. \u0110\u1ed3ng th\u1eddi, n\u00f3 c\u0169ng c\u00f3 kh\u1ea3 n\u0103ng ch\u1ed1ng t\u1ea1o b\u1ecdt tuy\u1ec7t v\u1eddi, \u0111\u1ea3m b\u1ea3o b\u00f4i tr\u01a1n li\u00ean t\u1ee5c v\u00e0 hi\u1ec7u qu\u1ea3.<\/li>\n<li data-sourcepos=\"21:1-21:173\"><strong>Hi\u1ec7u qu\u1ea3 n\u0103ng l\u01b0\u1ee3ng:<\/strong> M\u1ed9t s\u1ed1 th\u1eed nghi\u1ec7m cho th\u1ea5y d\u00f2ng Mobilgear 600 XP Series c\u00f3 th\u1ec3 c\u1ea3i thi\u1ec7n hi\u1ec7u su\u1ea5t n\u0103ng l\u01b0\u1ee3ng l\u00ean \u0111\u1ebfn 3.6% trong c\u00e1c \u1ee9ng d\u1ee5ng b\u00e1nh r\u0103ng nh\u1ea5t \u0111\u1ecbnh.<\/li>\n<li data-sourcepos=\"22:1-22:203\"><strong>Ph\u1ea1m vi \u1ee9ng d\u1ee5ng r\u1ed9ng:<\/strong> V\u1edbi nhi\u1ec1u c\u1ea5p \u0111\u1ed9 nh\u1edbt kh\u00e1c nhau (trong \u0111\u00f3 68 l\u00e0 m\u1ed9t c\u1ea5p), d\u00f2ng s\u1ea3n ph\u1ea9m n\u00e0y c\u00f3 th\u1ec3 \u0111\u01b0\u1ee3c s\u1eed d\u1ee5ng cho nhi\u1ec1u lo\u1ea1i thi\u1ebft b\u1ecb, gi\u00fap gi\u1ea3m chi ph\u00ed t\u1ed3n kho v\u00e0 nguy c\u01a1 s\u1eed d\u1ee5ng sai d\u1ea7u.<\/li>\n<li data-sourcepos=\"23:1-28:0\"><strong>\u0110\u1ea1t nhi\u1ec1u ti\u00eau chu\u1ea9n v\u00e0 ch\u1ea5p thu\u1eadn:<\/strong><\/li>\n<li data-sourcepos=\"23:1-28:0\"><strong><img decoding=\"async\" title=\"dau-mobilgear-600-xp-68-208l-3-2\" src=\"https:\/\/yenhung.com\/wp-content\/uploads\/2025\/11\/dau-mobilgear-600-xp-68-208l-3-2.jpg\" alt=\"D\u1ea7u MOBILGEAR 600 XP 68 208L\/phuy\" data-thumb=\"large\" \/><\/strong>\n<ul data-sourcepos=\"24:5-28:0\">\n<li data-sourcepos=\"24:5-24:22\">DIN 51517-3: CLP<\/li>\n<li data-sourcepos=\"25:5-25:28\">ISO 12925-1: CKC \/ CKD<\/li>\n<li data-sourcepos=\"26:5-26:24\">AGMA 9005-E02 (EP)<\/li>\n<li data-sourcepos=\"27:5-28:0\">Siemens AG (cho h\u1ed9p s\u1ed1 Flender).<br \/>\n<h3 data-sourcepos=\"31:1-31:39\">\u1ee8ng d\u1ee5ng c\u1ee7a Mobilgear 600 XP 68<\/h3>\n<p data-sourcepos=\"33:1-33:137\">Mobilgear 600 XP 68 \u0111\u01b0\u1ee3c s\u1eed d\u1ee5ng r\u1ed9ng r\u00e3i trong c\u00e1c \u1ee9ng d\u1ee5ng c\u00f4ng nghi\u1ec7p v\u00e0 h\u00e0ng h\u1ea3i \u0111\u00f2i h\u1ecfi d\u1ea7u b\u00e1nh r\u0103ng ch\u1ea5t l\u01b0\u1ee3ng cao, ch\u1ecbu t\u1ea3i n\u1eb7ng:<\/p>\n<\/li>\n<li data-sourcepos=\"35:1-35:185\"><strong>H\u1ed9p s\u1ed1 c\u00f4ng nghi\u1ec7p k\u00edn:<\/strong> B\u00e1nh r\u0103ng th\u1eb3ng, b\u00e1nh r\u0103ng c\u00f4n, b\u00e1nh r\u0103ng xo\u1eafn, b\u00e1nh r\u0103ng h\u00e0nh tinh v\u00e0 b\u00e1nh r\u0103ng tr\u1ee5c v\u00edt, \u0111\u1eb7c bi\u1ec7t l\u00e0 trong c\u00e1c h\u1ec7 th\u1ed1ng b\u00f4i tr\u01a1n tu\u1ea7n ho\u00e0n ho\u1eb7c vung t\u00f3e.<\/li>\n<li data-sourcepos=\"36:1-39:91\"><strong>B\u00e1nh r\u0103ng v\u00e0 \u1ed5 tr\u1ee5c trong c\u00e1c ng\u00e0nh c\u00f4ng nghi\u1ec7p n\u1eb7ng:<\/strong>\n<ul data-sourcepos=\"37:5-39:91\">\n<li data-sourcepos=\"37:5-37:90\"><strong>C\u00f4ng nghi\u1ec7p xi m\u0103ng, gi\u1ea5y, th\u00e9p, d\u1ec7t may, n\u0103ng l\u01b0\u1ee3ng (tuabin gi\u00f3), khai th\u00e1c m\u1ecf.<\/strong><\/li>\n<li data-sourcepos=\"38:5-38:80\">B\u0103ng t\u1ea3i, m\u00e1y khu\u1ea5y, m\u00e1y s\u1ea5y, m\u00e1y \u0111\u00f9n, qu\u1ea1t, m\u00e1y tr\u1ed9n, m\u00e1y \u00e9p, m\u00e1y nghi\u1ec1n.<\/li>\n<li data-sourcepos=\"39:5-39:91\">M\u00e1y b\u01a1m (bao g\u1ed3m c\u1ea3 b\u01a1m gi\u1ebfng d\u1ea7u), m\u00e1y s\u00e0ng l\u1ecdc v\u00e0 c\u00e1c \u1ee9ng d\u1ee5ng t\u1ea3i n\u1eb7ng kh\u00e1c.<\/li>\n<\/ul>\n<\/li>\n<li data-sourcepos=\"40:1-40:155\"><strong>Thi\u1ebft b\u1ecb h\u00e0ng h\u1ea3i:<\/strong> Bao g\u1ed3m \u0111\u1ed9ng c\u01a1 \u0111\u1ea9y ch\u00ednh, m\u00e1y ly t\u00e2m, m\u00e1y m\u00f3c tr\u00ean boong nh\u01b0 t\u1eddi, c\u1ea7n c\u1ea9u, b\u00e1nh r\u0103ng quay, m\u00e1y b\u01a1m, thang m\u00e1y v\u00e0 b\u00e1nh l\u00e1i.<\/li>\n<li data-sourcepos=\"41:1-42:0\"><strong>\u1ee8ng d\u1ee5ng kh\u00f4ng ph\u1ea3i b\u00e1nh r\u0103ng:<\/strong> \u1ed4 tr\u1ee5c ti\u1ebfp x\u00fac l\u0103n v\u00e0 tr\u01a1n ch\u1ecbu t\u1ea3i n\u1eb7ng ho\u1ea1t \u0111\u1ed9ng \u1edf t\u1ed1c \u0111\u1ed9 ch\u1eadm.<\/li>\n<\/ul>\n<\/li>\n<\/ul>\n<\/li>\n<\/ul>\n<\/div>\n","protected":false},"excerpt":{"rendered":"<p><strong>T\u00ean sa\u0309n ph\u00e2\u0309m:\u00a0D\u1ea7u MOBILGEAR 600 XP 68 208L\/phuy<\/strong><\/p>\n","protected":false},"featured_media":8118,"comment_status":"closed","ping_status":"closed","template":"","meta":[],"product_brand":[],"product_cat":[165],"product_tag":[],"class_list":{"0":"post-8117","1":"product","2":"type-product","3":"status-publish","4":"has-post-thumbnail","6":"product_cat-mobil","8":"first","9":"instock","10":"shipping-taxable","11":"product-type-simple"},"_links":{"self":[{"href":"https:\/\/yenhung.com\/index.php?rest_route=\/wp\/v2\/product\/8117","targetHints":{"allow":["GET"]}}],"collection":[{"href":"https:\/\/yenhung.com\/index.php?rest_route=\/wp\/v2\/product"}],"about":[{"href":"https:\/\/yenhung.com\/index.php?rest_route=\/wp\/v2\/types\/product"}],"replies":[{"embeddable":true,"href":"https:\/\/yenhung.com\/index.php?rest_route=%2Fwp%2Fv2%2Fcomments&post=8117"}],"wp:featuredmedia":[{"embeddable":true,"href":"https:\/\/yenhung.com\/index.php?rest_route=\/wp\/v2\/media\/8118"}],"wp:attachment":[{"href":"https:\/\/yenhung.com\/index.php?rest_route=%2Fwp%2Fv2%2Fmedia&parent=8117"}],"wp:term":[{"taxonomy":"product_brand","embeddable":true,"href":"https:\/\/yenhung.com\/index.php?rest_route=%2Fwp%2Fv2%2Fproduct_brand&post=8117"},{"taxonomy":"product_cat","embeddable":true,"href":"https:\/\/yenhung.com\/index.php?rest_route=%2Fwp%2Fv2%2Fproduct_cat&post=8117"},{"taxonomy":"product_tag","embeddable":true,"href":"https:\/\/yenhung.com\/index.php?rest_route=%2Fwp%2Fv2%2Fproduct_tag&post=8117"}],"curies":[{"name":"wp","href":"https:\/\/api.w.org\/{rel}","templated":true}]}}