{"id":8125,"date":"2025-11-10T08:37:06","date_gmt":"2025-11-10T08:37:06","guid":{"rendered":"https:\/\/yenhung.com\/?product=dau-mobil-shc-627-18-9l"},"modified":"2026-02-10T09:29:20","modified_gmt":"2026-02-10T09:29:20","slug":"dau-mobil-shc-627-18-9l","status":"publish","type":"product","link":"https:\/\/yenhung.com\/?product=dau-mobil-shc-627-18-9l","title":{"rendered":"D\u1ea7u &#8211; Mobil SHC 627 &#8211; 18.9L"},"content":{"rendered":"<div class=\"ba-text-fpt\">\n<h2 data-sourcepos=\"3:1-3:124\"><strong>D\u1ea7u &#8211; Mobil SHC 627 &#8211; 18.9L<\/strong><\/h2>\n<p data-sourcepos=\"3:1-3:124\">\u0110\u00e2y l\u00e0 m\u1ed9t lo\u1ea1i <strong>d\u1ea7u b\u00e1nh r\u0103ng v\u00e0 \u1ed5 tr\u1ee5c t\u1ed5ng h\u1ee3p hi\u1ec7u su\u1ea5t cao<\/strong> thu\u1ed9c d\u00f2ng s\u1ea3n ph\u1ea9m Mobil SHC\u2122 600 Series c\u1ee7a ExxonMobil.<\/p>\n<p data-sourcepos=\"5:1-5:52\"><strong>C\u00e1c \u0111\u1eb7c \u0111i\u1ec3m v\u00e0 l\u1ee3i \u00edch ch\u00ednh c\u1ee7a Mobil SHC 627:<\/strong><\/p>\n<p data-sourcepos=\"5:1-5:52\"><strong><img decoding=\"async\" title=\"mobil-shc-627-1-2\" src=\"https:\/\/yenhung.com\/wp-content\/uploads\/2025\/11\/mobil-shc-627-1-2.jpg\" alt=\"D\u1ea7u - Mobil SHC 627 - 18.9L\" data-thumb=\"large\" \/><\/strong><\/p>\n<ul data-sourcepos=\"7:1-18:0\">\n<li data-sourcepos=\"7:1-7:25\"><strong>\u0110\u1ed9 nh\u1edbt:<\/strong> ISO VG 100<\/li>\n<li data-sourcepos=\"8:1-8:23\"><strong>G\u1ed1c d\u1ea7u:<\/strong> T\u1ed5ng h\u1ee3p<\/li>\n<li data-sourcepos=\"9:1-9:51\"><strong>Dung t\u00edch:<\/strong> 18.9 l\u00edt (t\u01b0\u01a1ng \u0111\u01b0\u01a1ng 5 US gallon)<\/li>\n<li data-sourcepos=\"10:1-10:109\"><strong>Ch\u1ecbu nhi\u1ec7t \u0111\u1ed9 cao:<\/strong> Kh\u1ea3 n\u0103ng ch\u1ed1ng oxy h\u00f3a v\u00e0 nhi\u1ec7t \u0111\u1ed9 tuy\u1ec7t v\u1eddi, gi\u00fap k\u00e9o d\u00e0i tu\u1ed5i th\u1ecd d\u1ea7u v\u00e0 thi\u1ebft b\u1ecb.<\/li>\n<li data-sourcepos=\"11:1-11:87\"><strong>Ch\u1ecbu nhi\u1ec7t \u0111\u1ed9 th\u1ea5p:<\/strong> \u0110\u1eb7c t\u00ednh ch\u1ea3y \u1edf nhi\u1ec7t \u0111\u1ed9 th\u1ea5p t\u1ed1t, \u0111\u1ea3m b\u1ea3o kh\u1edfi \u0111\u1ed9ng d\u1ec5 d\u00e0ng.<\/li>\n<li data-sourcepos=\"12:1-12:162\"><strong>Ch\u1ed1ng m\u00e0i m\u00f2n v\u00e0 ch\u1ecbu t\u1ea3i n\u1eb7ng:<\/strong> B\u1ea3o v\u1ec7 tuy\u1ec7t v\u1eddi ch\u1ed1ng m\u00e0i m\u00f2n v\u00e0 ch\u1ecbu \u0111\u01b0\u1ee3c t\u1ea3i tr\u1ecdng cao, gi\u00fap k\u00e9o d\u00e0i tu\u1ed5i th\u1ecd thi\u1ebft b\u1ecb v\u00e0 gi\u1ea3m th\u1eddi gian ng\u1eebng ho\u1ea1t \u0111\u1ed9ng.<\/li>\n<li data-sourcepos=\"13:1-13:69\"><strong>Ch\u1ed1ng r\u1ec9 s\u00e9t v\u00e0 \u0103n m\u00f2n:<\/strong> B\u1ea3o v\u1ec7 hi\u1ec7u qu\u1ea3 ch\u1ed1ng r\u1ec9 s\u00e9t v\u00e0 \u0103n m\u00f2n.<\/li>\n<li data-sourcepos=\"14:1-14:72\"><strong>Kh\u1ea3 n\u0103ng t\u00e1ch n\u01b0\u1edbc t\u1ed1t:<\/strong> Duy tr\u00ec hi\u1ec7u su\u1ea5t trong m\u00f4i tr\u01b0\u1eddng \u1ea9m \u01b0\u1edbt.<\/li>\n<li data-sourcepos=\"15:1-15:73\"><strong>Ki\u1ec3m so\u00e1t b\u1ecdt v\u00e0 kh\u1ea3 n\u0103ng tho\u00e1t kh\u00ed t\u1ed1t:<\/strong> \u0110\u1ea3m b\u1ea3o ho\u1ea1t \u0111\u1ed9ng \u1ed5n \u0111\u1ecbnh.<\/li>\n<li data-sourcepos=\"16:1-16:95\"><strong>Gi\u1ea3m ma s\u00e1t v\u00e0 t\u0103ng hi\u1ec7u su\u1ea5t:<\/strong> C\u00f3 th\u1ec3 gi\u00fap gi\u1ea3m ti\u00eau th\u1ee5 n\u0103ng l\u01b0\u1ee3ng v\u00e0 nhi\u1ec7t \u0111\u1ed9 v\u1eadn h\u00e0nh.<\/li>\n<li data-sourcepos=\"17:1-18:0\"><strong>Tu\u1ed5i th\u1ecd d\u1ea7u d\u00e0i:<\/strong> So v\u1edbi d\u1ea7u kho\u00e1ng th\u00f4ng th\u01b0\u1eddng, Mobil SHC 627 c\u00f3 th\u1ec3 k\u00e9o d\u00e0i chu k\u1ef3 thay d\u1ea7u.<\/li>\n<\/ul>\n<p data-sourcepos=\"19:1-19:41\"><strong>\u1ee8ng d\u1ee5ng ti\u00eau bi\u1ec3u c\u1ee7a Mobil SHC 627:<\/strong><\/p>\n<p data-sourcepos=\"19:1-19:41\"><strong><img decoding=\"async\" title=\"shc-627-3-jpeg-1\" src=\"https:\/\/yenhung.com\/wp-content\/uploads\/2025\/11\/shc-627-3-jpeg-1.jpg\" alt=\"D\u1ea7u - Mobil SHC 627 - 18.9L\" data-thumb=\"large\" \/><\/strong><\/p>\n<ul data-sourcepos=\"21:1-29:0\">\n<li data-sourcepos=\"21:1-21:74\">H\u1ed9p s\u1ed1 k\u00edn, \u0111\u1eb7c bi\u1ec7t l\u00e0 h\u1ed9p s\u1ed1 b\u00e1nh v\u00edt hi\u1ec7u su\u1ea5t th\u1ea5p\/t\u1ec9 s\u1ed1 truy\u1ec1n cao.<\/li>\n<li data-sourcepos=\"22:1-22:31\">H\u1ed9p s\u1ed1 \u1edf v\u1ecb tr\u00ed kh\u00f3 thay d\u1ea7u.<\/li>\n<li data-sourcepos=\"23:1-23:55\">C\u00e1c \u1ee9ng d\u1ee5ng nhi\u1ec7t \u0111\u1ed9 th\u1ea5p nh\u01b0 thang m\u00e1y tr\u01b0\u1ee3t tuy\u1ebft.<\/li>\n<li data-sourcepos=\"24:1-24:51\">\u1ed4 tr\u1ee5c m\u00e1y tr\u1ed9n v\u00e0 \u1ed5 tr\u1ee5c c\u1ed5 tr\u1ee5c \u1edf nhi\u1ec7t \u0111\u1ed9 cao.<\/li>\n<li data-sourcepos=\"25:1-25:15\">M\u00e1y c\u00e1n nh\u1ef1a.<\/li>\n<li data-sourcepos=\"26:1-26:67\">M\u00e1y ly t\u00e2m ho\u1ea1t \u0111\u1ed9ng kh\u1eafc nghi\u1ec7t, bao g\u1ed3m c\u1ea3 m\u00e1y ly t\u00e2m h\u00e0ng h\u1ea3i.<\/li>\n<li data-sourcepos=\"27:1-27:36\">H\u1ec7 th\u1ed1ng truy\u1ec1n \u0111\u1ed9ng AC \u0111\u01b0\u1eddng s\u1eaft.<\/li>\n<li data-sourcepos=\"28:1-29:0\">M\u00e1y n\u00e9n kh\u00ed tr\u1ee5c v\u00edt ng\u1eadp d\u1ea7u n\u00e9n kh\u00ed t\u1ef1 nhi\u00ean, kh\u00ed m\u1ecf, CO2 v\u00e0 c\u00e1c kh\u00ed quy tr\u00ecnh kh\u00e1c trong ng\u00e0nh kh\u00ed t\u1ef1 nhi\u00ean.<\/li>\n<li data-sourcepos=\"28:1-29:0\"><img decoding=\"async\" title=\"mobil-shc-627-18-9l-a-1752636812475-1\" src=\"https:\/\/yenhung.com\/wp-content\/uploads\/2025\/11\/mobil-shc-627-18-9l-a-1752636812475-1.jpg\" alt=\"D\u1ea7u - Mobil SHC 627 - 18.9L\" data-thumb=\"large\" \/><\/li>\n<\/ul>\n<\/div>\n","protected":false},"excerpt":{"rendered":"<p>T\u00ean sa\u0309n ph\u00e2\u0309m:\u00a0D\u1ea7u &#8211; Mobil SHC 627 &#8211; 18.9L<\/p>\n","protected":false},"featured_media":8126,"comment_status":"closed","ping_status":"closed","template":"","meta":[],"product_brand":[],"product_cat":[165],"product_tag":[],"class_list":{"0":"post-8125","1":"product","2":"type-product","3":"status-publish","4":"has-post-thumbnail","6":"product_cat-mobil","8":"first","9":"instock","10":"shipping-taxable","11":"product-type-simple"},"_links":{"self":[{"href":"https:\/\/yenhung.com\/index.php?rest_route=\/wp\/v2\/product\/8125","targetHints":{"allow":["GET"]}}],"collection":[{"href":"https:\/\/yenhung.com\/index.php?rest_route=\/wp\/v2\/product"}],"about":[{"href":"https:\/\/yenhung.com\/index.php?rest_route=\/wp\/v2\/types\/product"}],"replies":[{"embeddable":true,"href":"https:\/\/yenhung.com\/index.php?rest_route=%2Fwp%2Fv2%2Fcomments&post=8125"}],"wp:featuredmedia":[{"embeddable":true,"href":"https:\/\/yenhung.com\/index.php?rest_route=\/wp\/v2\/media\/8126"}],"wp:attachment":[{"href":"https:\/\/yenhung.com\/index.php?rest_route=%2Fwp%2Fv2%2Fmedia&parent=8125"}],"wp:term":[{"taxonomy":"product_brand","embeddable":true,"href":"https:\/\/yenhung.com\/index.php?rest_route=%2Fwp%2Fv2%2Fproduct_brand&post=8125"},{"taxonomy":"product_cat","embeddable":true,"href":"https:\/\/yenhung.com\/index.php?rest_route=%2Fwp%2Fv2%2Fproduct_cat&post=8125"},{"taxonomy":"product_tag","embeddable":true,"href":"https:\/\/yenhung.com\/index.php?rest_route=%2Fwp%2Fv2%2Fproduct_tag&post=8125"}],"curies":[{"name":"wp","href":"https:\/\/api.w.org\/{rel}","templated":true}]}}