{"id":8133,"date":"2025-11-10T08:37:12","date_gmt":"2025-11-10T08:37:12","guid":{"rendered":"https:\/\/yenhung.com\/?product=mo-mobilith-shc-220-16kg"},"modified":"2026-02-10T09:29:42","modified_gmt":"2026-02-10T09:29:42","slug":"mo-mobilith-shc-220-16kg","status":"publish","type":"product","link":"https:\/\/yenhung.com\/?product=mo-mobilith-shc-220-16kg","title":{"rendered":"M\u1ee1 &#8211; MOBILITH SHC 220 &#8211; 16kg"},"content":{"rendered":"<div class=\"ba-text-fpt\">\n<h2><strong>M\u1ee1 &#8211; MOBILITH SHC 220 &#8211; 16kg<\/strong><\/h2>\n<h2>M\u1ee1 Mobilith SHC 220 l\u00e0 m\u1ed9t lo\u1ea1i m\u1ee1 b\u00f4i tr\u01a1n t\u1ed5ng h\u1ee3p cao c\u1ea5p, ch\u1ecbu c\u1ef1c \u00e1p (EP) NLGI 2, m\u00e0u \u0111\u1ecf, \u0111\u01b0\u1ee3c khuy\u1ebfn ngh\u1ecb cho c\u00e1c \u1ee9ng d\u1ee5ng c\u00f4ng nghi\u1ec7p v\u00e0 \u00f4 t\u00f4 t\u1ea3i tr\u1ecdng n\u1eb7ng, \u0111\u1eb7c bi\u1ec7t l\u00e0 nh\u1eefng n\u01a1i ho\u1ea1t \u0111\u1ed9ng \u1edf nhi\u1ec7t \u0111\u1ed9 kh\u1eafc nghi\u1ec7t. D\u1ea7u g\u1ed1c c\u1ee7a m\u1ee1 l\u00e0 d\u1ea7u t\u1ed5ng h\u1ee3p ISO VG 220.<\/h2>\n<p><b>\u0110\u1eb7c \u0111i\u1ec3m v\u00e0 l\u1ee3i \u00edch ch\u00ednh:<\/b><\/p>\n<p><b><img decoding=\"async\" title=\"shc220-3-2\" src=\"https:\/\/yenhung.com\/wp-content\/uploads\/2025\/11\/shc220-3-2.jpg\" alt=\"M\u1ee1 - MOBILITH SHC 220 - 16kg\" data-thumb=\"large\" \/><\/b><\/p>\n<ul>\n<li><b>Hi\u1ec7u su\u1ea5t nhi\u1ec7t \u0111\u1ed9 tuy\u1ec7t v\u1eddi:<\/b>\n<ul>\n<li>D\u1ea3i nhi\u1ec7t \u0111\u1ed9 ho\u1ea1t \u0111\u1ed9ng r\u1ed9ng: <b>-40\u00b0C \u0111\u1ebfn 150\u00b0C<\/b> (c\u00f3 th\u1ec3 ch\u1ecbu \u0111\u01b0\u1ee3c nhi\u1ec7t \u0111\u1ed9 cao h\u01a1n trong th\u1eddi gian ng\u1eafn).<\/li>\n<li>Kh\u1ea3 n\u0103ng b\u01a1m t\u1ed1t \u1edf nhi\u1ec7t \u0111\u1ed9 th\u1ea5p v\u00e0 m\u00f4-men kh\u1edfi \u0111\u1ed9ng th\u1ea5p.<\/li>\n<li>B\u1ea3o v\u1ec7 tuy\u1ec7t v\u1eddi \u1edf nhi\u1ec7t \u0111\u1ed9 cao.<\/li>\n<\/ul>\n<\/li>\n<li><b>B\u1ea3o v\u1ec7 ch\u1ed1ng m\u00e0i m\u00f2n, r\u1ec9 s\u00e9t v\u00e0 \u0103n m\u00f2n v\u01b0\u1ee3t tr\u1ed9i:<\/b> Gi\u00fap gi\u1ea3m th\u1eddi gian ng\u1eebng ho\u1ea1t \u0111\u1ed9ng v\u00e0 chi ph\u00ed b\u1ea3o tr\u00ec.<\/li>\n<li><b>\u1ed4n \u0111\u1ecbnh nhi\u1ec7t v\u00e0 ch\u1ed1ng oxy h\u00f3a tuy\u1ec7t v\u1eddi:<\/b> K\u00e9o d\u00e0i tu\u1ed5i th\u1ecd m\u1ee1 v\u00e0 chu k\u1ef3 b\u00f4i tr\u01a1n, t\u0103ng tu\u1ed5i th\u1ecd \u1ed5 tr\u1ee5c.<\/li>\n<li><b>H\u1ec7 s\u1ed1 ma s\u00e1t th\u1ea5p:<\/b> C\u00f3 kh\u1ea3 n\u0103ng c\u1ea3i thi\u1ec7n tu\u1ed5i th\u1ecd c\u01a1 h\u1ecdc v\u00e0 gi\u1ea3m ti\u00eau th\u1ee5 n\u0103ng l\u01b0\u1ee3ng.<\/li>\n<li><b>\u1ed4n \u0111\u1ecbnh c\u1ea5u tr\u00fac tuy\u1ec7t v\u1eddi khi c\u00f3 n\u01b0\u1edbc:<\/b> Duy tr\u00ec hi\u1ec7u su\u1ea5t tuy\u1ec7t v\u1eddi ngay c\u1ea3 trong m\u00f4i tr\u01b0\u1eddng \u1ea9m \u01b0\u1edbt.<\/li>\n<li><b>\u0110\u1ed9 bay h\u01a1i th\u1ea5p:<\/b> Gi\u00fap ch\u1ed1ng l\u1ea1i s\u1ef1 gia t\u0103ng \u0111\u1ed9 nh\u1edbt \u1edf nhi\u1ec7t \u0111\u1ed9 cao, t\u1ed1i \u0111a h\u00f3a kho\u1ea3ng th\u1eddi gian b\u00f4i tr\u01a1n l\u1ea1i v\u00e0 tu\u1ed5i th\u1ecd \u1ed5 tr\u1ee5c.<\/li>\n<\/ul>\n<p><b>\u1ee8ng d\u1ee5ng ti\u00eau bi\u1ec3u:<\/b><\/p>\n<p><b><img decoding=\"async\" title=\"shc220-2-1\" src=\"https:\/\/yenhung.com\/wp-content\/uploads\/2025\/11\/shc220-2-1.jpg\" alt=\"M\u1ee1 - MOBILITH SHC 220 - 16kg\" data-thumb=\"large\" \/><\/b><\/p>\n<p>Mobilith SHC 220 \u0111\u01b0\u1ee3c khuy\u1ebfn ngh\u1ecb cho nhi\u1ec1u \u1ee9ng d\u1ee5ng t\u1ea3i tr\u1ecdng n\u1eb7ng trong ng\u00e0nh c\u00f4ng nghi\u1ec7p v\u00e0 \u00f4 t\u00f4, bao g\u1ed3m:<\/p>\n<ul>\n<li><b>V\u00f2ng bi v\u00e0 \u1ed5 tr\u1ee5c:<\/b> \u0110\u1eb7c bi\u1ec7t l\u00e0 c\u00e1c \u1ee9ng d\u1ee5ng ch\u1ecbu t\u1ea3i n\u1eb7ng, t\u1ed1c \u0111\u1ed9 th\u1ea5p \u0111\u1ebfn trung b\u00ecnh v\u00e0 nhi\u1ec7t \u0111\u1ed9 kh\u1eafc nghi\u1ec7t.<\/li>\n<li><b>B\u00f4i tr\u01a1n c\u00e1c b\u1ed9 ph\u1eadn kh\u00f3 ti\u1ebfp c\u1eadn<\/b> ho\u1eb7c nh\u1eefng n\u01a1i c\u1ea7n chu k\u1ef3 b\u00f4i tr\u01a1n k\u00e9o d\u00e0i.<\/li>\n<li><b>\u1ee8ng d\u1ee5ng trong m\u00f4i tr\u01b0\u1eddng \u1ea9m \u01b0\u1edbt.<\/b><\/li>\n<li><b>C\u00e1c b\u1ed9 ph\u1eadn c\u1ee7a m\u00e1y m\u00f3c trong ng\u00e0nh gi\u1ea5y.<\/b><\/li>\n<li><b>V\u00f2ng bi ly h\u1ee3p \u00f4 t\u00f4.<\/b><\/li>\n<li><b>B\u00f4i tr\u01a1n b\u00e1nh r\u0103ng v\u00e0 kh\u1edbp n\u1ed1i.<\/b><\/li>\n<li><b>C\u00e1c \u1ee9ng d\u1ee5ng l\u00e0m k\u00edn quan tr\u1ecdng \u0111\u1ec3 ch\u1ed1ng l\u1ea1i s\u1ef1 nhi\u1ec5m b\u1ea9n.<\/b><\/li>\n<li><b>H\u1ec7 th\u1ed1ng b\u00f4i tr\u01a1n trung t\u00e2m.<\/b><\/li>\n<\/ul>\n<p><b>Th\u00f4ng s\u1ed1 k\u1ef9 thu\u1eadt (th\u00f4ng th\u01b0\u1eddng):<\/b><\/p>\n<p><b><img decoding=\"async\" title=\"shc220-1-jpeg-1\" src=\"https:\/\/yenhung.com\/wp-content\/uploads\/2025\/11\/shc220-1-jpeg-1.jpg\" alt=\"M\u1ee1 - MOBILITH SHC 220 - 16kg\" data-thumb=\"large\" \/><\/b><\/p>\n<ul>\n<li><b>C\u1ea5p NLGI:<\/b> 2<\/li>\n<li><b>Lo\u1ea1i ch\u1ea5t l\u00e0m \u0111\u1eb7c:<\/b> Lithium Complex<\/li>\n<li><b>M\u00e0u s\u1eafc:<\/b> \u0110\u1ecf<\/li>\n<li><b>\u0110\u1ed9 xuy\u00ean kim (Worked, 25\u00b0C, ASTM D 217):<\/b> 280 mm<\/li>\n<li><b>\u0110i\u1ec3m nh\u1ecf gi\u1ecdt (ASTM D 2265):<\/b> 265\u00b0C<\/li>\n<li><b>\u0110\u1ed9 nh\u1edbt d\u1ea7u g\u1ed1c (ASTM D 445):<\/b>\n<ul>\n<li>\u1edf 40\u00b0C: 220 cSt<\/li>\n<li>\u1edf 100\u00b0C: 30.3 cSt<\/li>\n<\/ul>\n<\/li>\n<li><b>Ch\u1ecbu c\u1ef1c \u00e1p (4 bi h\u00e0n, ASTM D 2596):<\/b> 250 kg<\/li>\n<li><b>M\u00e0i m\u00f2n 4 bi (ASTM D 2266, v\u1ebft m\u00f2n):<\/b> 0.50 mm<\/li>\n<li><b>R\u1eeda tr\u00f4i n\u01b0\u1edbc (ASTM D 1264, 79\u00b0C):<\/b> 3% m\u1ea5t kh\u1ed1i l\u01b0\u1ee3ng<\/li>\n<li><b>B\u1ea3o v\u1ec7 r\u1ec9 s\u00e9t (ASTM D 6138, n\u01b0\u1edbc c\u1ea5t):<\/b> 0, 0<\/li>\n<li><b>\u0110\u1ed9 b\u1ec1n c\u1eaft (ASTM D 1743):<\/b> \u0110\u1ea1t\n<p>&nbsp;<\/li>\n<\/ul>\n<\/div>\n","protected":false},"excerpt":{"rendered":"<p>T\u00ean sa\u0309n ph\u00e2\u0309m:\u00a0<strong>M\u1ee1 &#8211; MOBILITH SHC 220 &#8211; 16kg<\/strong><\/p>\n","protected":false},"featured_media":8134,"comment_status":"closed","ping_status":"closed","template":"","meta":[],"product_brand":[],"product_cat":[165],"product_tag":[],"class_list":{"0":"post-8133","1":"product","2":"type-product","3":"status-publish","4":"has-post-thumbnail","6":"product_cat-mobil","8":"first","9":"instock","10":"shipping-taxable","11":"product-type-simple"},"_links":{"self":[{"href":"https:\/\/yenhung.com\/index.php?rest_route=\/wp\/v2\/product\/8133","targetHints":{"allow":["GET"]}}],"collection":[{"href":"https:\/\/yenhung.com\/index.php?rest_route=\/wp\/v2\/product"}],"about":[{"href":"https:\/\/yenhung.com\/index.php?rest_route=\/wp\/v2\/types\/product"}],"replies":[{"embeddable":true,"href":"https:\/\/yenhung.com\/index.php?rest_route=%2Fwp%2Fv2%2Fcomments&post=8133"}],"wp:featuredmedia":[{"embeddable":true,"href":"https:\/\/yenhung.com\/index.php?rest_route=\/wp\/v2\/media\/8134"}],"wp:attachment":[{"href":"https:\/\/yenhung.com\/index.php?rest_route=%2Fwp%2Fv2%2Fmedia&parent=8133"}],"wp:term":[{"taxonomy":"product_brand","embeddable":true,"href":"https:\/\/yenhung.com\/index.php?rest_route=%2Fwp%2Fv2%2Fproduct_brand&post=8133"},{"taxonomy":"product_cat","embeddable":true,"href":"https:\/\/yenhung.com\/index.php?rest_route=%2Fwp%2Fv2%2Fproduct_cat&post=8133"},{"taxonomy":"product_tag","embeddable":true,"href":"https:\/\/yenhung.com\/index.php?rest_route=%2Fwp%2Fv2%2Fproduct_tag&post=8133"}],"curies":[{"name":"wp","href":"https:\/\/api.w.org\/{rel}","templated":true}]}}