{"id":8149,"date":"2025-11-10T08:37:25","date_gmt":"2025-11-10T08:37:25","guid":{"rendered":"https:\/\/yenhung.com\/?product=dau-mobil-shc-cibus-320-20l"},"modified":"2026-02-10T09:32:07","modified_gmt":"2026-02-10T09:32:07","slug":"dau-mobil-shc-cibus-320-20l","status":"publish","type":"product","link":"https:\/\/yenhung.com\/?product=dau-mobil-shc-cibus-320-20l","title":{"rendered":"D\u1ea7u &#8211; MOBIL SHC CIBUS 320 &#8211; 20L"},"content":{"rendered":"<div class=\"ba-text-fpt\">\n<h2><strong>D\u1ea7u &#8211; MOBIL SHC CIBUS 320 &#8211; 20L<\/strong><\/h2>\n<p>D\u1ea7u Mobil SHC Cibus 320 l\u00e0 m\u1ed9t lo\u1ea1i <b>d\u1ea7u b\u00f4i tr\u01a1n t\u1ed5ng h\u1ee3p hi\u1ec7u su\u1ea5t cao<\/b>, \u0111\u01b0\u1ee3c thi\u1ebft k\u1ebf \u0111\u1eb7c bi\u1ec7t cho ng\u00e0nh c\u00f4ng nghi\u1ec7p ch\u1ebf bi\u1ebfn v\u00e0 \u0111\u00f3ng g\u00f3i th\u1ef1c ph\u1ea9m v\u00e0 \u0111\u1ed3 u\u1ed1ng. N\u00f3 \u0111\u01b0\u1ee3c ch\u1ee9ng nh\u1eadn <b>NSF H1<\/b>, ngh\u0129a l\u00e0 n\u00f3 \u0111\u01b0\u1ee3c ph\u00e9p s\u1eed d\u1ee5ng \u1edf nh\u1eefng n\u01a1i c\u00f3 kh\u1ea3 n\u0103ng ti\u1ebfp x\u00fac ng\u1eabu nhi\u00ean v\u1edbi th\u1ef1c ph\u1ea9m.<\/p>\n<p><b>\u0110\u1eb7c \u0111i\u1ec3m v\u00e0 L\u1ee3i \u00edch ch\u00ednh:<\/b><\/p>\n<p><b><img decoding=\"async\" title=\"320-4-1\" src=\"https:\/\/yenhung.com\/wp-content\/uploads\/2025\/11\/320-4-1.jpg\" alt=\"D\u1ea7u - MOBIL SHC CIBUS 320 - 20L\" data-thumb=\"large\" \/><\/b><\/p>\n<ul>\n<li><b>\u0110\u01b0\u1ee3c ch\u1ee9ng nh\u1eadn NSF H1:<\/b> Cho ph\u00e9p s\u1eed d\u1ee5ng trong c\u00e1c \u1ee9ng d\u1ee5ng ch\u1ebf bi\u1ebfn v\u00e0 \u0111\u00f3ng g\u00f3i th\u1ef1c ph\u1ea9m v\u00e0 \u0111\u1ed3 u\u1ed1ng.<\/li>\n<li><b>S\u1ea3n xu\u1ea5t t\u1ea1i c\u00e1c c\u01a1 s\u1edf \u0111\u1ea1t ch\u1ee9ng nh\u1eadn ISO 22000 v\u00e0 \u0111\u0103ng k\u00fd theo ISO 21469:<\/b> \u0110\u1ea3m b\u1ea3o t\u00ednh to\u00e0n v\u1eb9n c\u1ee7a s\u1ea3n ph\u1ea9m th\u00f4ng qua ki\u1ec3m \u0111\u1ecbnh \u0111\u1ed9c l\u1eadp.<\/li>\n<li><b>Ch\u1ec9 s\u1ed1 \u0111\u1ed9 nh\u1edbt cao:<\/b> Duy tr\u00ec \u0111\u1ed9 nh\u1edbt v\u00e0 \u0111\u1ed9 d\u00e0y m\u00e0ng d\u1ea7u \u1edf nhi\u1ec7t \u0111\u1ed9 cao, gi\u00fap b\u1ea3o v\u1ec7 thi\u1ebft b\u1ecb. Hi\u1ec7u su\u1ea5t nhi\u1ec7t \u0111\u1ed9 th\u1ea5p v\u01b0\u1ee3t tr\u1ed9i, bao g\u1ed3m ti\u00eau th\u1ee5 n\u0103ng l\u01b0\u1ee3ng th\u1ea5p khi kh\u1edfi \u0111\u1ed9ng.<\/li>\n<li><b>Kh\u1ea3 n\u0103ng ch\u1ecbu t\u1ea3i cao:<\/b> Gi\u00fap b\u1ea3o v\u1ec7 thi\u1ebft b\u1ecb v\u00e0 k\u00e9o d\u00e0i tu\u1ed5i th\u1ecd, gi\u1ea3m thi\u1ec3u th\u1eddi gian ng\u1eebng ho\u1ea1t \u0111\u1ed9ng kh\u00f4ng mong mu\u1ed1n v\u00e0 k\u00e9o d\u00e0i chu k\u1ef3 b\u1ea3o d\u01b0\u1ee1ng.<\/li>\n<li><b>T\u01b0\u01a1ng th\u00edch t\u1ed1t v\u1edbi v\u1eadt li\u1ec7u l\u00e0m k\u00edn:<\/b> Gi\u00fap gi\u1ea3m nguy c\u01a1 r\u00f2 r\u1ec9 d\u1ea7u.<\/li>\n<li><b>\u0110\u1ed9 \u1ed5n \u0111\u1ecbnh oxy h\u00f3a tuy\u1ec7t v\u1eddi:<\/b> K\u00e9o d\u00e0i tu\u1ed5i th\u1ecd d\u1ea7u v\u00e0 gi\u00fap k\u00e9o d\u00e0i tu\u1ed5i th\u1ecd thi\u1ebft b\u1ecb.<\/li>\n<li><b>Kh\u1ea3 n\u0103ng t\u00e1ch n\u01b0\u1edbc tuy\u1ec7t v\u1eddi v\u00e0 b\u1ea3o v\u1ec7 ch\u1ed1ng \u0103n m\u00f2n t\u1ed1t:<\/b> Gi\u00fap ng\u0103n ng\u1eeba s\u1ef1 \u0103n m\u00f2n c\u1ee7a h\u1ec7 th\u1ed1ng b\u00ean trong ngay c\u1ea3 khi c\u00f3 l\u01b0\u1ee3ng n\u01b0\u1edbc l\u1edbn, duy tr\u00ec hi\u1ec7u su\u1ea5t b\u00f4i tr\u01a1n ngay c\u1ea3 sau khi r\u1eeda b\u1eb1ng n\u01b0\u1edbc \u00e1p l\u1ef1c cao.<\/li>\n<li><b>\u0110\u00e1p \u1ee9ng nhi\u1ec1u y\u00eau c\u1ea7u v\u1ec1 thi\u1ebft b\u1ecb:<\/b> \u1ee8ng d\u1ee5ng \u0111a n\u0103ng &#8211; m\u1ed9t s\u1ea3n ph\u1ea9m c\u00f3 th\u1ec3 thay th\u1ebf nhi\u1ec1u lo\u1ea1i, gi\u00fap gi\u1ea3m thi\u1ec3u y\u00eau c\u1ea7u v\u1ec1 h\u00e0ng t\u1ed3n kho v\u00e0 gi\u1ea3m kh\u1ea3 n\u0103ng s\u1eed d\u1ee5ng sai s\u1ea3n ph\u1ea9m.<\/li>\n<li><b>Ti\u1ec1m n\u0103ng ti\u1ebft ki\u1ec7m n\u0103ng l\u01b0\u1ee3ng:<\/b> Nh\u1edd c\u00e1c \u0111\u1eb7c t\u00ednh ma s\u00e1t v\u01b0\u1ee3t tr\u1ed9i, d\u00f2ng s\u1ea3n ph\u1ea9m Mobil SHC Cibus \u0111\u00e3 ch\u1ee9ng minh ti\u1ec1m n\u0103ng ti\u1ebft ki\u1ec7m n\u0103ng l\u01b0\u1ee3ng \u0111\u00e1ng k\u1ec3 so v\u1edbi d\u1ea7u kho\u00e1ng th\u00f4ng th\u01b0\u1eddng trong c\u00e1c \u1ee9ng d\u1ee5ng b\u00e1nh r\u0103ng v\u00e0 th\u1ee7y l\u1ef1c.<\/li>\n<li><b>Ph\u00f9 h\u1ee3p v\u1edbi y\u00eau c\u1ea7u Halal v\u00e0 Kosher:<\/b> C\u00f4ng th\u1ee9c kh\u00f4ng ch\u1ee9a nguy\u00ean li\u1ec7u c\u00f3 ngu\u1ed3n g\u1ed1c t\u1eeb \u0111\u1ed9ng v\u1eadt v\u00e0 kh\u00f4ng ch\u1ee9a c\u00e1c ch\u1ea5t g\u00e2y d\u1ecb \u1ee9ng t\u1eeb c\u00e1c lo\u1ea1i h\u1ea1t, l\u00faa m\u00ec v\u00e0 gluten.<\/li>\n<\/ul>\n<p><b>\u1ee8ng d\u1ee5ng ti\u00eau bi\u1ec3u:<\/b><\/p>\n<p><b><img decoding=\"async\" title=\"320-1-7ba3a810-1cc8-4aa0-8bdf-1f3561e13db4-1\" src=\"https:\/\/yenhung.com\/wp-content\/uploads\/2025\/11\/320-1-7ba3a810-1cc8-4aa0-8bdf-1f3561e13db4-1.jpg\" alt=\"D\u1ea7u - MOBIL SHC CIBUS 320 - 20L\" data-thumb=\"large\" \/><\/b><\/p>\n<p>D\u1ea7u Mobil SHC Cibus 320 \u0111\u01b0\u1ee3c khuy\u1ebfn ngh\u1ecb s\u1eed d\u1ee5ng trong nhi\u1ec1u \u1ee9ng d\u1ee5ng kh\u00e1c nhau trong ng\u00e0nh c\u00f4ng nghi\u1ec7p ch\u1ebf bi\u1ebfn v\u00e0 \u0111\u00f3ng g\u00f3i th\u1ef1c ph\u1ea9m, \u0111\u1ed3 u\u1ed1ng v\u00e0 d\u01b0\u1ee3c ph\u1ea9m, bao g\u1ed3m:<\/p>\n<ul>\n<li><b>H\u1ec7 th\u1ed1ng b\u00e1nh r\u0103ng, h\u1ed9p s\u1ed1 v\u00e0 \u1ed5 tr\u1ee5c.<\/b><\/li>\n<li><b>H\u1ec7 th\u1ed1ng th\u1ee7y l\u1ef1c.<\/b><\/li>\n<li><b>M\u00e1y n\u00e9n kh\u00ed.<\/b><\/li>\n<li><b>H\u1ec7 th\u1ed1ng tu\u1ea7n ho\u00e0n.<\/b><\/li>\n<li><b>B\u01a1m ch\u00e2n kh\u00f4ng.<\/b><\/li>\n<li>C\u00e1c \u1ee9ng d\u1ee5ng c\u00f3 kh\u1ea3 n\u0103ng ti\u1ebfp x\u00fac ng\u1eabu nhi\u00ean v\u1edbi th\u1ef1c ph\u1ea9m (\u0111\u01b0\u1ee3c ch\u1ee9ng nh\u1eadn NSF H1).<\/li>\n<\/ul>\n<p><b>Th\u00f4ng s\u1ed1 k\u1ef9 thu\u1eadt ti\u00eau bi\u1ec3u:<\/b><\/p>\n<p><b><img decoding=\"async\" title=\"320-3-2\" src=\"https:\/\/yenhung.com\/wp-content\/uploads\/2025\/11\/320-3-2.jpg\" alt=\"D\u1ea7u - MOBIL SHC CIBUS 320 - 20L\" data-thumb=\"large\" \/><\/b><\/p>\n<ul>\n<li><b>C\u1ea5p \u0111\u1ed9 nh\u1edbt ISO VG:<\/b> 320<\/li>\n<li><b>\u0110\u1ed9 nh\u1edbt \u0111\u1ed9ng h\u1ecdc (ASTM D445):<\/b>\n<ul>\n<li>\u1edf 40\u00b0C: 311 mm\u00b2\/s<\/li>\n<li>\u1edf 100\u00b0C: 32.7 mm\u00b2\/s<\/li>\n<\/ul>\n<\/li>\n<li><b>Ch\u1ec9 s\u1ed1 \u0111\u1ed9 nh\u1edbt (ASTM D2270):<\/b> 147<\/li>\n<li><b>\u0110i\u1ec3m r\u00f3t ch\u1ea3y (ASTM D97):<\/b> -42\u00b0C<\/li>\n<li><b>\u0110i\u1ec3m ch\u1edbp ch\u00e1y (ASTM D92):<\/b> 284\u00b0C<\/li>\n<li><b>T\u1ef7 tr\u1ecdng \u1edf 15\u00b0C (ASTM D4052):<\/b> 0.854 kg\/l<\/li>\n<li><b>\u0110\u1ed9 \u0103n m\u00f2n l\u00e1 \u0111\u1ed3ng (ASTM D130, 3 gi\u1edd \u1edf 100\u00b0C):<\/b> 1B<\/li>\n<li><b>\u0110\u1eb7c t\u00ednh ch\u1ed1ng g\u1ec9 (ASTM D665, Procedure A):<\/b> \u0110\u1ea1t<\/li>\n<li><b>Kh\u1ea3 n\u0103ng ch\u1ecbu t\u1ea3i FZG (DIN ISO 14635-1, A\/8.3\/90):<\/b> &gt;13 c\u1ea5p \u0111\u1ed9 h\u1ecfng<\/li>\n<\/ul>\n<\/div>\n","protected":false},"excerpt":{"rendered":"<p>T\u00ean sa\u0309n ph\u00e2\u0309m:\u00a0D\u1ea7u &#8211; MOBIL SHC CIBUS 320 &#8211; 20L<\/p>\n","protected":false},"featured_media":8150,"comment_status":"closed","ping_status":"closed","template":"","meta":[],"product_brand":[],"product_cat":[165],"product_tag":[],"class_list":{"0":"post-8149","1":"product","2":"type-product","3":"status-publish","4":"has-post-thumbnail","6":"product_cat-mobil","8":"first","9":"instock","10":"shipping-taxable","11":"product-type-simple"},"_links":{"self":[{"href":"https:\/\/yenhung.com\/index.php?rest_route=\/wp\/v2\/product\/8149","targetHints":{"allow":["GET"]}}],"collection":[{"href":"https:\/\/yenhung.com\/index.php?rest_route=\/wp\/v2\/product"}],"about":[{"href":"https:\/\/yenhung.com\/index.php?rest_route=\/wp\/v2\/types\/product"}],"replies":[{"embeddable":true,"href":"https:\/\/yenhung.com\/index.php?rest_route=%2Fwp%2Fv2%2Fcomments&post=8149"}],"wp:featuredmedia":[{"embeddable":true,"href":"https:\/\/yenhung.com\/index.php?rest_route=\/wp\/v2\/media\/8150"}],"wp:attachment":[{"href":"https:\/\/yenhung.com\/index.php?rest_route=%2Fwp%2Fv2%2Fmedia&parent=8149"}],"wp:term":[{"taxonomy":"product_brand","embeddable":true,"href":"https:\/\/yenhung.com\/index.php?rest_route=%2Fwp%2Fv2%2Fproduct_brand&post=8149"},{"taxonomy":"product_cat","embeddable":true,"href":"https:\/\/yenhung.com\/index.php?rest_route=%2Fwp%2Fv2%2Fproduct_cat&post=8149"},{"taxonomy":"product_tag","embeddable":true,"href":"https:\/\/yenhung.com\/index.php?rest_route=%2Fwp%2Fv2%2Fproduct_tag&post=8149"}],"curies":[{"name":"wp","href":"https:\/\/api.w.org\/{rel}","templated":true}]}}