{"id":8157,"date":"2025-11-10T08:37:30","date_gmt":"2025-11-10T08:37:30","guid":{"rendered":"https:\/\/yenhung.com\/?product=dau-mobil-glygoyle-150-20l"},"modified":"2026-02-10T09:19:42","modified_gmt":"2026-02-10T09:19:42","slug":"dau-mobil-glygoyle-150-20l","status":"publish","type":"product","link":"https:\/\/yenhung.com\/?product=dau-mobil-glygoyle-150-20l","title":{"rendered":"D\u1ea7u MOBIL GLYGOYLE 150 -20L"},"content":{"rendered":"<div class=\"ba-text-fpt\">\n<h2><strong>D\u1ea7u MOBIL GLYGOYLE 150 -20L<\/strong><\/h2>\n<p>D\u1ea7u Mobil Glygoyle 150 l\u00e0 m\u1ed9t lo\u1ea1i <b>d\u1ea7u b\u00f4i tr\u01a1n t\u1ed5ng h\u1ee3p hi\u1ec7u su\u1ea5t cao<\/b> thu\u1ed9c d\u00f2ng s\u1ea3n ph\u1ea9m Mobil Glygoyle. D\u1ea7u n\u00e0y \u0111\u01b0\u1ee3c pha ch\u1ebf t\u1eeb <b>d\u1ea7u g\u1ed1c polyalkylene glycol (PAG) t\u1ed5ng h\u1ee3p ho\u00e0n to\u00e0n<\/b> v\u00e0 c\u00e1c ph\u1ee5 gia hi\u1ec7u su\u1ea5t cao, mang l\u1ea1i nh\u1eefng l\u1ee3i \u00edch v\u01b0\u1ee3t tr\u1ed9i v\u1ec1 hi\u1ec7u su\u1ea5t, tu\u1ed5i th\u1ecd d\u1ea7u d\u00e0i v\u00e0 b\u1ea3o v\u1ec7 thi\u1ebft b\u1ecb.<\/p>\n<p><b>\u0110\u1eb7c \u0111i\u1ec3m v\u00e0 L\u1ee3i \u00edch ch\u00ednh c\u1ee7a Mobil Glygoyle 150:<\/b><\/p>\n<p><b><img decoding=\"async\" title=\"150-1-2\" src=\"https:\/\/yenhung.com\/wp-content\/uploads\/2025\/11\/150-1-2.jpg\" alt=\"D\u1ea7u MOBIL GLYGOYLE 150 -20L\" data-thumb=\"large\" \/><\/b><\/p>\n<ul>\n<li><b>B\u1ea3o v\u1ec7 ch\u1ed1ng m\u00e0i m\u00f2n v\u00e0 c\u1ef1c \u00e1p (EP) tuy\u1ec7t v\u1eddi:<\/b> Gi\u00fap b\u1ea3o v\u1ec7 c\u00e1c b\u1ed9 ph\u1eadn quan tr\u1ecdng c\u1ee7a thi\u1ebft b\u1ecb, \u0111\u1eb7c bi\u1ec7t l\u00e0 b\u00e1nh r\u0103ng v\u00e0 \u1ed5 tr\u1ee5c, ngay c\u1ea3 trong \u0111i\u1ec1u ki\u1ec7n t\u1ea3i tr\u1ecdng n\u1eb7ng.<\/li>\n<li><b>B\u1ea3o v\u1ec7 ch\u1ed1ng micropitting (\u0103n r\u1ed7 t\u1ebf vi) cao:<\/b> \u0110\u1eb7c bi\u1ec7t quan tr\u1ecdng cho c\u00e1c h\u1ec7 th\u1ed1ng b\u00e1nh r\u0103ng nh\u1ea1y c\u1ea3m.<\/li>\n<li><b>\u0110\u1ed9 \u1ed5n \u0111\u1ecbnh nhi\u1ec7t v\u00e0 ch\u1ed1ng oxy h\u00f3a v\u01b0\u1ee3t tr\u1ed9i:<\/b> Gi\u00fap k\u00e9o d\u00e0i tu\u1ed5i th\u1ecd d\u1ea7u, gi\u1ea3m thi\u1ec3u s\u1ef1 h\u00ecnh th\u00e0nh c\u1eb7n v\u00e0 ch\u1ea5t l\u1eafng \u0111\u1ecdng, gi\u1eef cho h\u1ec7 th\u1ed1ng s\u1ea1ch s\u1ebd h\u01a1n.<\/li>\n<li><b>H\u1ec7 s\u1ed1 ma s\u00e1t v\u00e0 l\u1ef1c k\u00e9o th\u1ea5p:<\/b> C\u00f3 th\u1ec3 d\u1eabn \u0111\u1ebfn hi\u1ec7u qu\u1ea3 n\u0103ng l\u01b0\u1ee3ng cao h\u01a1n v\u00e0 gi\u1ea3m nhi\u1ec7t \u0111\u1ed9 v\u1eadn h\u00e0nh c\u1ee7a d\u1ea7u v\u00e0 h\u1ec7 th\u1ed1ng.<\/li>\n<li><b>Ch\u1ec9 s\u1ed1 \u0111\u1ed9 nh\u1edbt (VI) cao:<\/b> \u0110\u1ea3m b\u1ea3o \u0111\u1ed9 nh\u1edbt \u1ed5n \u0111\u1ecbnh trong ph\u1ea1m vi nhi\u1ec7t \u0111\u1ed9 ho\u1ea1t \u0111\u1ed9ng r\u1ed9ng, duy tr\u00ec m\u00e0ng d\u1ea7u b\u1ea3o v\u1ec7 hi\u1ec7u qu\u1ea3.<\/li>\n<li><b>\u0110i\u1ec3m \u0111\u00f4ng \u0111\u1eb7c th\u1ea5p:<\/b> \u0110\u1ea3m b\u1ea3o kh\u1ea3 n\u0103ng b\u00f4i tr\u01a1n t\u1ed1t \u1edf nhi\u1ec7t \u0111\u1ed9 kh\u1edfi \u0111\u1ed9ng th\u1ea5p, \u0111\u1eb7c bi\u1ec7t quan tr\u1ecdng cho c\u00e1c thi\u1ebft b\u1ecb \u1edf xa ho\u1eb7c ho\u1ea1t \u0111\u1ed9ng trong \u0111i\u1ec1u ki\u1ec7n l\u1ea1nh.<\/li>\n<li><b>Kh\u1ea3 n\u0103ng d\u1eabn nhi\u1ec7t t\u1ed1t:<\/b> Gi\u00fap t\u1ea3n nhi\u1ec7t hi\u1ec7u qu\u1ea3 h\u01a1n, gi\u1ea3m nhi\u1ec7t \u0111\u1ed9 v\u1eadn h\u00e0nh trong b\u00e1nh r\u0103ng v\u00e0 d\u1ea7u.<\/li>\n<li><b>Kh\u1ea3 n\u0103ng ch\u1ed1ng g\u1ec9 v\u00e0 \u0103n m\u00f2n t\u1ed1t:<\/b> B\u1ea3o v\u1ec7 c\u00e1c b\u1ec1 m\u1eb7t kim lo\u1ea1i kh\u1ecfi r\u1ec9 s\u00e9t v\u00e0 \u0103n m\u00f2n, k\u00e9o d\u00e0i tu\u1ed5i th\u1ecd thi\u1ebft b\u1ecb.<\/li>\n<li><b>Kh\u1ea3 n\u0103ng ch\u1ed1ng t\u1ea1o b\u1ecdt t\u1ed1t:<\/b> Ng\u0103n ng\u1eeba s\u1ef1 h\u00ecnh th\u00e0nh b\u1ecdt kh\u00ed g\u00e2y \u1ea3nh h\u01b0\u1edfng \u0111\u1ebfn qu\u00e1 tr\u00ecnh b\u00f4i tr\u01a1n.<\/li>\n<li><b>Kh\u1ea3 n\u0103ng t\u01b0\u01a1ng th\u00edch v\u1edbi nhi\u1ec1u lo\u1ea1i v\u1eadt li\u1ec7u l\u00e0m k\u00edn:<\/b> Gi\u00fap gi\u1ea3m nguy c\u01a1 r\u00f2 r\u1ec9.<\/li>\n<\/ul>\n<p><b>\u1ee8ng d\u1ee5ng ti\u00eau bi\u1ec3u c\u1ee7a Mobil Glygoyle 150:<\/b><\/p>\n<p><b><img decoding=\"async\" title=\"150-2-1\" src=\"https:\/\/yenhung.com\/wp-content\/uploads\/2025\/11\/150-2-1.jpg\" alt=\"D\u1ea7u MOBIL GLYGOYLE 150 -20L\" data-thumb=\"large\" \/><\/b><\/p>\n<p>Mobil Glygoyle 150 \u0111\u01b0\u1ee3c khuy\u1ebfn ngh\u1ecb s\u1eed d\u1ee5ng cho nhi\u1ec1u \u1ee9ng d\u1ee5ng c\u00f4ng nghi\u1ec7p, bao g\u1ed3m:<\/p>\n<ul>\n<li><b>H\u1ed9p s\u1ed1 b\u00e1nh r\u0103ng k\u00edn:<\/b> \u0110\u1eb7c bi\u1ec7t l\u00e0 c\u00e1c h\u1ed9p s\u1ed1 b\u00e1nh r\u0103ng ch\u1ecbu t\u1ea3i n\u1eb7ng, hi\u1ec7u su\u1ea5t th\u1ea5p ho\u1eb7c c\u00f3 t\u1ef7 s\u1ed1 truy\u1ec1n cao.<\/li>\n<li><b>B\u00f4i tr\u01a1n b\u00e1nh r\u0103ng:<\/b> Trong c\u00e1c thi\u1ebft b\u1ecb nh\u01b0 b\u0103ng t\u1ea3i, thang cu\u1ed1n, m\u00e1y m\u00f3c x\u1eed l\u00fd v\u1eadt li\u1ec7u, \u1ed5 \u00e9p, m\u00e1y \u0111\u00f3ng g\u00f3i, m\u00e1y tr\u01b0\u1ee3t tuy\u1ebft, m\u00e1y khu\u1ea5y v\u00e0 m\u00e1y tr\u1ed9n.<\/li>\n<li><b>\u1ed4 tr\u1ee5c v\u00e0 v\u00f2ng bi:<\/b> Trong c\u00e1c \u1ee9ng d\u1ee5ng ch\u1ecbu t\u1ea3i v\u00e0 nhi\u1ec7t \u0111\u1ed9 kh\u1eafc nghi\u1ec7t.<\/li>\n<li><b>M\u00e1y n\u00e9n kh\u00ed:<\/b> M\u1ed9t s\u1ed1 lo\u1ea1i m\u00e1y n\u00e9n kh\u00ed b\u00e1nh r\u0103ng, tr\u1ee5c v\u00edt v\u00e0 ly t\u00e2m ho\u1ea1t \u0111\u1ed9ng trong \u0111i\u1ec1u ki\u1ec7n v\u01b0\u1ee3t qu\u00e1 kh\u1ea3 n\u0103ng c\u1ee7a d\u1ea7u kho\u00e1ng v\u00e0 c\u00e1c lo\u1ea1i d\u1ea7u t\u1ed5ng h\u1ee3p kh\u00e1c.<\/li>\n<li><b>C\u00e1c \u1ee9ng d\u1ee5ng b\u00e1nh r\u0103ng v\u00e0 \u1ed5 tr\u1ee5c kh\u00e1c:<\/b> Trong c\u00e1c ng\u00e0nh c\u00f4ng nghi\u1ec7p nh\u01b0 xi m\u0103ng, luy\u1ec7n kim, nh\u1ef1a, th\u1ef1c ph\u1ea9m v\u00e0 d\u1ec7t may.<\/li>\n<\/ul>\n<p><b>Th\u00f4ng s\u1ed1 k\u1ef9 thu\u1eadt ti\u00eau bi\u1ec3u c\u1ee7a Mobil Glygoyle 150:<\/b><\/p>\n<p><img decoding=\"async\" title=\"150-4-jpeg-1\" src=\"https:\/\/yenhung.com\/wp-content\/uploads\/2025\/11\/150-4-jpeg-1.jpg\" alt=\"D\u1ea7u MOBIL GLYGOYLE 150 -20L\" data-thumb=\"large\" \/><\/p>\n<ul>\n<li><b>C\u1ea5p \u0111\u1ed9 nh\u1edbt ISO VG:<\/b> 150<\/li>\n<li><b>\u0110\u1ed9 nh\u1edbt \u0111\u1ed9ng h\u1ecdc (ASTM D445):<\/b>\n<ul>\n<li>\u1edf 40\u00b0C: Kho\u1ea3ng 150 mm\u00b2\/s<\/li>\n<li>\u1edf 100\u00b0C: Kho\u1ea3ng 26.1 mm\u00b2\/s<\/li>\n<\/ul>\n<\/li>\n<li><b>Ch\u1ec9 s\u1ed1 \u0111\u1ed9 nh\u1edbt (ASTM D2270):<\/b> Kho\u1ea3ng 210<\/li>\n<li><b>\u0110i\u1ec3m r\u00f3t ch\u1ea3y (ASTM D97):<\/b> Kho\u1ea3ng -33\u00b0C<\/li>\n<li><b>\u0110i\u1ec3m ch\u1edbp ch\u00e1y (ASTM D92):<\/b> Kho\u1ea3ng 265\u00b0C<\/li>\n<li><b>\u0110\u1ed9 \u0103n m\u00f2n l\u00e1 \u0111\u1ed3ng (ASTM D130, 3 gi\u1edd \u1edf 100\u00b0C):<\/b> 1B<\/li>\n<li><b>Kh\u1ea3 n\u0103ng ch\u1ecbu t\u1ea3i FZG (DIN ISO 14635-1, A\/8.3\/90):<\/b> Th\u01b0\u1eddng l\u00e0 12+ c\u1ea5p \u0111\u1ed9 h\u1ecfng.<\/li>\n<\/ul>\n<p><b>L\u01b0u \u00fd quan tr\u1ecdng:<\/b><\/p>\n<ul>\n<li>D\u1ea7u Mobil Glygoyle Series, bao g\u1ed3m c\u1ea3 Glygoyle 150, l\u00e0 lo\u1ea1i d\u1ea7u g\u1ed1c PAG v\u00e0 c\u00f3 t\u00ednh h\u00fat \u1ea9m, c\u00f3 ngh\u0129a l\u00e0 ch\u00fang c\u00f3 th\u1ec3 h\u1ea5p th\u1ee5 n\u01b0\u1edbc nhi\u1ec1u h\u01a1n d\u1ea7u kho\u00e1ng ho\u1eb7c hydrocacbon t\u1ed5ng h\u1ee3p. C\u1ea7n \u0111\u1eb7c bi\u1ec7t c\u1ea9n th\u1eadn \u0111\u1ec3 tr\u00e1nh \u0111\u1ec3 d\u1ea7u ti\u1ebfp x\u00fac v\u1edbi \u0111\u1ed9 \u1ea9m qu\u00e1 m\u1ee9c.<\/li>\n<li>D\u1ea7u g\u1ed1c PAG c\u00f3 th\u1ec3 kh\u00f4ng t\u01b0\u01a1ng th\u00edch v\u1edbi m\u1ed9t s\u1ed1 v\u1eadt li\u1ec7u l\u00e0m k\u00edn v\u00e0 s\u01a1n ph\u1ee7 nh\u1ea5t \u0111\u1ecbnh. N\u00ean tham kh\u1ea3o \u00fd ki\u1ebfn c\u1ee7a nh\u00e0 s\u1ea3n xu\u1ea5t thi\u1ebft b\u1ecb g\u1ed1c (OEM) \u0111\u1ec3 c\u00f3 khuy\u1ebfn ngh\u1ecb c\u1ee5 th\u1ec3.<\/li>\n<li>Mobil Glygoyle Series kh\u00f4ng t\u01b0\u01a1ng th\u00edch v\u1edbi d\u1ea7u kho\u00e1ng v\u00e0 h\u1ea7u h\u1ebft c\u00e1c lo\u1ea1i d\u1ea7u t\u1ed5ng h\u1ee3p PAO. Kh\u00f4ng n\u00ean pha tr\u1ed9n ch\u00fang.<\/li>\n<\/ul>\n<\/div>\n","protected":false},"excerpt":{"rendered":"<p>T\u00ean sa\u0309n ph\u00e2\u0309m:\u00a0D\u1ea7u MOBIL GLYGOYLE 150 -20L<\/p>\n","protected":false},"featured_media":8158,"comment_status":"closed","ping_status":"closed","template":"","meta":[],"product_brand":[],"product_cat":[165],"product_tag":[],"class_list":{"0":"post-8157","1":"product","2":"type-product","3":"status-publish","4":"has-post-thumbnail","6":"product_cat-mobil","8":"first","9":"instock","10":"shipping-taxable","11":"product-type-simple"},"_links":{"self":[{"href":"https:\/\/yenhung.com\/index.php?rest_route=\/wp\/v2\/product\/8157","targetHints":{"allow":["GET"]}}],"collection":[{"href":"https:\/\/yenhung.com\/index.php?rest_route=\/wp\/v2\/product"}],"about":[{"href":"https:\/\/yenhung.com\/index.php?rest_route=\/wp\/v2\/types\/product"}],"replies":[{"embeddable":true,"href":"https:\/\/yenhung.com\/index.php?rest_route=%2Fwp%2Fv2%2Fcomments&post=8157"}],"wp:featuredmedia":[{"embeddable":true,"href":"https:\/\/yenhung.com\/index.php?rest_route=\/wp\/v2\/media\/8158"}],"wp:attachment":[{"href":"https:\/\/yenhung.com\/index.php?rest_route=%2Fwp%2Fv2%2Fmedia&parent=8157"}],"wp:term":[{"taxonomy":"product_brand","embeddable":true,"href":"https:\/\/yenhung.com\/index.php?rest_route=%2Fwp%2Fv2%2Fproduct_brand&post=8157"},{"taxonomy":"product_cat","embeddable":true,"href":"https:\/\/yenhung.com\/index.php?rest_route=%2Fwp%2Fv2%2Fproduct_cat&post=8157"},{"taxonomy":"product_tag","embeddable":true,"href":"https:\/\/yenhung.com\/index.php?rest_route=%2Fwp%2Fv2%2Fproduct_tag&post=8157"}],"curies":[{"name":"wp","href":"https:\/\/api.w.org\/{rel}","templated":true}]}}