{"id":8173,"date":"2025-11-10T08:37:42","date_gmt":"2025-11-10T08:37:42","guid":{"rendered":"https:\/\/yenhung.com\/?product=mo-boi-tron-mobiltemp-shc-460-special"},"modified":"2026-02-10T09:19:09","modified_gmt":"2026-02-10T09:19:09","slug":"mo-boi-tron-mobiltemp-shc-460-special","status":"publish","type":"product","link":"https:\/\/yenhung.com\/?product=mo-boi-tron-mobiltemp-shc-460-special","title":{"rendered":"M\u1ee1 b\u00f4i tr\u01a1n Mobiltemp SHC 460 special"},"content":{"rendered":"<div class=\"ba-text-fpt\">\n<h2 data-sourcepos=\"1:1-1:198\"><strong>M\u1ee1 b\u00f4i tr\u01a1n Mobiltemp SHC 460 special<\/strong><img decoding=\"async\" title=\"mobiltemp-shc-460-special-2\" src=\"https:\/\/yenhung.com\/wp-content\/uploads\/2025\/11\/mobiltemp-shc-460-special-2.jpg\" data-thumb=\"large\" \/><\/h2>\n<p data-sourcepos=\"1:1-1:198\">Mobiltemp SHC 460 Special l\u00e0 m\u1ed9t lo\u1ea1i m\u1ee1 b\u00f4i tr\u01a1n t\u1ed5ng h\u1ee3p hi\u1ec7u su\u1ea5t cao, \u0111\u01b0\u1ee3c thi\u1ebft k\u1ebf \u0111\u1eb7c bi\u1ec7t cho c\u00e1c \u1ee9ng d\u1ee5ng nhi\u1ec7t \u0111\u1ed9 cao v\u00e0 ch\u1ecbu t\u1ea3i n\u1eb7ng. D\u01b0\u1edbi \u0111\u00e2y l\u00e0 nh\u1eefng th\u00f4ng tin chi ti\u1ebft v\u1ec1 s\u1ea3n ph\u1ea9m n\u00e0y:<\/p>\n<p data-sourcepos=\"3:1-3:21\"><strong>\u0110\u1eb7c \u0111i\u1ec3m n\u1ed5i b\u1eadt:<\/strong><\/p>\n<ul data-sourcepos=\"5:1-15:0\">\n<li data-sourcepos=\"5:1-6:177\"><strong>Ch\u1ecbu nhi\u1ec7t \u0111\u1ed9 cao:<\/strong>\n<ul data-sourcepos=\"6:5-6:177\">\n<li data-sourcepos=\"6:5-6:177\">Mobiltemp SHC 460 Special c\u00f3 kh\u1ea3 n\u0103ng ho\u1ea1t \u0111\u1ed9ng hi\u1ec7u qu\u1ea3 trong ph\u1ea1m vi nhi\u1ec7t \u0111\u1ed9 r\u1ed9ng, gi\u00fap b\u1ea3o v\u1ec7 c\u00e1c b\u1ed9 ph\u1eadn m\u00e1y m\u00f3c kh\u1ecfi m\u00e0i m\u00f2n v\u00e0 h\u01b0 h\u1ecfng trong m\u00f4i tr\u01b0\u1eddng kh\u1eafc nghi\u1ec7t.<\/li>\n<\/ul>\n<\/li>\n<li data-sourcepos=\"7:1-8:98\"><strong>Ch\u1ecbu t\u1ea3i n\u1eb7ng:<\/strong>\n<ul data-sourcepos=\"8:5-8:98\">\n<li data-sourcepos=\"8:5-8:98\">S\u1ea3n ph\u1ea9m c\u00f3 kh\u1ea3 n\u0103ng ch\u1ecbu t\u1ea3i c\u1ef1c cao, ph\u00f9 h\u1ee3p cho c\u00e1c \u1ee9ng d\u1ee5ng ch\u1ecbu t\u1ea3i n\u1eb7ng v\u00e0 t\u1ea3i va \u0111\u1eadp.<\/li>\n<\/ul>\n<\/li>\n<li data-sourcepos=\"9:1-10:151\"><strong>Ch\u1ed1ng oxy h\u00f3a v\u00e0 \u1ed5n \u0111\u1ecbnh nhi\u1ec7t:<\/strong>\n<ul data-sourcepos=\"10:5-10:151\">\n<li data-sourcepos=\"10:5-10:151\">Mobiltemp SHC 460 Special c\u00f3 kh\u1ea3 n\u0103ng ch\u1ed1ng oxy h\u00f3a v\u00e0 \u1ed5n \u0111\u1ecbnh nhi\u1ec7t tuy\u1ec7t v\u1eddi, gi\u00fap k\u00e9o d\u00e0i tu\u1ed5i th\u1ecd c\u1ee7a m\u1ee1 v\u00e0 gi\u1ea3m thi\u1ec3u s\u1ef1 h\u00ecnh th\u00e0nh c\u1eb7n b\u00e1m.<\/li>\n<\/ul>\n<\/li>\n<li data-sourcepos=\"11:1-12:71\"><strong>B\u00f4i tr\u01a1n hi\u1ec7u qu\u1ea3:<\/strong>\n<ul data-sourcepos=\"12:5-12:71\">\n<li data-sourcepos=\"12:5-12:71\">Gi\u1ea3m ma s\u00e1t v\u00e0 m\u00e0i m\u00f2n, k\u00e9o d\u00e0i tu\u1ed5i th\u1ecd c\u1ee7a c\u00e1c b\u1ed9 ph\u1eadn m\u00e1y m\u00f3c.<\/li>\n<\/ul>\n<\/li>\n<li data-sourcepos=\"13:1-15:0\"><strong>Kh\u1ea3 n\u0103ng b\u01a1m t\u1ed1t:<\/strong>\n<ul data-sourcepos=\"14:5-15:0\">\n<li data-sourcepos=\"14:5-15:0\">S\u1ea3n ph\u1ea9m c\u00f3 kh\u1ea3 n\u0103ng b\u01a1m t\u1ed1t, ngay c\u1ea3 \u1edf nhi\u1ec7t \u0111\u1ed9 th\u1ea5p, gi\u00fap \u0111\u1ea3m b\u1ea3o b\u00f4i tr\u01a1n hi\u1ec7u qu\u1ea3 cho c\u00e1c b\u1ed9 ph\u1eadn m\u00e1y m\u00f3c.<\/li>\n<\/ul>\n<\/li>\n<\/ul>\n<p data-sourcepos=\"16:1-16:13\"><strong>\u1ee8ng d\u1ee5ng:<\/strong><\/p>\n<p data-sourcepos=\"16:1-16:13\"><strong><img decoding=\"async\" title=\"shc-460-special-2-1\" src=\"https:\/\/yenhung.com\/wp-content\/uploads\/2025\/11\/shc-460-special-2-1.jpg\" alt=\"M\u1ee1 b\u00f4i tr\u01a1n Mobiltemp SHC 460 special\" data-thumb=\"large\" \/><\/strong><\/p>\n<ul data-sourcepos=\"18:1-23:0\">\n<li data-sourcepos=\"18:1-23:0\">Mobiltemp SHC 460 Special \u0111\u01b0\u1ee3c s\u1eed d\u1ee5ng r\u1ed9ng r\u00e3i trong nhi\u1ec1u \u1ee9ng d\u1ee5ng c\u00f4ng nghi\u1ec7p kh\u00e1c nhau, bao g\u1ed3m:\n<ul data-sourcepos=\"19:5-23:0\">\n<li data-sourcepos=\"19:5-19:48\">\u1ed4 l\u0103n v\u00e0 \u1ed5 tr\u01b0\u1ee3t ho\u1ea1t \u0111\u1ed9ng \u1edf nhi\u1ec7t \u0111\u1ed9 cao.<\/li>\n<li data-sourcepos=\"20:5-20:34\">B\u0103ng t\u1ea3i l\u00f2 n\u01b0\u1edbng v\u00e0 l\u00f2 s\u1ea5y.<\/li>\n<li data-sourcepos=\"21:5-21:42\">B\u00e1nh r\u0103ng c\u00f4ng nghi\u1ec7p ch\u1ecbu t\u1ea3i n\u1eb7ng.<\/li>\n<li data-sourcepos=\"22:5-23:0\">C\u00e1c \u1ee9ng d\u1ee5ng trong ng\u00e0nh c\u00f4ng nghi\u1ec7p th\u00e9p, xi m\u0103ng v\u00e0 gi\u1ea5y.<\/li>\n<\/ul>\n<\/li>\n<\/ul>\n<p data-sourcepos=\"24:1-24:12\"><strong>L\u1ee3i \u00edch:<\/strong><\/p>\n<ul data-sourcepos=\"26:1-30:0\">\n<li data-sourcepos=\"26:1-26:43\">K\u00e9o d\u00e0i tu\u1ed5i th\u1ecd c\u1ee7a m\u00e1y m\u00f3c v\u00e0 thi\u1ebft b\u1ecb.<\/li>\n<li data-sourcepos=\"27:1-27:35\">Gi\u1ea3m chi ph\u00ed b\u1ea3o tr\u00ec v\u00e0 thay th\u1ebf.<\/li>\n<li data-sourcepos=\"28:1-28:44\">C\u1ea3i thi\u1ec7n hi\u1ec7u su\u1ea5t ho\u1ea1t \u0111\u1ed9ng c\u1ee7a m\u00e1y m\u00f3c.<\/li>\n<li data-sourcepos=\"29:1-30:0\">Gi\u1ea3m ti\u00eau th\u1ee5 n\u0103ng l\u01b0\u1ee3ng.<\/li>\n<\/ul>\n<p data-sourcepos=\"31:1-31:28\"><strong>Th\u00f4ng s\u1ed1 k\u1ef9 thu\u1eadt ch\u00ednh:<\/strong><\/p>\n<p data-sourcepos=\"31:1-31:28\"><strong><img decoding=\"async\" title=\"shc-460-special-1-1\" src=\"https:\/\/yenhung.com\/wp-content\/uploads\/2025\/11\/shc-460-special-1-1.jpg\" alt=\"M\u1ee1 b\u00f4i tr\u01a1n Mobiltemp SHC 460 special\" data-thumb=\"large\" \/><\/strong><\/p>\n<ul data-sourcepos=\"33:1-37:0\">\n<li data-sourcepos=\"33:1-33:29\">Lo\u1ea1i ch\u1ea5t l\u00e0m \u0111\u1eb7c: \u0110\u1ea5t s\u00e9t.<\/li>\n<li data-sourcepos=\"34:1-34:34\">\u0110\u1ed9 nh\u1edbt d\u1ea7u g\u1ed1c \u1edf 40\u00b0C: 460 cSt.<\/li>\n<li data-sourcepos=\"35:1-35:47\">Ph\u1ea1m vi nhi\u1ec7t \u0111\u1ed9 ho\u1ea1t \u0111\u1ed9ng: -30\u00b0C \u0111\u1ebfn +200\u00b0C.<\/li>\n<li data-sourcepos=\"36:1-37:0\">C\u1ea5p \u0111\u1ed9 NLGI: 1<\/li>\n<\/ul>\n<p data-sourcepos=\"38:1-38:22\"><strong>L\u01b0u \u00fd khi s\u1eed d\u1ee5ng:<\/strong><\/p>\n<ul data-sourcepos=\"40:1-42:0\">\n<li data-sourcepos=\"40:1-40:74\">Tu\u00e2n th\u1ee7 h\u01b0\u1edbng d\u1eabn c\u1ee7a nh\u00e0 s\u1ea3n xu\u1ea5t thi\u1ebft b\u1ecb v\u1ec1 vi\u1ec7c s\u1eed d\u1ee5ng v\u00e0 thay m\u1ee1.<\/li>\n<li data-sourcepos=\"41:1-42:0\">B\u1ea3o qu\u1ea3n m\u1ee1 \u1edf n\u01a1i kh\u00f4 r\u00e1o, tho\u00e1ng m\u00e1t, tr\u00e1nh \u00e1nh n\u1eafng tr\u1ef1c ti\u1ebfp.<\/li>\n<\/ul>\n<\/div>\n","protected":false},"excerpt":{"rendered":"<p>T\u00ean sa\u0309n ph\u00e2\u0309m:\u00a0Mobiltemp SHC 460 special<\/p>\n","protected":false},"featured_media":8174,"comment_status":"closed","ping_status":"closed","template":"","meta":[],"product_brand":[],"product_cat":[165],"product_tag":[],"class_list":{"0":"post-8173","1":"product","2":"type-product","3":"status-publish","4":"has-post-thumbnail","6":"product_cat-mobil","8":"first","9":"instock","10":"shipping-taxable","11":"product-type-simple"},"_links":{"self":[{"href":"https:\/\/yenhung.com\/index.php?rest_route=\/wp\/v2\/product\/8173","targetHints":{"allow":["GET"]}}],"collection":[{"href":"https:\/\/yenhung.com\/index.php?rest_route=\/wp\/v2\/product"}],"about":[{"href":"https:\/\/yenhung.com\/index.php?rest_route=\/wp\/v2\/types\/product"}],"replies":[{"embeddable":true,"href":"https:\/\/yenhung.com\/index.php?rest_route=%2Fwp%2Fv2%2Fcomments&post=8173"}],"wp:featuredmedia":[{"embeddable":true,"href":"https:\/\/yenhung.com\/index.php?rest_route=\/wp\/v2\/media\/8174"}],"wp:attachment":[{"href":"https:\/\/yenhung.com\/index.php?rest_route=%2Fwp%2Fv2%2Fmedia&parent=8173"}],"wp:term":[{"taxonomy":"product_brand","embeddable":true,"href":"https:\/\/yenhung.com\/index.php?rest_route=%2Fwp%2Fv2%2Fproduct_brand&post=8173"},{"taxonomy":"product_cat","embeddable":true,"href":"https:\/\/yenhung.com\/index.php?rest_route=%2Fwp%2Fv2%2Fproduct_cat&post=8173"},{"taxonomy":"product_tag","embeddable":true,"href":"https:\/\/yenhung.com\/index.php?rest_route=%2Fwp%2Fv2%2Fproduct_tag&post=8173"}],"curies":[{"name":"wp","href":"https:\/\/api.w.org\/{rel}","templated":true}]}}