{"id":8181,"date":"2025-11-10T08:37:49","date_gmt":"2025-11-10T08:37:49","guid":{"rendered":"https:\/\/yenhung.com\/?product=dau-truyen-nhiet-mobiltherm-605-208l-phuy"},"modified":"2026-02-10T09:18:55","modified_gmt":"2026-02-10T09:18:55","slug":"dau-truyen-nhiet-mobiltherm-605-208l-phuy","status":"publish","type":"product","link":"https:\/\/yenhung.com\/?product=dau-truyen-nhiet-mobiltherm-605-208l-phuy","title":{"rendered":"D\u1ea7u truy\u1ec1n nhi\u1ec7t Mobiltherm 605 (208L\/phuy)"},"content":{"rendered":"<div class=\"ba-text-fpt\">\n<h2 data-sourcepos=\"3:1-3:215\"><strong>D\u1ea7u truy\u1ec1n nhi\u1ec7t Mobiltherm 605 (208L\/phuy)<\/strong><\/h2>\n<p><strong><img decoding=\"async\" title=\"mobiltherm-605-4-2\" src=\"https:\/\/yenhung.com\/wp-content\/uploads\/2025\/11\/mobiltherm-605-4-2.jpg\" alt=\"D\u1ea7u truy\u1ec1n nhi\u1ec7t Mobiltherm 605 (208L\/phuy)\" data-thumb=\"large\" \/><\/strong><\/p>\n<p data-sourcepos=\"3:1-3:215\">\u0110\u00e2y l\u00e0 m\u1ed9t lo\u1ea1i <strong>d\u1ea7u truy\u1ec1n nhi\u1ec7t hi\u1ec7u su\u1ea5t cao<\/strong> thu\u1ed9c d\u00f2ng s\u1ea3n ph\u1ea9m Mobiltherm 600 Series c\u1ee7a ExxonMobil. N\u00f3 \u0111\u01b0\u1ee3c pha ch\u1ebf t\u1eeb d\u1ea7u g\u1ed1c tinh ch\u1ebf cao, c\u00f3 kh\u1ea3 n\u0103ng ch\u1ed1ng ch\u1ecbu s\u1ef1 n\u1ee9t nhi\u1ec7t v\u00e0 oxy h\u00f3a h\u00f3a h\u1ecdc tuy\u1ec7t v\u1eddi.<\/p>\n<p data-sourcepos=\"5:1-5:30\"><strong>\u0110\u1eb7c \u0111i\u1ec3m v\u00e0 l\u1ee3i \u00edch ch\u00ednh:<\/strong><\/p>\n<p data-sourcepos=\"5:1-5:30\"><strong><img decoding=\"async\" title=\"mobiltherm-605-208l-phuy-1\" src=\"https:\/\/yenhung.com\/wp-content\/uploads\/2025\/11\/mobiltherm-605-208l-phuy-1.jpg\" alt=\"D\u1ea7u truy\u1ec1n nhi\u1ec7t Mobiltherm 605 (208L\/phuy)\" data-thumb=\"large\" \/><\/strong><\/p>\n<ul data-sourcepos=\"7:1-12:0\">\n<li data-sourcepos=\"7:1-7:127\"><strong>Ch\u1ed1ng ch\u1ecbu nhi\u1ec7t \u0111\u1ed9 cao:<\/strong> Ch\u1ecbu \u0111\u01b0\u1ee3c nhi\u1ec7t \u0111\u1ed9 d\u1ea7u kh\u1ed1i l\u00ean \u0111\u1ebfn <strong>315\u00b0C<\/strong> trong h\u1ec7 th\u1ed1ng k\u00edn v\u00e0 <strong>180\u00b0C<\/strong> trong h\u1ec7 th\u1ed1ng h\u1edf.<\/li>\n<li data-sourcepos=\"8:1-8:140\"><strong>T\u00ednh \u1ed5n \u0111\u1ecbnh nhi\u1ec7t v\u00e0 oxy h\u00f3a t\u1ed1t:<\/strong> Gi\u00fap k\u00e9o d\u00e0i tu\u1ed5i th\u1ecd d\u1ea7u v\u00e0 gi\u1ea3m thi\u1ec3u c\u1eb7n b\u00f9n, c\u1eb7n c\u1ed1c, \u0111\u1ed3ng th\u1eddi duy tr\u00ec hi\u1ec7u su\u1ea5t truy\u1ec1n nhi\u1ec7t.<\/li>\n<li data-sourcepos=\"9:1-9:134\"><strong>Hi\u1ec7u su\u1ea5t truy\u1ec1n nhi\u1ec7t tuy\u1ec7t v\u1eddi:<\/strong> T\u1ef7 l\u1ec7 truy\u1ec1n nhi\u1ec7t cao gi\u00fap c\u1ea3i thi\u1ec7n hi\u1ec7u qu\u1ea3 ho\u1ea1t \u0111\u1ed9ng v\u00e0 c\u00f3 kh\u1ea3 n\u0103ng gi\u1ea3m chi ph\u00ed v\u1eadn h\u00e0nh.<\/li>\n<li data-sourcepos=\"10:1-10:89\"><strong>\u0110\u1ed9 nh\u1edbt th\u1ea5p \u1edf nhi\u1ec7t \u0111\u1ed9 th\u1ea5p:<\/strong> Gi\u00fap h\u1ec7 th\u1ed1ng kh\u1edfi \u0111\u1ed9ng d\u1ec5 d\u00e0ng trong \u0111i\u1ec1u ki\u1ec7n l\u1ea1nh.<\/li>\n<li data-sourcepos=\"11:1-12:0\"><strong>\u0110i\u1ec3m ch\u1edbp ch\u00e1y cao:<\/strong> \u0110i\u1ec3m ch\u1edbp ch\u00e1y kh\u00f4ng gi\u1ea3m \u0111\u00e1ng k\u1ec3 trong qu\u00e1 tr\u00ecnh s\u1eed d\u1ee5ng do kh\u1ea3 n\u0103ng ch\u1ed1ng n\u1ee9t nhi\u1ec7t t\u1ed1t.<\/li>\n<\/ul>\n<p data-sourcepos=\"13:1-13:23\"><strong>\u1ee8ng d\u1ee5ng ti\u00eau bi\u1ec3u:<\/strong><\/p>\n<p data-sourcepos=\"13:1-13:23\"><strong><img decoding=\"async\" title=\"mobiltherm-605-3-1\" src=\"https:\/\/yenhung.com\/wp-content\/uploads\/2025\/11\/mobiltherm-605-3-1.jpg\" alt=\"D\u1ea7u truy\u1ec1n nhi\u1ec7t Mobiltherm 605 (208L\/phuy)\" data-thumb=\"large\" \/><\/strong><\/p>\n<p data-sourcepos=\"15:1-15:46\">Mobiltherm 605 \u0111\u01b0\u1ee3c khuy\u1ebfn ngh\u1ecb s\u1eed d\u1ee5ng trong:<\/p>\n<ul data-sourcepos=\"17:1-21:0\">\n<li data-sourcepos=\"17:1-17:84\">C\u00e1c h\u1ec7 th\u1ed1ng gia nhi\u1ec7t v\u00e0 l\u00e0m m\u00e1t gi\u00e1n ti\u1ebfp k\u00edn trong nhi\u1ec1u quy tr\u00ecnh c\u00f4ng nghi\u1ec7p.<\/li>\n<li data-sourcepos=\"18:1-18:51\">H\u1ec7 th\u1ed1ng truy\u1ec1n nhi\u1ec7t trong c\u00e1c nh\u00e0 m\u00e1y s\u1ea3n xu\u1ea5t.<\/li>\n<li data-sourcepos=\"19:1-19:127\">H\u1ec7 th\u1ed1ng gia nhi\u1ec7t b\u1eb1ng d\u1ea7u n\u00f3ng \u0111\u01b0\u1ee3c s\u1eed d\u1ee5ng trong c\u00e1c quy tr\u00ecnh nh\u01b0 ch\u1ebf bi\u1ebfn h\u00f3a ch\u1ea5t, ch\u1ebf bi\u1ebfn th\u1ef1c ph\u1ea9m v\u00e0 ch\u1ebf bi\u1ebfn nh\u1ef1a.<\/li>\n<li data-sourcepos=\"20:1-21:0\">C\u00e1c \u1ee9ng d\u1ee5ng gia nhi\u1ec7t v\u00e0 l\u00e0m m\u00e1t c\u00f4ng nghi\u1ec7p \u0111\u00f2i h\u1ecfi ch\u1ea5t l\u1ecfng truy\u1ec1n nhi\u1ec7t hi\u1ec7u su\u1ea5t cao.<\/li>\n<\/ul>\n<\/div>\n","protected":false},"excerpt":{"rendered":"<p>T\u00ean sa\u0309n ph\u00e2\u0309m:\u00a0D\u1ea7u truy\u1ec1n nhi\u1ec7t Mobiltherm 605 (208L\/phuy)<\/p>\n","protected":false},"featured_media":8182,"comment_status":"closed","ping_status":"closed","template":"","meta":[],"product_brand":[],"product_cat":[165],"product_tag":[],"class_list":{"0":"post-8181","1":"product","2":"type-product","3":"status-publish","4":"has-post-thumbnail","6":"product_cat-mobil","8":"first","9":"instock","10":"shipping-taxable","11":"product-type-simple"},"_links":{"self":[{"href":"https:\/\/yenhung.com\/index.php?rest_route=\/wp\/v2\/product\/8181","targetHints":{"allow":["GET"]}}],"collection":[{"href":"https:\/\/yenhung.com\/index.php?rest_route=\/wp\/v2\/product"}],"about":[{"href":"https:\/\/yenhung.com\/index.php?rest_route=\/wp\/v2\/types\/product"}],"replies":[{"embeddable":true,"href":"https:\/\/yenhung.com\/index.php?rest_route=%2Fwp%2Fv2%2Fcomments&post=8181"}],"wp:featuredmedia":[{"embeddable":true,"href":"https:\/\/yenhung.com\/index.php?rest_route=\/wp\/v2\/media\/8182"}],"wp:attachment":[{"href":"https:\/\/yenhung.com\/index.php?rest_route=%2Fwp%2Fv2%2Fmedia&parent=8181"}],"wp:term":[{"taxonomy":"product_brand","embeddable":true,"href":"https:\/\/yenhung.com\/index.php?rest_route=%2Fwp%2Fv2%2Fproduct_brand&post=8181"},{"taxonomy":"product_cat","embeddable":true,"href":"https:\/\/yenhung.com\/index.php?rest_route=%2Fwp%2Fv2%2Fproduct_cat&post=8181"},{"taxonomy":"product_tag","embeddable":true,"href":"https:\/\/yenhung.com\/index.php?rest_route=%2Fwp%2Fv2%2Fproduct_tag&post=8181"}],"curies":[{"name":"wp","href":"https:\/\/api.w.org\/{rel}","templated":true}]}}