{"id":8205,"date":"2025-11-10T08:38:07","date_gmt":"2025-11-10T08:38:07","guid":{"rendered":"https:\/\/yenhung.com\/?product=dau-mobilgard-412-208l-phuy"},"modified":"2025-11-10T08:38:09","modified_gmt":"2025-11-10T08:38:09","slug":"dau-mobilgard-412-208l-phuy","status":"publish","type":"product","link":"https:\/\/yenhung.com\/?product=dau-mobilgard-412-208l-phuy","title":{"rendered":"D\u1ea7u Mobilgard 412 (208L\/phuy)"},"content":{"rendered":"<\/p>\n<div class=\"ba-text-fpt\">\n<h2 data-sourcepos=\"1:1-1:178\"><strong>D\u1ea7u Mobilgard 412 (208L\/phuy)<\/strong><\/h2>\n<h2 data-sourcepos=\"1:1-1:178\"><strong><img decoding=\"async\" alt=\"D\u1ea7u Mobilgard 412 (208L\/phuy)\" data-thumb=\"large\" original-height=\"375\" original-width=\"500\" src=\"https:\/\/yenhung.com\/wp-content\/uploads\/2025\/11\/da-u-mobilgard-412-208l-phuy-2.jpg\" title=\"da-u-mobilgard-412-208l-phuy-2\"><\/strong><\/h2>\n<p data-sourcepos=\"1:1-1:178\">D\u1ea7u Mobilgard 412 l\u00e0 m\u1ed9t lo\u1ea1i d\u1ea7u \u0111\u1ed9ng c\u01a1 h\u00e0ng h\u1ea3i ch\u1ea5t l\u01b0\u1ee3ng cao, \u0111\u01b0\u1ee3c thi\u1ebft k\u1ebf \u0111\u1eb7c bi\u1ec7t cho c\u00e1c \u0111\u1ed9ng c\u01a1 diesel trung t\u1ed1c. D\u01b0\u1edbi \u0111\u00e2y l\u00e0 m\u1ed9t s\u1ed1 th\u00f4ng tin chi ti\u1ebft v\u1ec1 s\u1ea3n ph\u1ea9m n\u00e0y:<\/p>\n<p data-sourcepos=\"3:1-3:21\"><strong>\u0110\u1eb7c \u0111i\u1ec3m n\u1ed5i b\u1eadt:<\/strong><\/p>\n<ul data-sourcepos=\"5:1-14:0\">\n<li data-sourcepos=\"5:1-7:63\"><strong>Hi\u1ec7u su\u1ea5t cao:<\/strong>\n<ul data-sourcepos=\"6:5-7:63\">\n<li data-sourcepos=\"6:5-6:122\">Mobilgard 412 \u0111\u01b0\u1ee3c pha ch\u1ebf \u0111\u1ec3 cung c\u1ea5p kh\u1ea3 n\u0103ng b\u1ea3o v\u1ec7 v\u01b0\u1ee3t tr\u1ed9i ch\u1ed1ng l\u1ea1i m\u00e0i m\u00f2n, \u0103n m\u00f2n v\u00e0 c\u1eb7n b\u00e1m trong \u0111\u1ed9ng c\u01a1.<\/li>\n<li data-sourcepos=\"7:5-7:63\">N\u00f3 gi\u00fap k\u00e9o d\u00e0i tu\u1ed5i th\u1ecd \u0111\u1ed9ng c\u01a1 v\u00e0 gi\u1ea3m chi ph\u00ed b\u1ea3o tr\u00ec.<\/li>\n<\/ul>\n<\/li>\n<li data-sourcepos=\"8:1-10:72\"><strong>T\u00ednh linh ho\u1ea1t:<\/strong>\n<ul data-sourcepos=\"9:5-10:72\">\n<li data-sourcepos=\"9:5-9:113\">D\u1ea7u n\u00e0y t\u01b0\u01a1ng th\u00edch v\u1edbi nhi\u1ec1u lo\u1ea1i nhi\u00ean li\u1ec7u ch\u01b0ng c\u1ea5t, bao g\u1ed3m c\u1ea3 nhi\u00ean li\u1ec7u c\u00f3 h\u00e0m l\u01b0\u1ee3ng l\u01b0u hu\u1ef3nh th\u1ea5p.<\/li>\n<li data-sourcepos=\"10:5-10:72\">\u0110i\u1ec1u n\u00e0y l\u00e0m cho n\u00f3 ph\u00f9 h\u1ee3p v\u1edbi nhi\u1ec1u \u1ee9ng d\u1ee5ng h\u00e0ng h\u1ea3i kh\u00e1c nhau.<\/li>\n<\/ul>\n<\/li>\n<li data-sourcepos=\"11:1-14:0\"><strong>B\u1ea3o v\u1ec7 t\u1ed1i \u01b0u:<\/strong>\n<ul data-sourcepos=\"12:5-14:0\">\n<li data-sourcepos=\"12:5-12:139\">Mobilgard 412 cung c\u1ea5p kh\u1ea3 n\u0103ng b\u1ea3o v\u1ec7 tuy\u1ec7t v\u1eddi ch\u1ed1ng l\u1ea1i s\u1ef1 h\u00ecnh th\u00e0nh c\u1eb7n b\u00e1m, gi\u00fap gi\u1eef cho \u0111\u1ed9ng c\u01a1 s\u1ea1ch s\u1ebd v\u00e0 ho\u1ea1t \u0111\u1ed9ng hi\u1ec7u qu\u1ea3.<\/li>\n<li data-sourcepos=\"13:5-14:0\">\u0110\u1eb7c t\u00ednh t\u00e1ch n\u01b0\u1edbc t\u1ed1t.<\/li>\n<\/ul>\n<\/li>\n<\/ul>\n<p data-sourcepos=\"15:1-15:13\"><strong>\u1ee8ng d\u1ee5ng:<\/strong><\/p>\n<p data-sourcepos=\"15:1-15:13\"><strong><img decoding=\"async\" alt=\"D\u1ea7u Mobilgard 412 (208L\/phuy)\" data-thumb=\"large\" original-height=\"499\" original-width=\"476\" src=\"https:\/\/yenhung.com\/wp-content\/uploads\/2025\/11\/mobile-412-3-1.jpg\" title=\"mobile-412-3-1\"><\/strong><\/p>\n<ul data-sourcepos=\"17:1-23:0\">\n<li data-sourcepos=\"17:1-23:0\">Mobilgard 412 \u0111\u01b0\u1ee3c khuy\u1ebfn ngh\u1ecb s\u1eed d\u1ee5ng cho c\u00e1c \u0111\u1ed9ng c\u01a1 diesel trung t\u1ed1c trong c\u00e1c \u1ee9ng d\u1ee5ng h\u00e0ng h\u1ea3i, ch\u1eb3ng h\u1ea1n nh\u01b0:\n<ul data-sourcepos=\"18:5-23:0\">\n<li data-sourcepos=\"18:5-18:17\">T\u00e0u \u0111\u00e1nh c\u00e1<\/li>\n<li data-sourcepos=\"19:5-19:13\">T\u00e0u k\u00e9o<\/li>\n<li data-sourcepos=\"20:5-20:18\">T\u00e0u ch\u1edf h\u00e0ng<\/li>\n<li data-sourcepos=\"21:5-21:49\">C\u00e1c \u0111\u1ed9ng c\u01a1 \u0111\u1eddi m\u1edbi, ho\u1ea1t \u0111\u1ed9ng kh\u1eafc nghi\u1ec7t.<\/li>\n<li data-sourcepos=\"22:5-23:0\">V\u00e0 trong nhi\u1ec1u ki\u1ec3u \u0111\u1ed9ng c\u01a1 trung t\u1ed1c.<\/li>\n<\/ul>\n<\/li>\n<\/ul>\n<p data-sourcepos=\"24:1-24:12\"><strong>L\u1ee3i \u00edch:<\/strong><\/p>\n<ul data-sourcepos=\"26:1-30:0\">\n<li data-sourcepos=\"26:1-26:26\">K\u00e9o d\u00e0i tu\u1ed5i th\u1ecd \u0111\u1ed9ng c\u01a1<\/li>\n<li data-sourcepos=\"27:1-27:22\">Gi\u1ea3m chi ph\u00ed b\u1ea3o tr\u00ec<\/li>\n<li data-sourcepos=\"28:1-28:29\">C\u1ea3i thi\u1ec7n hi\u1ec7u su\u1ea5t \u0111\u1ed9ng c\u01a1<\/li>\n<li data-sourcepos=\"29:1-30:0\">T\u0103ng tu\u1ed5i th\u1ecd d\u1ea7u v\u00e0 l\u00e0m s\u1ea1ch \u0111\u1ed9ng c\u01a1.<\/li>\n<\/ul>\n<p data-sourcepos=\"31:1-31:28\"><strong>Th\u00f4ng s\u1ed1 k\u1ef9 thu\u1eadt ch\u00ednh:<\/strong><\/p>\n<ul data-sourcepos=\"33:1-37:0\">\n<li data-sourcepos=\"33:1-33:17\">C\u1ea5p nh\u1edbt SAE 40<\/li>\n<li data-sourcepos=\"34:1-34:30\">T\u1ef7 tr\u1ecdng ri\u00eang \u1edf 15\u00baC: 0.899<\/li>\n<li data-sourcepos=\"35:1-35:36\">\u0110i\u1ec3m ch\u1edbp ch\u00e1y, \u00baC, ASTM D 92: 272<\/li>\n<li data-sourcepos=\"36:1-37:0\">\u0110i\u1ec3m \u0111\u00f4ng \u0111\u1eb7c, \u00baC, ASTM D 97: -9<\/li>\n<\/ul>\n<p data-sourcepos=\"38:1-38:22\"><strong>L\u01b0u \u00fd khi s\u1eed d\u1ee5ng:<\/strong><\/p>\n<p data-sourcepos=\"38:1-38:22\"><strong><img decoding=\"async\" alt=\"D\u1ea7u Mobilgard 412 (208L\/phuy)\" data-thumb=\"large\" original-height=\"760\" original-width=\"569\" src=\"https:\/\/yenhung.com\/wp-content\/uploads\/2025\/11\/mobilgard-412-lubricating-oil-1-1.jpg\" title=\"mobilgard-412-lubricating-oil-1-1\"><\/strong><\/p>\n<ul data-sourcepos=\"40:1-42:0\">\n<li data-sourcepos=\"40:1-40:74\">Tu\u00e2n th\u1ee7 h\u01b0\u1edbng d\u1eabn c\u1ee7a nh\u00e0 s\u1ea3n xu\u1ea5t \u0111\u1ed9ng c\u01a1 v\u1ec1 vi\u1ec7c s\u1eed d\u1ee5ng v\u00e0 thay d\u1ea7u.<\/li>\n<li data-sourcepos=\"41:1-42:0\">B\u1ea3o qu\u1ea3n d\u1ea7u \u1edf n\u01a1i kh\u00f4 r\u00e1o, tho\u00e1ng m\u00e1t, tr\u00e1nh \u00e1nh n\u1eafng tr\u1ef1c ti\u1ebfp.<\/li>\n<\/ul>\n<p><strong>Th\u00f4ng tin li\u00ean h\u1ec7\u00a0<\/strong><\/p>\n<p><strong>C\u00d4NG TY TNHH TH\u01af\u01a0NG M\u1ea0I D\u1ecaCH V\u1ee4 SUN COMMERCIAL \u2013 SUN COMMERCIAL SERVICE TRADING CO., LTD<\/strong><\/p>\n<p>\u2013 M\u00e3 s\u1ed1 thu\u1ebf: 0316694604<\/p>\n<p>\u2013 S\u0110T: 090 666 5927\u00a0<\/p>\n<p>\u2013 \u0110\u1ecba ch\u1ec9: 118\/8 Hu\u1ef3nh Thi\u1ec7n L\u1ed9c, Ph\u01b0\u1eddng Ho\u00e0 Th\u1ea1nh, Qu\u1eadn T\u00e2n Ph\u00fa, TP. H\u1ed3 Ch\u00ed Minh<\/p>\n<\/p><\/div>\n","protected":false},"excerpt":{"rendered":"<p>T\u00ean sa\u0309n ph\u00e2\u0309m:\u00a0D\u1ea7u Mobilgard 412<\/p>\n","protected":false},"featured_media":8206,"comment_status":"closed","ping_status":"closed","template":"","meta":[],"product_brand":[],"product_cat":[165],"product_tag":[],"class_list":{"0":"post-8205","1":"product","2":"type-product","3":"status-publish","4":"has-post-thumbnail","6":"product_cat-mobil","8":"first","9":"instock","10":"shipping-taxable","11":"purchasable","12":"product-type-simple"},"_links":{"self":[{"href":"https:\/\/yenhung.com\/index.php?rest_route=\/wp\/v2\/product\/8205","targetHints":{"allow":["GET"]}}],"collection":[{"href":"https:\/\/yenhung.com\/index.php?rest_route=\/wp\/v2\/product"}],"about":[{"href":"https:\/\/yenhung.com\/index.php?rest_route=\/wp\/v2\/types\/product"}],"replies":[{"embeddable":true,"href":"https:\/\/yenhung.com\/index.php?rest_route=%2Fwp%2Fv2%2Fcomments&post=8205"}],"wp:featuredmedia":[{"embeddable":true,"href":"https:\/\/yenhung.com\/index.php?rest_route=\/wp\/v2\/media\/8206"}],"wp:attachment":[{"href":"https:\/\/yenhung.com\/index.php?rest_route=%2Fwp%2Fv2%2Fmedia&parent=8205"}],"wp:term":[{"taxonomy":"product_brand","embeddable":true,"href":"https:\/\/yenhung.com\/index.php?rest_route=%2Fwp%2Fv2%2Fproduct_brand&post=8205"},{"taxonomy":"product_cat","embeddable":true,"href":"https:\/\/yenhung.com\/index.php?rest_route=%2Fwp%2Fv2%2Fproduct_cat&post=8205"},{"taxonomy":"product_tag","embeddable":true,"href":"https:\/\/yenhung.com\/index.php?rest_route=%2Fwp%2Fv2%2Fproduct_tag&post=8205"}],"curies":[{"name":"wp","href":"https:\/\/api.w.org\/{rel}","templated":true}]}}