{"id":8221,"date":"2025-11-10T08:38:21","date_gmt":"2025-11-10T08:38:21","guid":{"rendered":"https:\/\/yenhung.com\/?product=dau-mobil-rarus-827-18-9l-xo"},"modified":"2026-02-10T09:09:26","modified_gmt":"2026-02-10T09:09:26","slug":"dau-mobil-rarus-827-18-9l-xo","status":"publish","type":"product","link":"https:\/\/yenhung.com\/?product=dau-mobil-rarus-827-18-9l-xo","title":{"rendered":"D\u1ea7u MOBIL RARUS 827 (18.9L\/x\u00f4)"},"content":{"rendered":"<div class=\"ba-text-fpt\">\n<h2 data-sourcepos=\"1:1-1:223\"><strong>D\u1ea7u MOBIL RARUS 827 (18.9L\/x\u00f4)<\/strong><\/h2>\n<h2 data-sourcepos=\"1:1-1:223\"><strong><img decoding=\"async\" title=\"mobil-rarus-827-2\" src=\"https:\/\/yenhung.com\/wp-content\/uploads\/2025\/11\/mobil-rarus-827-2.jpg\" alt=\"D\u1ea7u MOBIL RARUS 827 (18.9L\/x\u00f4)\" data-thumb=\"large\" \/><\/strong><\/h2>\n<p data-sourcepos=\"1:1-1:223\">Mobil Rarus 827 l\u00e0 m\u1ed9t lo\u1ea1i d\u1ea7u m\u00e1y n\u00e9n kh\u00ed t\u1ed5ng h\u1ee3p hi\u1ec7u su\u1ea5t cao, \u0111\u01b0\u1ee3c thi\u1ebft k\u1ebf \u0111\u1eb7c bi\u1ec7t \u0111\u1ec3 b\u00f4i tr\u01a1n c\u00e1c m\u00e1y n\u00e9n kh\u00ed piston trong c\u00e1c \u1ee9ng d\u1ee5ng c\u00f4ng nghi\u1ec7p v\u00e0 h\u00e0ng h\u1ea3i. D\u01b0\u1edbi \u0111\u00e2y l\u00e0 nh\u1eefng th\u00f4ng tin chi ti\u1ebft v\u1ec1 s\u1ea3n ph\u1ea9m n\u00e0y:<\/p>\n<p data-sourcepos=\"3:1-3:21\"><strong>\u0110\u1eb7c \u0111i\u1ec3m n\u1ed5i b\u1eadt:<\/strong><\/p>\n<p data-sourcepos=\"3:1-3:21\"><strong><img decoding=\"async\" title=\"dau-mobil-rarus-827-18-9l-2-1\" src=\"https:\/\/yenhung.com\/wp-content\/uploads\/2025\/11\/dau-mobil-rarus-827-18-9l-2-1.jpg\" alt=\"D\u1ea7u MOBIL RARUS 827 (18.9L\/x\u00f4)\" data-thumb=\"large\" \/><\/strong><\/p>\n<ul data-sourcepos=\"5:1-17:0\">\n<li data-sourcepos=\"5:1-6:134\"><strong>D\u1ea7u g\u1ed1c t\u1ed5ng h\u1ee3p:<\/strong>\n<ul data-sourcepos=\"6:5-6:134\">\n<li data-sourcepos=\"6:5-6:134\">Mobil Rarus 827 \u0111\u01b0\u1ee3c pha ch\u1ebf t\u1eeb d\u1ea7u g\u1ed1c t\u1ed5ng h\u1ee3p, mang l\u1ea1i kh\u1ea3 n\u0103ng ch\u1ed1ng oxy h\u00f3a v\u00e0 ch\u1ecbu nhi\u1ec7t v\u01b0\u1ee3t tr\u1ed9i so v\u1edbi d\u1ea7u g\u1ed1c kho\u00e1ng.<\/li>\n<\/ul>\n<\/li>\n<li data-sourcepos=\"7:1-10:29\"><strong>Hi\u1ec7u su\u1ea5t cao:<\/strong>\n<ul data-sourcepos=\"8:5-10:29\">\n<li data-sourcepos=\"8:5-8:113\">D\u1ea7u cung c\u1ea5p kh\u1ea3 n\u0103ng b\u00f4i tr\u01a1n t\u1ed1i \u01b0u, gi\u00fap gi\u1ea3m thi\u1ec3u ma s\u00e1t v\u00e0 m\u00e0i m\u00f2n, k\u00e9o d\u00e0i tu\u1ed5i th\u1ecd c\u1ee7a m\u00e1y n\u00e9n kh\u00ed.<\/li>\n<li data-sourcepos=\"9:5-9:95\">Gi\u1ea3m thi\u1ec3u s\u1ef1 h\u00ecnh th\u00e0nh c\u1eb7n b\u00e1m, gi\u00fap gi\u1eef cho m\u00e1y n\u00e9n kh\u00ed s\u1ea1ch s\u1ebd v\u00e0 ho\u1ea1t \u0111\u1ed9ng hi\u1ec7u qu\u1ea3.<\/li>\n<li data-sourcepos=\"10:5-10:29\">\u0110\u1eb7c t\u00ednh t\u00e1ch n\u01b0\u1edbc t\u1ed1t.<\/li>\n<\/ul>\n<\/li>\n<li data-sourcepos=\"11:1-13:70\"><strong>An to\u00e0n:<\/strong>\n<ul data-sourcepos=\"12:5-13:70\">\n<li data-sourcepos=\"12:5-12:70\">Gi\u1ea3m \u0111\u00e1ng k\u1ec3 nguy c\u01a1 ch\u00e1y n\u1ed5 so v\u1edbi c\u00e1c s\u1ea3n ph\u1ea9m g\u1ed1c d\u1ea7u kho\u00e1ng.<\/li>\n<li data-sourcepos=\"13:5-13:70\">Nhi\u1ec7t \u0111\u1ed9 t\u1ef1 b\u1ed1c ch\u00e1y cao gi\u00fap c\u1ea3i thi\u1ec7n hi\u1ec7u su\u1ea5t v\u00e0 \u0111\u1ed9 an to\u00e0n.<\/li>\n<\/ul>\n<\/li>\n<li data-sourcepos=\"14:1-17:0\"><strong>T\u00ednh linh ho\u1ea1t:<\/strong>\n<ul data-sourcepos=\"15:5-17:0\">\n<li data-sourcepos=\"15:5-15:51\">Ph\u00f9 h\u1ee3p cho c\u1ea3 m\u00e1y n\u00e9n kh\u00ed \u0111\u01a1n c\u1ea5p v\u00e0 \u0111a c\u1ea5p.<\/li>\n<li data-sourcepos=\"16:5-17:0\">Kh\u1ea3 n\u0103ng ch\u1ecbu t\u1ea3i cao.<\/li>\n<\/ul>\n<\/li>\n<\/ul>\n<p data-sourcepos=\"18:1-18:13\"><strong>\u1ee8ng d\u1ee5ng:<\/strong><\/p>\n<p data-sourcepos=\"18:1-18:13\"><strong><img decoding=\"async\" title=\"dau-mobil-rarus-827-18-9l-1-1\" src=\"https:\/\/yenhung.com\/wp-content\/uploads\/2025\/11\/dau-mobil-rarus-827-18-9l-1-1.jpg\" alt=\"D\u1ea7u MOBIL RARUS 827 (18.9L\/x\u00f4)\" data-thumb=\"large\" \/><\/strong>\n<\/p>\n<ul data-sourcepos=\"20:1-24:0\">\n<li data-sourcepos=\"20:1-24:0\">Mobil Rarus 827 \u0111\u01b0\u1ee3c khuy\u1ebfn ngh\u1ecb s\u1eed d\u1ee5ng cho c\u00e1c m\u00e1y n\u00e9n kh\u00ed piston trong c\u00e1c \u1ee9ng d\u1ee5ng sau:\n<ul data-sourcepos=\"21:5-24:0\">\n<li data-sourcepos=\"21:5-21:30\">M\u00e1y n\u00e9n kh\u00ed c\u00f4ng nghi\u1ec7p.<\/li>\n<li data-sourcepos=\"22:5-22:27\">M\u00e1y n\u00e9n kh\u00ed h\u00e0ng h\u1ea3i.<\/li>\n<li data-sourcepos=\"23:5-24:0\">C\u00e1c n\u01a1i c\u00f3 ti\u1ec1n s\u1eed d\u1ea7u b\u1ecb bi\u1ebfn ch\u1ea5t qu\u00e1 m\u1ee9c, hi\u1ec7u su\u1ea5t van k\u00e9m ho\u1eb7c t\u1ea1o c\u1eb7n.<\/li>\n<\/ul>\n<\/li>\n<\/ul>\n<p data-sourcepos=\"25:1-25:12\"><strong>L\u1ee3i \u00edch:<\/strong><\/p>\n<ul data-sourcepos=\"27:1-32:0\">\n<li data-sourcepos=\"27:1-27:31\">K\u00e9o d\u00e0i tu\u1ed5i th\u1ecd m\u00e1y n\u00e9n kh\u00ed.<\/li>\n<li data-sourcepos=\"28:1-28:23\">Gi\u1ea3m chi ph\u00ed b\u1ea3o tr\u00ec.<\/li>\n<li data-sourcepos=\"29:1-29:34\">C\u1ea3i thi\u1ec7n hi\u1ec7u su\u1ea5t m\u00e1y n\u00e9n kh\u00ed.<\/li>\n<li data-sourcepos=\"30:1-30:23\">C\u1ea3i thi\u1ec7n \u0111\u1ed9 an to\u00e0n.<\/li>\n<li data-sourcepos=\"31:1-32:0\">Gi\u1ea3m thi\u1ec3u s\u1ef1 h\u00ecnh th\u00e0nh c\u1eb7n l\u1eafng.<\/li>\n<\/ul>\n<p data-sourcepos=\"33:1-33:28\"><strong>Th\u00f4ng s\u1ed1 k\u1ef9 thu\u1eadt ch\u00ednh:<\/strong><\/p>\n<ul data-sourcepos=\"35:1-37:0\">\n<li data-sourcepos=\"35:1-35:19\">D\u1ea7u g\u1ed1c t\u1ed5ng h\u1ee3p.<\/li>\n<li data-sourcepos=\"36:1-37:0\">\u0110\u1ed9 nh\u1edbt ISO VG 100.<\/li>\n<\/ul>\n<p data-sourcepos=\"38:1-38:22\"><strong>L\u01b0u \u00fd khi s\u1eed d\u1ee5ng:<\/strong><\/p>\n<ul data-sourcepos=\"40:1-43:0\">\n<li data-sourcepos=\"40:1-40:78\">Tu\u00e2n th\u1ee7 h\u01b0\u1edbng d\u1eabn c\u1ee7a nh\u00e0 s\u1ea3n xu\u1ea5t m\u00e1y n\u00e9n kh\u00ed v\u1ec1 vi\u1ec7c s\u1eed d\u1ee5ng v\u00e0 thay d\u1ea7u.<\/li>\n<li data-sourcepos=\"41:1-41:67\">B\u1ea3o qu\u1ea3n d\u1ea7u \u1edf n\u01a1i kh\u00f4 r\u00e1o, tho\u00e1ng m\u00e1t, tr\u00e1nh \u00e1nh n\u1eafng tr\u1ef1c ti\u1ebfp.<\/li>\n<li data-sourcepos=\"42:1-43:0\">Kh\u00f4ng d\u00f9ng cho m\u00e1y n\u00e9n kh\u00ed th\u1edf.<\/li>\n<\/ul>\n<\/div>\n","protected":false},"excerpt":{"rendered":"<p>T\u00ean sa\u0309n ph\u00e2\u0309m:\u00a0MOBIL RARUS 827<\/p>\n","protected":false},"featured_media":8222,"comment_status":"closed","ping_status":"closed","template":"","meta":[],"product_brand":[],"product_cat":[165],"product_tag":[],"class_list":{"0":"post-8221","1":"product","2":"type-product","3":"status-publish","4":"has-post-thumbnail","6":"product_cat-mobil","8":"first","9":"instock","10":"shipping-taxable","11":"product-type-simple"},"_links":{"self":[{"href":"https:\/\/yenhung.com\/index.php?rest_route=\/wp\/v2\/product\/8221","targetHints":{"allow":["GET"]}}],"collection":[{"href":"https:\/\/yenhung.com\/index.php?rest_route=\/wp\/v2\/product"}],"about":[{"href":"https:\/\/yenhung.com\/index.php?rest_route=\/wp\/v2\/types\/product"}],"replies":[{"embeddable":true,"href":"https:\/\/yenhung.com\/index.php?rest_route=%2Fwp%2Fv2%2Fcomments&post=8221"}],"wp:featuredmedia":[{"embeddable":true,"href":"https:\/\/yenhung.com\/index.php?rest_route=\/wp\/v2\/media\/8222"}],"wp:attachment":[{"href":"https:\/\/yenhung.com\/index.php?rest_route=%2Fwp%2Fv2%2Fmedia&parent=8221"}],"wp:term":[{"taxonomy":"product_brand","embeddable":true,"href":"https:\/\/yenhung.com\/index.php?rest_route=%2Fwp%2Fv2%2Fproduct_brand&post=8221"},{"taxonomy":"product_cat","embeddable":true,"href":"https:\/\/yenhung.com\/index.php?rest_route=%2Fwp%2Fv2%2Fproduct_cat&post=8221"},{"taxonomy":"product_tag","embeddable":true,"href":"https:\/\/yenhung.com\/index.php?rest_route=%2Fwp%2Fv2%2Fproduct_tag&post=8221"}],"curies":[{"name":"wp","href":"https:\/\/api.w.org\/{rel}","templated":true}]}}