{"id":8237,"date":"2025-11-10T08:38:33","date_gmt":"2025-11-10T08:38:33","guid":{"rendered":"https:\/\/yenhung.com\/?product=dau-mobil-rarus-shc-1025-20l"},"modified":"2026-02-10T09:01:30","modified_gmt":"2026-02-10T09:01:30","slug":"dau-mobil-rarus-shc-1025-20l","status":"publish","type":"product","link":"https:\/\/yenhung.com\/?product=dau-mobil-rarus-shc-1025-20l","title":{"rendered":"D\u1ea7u MOBIL RARUS SHC 1025 &#8211; 20L"},"content":{"rendered":"<div class=\"ba-text-fpt\">\n<h2 data-sourcepos=\"1:1-1:209\"><strong>D\u1ea7u MOBIL RARUS SHC 1025 &#8211; 20L<\/strong><\/h2>\n<p data-sourcepos=\"1:1-1:209\">MOBIL RARUS SHC 1025 l\u00e0 m\u1ed9t lo\u1ea1i d\u1ea7u m\u00e1y n\u00e9n kh\u00ed t\u1ed5ng h\u1ee3p hi\u1ec7u su\u1ea5t cao, \u0111\u01b0\u1ee3c thi\u1ebft k\u1ebf \u0111\u1ec3 \u0111\u00e1p \u1ee9ng c\u00e1c y\u00eau c\u1ea7u kh\u1eaft khe c\u1ee7a c\u00e1c nh\u00e0 s\u1ea3n xu\u1ea5t m\u00e1y n\u00e9n kh\u00ed h\u00e0ng \u0111\u1ea7u. D\u01b0\u1edbi \u0111\u00e2y l\u00e0 th\u00f4ng tin chi ti\u1ebft v\u1ec1 s\u1ea3n ph\u1ea9m n\u00e0y:<\/p>\n<p data-sourcepos=\"1:1-1:209\"><img decoding=\"async\" title=\"mobil-rarus-shc-1025-2\" src=\"https:\/\/yenhung.com\/wp-content\/uploads\/2025\/11\/mobil-rarus-shc-1025-2.jpg\" alt=\"MOBIL RARUS SHC 1025\" data-thumb=\"large\" \/><\/p>\n<p data-sourcepos=\"3:1-3:21\"><strong>\u0110\u1eb7c \u0111i\u1ec3m n\u1ed5i b\u1eadt:<\/strong><\/p>\n<ul data-sourcepos=\"5:1-16:0\">\n<li data-sourcepos=\"5:1-6:136\"><strong>D\u1ea7u g\u1ed1c t\u1ed5ng h\u1ee3p:<\/strong>\n<ul data-sourcepos=\"6:5-6:136\">\n<li data-sourcepos=\"6:5-6:136\">Mobil Rarus SHC 1025 \u0111\u01b0\u1ee3c pha ch\u1ebf t\u1eeb d\u1ea7u g\u1ed1c t\u1ed5ng h\u1ee3p, mang l\u1ea1i \u0111\u1ed9 \u1ed5n \u0111\u1ecbnh nhi\u1ec7t v\u00e0 ch\u1ed1ng oxy h\u00f3a v\u01b0\u1ee3t tr\u1ed9i so v\u1edbi d\u1ea7u g\u1ed1c kho\u00e1ng.<\/li>\n<\/ul>\n<\/li>\n<li data-sourcepos=\"7:1-9:101\"><strong>Hi\u1ec7u su\u1ea5t cao:<\/strong>\n<ul data-sourcepos=\"8:5-9:101\">\n<li data-sourcepos=\"8:5-8:114\">D\u1ea7u cung c\u1ea5p kh\u1ea3 n\u0103ng b\u00f4i tr\u01a1n tuy\u1ec7t v\u1eddi, gi\u00fap b\u1ea3o v\u1ec7 m\u00e1y n\u00e9n kh\u00ed kh\u1ecfi m\u00e0i m\u00f2n v\u00e0 k\u00e9o d\u00e0i tu\u1ed5i th\u1ecd thi\u1ebft b\u1ecb.<\/li>\n<li data-sourcepos=\"9:5-9:101\">Gi\u1ea3m thi\u1ec3u s\u1ef1 h\u00ecnh th\u00e0nh c\u1eb7n b\u1ea9n v\u00e0 c\u1eb7n b\u00f9n, \u0111\u1ea3m b\u1ea3o m\u00e1y n\u00e9n kh\u00ed ho\u1ea1t \u0111\u1ed9ng \u1ed5n \u0111\u1ecbnh v\u00e0 hi\u1ec7u qu\u1ea3.<\/li>\n<\/ul>\n<\/li>\n<li data-sourcepos=\"10:1-11:124\"><strong>K\u00e9o d\u00e0i tu\u1ed5i th\u1ecd d\u1ea7u:<\/strong>\n<ul data-sourcepos=\"11:5-11:124\">\n<li data-sourcepos=\"11:5-11:124\">C\u00f4ng th\u1ee9c \u0111\u1eb7c bi\u1ec7t gi\u00fap k\u00e9o d\u00e0i th\u1eddi gian thay d\u1ea7u, gi\u1ea3m chi ph\u00ed b\u1ea3o tr\u00ec v\u00e0 th\u1eddi gian ng\u1eebng ho\u1ea1t \u0111\u1ed9ng c\u1ee7a m\u00e1y n\u00e9n kh\u00ed.<\/li>\n<\/ul>\n<\/li>\n<li data-sourcepos=\"12:1-13:165\"><strong>Kh\u1ea3 n\u0103ng ch\u1ecbu nhi\u1ec7t cao:<\/strong>\n<ul data-sourcepos=\"13:5-13:165\">\n<li data-sourcepos=\"13:5-13:165\">Mobil Rarus SHC 1025 \u0111\u01b0\u1ee3c khuy\u1ebfn ngh\u1ecb cho c\u00e1c m\u00e1y n\u00e9n tr\u1ee5c v\u00edt v\u00e0 m\u00e1y n\u00e9n c\u00e1nh g\u1ea1t. M\u00e1y n\u00e9n v\u1eadn h\u00e0nh \u1edf nhi\u1ec7t \u0111\u1ed9 cao li\u00ean t\u1ee5c v\u1edbi nhi\u1ec7t \u0111\u1ed9 kh\u00ed x\u1ea3 l\u00ean t\u1edbi 200oC.<\/li>\n<\/ul>\n<\/li>\n<li data-sourcepos=\"14:1-16:0\"><strong>\u1ee8ng d\u1ee5ng \u0111a d\u1ea1ng:<\/strong>\n<ul data-sourcepos=\"15:5-16:0\">\n<li data-sourcepos=\"15:5-16:0\">Ph\u00f9 h\u1ee3p v\u1edbi nhi\u1ec1u lo\u1ea1i m\u00e1y n\u00e9n kh\u00ed, \u0111\u1eb7c bi\u1ec7t l\u00e0 m\u00e1y n\u00e9n kh\u00ed tr\u1ee5c v\u00edt v\u00e0 c\u00e1nh g\u1ea1t ho\u1ea1t \u0111\u1ed9ng trong \u0111i\u1ec1u ki\u1ec7n kh\u1eafc nghi\u1ec7t.<\/li>\n<\/ul>\n<\/li>\n<\/ul>\n<p data-sourcepos=\"17:1-17:22\"><strong>Th\u00f4ng s\u1ed1 k\u1ef9 thu\u1eadt:<\/strong><\/p>\n<p data-sourcepos=\"17:1-17:22\"><strong><img decoding=\"async\" title=\"dau-mobil-rarus-shc-1025-20l-3-1\" src=\"https:\/\/yenhung.com\/wp-content\/uploads\/2025\/11\/dau-mobil-rarus-shc-1025-20l-3-1.jpg\" alt=\"D\u1ea7u MOBIL RARUS SHC 1025 - 20L\" data-thumb=\"large\" \/><\/strong><\/p>\n<ul data-sourcepos=\"19:1-23:0\">\n<li data-sourcepos=\"19:1-19:36\">Lo\u1ea1i d\u1ea7u: D\u1ea7u m\u00e1y n\u00e9n kh\u00ed t\u1ed5ng h\u1ee3p<\/li>\n<li data-sourcepos=\"20:1-20:20\">\u0110\u1ed9 nh\u1edbt: ISO VG 46<\/li>\n<li data-sourcepos=\"21:1-21:19\">G\u1ed1c d\u1ea7u: T\u1ed5ng h\u1ee3p<\/li>\n<li data-sourcepos=\"22:1-23:0\">Th\u01b0\u01a1ng hi\u1ec7u: Mobil<\/li>\n<\/ul>\n<p data-sourcepos=\"24:1-24:13\"><strong>\u1ee8ng d\u1ee5ng:<\/strong><\/p>\n<ul data-sourcepos=\"26:1-29:0\">\n<li data-sourcepos=\"26:1-26:40\">M\u00e1y n\u00e9n kh\u00ed c\u00f4ng nghi\u1ec7p t\u1ea3i tr\u1ecdng n\u1eb7ng<\/li>\n<li data-sourcepos=\"27:1-27:34\">M\u00e1y n\u00e9n kh\u00ed tr\u1ee5c v\u00edt v\u00e0 c\u00e1nh g\u1ea1t<\/li>\n<li data-sourcepos=\"28:1-29:0\">M\u00e1y n\u00e9n kh\u00ed ho\u1ea1t \u0111\u1ed9ng trong m\u00f4i tr\u01b0\u1eddng nhi\u1ec7t \u0111\u1ed9 cao<\/li>\n<\/ul>\n<p data-sourcepos=\"30:1-30:12\"><strong>L\u1ee3i \u00edch:<\/strong><\/p>\n<p data-sourcepos=\"30:1-30:12\"><strong><img decoding=\"async\" title=\"dau-mobil-rarus-shc-1025-20l-2-1\" src=\"https:\/\/yenhung.com\/wp-content\/uploads\/2025\/11\/dau-mobil-rarus-shc-1025-20l-2-1.jpg\" alt=\"D\u1ea7u MOBIL RARUS SHC 1025 - 20L\" data-thumb=\"large\" \/><\/strong><\/p>\n<ul data-sourcepos=\"32:1-37:0\">\n<li data-sourcepos=\"32:1-32:27\">T\u0103ng tu\u1ed5i th\u1ecd m\u00e1y n\u00e9n kh\u00ed<\/li>\n<li data-sourcepos=\"33:1-33:22\">Gi\u1ea3m chi ph\u00ed b\u1ea3o tr\u00ec<\/li>\n<li data-sourcepos=\"34:1-34:26\">T\u0103ng hi\u1ec7u su\u1ea5t ho\u1ea1t \u0111\u1ed9ng<\/li>\n<li data-sourcepos=\"35:1-35:43\">B\u1ea3o v\u1ec7 m\u00e1y n\u00e9n kh\u00ed kh\u1ecfi m\u00e0i m\u00f2n v\u00e0 \u0103n m\u00f2n<\/li>\n<li data-sourcepos=\"36:1-37:0\">Gi\u1ea3m thi\u1ec3u c\u1eb7n b\u1ea9n v\u00e0 c\u1eb7n b\u00f9n.<\/li>\n<\/ul>\n<p data-sourcepos=\"38:1-38:10\"><strong>L\u01b0u \u00fd:<\/strong><\/p>\n<ul data-sourcepos=\"40:1-42:0\">\n<li data-sourcepos=\"40:1-40:88\">Lu\u00f4n tu\u00e2n th\u1ee7 h\u01b0\u1edbng d\u1eabn c\u1ee7a nh\u00e0 s\u1ea3n xu\u1ea5t m\u00e1y n\u00e9n kh\u00ed khi ch\u1ecdn v\u00e0 s\u1eed d\u1ee5ng d\u1ea7u b\u00f4i tr\u01a1n.<\/li>\n<li data-sourcepos=\"41:1-42:0\">N\u00ean tham kh\u1ea3o t\u00e0i li\u1ec7u c\u1ee7a nh\u00e0 s\u1ea3n xu\u1ea5t \u0111\u1ec3 c\u00f3 th\u00f4ng tin chi ti\u1ebft v\u00e0 ch\u00ednh x\u00e1c nh\u1ea5t.<\/li>\n<\/ul>\n<p data-sourcepos=\"43:1-43:164\">MOBIL RARUS SHC 1025 l\u00e0 m\u1ed9t l\u1ef1a ch\u1ecdn tuy\u1ec7t v\u1eddi \u0111\u1ec3 b\u1ea3o v\u1ec7 v\u00e0 t\u1ed1i \u01b0u h\u00f3a hi\u1ec7u su\u1ea5t c\u1ee7a m\u00e1y n\u00e9n kh\u00ed, \u0111\u1eb7c bi\u1ec7t l\u00e0 trong c\u00e1c \u1ee9ng d\u1ee5ng \u0111\u00f2i h\u1ecfi hi\u1ec7u su\u1ea5t cao v\u00e0 \u0111\u1ed9 b\u1ec1n b\u1ec9<\/p>\n<\/div>\n","protected":false},"excerpt":{"rendered":"<p>T\u00ean sa\u0309n ph\u00e2\u0309m:\u00a0MOBIL RARUS SHC 1025<\/p>\n","protected":false},"featured_media":8238,"comment_status":"closed","ping_status":"closed","template":"","meta":[],"product_brand":[],"product_cat":[165],"product_tag":[],"class_list":{"0":"post-8237","1":"product","2":"type-product","3":"status-publish","4":"has-post-thumbnail","6":"product_cat-mobil","8":"first","9":"instock","10":"shipping-taxable","11":"product-type-simple"},"_links":{"self":[{"href":"https:\/\/yenhung.com\/index.php?rest_route=\/wp\/v2\/product\/8237","targetHints":{"allow":["GET"]}}],"collection":[{"href":"https:\/\/yenhung.com\/index.php?rest_route=\/wp\/v2\/product"}],"about":[{"href":"https:\/\/yenhung.com\/index.php?rest_route=\/wp\/v2\/types\/product"}],"replies":[{"embeddable":true,"href":"https:\/\/yenhung.com\/index.php?rest_route=%2Fwp%2Fv2%2Fcomments&post=8237"}],"wp:featuredmedia":[{"embeddable":true,"href":"https:\/\/yenhung.com\/index.php?rest_route=\/wp\/v2\/media\/8238"}],"wp:attachment":[{"href":"https:\/\/yenhung.com\/index.php?rest_route=%2Fwp%2Fv2%2Fmedia&parent=8237"}],"wp:term":[{"taxonomy":"product_brand","embeddable":true,"href":"https:\/\/yenhung.com\/index.php?rest_route=%2Fwp%2Fv2%2Fproduct_brand&post=8237"},{"taxonomy":"product_cat","embeddable":true,"href":"https:\/\/yenhung.com\/index.php?rest_route=%2Fwp%2Fv2%2Fproduct_cat&post=8237"},{"taxonomy":"product_tag","embeddable":true,"href":"https:\/\/yenhung.com\/index.php?rest_route=%2Fwp%2Fv2%2Fproduct_tag&post=8237"}],"curies":[{"name":"wp","href":"https:\/\/api.w.org\/{rel}","templated":true}]}}