{"id":8245,"date":"2025-11-10T08:38:41","date_gmt":"2025-11-10T08:38:41","guid":{"rendered":"https:\/\/yenhung.com\/?product=dau-mobil-rarus-426-20l"},"modified":"2026-02-10T09:01:19","modified_gmt":"2026-02-10T09:01:19","slug":"dau-mobil-rarus-426-20l","status":"publish","type":"product","link":"https:\/\/yenhung.com\/?product=dau-mobil-rarus-426-20l","title":{"rendered":"D\u1ea6U &#8211; MOBIL RARUS 426 &#8211; 20L"},"content":{"rendered":"<div class=\"ba-text-fpt\">\n<h2 data-sourcepos=\"1:1-1:193\"><strong>D\u1ea6U M\u00c1Y N\u00c9N KH\u00cd MOBIL RARUS 426<\/strong><\/h2>\n<p data-sourcepos=\"1:1-1:193\">D\u1ea7u MOBIL RARUS 426 l\u00e0 m\u1ed9t lo\u1ea1i d\u1ea7u m\u00e1y n\u00e9n kh\u00ed cao c\u1ea5p, \u0111\u01b0\u1ee3c thi\u1ebft k\u1ebf \u0111\u1ec3 \u0111\u00e1p \u1ee9ng c\u00e1c y\u00eau c\u1ea7u kh\u1eaft khe c\u1ee7a c\u00e1c nh\u00e0 s\u1ea3n xu\u1ea5t m\u00e1y n\u00e9n kh\u00ed h\u00e0ng \u0111\u1ea7u. D\u01b0\u1edbi \u0111\u00e2y l\u00e0 th\u00f4ng tin chi ti\u1ebft v\u1ec1 s\u1ea3n ph\u1ea9m n\u00e0y:<\/p>\n<p data-sourcepos=\"1:1-1:193\"><img decoding=\"async\" title=\"mobil-rarus-426-2\" src=\"https:\/\/yenhung.com\/wp-content\/uploads\/2025\/11\/mobil-rarus-426-2.jpg\" alt=\"MOBIL RARUS 426\" data-thumb=\"large\" \/><\/p>\n<p data-sourcepos=\"3:1-3:21\"><strong>\u0110\u1eb7c \u0111i\u1ec3m n\u1ed5i b\u1eadt:<\/strong><\/p>\n<ul data-sourcepos=\"5:1-14:0\">\n<li data-sourcepos=\"5:1-7:151\"><strong>Hi\u1ec7u su\u1ea5t cao:<\/strong>\n<ul data-sourcepos=\"6:5-7:151\">\n<li data-sourcepos=\"6:5-6:126\">Mobil Rarus 426 cung c\u1ea5p kh\u1ea3 n\u0103ng b\u00f4i tr\u01a1n v\u01b0\u1ee3t tr\u1ed9i, gi\u00fap b\u1ea3o v\u1ec7 m\u00e1y n\u00e9n kh\u00ed kh\u1ecfi m\u00e0i m\u00f2n v\u00e0 k\u00e9o d\u00e0i tu\u1ed5i th\u1ecd thi\u1ebft b\u1ecb.<\/li>\n<li data-sourcepos=\"7:5-7:151\">D\u1ea7u c\u00f3 \u0111\u1ed9 \u1ed5n \u0111\u1ecbnh nhi\u1ec7t v\u00e0 ch\u1ed1ng oxy h\u00f3a cao, gi\u00fap ng\u0103n ng\u1eeba s\u1ef1 h\u00ecnh th\u00e0nh c\u1eb7n b\u1ea9n v\u00e0 c\u1eb7n b\u00f9n, \u0111\u1ea3m b\u1ea3o m\u00e1y n\u00e9n kh\u00ed ho\u1ea1t \u0111\u1ed9ng \u1ed5n \u0111\u1ecbnh v\u00e0 hi\u1ec7u qu\u1ea3.<\/li>\n<\/ul>\n<\/li>\n<li data-sourcepos=\"8:1-9:144\"><strong>K\u00e9o d\u00e0i tu\u1ed5i th\u1ecd d\u1ea7u:<\/strong>\n<ul data-sourcepos=\"9:5-9:144\">\n<li data-sourcepos=\"9:5-9:144\">C\u00f4ng th\u1ee9c \u0111\u1eb7c bi\u1ec7t c\u1ee7a Mobil Rarus 426 gi\u00fap k\u00e9o d\u00e0i th\u1eddi gian thay d\u1ea7u, gi\u1ea3m chi ph\u00ed b\u1ea3o tr\u00ec v\u00e0 th\u1eddi gian ng\u1eebng ho\u1ea1t \u0111\u1ed9ng c\u1ee7a m\u00e1y n\u00e9n kh\u00ed.<\/li>\n<\/ul>\n<\/li>\n<li data-sourcepos=\"10:1-11:176\"><strong>Kh\u1ea3 n\u0103ng ch\u1ed1ng m\u00e0i m\u00f2n tuy\u1ec7t v\u1eddi:<\/strong>\n<ul data-sourcepos=\"11:5-11:176\">\n<li data-sourcepos=\"11:5-11:176\">D\u1ea7u \u0111\u01b0\u1ee3c pha ch\u1ebf t\u1eeb d\u1ea7u g\u1ed1c kho\u00e1ng tinh l\u1ecdc cao v\u00e0 h\u1ec7 ph\u1ee5 gia ti\u00ean ti\u1ebfn gi\u00fap t\u0103ng c\u01b0\u1eddng t\u00ednh n\u0103ng ch\u1ed1ng m\u00e0i m\u00f2n, gi\u1ea3m thi\u1ec3u s\u1ef1 h\u00ecnh th\u00e0nh c\u1eb7n b\u1ea9n v\u00e0 h\u01b0 h\u1ecfng.<\/li>\n<\/ul>\n<\/li>\n<li data-sourcepos=\"12:1-14:0\"><strong>\u1ee8ng d\u1ee5ng \u0111a d\u1ea1ng:<\/strong>\n<ul data-sourcepos=\"13:5-14:0\">\n<li data-sourcepos=\"13:5-14:0\">Mobil Rarus 426 ph\u00f9 h\u1ee3p v\u1edbi nhi\u1ec1u lo\u1ea1i m\u00e1y n\u00e9n kh\u00ed, bao g\u1ed3m m\u00e1y n\u00e9n kh\u00ed tr\u1ee5c v\u00edt, m\u00e1y n\u00e9n kh\u00ed c\u00e1nh g\u1ea1t v\u00e0 m\u00e1y n\u00e9n kh\u00ed piston.<\/li>\n<\/ul>\n<\/li>\n<\/ul>\n<p data-sourcepos=\"15:1-15:22\"><strong>Th\u00f4ng s\u1ed1 k\u1ef9 thu\u1eadt:<\/strong><\/p>\n<p data-sourcepos=\"15:1-15:22\"><strong><img decoding=\"async\" title=\"dau-may-nen-khi-mobil-rarus-426-2-jpeg-1\" src=\"https:\/\/yenhung.com\/wp-content\/uploads\/2025\/11\/dau-may-nen-khi-mobil-rarus-426-2-jpeg-1.jpg\" alt=\"D\u1ea6U M\u00c1Y N\u00c9N KH\u00cd MOBIL RARUS 426\" data-thumb=\"large\" \/><\/strong><\/p>\n<ul data-sourcepos=\"17:1-24:0\">\n<li data-sourcepos=\"17:1-17:27\">Lo\u1ea1i d\u1ea7u: D\u1ea7u m\u00e1y n\u00e9n kh\u00ed<\/li>\n<li data-sourcepos=\"18:1-18:20\">\u0110\u1ed9 nh\u1edbt: ISO VG 68<\/li>\n<li data-sourcepos=\"19:1-19:21\">G\u1ed1c d\u1ea7u: D\u1ea7u kho\u00e1ng<\/li>\n<li data-sourcepos=\"20:1-20:22\">Tu\u1ed5i th\u1ecd: 3000-4000h<\/li>\n<li data-sourcepos=\"21:1-21:23\">Quy c\u00e1ch: X\u00f4 nh\u1ef1a 20L<\/li>\n<li data-sourcepos=\"22:1-22:20\">Th\u01b0\u01a1ng hi\u1ec7u: Mobil<\/li>\n<li data-sourcepos=\"23:1-24:0\">Xu\u1ea5t x\u1ee9: Vi\u1ec7t Nam.<\/li>\n<\/ul>\n<p data-sourcepos=\"25:1-25:13\"><strong>\u1ee8ng d\u1ee5ng:<\/strong><\/p>\n<ul data-sourcepos=\"27:1-33:0\">\n<li data-sourcepos=\"27:1-27:25\">M\u00e1y n\u00e9n kh\u00ed c\u00f4ng nghi\u1ec7p<\/li>\n<li data-sourcepos=\"28:1-28:34\">M\u00e1y n\u00e9n kh\u00ed trong ng\u00e0nh s\u1ea3n xu\u1ea5t<\/li>\n<li data-sourcepos=\"29:1-29:34\">M\u00e1y n\u00e9n kh\u00ed trong ng\u00e0nh x\u00e2y d\u1ef1ng<\/li>\n<li data-sourcepos=\"30:1-30:75\">D\u1ea7u \u0111\u01b0\u1ee3c khuy\u1ebfn ngh\u1ecb s\u1eed d\u1ee5ng cho c\u00e1c m\u00e1y n\u00e9n kh\u00ed \u0111\u01a1n c\u1ea5p v\u00e0 \u0111a c\u1ea5p.<\/li>\n<li data-sourcepos=\"31:1-31:115\">D\u1ea7u c\u00f3 kh\u1ea3 n\u0103ng ho\u1ea1t \u0111\u1ed9ng li\u00ean t\u1ee5c \u1edf nhi\u1ec7t \u0111\u1ed9 cao. Nhi\u1ec7t \u0111\u1ed9 kh\u00ed n\u00e9n t\u1ed1i \u0111a theo ti\u00eau chu\u1ea9n Din 51506 l\u00e0 220 \u0111\u1ed9 C.<\/li>\n<li data-sourcepos=\"32:1-33:0\">D\u1ea7u c\u00f3 t\u00ednh t\u01b0\u01a1ng th\u00edch v\u1edbi t\u1ea5t c\u1ea3 c\u00e1c lo\u1ea1i kim lo\u1ea1i d\u00f9ng \u0111\u1ec3 s\u1ea3n xu\u1ea5t m\u00e1y n\u00e9n.<\/li>\n<\/ul>\n<p data-sourcepos=\"34:1-34:12\"><strong>L\u1ee3i \u00edch:<\/strong><\/p>\n<p data-sourcepos=\"34:1-34:12\"><strong><img decoding=\"async\" title=\"dau-may-nen-khi-mobil-rarus-426-1-1\" src=\"https:\/\/yenhung.com\/wp-content\/uploads\/2025\/11\/dau-may-nen-khi-mobil-rarus-426-1-1.jpg\" alt=\"D\u1ea6U M\u00c1Y N\u00c9N KH\u00cd MOBIL RARUS 426\" data-thumb=\"large\" \/><\/strong><\/p>\n<ul data-sourcepos=\"36:1-40:0\">\n<li data-sourcepos=\"36:1-36:27\">T\u0103ng tu\u1ed5i th\u1ecd m\u00e1y n\u00e9n kh\u00ed<\/li>\n<li data-sourcepos=\"37:1-37:22\">Gi\u1ea3m chi ph\u00ed b\u1ea3o tr\u00ec<\/li>\n<li data-sourcepos=\"38:1-38:26\">T\u0103ng hi\u1ec7u su\u1ea5t ho\u1ea1t \u0111\u1ed9ng<\/li>\n<li data-sourcepos=\"39:1-40:0\">B\u1ea3o v\u1ec7 m\u00e1y n\u00e9n kh\u00ed kh\u1ecfi m\u00e0i m\u00f2n v\u00e0 \u0103n m\u00f2n<\/li>\n<\/ul>\n<p data-sourcepos=\"41:1-41:10\"><strong>L\u01b0u \u00fd:<\/strong><\/p>\n<ul data-sourcepos=\"43:1-45:0\">\n<li data-sourcepos=\"43:1-43:88\">Lu\u00f4n tu\u00e2n th\u1ee7 h\u01b0\u1edbng d\u1eabn c\u1ee7a nh\u00e0 s\u1ea3n xu\u1ea5t m\u00e1y n\u00e9n kh\u00ed khi ch\u1ecdn v\u00e0 s\u1eed d\u1ee5ng d\u1ea7u b\u00f4i tr\u01a1n.<\/li>\n<li data-sourcepos=\"44:1-45:0\">N\u00ean tham kh\u1ea3o t\u00e0i li\u1ec7u c\u1ee7a nh\u00e0 s\u1ea3n xu\u1ea5t \u0111\u1ec3 c\u00f3 th\u00f4ng tin chi ti\u1ebft v\u00e0 ch\u00ednh x\u00e1c nh\u1ea5t.<\/li>\n<\/ul>\n<p data-sourcepos=\"46:1-46:96\">D\u1ea7u MOBIL RARUS 426 l\u00e0 m\u1ed9t l\u1ef1a ch\u1ecdn tuy\u1ec7t v\u1eddi \u0111\u1ec3 b\u1ea3o v\u1ec7 v\u00e0 t\u1ed1i \u01b0u h\u00f3a hi\u1ec7u su\u1ea5t c\u1ee7a m\u00e1y n\u00e9n kh\u00ed.<\/p>\n<\/div>\n","protected":false},"excerpt":{"rendered":"<p>T\u00ean sa\u0309n ph\u00e2\u0309m:\u00a0MOBIL RARUS 426<\/p>\n","protected":false},"featured_media":8246,"comment_status":"closed","ping_status":"closed","template":"","meta":[],"product_brand":[],"product_cat":[165],"product_tag":[],"class_list":{"0":"post-8245","1":"product","2":"type-product","3":"status-publish","4":"has-post-thumbnail","6":"product_cat-mobil","8":"first","9":"instock","10":"shipping-taxable","11":"product-type-simple"},"_links":{"self":[{"href":"https:\/\/yenhung.com\/index.php?rest_route=\/wp\/v2\/product\/8245","targetHints":{"allow":["GET"]}}],"collection":[{"href":"https:\/\/yenhung.com\/index.php?rest_route=\/wp\/v2\/product"}],"about":[{"href":"https:\/\/yenhung.com\/index.php?rest_route=\/wp\/v2\/types\/product"}],"replies":[{"embeddable":true,"href":"https:\/\/yenhung.com\/index.php?rest_route=%2Fwp%2Fv2%2Fcomments&post=8245"}],"wp:featuredmedia":[{"embeddable":true,"href":"https:\/\/yenhung.com\/index.php?rest_route=\/wp\/v2\/media\/8246"}],"wp:attachment":[{"href":"https:\/\/yenhung.com\/index.php?rest_route=%2Fwp%2Fv2%2Fmedia&parent=8245"}],"wp:term":[{"taxonomy":"product_brand","embeddable":true,"href":"https:\/\/yenhung.com\/index.php?rest_route=%2Fwp%2Fv2%2Fproduct_brand&post=8245"},{"taxonomy":"product_cat","embeddable":true,"href":"https:\/\/yenhung.com\/index.php?rest_route=%2Fwp%2Fv2%2Fproduct_cat&post=8245"},{"taxonomy":"product_tag","embeddable":true,"href":"https:\/\/yenhung.com\/index.php?rest_route=%2Fwp%2Fv2%2Fproduct_tag&post=8245"}],"curies":[{"name":"wp","href":"https:\/\/api.w.org\/{rel}","templated":true}]}}