{"id":8253,"date":"2025-11-10T08:38:47","date_gmt":"2025-11-10T08:38:47","guid":{"rendered":"https:\/\/yenhung.com\/?product=dau-mobil-shc-cibus-150-20l"},"modified":"2026-02-10T09:01:07","modified_gmt":"2026-02-10T09:01:07","slug":"dau-mobil-shc-cibus-150-20l","status":"publish","type":"product","link":"https:\/\/yenhung.com\/?product=dau-mobil-shc-cibus-150-20l","title":{"rendered":"D\u1ea7u MOBIL SHC CIBUS 150 20L"},"content":{"rendered":"<div class=\"ba-text-fpt\">\n<h2 data-sourcepos=\"1:1-1:71\"><strong>Mobil SHC Cibus 150: Gi\u1ea3i ph\u00e1p b\u00f4i tr\u01a1n l\u00fd t\u01b0\u1edfng cho ng\u00e0nh th\u1ef1c ph\u1ea9m<\/strong><\/h2>\n<p><img decoding=\"async\" title=\"mobil-shc-cibus-150-2\" src=\"https:\/\/yenhung.com\/wp-content\/uploads\/2025\/11\/mobil-shc-cibus-150-2.jpg\" alt=\"MOBIL SHC CIBUS 150\" data-thumb=\"large\" \/><\/p>\n<p data-sourcepos=\"3:1-3:284\"><strong>Mobil SHC Cibus 150<\/strong> l\u00e0 m\u1ed9t lo\u1ea1i d\u1ea7u b\u00f4i tr\u01a1n t\u1ed5ng h\u1ee3p cao c\u1ea5p, \u0111\u01b0\u1ee3c thi\u1ebft k\u1ebf \u0111\u1eb7c bi\u1ec7t cho c\u00e1c \u1ee9ng d\u1ee5ng trong ng\u00e0nh c\u00f4ng nghi\u1ec7p th\u1ef1c ph\u1ea9m. S\u1ea3n ph\u1ea9m n\u00e0y \u0111\u00e1p \u1ee9ng c\u00e1c ti\u00eau chu\u1ea9n nghi\u00eam ng\u1eb7t v\u1ec1 an to\u00e0n th\u1ef1c ph\u1ea9m v\u00e0 mang l\u1ea1i hi\u1ec7u su\u1ea5t v\u01b0\u1ee3t tr\u1ed9i trong c\u00e1c \u0111i\u1ec1u ki\u1ec7n l\u00e0m vi\u1ec7c kh\u1eafc nghi\u1ec7t.<\/p>\n<h3 data-sourcepos=\"5:1-5:20\">\u0110\u1eb7c \u0111i\u1ec3m n\u1ed5i b\u1eadt<\/h3>\n<p><img decoding=\"async\" title=\"dau-mobil-shc-cibus-150-20l-2-jpeg-1\" src=\"https:\/\/yenhung.com\/wp-content\/uploads\/2025\/11\/dau-mobil-shc-cibus-150-20l-2-jpeg-1.jpg\" alt=\"D\u1ea7u MOBIL SHC CIBUS 150 20L\" data-thumb=\"large\" \/><\/p>\n<ul data-sourcepos=\"7:1-12:0\">\n<li data-sourcepos=\"7:1-7:92\"><strong>An to\u00e0n th\u1ef1c ph\u1ea9m:<\/strong> \u0110\u01b0\u1ee3c ch\u1ee9ng nh\u1eadn NSF H1, \u0111\u1ea3m b\u1ea3o an to\u00e0n khi ti\u1ebfp x\u00fac v\u1edbi th\u1ef1c ph\u1ea9m.<\/li>\n<li data-sourcepos=\"8:1-8:93\"><strong>Kh\u1ea3 n\u0103ng ch\u1ecbu nhi\u1ec7t t\u1ed1t:<\/strong> Ho\u1ea1t \u0111\u1ed9ng \u1ed5n \u0111\u1ecbnh trong kho\u1ea3ng nhi\u1ec7t \u0111\u1ed9 r\u1ed9ng, t\u1eeb th\u1ea5p \u0111\u1ebfn cao.<\/li>\n<li data-sourcepos=\"9:1-9:75\"><strong>Ch\u1ed1ng oxy h\u00f3a:<\/strong> Ng\u0103n ng\u1eeba s\u1ef1 h\u00ecnh th\u00e0nh c\u1eb7n b\u00e1m, k\u00e9o d\u00e0i tu\u1ed5i th\u1ecd d\u1ea7u.<\/li>\n<li data-sourcepos=\"10:1-10:94\"><strong>Kh\u1ea3 n\u0103ng b\u00f4i tr\u01a1n tuy\u1ec7t v\u1eddi:<\/strong> T\u1ea1o m\u1ed9t l\u1edbp m\u00e0ng b\u00f4i tr\u01a1n b\u1ec1n v\u1eefng, gi\u1ea3m ma s\u00e1t v\u00e0 m\u00e0i m\u00f2n.<\/li>\n<li data-sourcepos=\"11:1-12:0\"><strong>Ch\u1ed1ng r\u1ec9 s\u00e9t:<\/strong> B\u1ea3o v\u1ec7 c\u00e1c b\u1ed9 ph\u1eadn m\u00e1y m\u00f3c kh\u1ecfi s\u1ef1 \u0103n m\u00f2n.<\/li>\n<\/ul>\n<h3 data-sourcepos=\"13:1-13:12\">\u1ee8ng d\u1ee5ng<\/h3>\n<p><img decoding=\"async\" title=\"dau-mobil-shc-cibus-150-20l-1-1\" src=\"https:\/\/yenhung.com\/wp-content\/uploads\/2025\/11\/dau-mobil-shc-cibus-150-20l-1-1.jpg\" alt=\"D\u1ea7u MOBIL SHC CIBUS 150 20L\" data-thumb=\"large\" \/><\/p>\n<ul data-sourcepos=\"15:1-17:0\">\n<li data-sourcepos=\"15:1-15:90\"><strong>B\u00f4i tr\u01a1n m\u00e1y m\u00f3c trong ng\u00e0nh th\u1ef1c ph\u1ea9m:<\/strong> M\u00e1y \u0111\u00f3ng g\u00f3i, m\u00e1y tr\u1ed9n, b\u0103ng t\u1ea3i, m\u00e1y c\u1eaft&#8230;<\/li>\n<li data-sourcepos=\"16:1-17:0\"><strong>B\u00f4i tr\u01a1n h\u1ec7 th\u1ed1ng th\u1ee7y l\u1ef1c:<\/strong> S\u1eed d\u1ee5ng trong c\u00e1c h\u1ec7 th\u1ed1ng th\u1ee7y l\u1ef1c trong ng\u00e0nh th\u1ef1c ph\u1ea9m.<\/li>\n<\/ul>\n<\/div>\n","protected":false},"excerpt":{"rendered":"<p>T\u00ean sa\u0309n ph\u00e2\u0309m:\u00a0MOBIL SHC CIBUS 150<\/p>\n","protected":false},"featured_media":8254,"comment_status":"closed","ping_status":"closed","template":"","meta":[],"product_brand":[],"product_cat":[165],"product_tag":[],"class_list":{"0":"post-8253","1":"product","2":"type-product","3":"status-publish","4":"has-post-thumbnail","6":"product_cat-mobil","8":"first","9":"instock","10":"shipping-taxable","11":"product-type-simple"},"_links":{"self":[{"href":"https:\/\/yenhung.com\/index.php?rest_route=\/wp\/v2\/product\/8253","targetHints":{"allow":["GET"]}}],"collection":[{"href":"https:\/\/yenhung.com\/index.php?rest_route=\/wp\/v2\/product"}],"about":[{"href":"https:\/\/yenhung.com\/index.php?rest_route=\/wp\/v2\/types\/product"}],"replies":[{"embeddable":true,"href":"https:\/\/yenhung.com\/index.php?rest_route=%2Fwp%2Fv2%2Fcomments&post=8253"}],"wp:featuredmedia":[{"embeddable":true,"href":"https:\/\/yenhung.com\/index.php?rest_route=\/wp\/v2\/media\/8254"}],"wp:attachment":[{"href":"https:\/\/yenhung.com\/index.php?rest_route=%2Fwp%2Fv2%2Fmedia&parent=8253"}],"wp:term":[{"taxonomy":"product_brand","embeddable":true,"href":"https:\/\/yenhung.com\/index.php?rest_route=%2Fwp%2Fv2%2Fproduct_brand&post=8253"},{"taxonomy":"product_cat","embeddable":true,"href":"https:\/\/yenhung.com\/index.php?rest_route=%2Fwp%2Fv2%2Fproduct_cat&post=8253"},{"taxonomy":"product_tag","embeddable":true,"href":"https:\/\/yenhung.com\/index.php?rest_route=%2Fwp%2Fv2%2Fproduct_tag&post=8253"}],"curies":[{"name":"wp","href":"https:\/\/api.w.org\/{rel}","templated":true}]}}