{"id":8261,"date":"2025-11-10T08:38:53","date_gmt":"2025-11-10T08:38:53","guid":{"rendered":"https:\/\/yenhung.com\/?product=mo-mobiltemp-shc-100-18kg"},"modified":"2026-02-10T09:00:44","modified_gmt":"2026-02-10T09:00:44","slug":"mo-mobiltemp-shc-100-18kg","status":"publish","type":"product","link":"https:\/\/yenhung.com\/?product=mo-mobiltemp-shc-100-18kg","title":{"rendered":"M\u1ee1 Mobiltemp SHC 100 &#8211; 18kg"},"content":{"rendered":"<div class=\"ba-text-fpt\">\n<h2 data-sourcepos=\"1:1-1:60\">Mobiltemp SHC 100: Gi\u1ea3i ph\u00e1p b\u00f4i tr\u01a1n ch\u1ecbu nhi\u1ec7t h\u00e0ng \u0111\u1ea7u<\/h2>\n<p data-sourcepos=\"3:1-3:288\"><img decoding=\"async\" src=\"https:\/\/bizweb.dktcdn.net\/thumb\/grande\/100\/510\/748\/products\/mobiltemp-shc-100.jpg?v=1739764912437\" alt=\"Mobiltemp SHC 100\" data-thumb=\"grande\" \/><\/p>\n<p data-sourcepos=\"3:1-3:288\"><strong>Mobiltemp SHC 100<\/strong> l\u00e0 m\u1ed9t trong nh\u1eefng lo\u1ea1i m\u1ee1 b\u00f4i tr\u01a1n ch\u1ecbu nhi\u1ec7t hi\u1ec7u su\u1ea5t cao h\u00e0ng \u0111\u1ea7u c\u1ee7a Mobil. \u0110\u01b0\u1ee3c pha ch\u1ebf t\u1eeb d\u1ea7u g\u1ed1c t\u1ed5ng h\u1ee3p polyalphaolefin (PAO) k\u1ebft h\u1ee3p v\u1edbi ch\u1ea5t l\u00e0m \u0111\u1eb7c \u0111\u1ea5t s\u00e9t h\u1eefu c\u01a1 kh\u00f4ng x\u00e0 ph\u00f2ng, s\u1ea3n ph\u1ea9m n\u00e0y mang \u0111\u1ebfn hi\u1ec7u su\u1ea5t v\u01b0\u1ee3t tr\u1ed9i trong c\u00e1c \u1ee9ng d\u1ee5ng nhi\u1ec7t \u0111\u1ed9 cao.<\/p>\n<h3 data-sourcepos=\"5:1-5:20\">\u0110\u1eb7c \u0111i\u1ec3m n\u1ed5i b\u1eadt<\/h3>\n<ul data-sourcepos=\"7:1-12:0\">\n<li data-sourcepos=\"7:1-7:210\"><strong>Kh\u1ea3 n\u0103ng ch\u1ecbu nhi\u1ec7t tuy\u1ec7t v\u1eddi:<\/strong> Mobiltemp SHC 100 c\u00f3 th\u1ec3 ho\u1ea1t \u0111\u1ed9ng \u1ed5n \u0111\u1ecbnh trong kho\u1ea3ng nhi\u1ec7t \u0111\u1ed9 r\u1ed9ng, t\u1eeb -30\u00b0C \u0111\u1ebfn 260\u00b0C, gi\u00fap b\u1ea3o v\u1ec7 c\u00e1c b\u1ed9 ph\u1eadn m\u00e1y m\u00f3c kh\u1ecfi s\u1ef1 m\u00e0i m\u00f2n v\u00e0 h\u01b0 h\u1ecfng do nhi\u1ec7t \u0111\u1ed9 cao g\u00e2y ra.<\/li>\n<li data-sourcepos=\"8:1-8:113\"><strong>\u0110\u1ed9 \u1ed5n \u0111\u1ecbnh h\u00f3a h\u1ecdc cao:<\/strong> Ch\u1ed1ng l\u1ea1i s\u1ef1 oxy h\u00f3a, kh\u00f4ng b\u1ecb ph\u00e2n h\u1ee7y b\u1edfi nhi\u1ec7t \u0111\u1ed9 cao ho\u1eb7c c\u00e1c t\u00e1c nh\u00e2n h\u00f3a h\u1ecdc.<\/li>\n<li data-sourcepos=\"9:1-9:103\"><strong>Kh\u1ea3 n\u0103ng b\u00f4i tr\u01a1n tuy\u1ec7t v\u1eddi:<\/strong> T\u1ea1o m\u1ed9t l\u1edbp m\u00e0ng b\u00f4i tr\u01a1n m\u1ecfng, b\u1ec1n b\u1ec9, gi\u00fap gi\u1ea3m ma s\u00e1t v\u00e0 m\u00e0i m\u00f2n.<\/li>\n<li data-sourcepos=\"10:1-10:80\"><strong>Ch\u1ed1ng n\u01b0\u1edbc v\u00e0 h\u01a1i \u1ea9m:<\/strong> B\u1ea3o v\u1ec7 c\u00e1c b\u1ed9 ph\u1eadn kh\u1ecfi s\u1ef1 \u0103n m\u00f2n do n\u01b0\u1edbc v\u00e0 h\u01a1i \u1ea9m.<\/li>\n<li data-sourcepos=\"11:1-12:0\"><strong>T\u00ednh \u0111i\u1ec7n m\u00f4i t\u1ed1t:<\/strong> C\u00f3 th\u1ec3 s\u1eed d\u1ee5ng trong c\u00e1c m\u00f4i tr\u01b0\u1eddng c\u00f3 \u0111i\u1ec7n \u00e1p cao.<\/li>\n<\/ul>\n<h3 data-sourcepos=\"13:1-13:12\">\u1ee8ng d\u1ee5ng<\/h3>\n<p><img decoding=\"async\" title=\"mo-mobiltemp-shc-100-18kg-a-1750299313391-1\" src=\"https:\/\/yenhung.com\/wp-content\/uploads\/2025\/11\/mo-mobiltemp-shc-100-18kg-a-1750299313391-1.jpg\" alt=\"M\u1ee1 Mobiltemp SHC 100 - 18kg\" data-thumb=\"large\" \/><\/p>\n<ul data-sourcepos=\"15:1-18:0\">\n<li data-sourcepos=\"15:1-15:93\"><strong>B\u00f4i tr\u01a1n v\u00f2ng bi:<\/strong> \u0110\u1eb7c bi\u1ec7t th\u00edch h\u1ee3p cho c\u00e1c lo\u1ea1i v\u00f2ng bi k\u00edn ho\u1ea1t \u0111\u1ed9ng \u1edf nhi\u1ec7t \u0111\u1ed9 cao.<\/li>\n<li data-sourcepos=\"16:1-16:147\"><strong>B\u00f4i tr\u01a1n c\u00e1c b\u1ed9 ph\u1eadn chuy\u1ec3n \u0111\u1ed9ng:<\/strong> S\u1eed d\u1ee5ng cho c\u00e1c b\u1ed9 ph\u1eadn chuy\u1ec3n \u0111\u1ed9ng nh\u01b0 tr\u1ee5c, b\u00e1nh r\u0103ng, kh\u1edbp n\u1ed1i trong c\u00e1c \u0111i\u1ec1u ki\u1ec7n nhi\u1ec7t \u0111\u1ed9 kh\u1eafc nghi\u1ec7t.<\/li>\n<li data-sourcepos=\"17:1-18:0\"><strong>Ng\u00e0nh c\u00f4ng nghi\u1ec7p:<\/strong> \u0110\u01b0\u1ee3c s\u1eed d\u1ee5ng r\u1ed9ng r\u00e3i trong c\u00e1c ng\u00e0nh c\u00f4ng nghi\u1ec7p nh\u01b0 luy\u1ec7n kim, h\u00f3a ch\u1ea5t, d\u1ec7t may, gi\u1ea5y.<\/li>\n<\/ul>\n<p>&nbsp;<\/p>\n<\/div>\n","protected":false},"excerpt":{"rendered":"<p>T\u00ean sa\u0309n ph\u00e2\u0309m:\u00a0Mobiltemp SHC 100<\/p>\n","protected":false},"featured_media":8262,"comment_status":"closed","ping_status":"closed","template":"","meta":[],"product_brand":[],"product_cat":[165],"product_tag":[],"class_list":{"0":"post-8261","1":"product","2":"type-product","3":"status-publish","4":"has-post-thumbnail","6":"product_cat-mobil","8":"first","9":"instock","10":"shipping-taxable","11":"product-type-simple"},"_links":{"self":[{"href":"https:\/\/yenhung.com\/index.php?rest_route=\/wp\/v2\/product\/8261","targetHints":{"allow":["GET"]}}],"collection":[{"href":"https:\/\/yenhung.com\/index.php?rest_route=\/wp\/v2\/product"}],"about":[{"href":"https:\/\/yenhung.com\/index.php?rest_route=\/wp\/v2\/types\/product"}],"replies":[{"embeddable":true,"href":"https:\/\/yenhung.com\/index.php?rest_route=%2Fwp%2Fv2%2Fcomments&post=8261"}],"wp:featuredmedia":[{"embeddable":true,"href":"https:\/\/yenhung.com\/index.php?rest_route=\/wp\/v2\/media\/8262"}],"wp:attachment":[{"href":"https:\/\/yenhung.com\/index.php?rest_route=%2Fwp%2Fv2%2Fmedia&parent=8261"}],"wp:term":[{"taxonomy":"product_brand","embeddable":true,"href":"https:\/\/yenhung.com\/index.php?rest_route=%2Fwp%2Fv2%2Fproduct_brand&post=8261"},{"taxonomy":"product_cat","embeddable":true,"href":"https:\/\/yenhung.com\/index.php?rest_route=%2Fwp%2Fv2%2Fproduct_cat&post=8261"},{"taxonomy":"product_tag","embeddable":true,"href":"https:\/\/yenhung.com\/index.php?rest_route=%2Fwp%2Fv2%2Fproduct_tag&post=8261"}],"curies":[{"name":"wp","href":"https:\/\/api.w.org\/{rel}","templated":true}]}}