{"id":8267,"date":"2025-11-10T08:39:00","date_gmt":"2025-11-10T08:39:00","guid":{"rendered":"https:\/\/yenhung.com\/?product=mo-mobilux-ep4-16kg-xo"},"modified":"2026-02-10T09:00:57","modified_gmt":"2026-02-10T09:00:57","slug":"mo-mobilux-ep4-16kg-xo","status":"publish","type":"product","link":"https:\/\/yenhung.com\/?product=mo-mobilux-ep4-16kg-xo","title":{"rendered":"M\u1ee1 Mobilux EP4 (16kg \/ X\u00f4 )"},"content":{"rendered":"<div class=\"ba-text-fpt\">\n<h2 data-sourcepos=\"1:1-1:63\">M\u1ee1 Mobilux EP4 (16kg\/X\u00f4): Gi\u1ea3i ph\u00e1p b\u00f4i tr\u01a1n \u0111a n\u0103ng, b\u1ec1n b\u1ec9<\/h2>\n<p data-sourcepos=\"3:1-3:269\"><strong>M\u1ee1 Mobilux EP4<\/strong> l\u00e0 m\u1ed9t lo\u1ea1i m\u1ee1 \u0111a d\u1ee5ng, \u0111\u01b0\u1ee3c pha ch\u1ebf \u0111\u1ec3 b\u00f4i tr\u01a1n v\u00f2ng bi, b\u1ea1c \u0111\u1ea1n, \u1ed5 tr\u1ee5c b\u00e1nh xe, c\u00e1c kh\u1edbp n\u1ed1i, chassis \u00f4 t\u00f4 v\u00e0 c\u00e1c \u1ee9ng d\u1ee5ng ch\u1ecbu t\u1ea3i shock, rung trong ng\u00e0nh v\u1eadn t\u1ea3i, l\u00e2m nghi\u1ec7p, thi\u1ebft b\u1ecb c\u01a1 gi\u1edbi v\u1eadn h\u00e0nh \u1edf \u0111i\u1ec1u ki\u1ec7n \u1ea9m \u01b0\u1edbt, b\u1ee5i v\u00e0 kh\u00f4. \u00a0<button aria-controls=\"sources\" aria-describedby=\"cdk-describedby-message-ng-1-16\" aria-expanded=\"false\"><\/button><\/p>\n<h3 data-sourcepos=\"5:1-5:20\">\u0110\u1eb7c \u0111i\u1ec3m n\u1ed5i b\u1eadt<\/h3>\n<ul data-sourcepos=\"7:1-12:0\">\n<li data-sourcepos=\"7:1-7:90\"><strong>Ch\u1ecbu t\u1ea3i tr\u1ecdng cao:<\/strong> B\u1ea3o v\u1ec7 c\u00e1c b\u1ed9 ph\u1eadn m\u00e1y m\u00f3c kh\u1ecfi m\u00e0i m\u00f2n, k\u00e9o d\u00e0i tu\u1ed5i th\u1ecd.<\/li>\n<li data-sourcepos=\"8:1-8:92\"><strong>Ch\u1ed1ng r\u1ec9 s\u00e9t:<\/strong> Ng\u0103n ng\u1eeba s\u1ef1 h\u00ecnh th\u00e0nh r\u1ec9 s\u00e9t, b\u1ea3o v\u1ec7 thi\u1ebft b\u1ecb trong m\u00f4i tr\u01b0\u1eddng \u1ea9m \u01b0\u1edbt.<\/li>\n<li data-sourcepos=\"9:1-9:101\"><strong>Kh\u00f4ng b\u1ecb r\u1eeda tr\u00f4i:<\/strong> D\u00ednh ch\u1eb7t tr\u00ean b\u1ec1 m\u1eb7t, kh\u00f4ng b\u1ecb n\u01b0\u1edbc ho\u1eb7c c\u00e1c ch\u1ea5t l\u00e0m s\u1ea1ch r\u1eeda tr\u00f4i.<\/li>\n<li data-sourcepos=\"10:1-10:149\"><strong>Kh\u1ea3 n\u0103ng b\u00f4i tr\u01a1n hi\u1ec7u qu\u1ea3:<\/strong> L\u1edbp m\u00e0ng b\u00f4i tr\u01a1n b\u1ec1n b\u1ec9, ch\u1ed1ng m\u00e0i m\u00f2n v\u00e0 gi\u1ea3m thi\u1ec3u ma s\u00e1t, b\u1ea3o v\u1ec7 chi ti\u1ebft m\u00e1y, ti\u1ebft ki\u1ec7m chi ph\u00ed b\u1ea3o tr\u00ec.<\/li>\n<li data-sourcepos=\"11:1-12:0\"><strong>Ch\u1ecbu nhi\u1ec7t \u0111\u1ed9 r\u1ed9ng:<\/strong> C\u00f3 th\u1ec3 ho\u1ea1t \u0111\u1ed9ng t\u1ed1t trong kho\u1ea3ng nhi\u1ec7t \u0111\u1ed9 t\u1eeb -25\u00b0C \u0111\u1ebfn 120\u00b0C.<\/li>\n<\/ul>\n<h3 data-sourcepos=\"13:1-13:12\">\u1ee8ng d\u1ee5ng<\/h3>\n<p><img decoding=\"async\" title=\"mo-mobilux-ep4-16kg-xo-2\" src=\"https:\/\/yenhung.com\/wp-content\/uploads\/2025\/11\/mo-mobilux-ep4-16kg-xo-2.jpg\" alt=\"M\u1ee1 Mobilux EP4 (16kg \/ X\u00f4 )\" data-thumb=\"large\" \/><\/p>\n<ul data-sourcepos=\"15:1-18:0\">\n<li><strong>B\u00f4i tr\u01a1n v\u00f2ng bi, b\u1ea1c \u0111\u1ea1n:<\/strong> S\u1eed d\u1ee5ng cho c\u00e1c lo\u1ea1i v\u00f2ng bi, b\u1ea1c \u0111\u1ea1n trong c\u00e1c thi\u1ebft b\u1ecb c\u00f4ng nghi\u1ec7p, \u00f4 t\u00f4.<\/li>\n<li data-sourcepos=\"16:1-16:110\"><strong>B\u00f4i tr\u01a1n c\u00e1c kh\u1edbp n\u1ed1i:<\/strong> B\u00f4i tr\u01a1n c\u00e1c kh\u1edbp n\u1ed1i, b\u1ea3n l\u1ec1, tr\u1ee5c v\u00edt trong c\u00e1c \u0111i\u1ec1u ki\u1ec7n l\u00e0m vi\u1ec7c kh\u1eafc nghi\u1ec7t.<\/li>\n<li data-sourcepos=\"17:1-18:0\"><strong>B\u00f4i tr\u01a1n c\u00e1c b\u1ed9 ph\u1eadn chassis:<\/strong> B\u00f4i tr\u01a1n c\u00e1c b\u1ed9 ph\u1eadn chassis c\u1ee7a \u00f4 t\u00f4, xe t\u1ea3i.<\/li>\n<\/ul>\n<h3 data-sourcepos=\"21:1-21:23\">L\u1ee3i \u00edch khi s\u1eed d\u1ee5ng<\/h3>\n<ul data-sourcepos=\"23:1-27:0\">\n<li data-sourcepos=\"23:1-23:87\"><strong>T\u0103ng tu\u1ed5i th\u1ecd thi\u1ebft b\u1ecb:<\/strong> Gi\u1ea3m ma s\u00e1t, m\u00e0i m\u00f2n, gi\u00fap thi\u1ebft b\u1ecb ho\u1ea1t \u0111\u1ed9ng b\u1ec1n b\u1ec9 h\u01a1n.<\/li>\n<li data-sourcepos=\"24:1-24:81\"><strong>N\u00e2ng cao hi\u1ec7u su\u1ea5t l\u00e0m vi\u1ec7c:<\/strong> Gi\u00fap m\u00e1y m\u00f3c ho\u1ea1t \u0111\u1ed9ng tr\u01a1n tru, hi\u1ec7u qu\u1ea3 h\u01a1n.<\/li>\n<li data-sourcepos=\"25:1-25:71\"><strong>Gi\u1ea3m chi ph\u00ed b\u1ea3o tr\u00ec:<\/strong> Gi\u1ea3m t\u1ea7n su\u1ea5t b\u1ea3o d\u01b0\u1ee1ng, ti\u1ebft ki\u1ec7m chi ph\u00ed.<\/li>\n<li data-sourcepos=\"26:1-27:0\"><strong>B\u1ea3o v\u1ec7 m\u00f4i tr\u01b0\u1eddng:<\/strong> S\u1ea3n ph\u1ea9m th\u00e2n thi\u1ec7n v\u1edbi m\u00f4i tr\u01b0\u1eddng.<\/li>\n<\/ul>\n<\/div>\n","protected":false},"excerpt":{"rendered":"<p>T\u00ean sa\u0309n ph\u00e2\u0309m:\u00a0M\u1ee1 Mobilux EP4 (16kg \/ X\u00f4 )<\/p>\n","protected":false},"featured_media":8268,"comment_status":"closed","ping_status":"closed","template":"","meta":[],"product_brand":[],"product_cat":[165],"product_tag":[],"class_list":{"0":"post-8267","1":"product","2":"type-product","3":"status-publish","4":"has-post-thumbnail","6":"product_cat-mobil","8":"first","9":"instock","10":"shipping-taxable","11":"product-type-simple"},"_links":{"self":[{"href":"https:\/\/yenhung.com\/index.php?rest_route=\/wp\/v2\/product\/8267","targetHints":{"allow":["GET"]}}],"collection":[{"href":"https:\/\/yenhung.com\/index.php?rest_route=\/wp\/v2\/product"}],"about":[{"href":"https:\/\/yenhung.com\/index.php?rest_route=\/wp\/v2\/types\/product"}],"replies":[{"embeddable":true,"href":"https:\/\/yenhung.com\/index.php?rest_route=%2Fwp%2Fv2%2Fcomments&post=8267"}],"wp:featuredmedia":[{"embeddable":true,"href":"https:\/\/yenhung.com\/index.php?rest_route=\/wp\/v2\/media\/8268"}],"wp:attachment":[{"href":"https:\/\/yenhung.com\/index.php?rest_route=%2Fwp%2Fv2%2Fmedia&parent=8267"}],"wp:term":[{"taxonomy":"product_brand","embeddable":true,"href":"https:\/\/yenhung.com\/index.php?rest_route=%2Fwp%2Fv2%2Fproduct_brand&post=8267"},{"taxonomy":"product_cat","embeddable":true,"href":"https:\/\/yenhung.com\/index.php?rest_route=%2Fwp%2Fv2%2Fproduct_cat&post=8267"},{"taxonomy":"product_tag","embeddable":true,"href":"https:\/\/yenhung.com\/index.php?rest_route=%2Fwp%2Fv2%2Fproduct_tag&post=8267"}],"curies":[{"name":"wp","href":"https:\/\/api.w.org\/{rel}","templated":true}]}}