{"id":8274,"date":"2025-11-10T08:39:07","date_gmt":"2025-11-10T08:39:07","guid":{"rendered":"https:\/\/yenhung.com\/?product=dau-mobil-delvac-modern-15w40-super-defense-18l"},"modified":"2026-02-10T08:57:45","modified_gmt":"2026-02-10T08:57:45","slug":"dau-mobil-delvac-modern-15w40-super-defense-18l","status":"publish","type":"product","link":"https:\/\/yenhung.com\/?product=dau-mobil-delvac-modern-15w40-super-defense-18l","title":{"rendered":"D\u1ea6U &#8211; MOBIL DELVAC MODERN 15W40 SUPER DEFENSE &#8211; 18L"},"content":{"rendered":"<div class=\"ba-text-fpt\">\n<h2 data-sourcepos=\"1:1-1:74\"><strong>Mobil Delvac Modern 15W-40 Super Defense<\/strong><\/h2>\n<p data-sourcepos=\"1:1-1:74\">B\u1ea3o v\u1ec7 \u0111\u1ed9ng c\u01a1 diesel c\u1ee7a b\u1ea1n<\/p>\n<p data-sourcepos=\"3:1-3:290\"><img decoding=\"async\" src=\"https:\/\/bizweb.dktcdn.net\/thumb\/large\/100\/510\/748\/products\/mobil-delvac-modern-15w40-super-defense.jpg?v=1739763641123\" alt=\"MOBIL DELVAC MODERN 15W40 SUPER DEFENSE \" data-thumb=\"large\" \/><\/p>\n<p data-sourcepos=\"3:1-3:290\"><strong>Mobil Delvac Modern 15W-40 Super Defense<\/strong> l\u00e0 m\u1ed9t lo\u1ea1i d\u1ea7u \u0111\u1ed9ng c\u01a1 diesel t\u1ed5ng h\u1ee3p cao c\u1ea5p, \u0111\u01b0\u1ee3c thi\u1ebft k\u1ebf \u0111\u1eb7c bi\u1ec7t \u0111\u1ec3 \u0111\u00e1p \u1ee9ng c\u00e1c y\u00eau c\u1ea7u kh\u1eaft khe c\u1ee7a \u0111\u1ed9ng c\u01a1 diesel hi\u1ec7n \u0111\u1ea1i. S\u1ea3n ph\u1ea9m n\u00e0y cung c\u1ea5p kh\u1ea3 n\u0103ng b\u1ea3o v\u1ec7 v\u01b0\u1ee3t tr\u1ed9i, gi\u00fap \u0111\u1ed9ng c\u01a1 ho\u1ea1t \u0111\u1ed9ng \u1ed5n \u0111\u1ecbnh, b\u1ec1n b\u1ec9 v\u00e0 ti\u1ebft ki\u1ec7m nhi\u00ean li\u1ec7u.<\/p>\n<h3 data-sourcepos=\"5:1-5:20\">\u0110\u1eb7c \u0111i\u1ec3m n\u1ed5i b\u1eadt<\/h3>\n<ul data-sourcepos=\"7:1-12:0\">\n<li data-sourcepos=\"7:1-7:164\"><strong>C\u00f4ng ngh\u1ec7 t\u1ed5ng h\u1ee3p:<\/strong> D\u1ea7u \u0111\u01b0\u1ee3c pha ch\u1ebf t\u1eeb d\u1ea7u g\u1ed1c t\u1ed5ng h\u1ee3p, mang l\u1ea1i \u0111\u1ed9 \u1ed5n \u0111\u1ecbnh nhi\u1ec7t cao, kh\u1ea3 n\u0103ng ch\u1ed1ng oxy h\u00f3a v\u01b0\u1ee3t tr\u1ed9i v\u00e0 gi\u1ea3m thi\u1ec3u s\u1ef1 h\u00ecnh th\u00e0nh c\u1eb7n b\u00e1m.<\/li>\n<li data-sourcepos=\"8:1-8:177\"><strong>Ch\u1ec9 s\u1ed1 \u0111\u1ed9 nh\u1edbt 15W-40:<\/strong> \u0110\u1ea3m b\u1ea3o \u0111\u1ed9 nh\u1edbt \u1ed5n \u0111\u1ecbnh trong m\u1ecdi \u0111i\u1ec1u ki\u1ec7n nhi\u1ec7t \u0111\u1ed9, gi\u00fap \u0111\u1ed9ng c\u01a1 kh\u1edfi \u0111\u1ed9ng d\u1ec5 d\u00e0ng \u1edf nhi\u1ec7t \u0111\u1ed9 th\u1ea5p v\u00e0 b\u1ea3o v\u1ec7 \u0111\u1ed9ng c\u01a1 khi ho\u1ea1t \u0111\u1ed9ng \u1edf nhi\u1ec7t \u0111\u1ed9 cao.<\/li>\n<li data-sourcepos=\"9:1-9:121\"><strong>Ti\u00eau chu\u1ea9n API CI-4:<\/strong> \u0110\u00e1p \u1ee9ng v\u00e0 v\u01b0\u1ee3t qu\u00e1 c\u00e1c ti\u00eau chu\u1ea9n API CI-4, ch\u1ee9ng t\u1ecf kh\u1ea3 n\u0103ng b\u1ea3o v\u1ec7 \u0111\u1ed9ng c\u01a1 diesel hi\u1ec7n \u0111\u1ea1i.<\/li>\n<li data-sourcepos=\"10:1-10:118\"><strong>B\u1ea3o v\u1ec7 \u0111\u1ed9ng c\u01a1 to\u00e0n di\u1ec7n:<\/strong> Gi\u00fap b\u1ea3o v\u1ec7 \u0111\u1ed9ng c\u01a1 kh\u1ecfi c\u00e1c t\u00e1c nh\u00e2n g\u00e2y h\u1ea1i nh\u01b0 m\u00e0i m\u00f2n, g\u1ec9 s\u00e9t, c\u1eb7n b\u00e1m v\u00e0 \u00f4 nhi\u1ec5m.<\/li>\n<li data-sourcepos=\"11:1-12:0\"><strong>K\u00e9o d\u00e0i tu\u1ed5i th\u1ecd \u0111\u1ed9ng c\u01a1:<\/strong> Gi\u1ea3m thi\u1ec3u h\u01b0 h\u1ecfng \u0111\u1ed9ng c\u01a1, gi\u00fap \u0111\u1ed9ng c\u01a1 ho\u1ea1t \u0111\u1ed9ng b\u1ec1n b\u1ec9 h\u01a1n.<\/li>\n<li data-sourcepos=\"11:1-12:0\"><img decoding=\"async\" title=\"dau-mobil-delvac-modern-15w40-super-defense-a-1\" src=\"https:\/\/yenhung.com\/wp-content\/uploads\/2025\/11\/dau-mobil-delvac-modern-15w40-super-defense-a-1.jpg\" alt=\"D\u1ea6U - MOBIL DELVAC MODERN 15W40 SUPER DEFENSE\" data-thumb=\"large\" \/><\/li>\n<\/ul>\n<h3 data-sourcepos=\"13:1-13:12\">\u1ee8ng d\u1ee5ng<\/h3>\n<ul data-sourcepos=\"15:1-18:0\">\n<li data-sourcepos=\"15:1-15:113\"><strong>Xe t\u1ea3i h\u1ea1ng n\u1eb7ng:<\/strong> C\u00e1c lo\u1ea1i xe t\u1ea3i, xe \u0111\u1ea7u k\u00e9o ho\u1ea1t \u0111\u1ed9ng trong \u0111i\u1ec1u ki\u1ec7n t\u1ea3i tr\u1ecdng l\u1edbn v\u00e0 v\u1eadn h\u00e0nh li\u00ean t\u1ee5c.<\/li>\n<li data-sourcepos=\"16:1-16:53\"><strong>Xe bu\u00fdt:<\/strong> Xe bu\u00fdt c\u00f4ng c\u1ed9ng, xe kh\u00e1ch \u0111\u01b0\u1eddng d\u00e0i.<\/li>\n<li data-sourcepos=\"17:1-18:0\"><strong>M\u00e1y m\u00f3c c\u00f4ng nghi\u1ec7p:<\/strong> C\u00e1c lo\u1ea1i m\u00e1y m\u00f3c x\u00e2y d\u1ef1ng, m\u00e1y ph\u00e1t \u0111i\u1ec7n, m\u00e1y n\u00e9n kh\u00ed.<\/li>\n<li data-sourcepos=\"17:1-18:0\"><img decoding=\"async\" title=\"dau-mobil-delvac-modern-15w40-super-defense-c-2\" src=\"https:\/\/yenhung.com\/wp-content\/uploads\/2025\/11\/dau-mobil-delvac-modern-15w40-super-defense-c-2.jpg\" alt=\"D\u1ea6U - MOBIL DELVAC MODERN 15W40 SUPER DEFENSE\" data-thumb=\"large\" \/><\/li>\n<\/ul>\n<p>&nbsp;<\/p>\n<\/div>\n","protected":false},"excerpt":{"rendered":"<p>T\u00ean sa\u0309n ph\u00e2\u0309m:\u00a0MOBIL DELVAC MODERN 15W40 SUPER DEFENSE<\/p>\n","protected":false},"featured_media":8275,"comment_status":"closed","ping_status":"closed","template":"","meta":[],"product_brand":[],"product_cat":[165],"product_tag":[],"class_list":{"0":"post-8274","1":"product","2":"type-product","3":"status-publish","4":"has-post-thumbnail","6":"product_cat-mobil","8":"first","9":"instock","10":"shipping-taxable","11":"product-type-simple"},"_links":{"self":[{"href":"https:\/\/yenhung.com\/index.php?rest_route=\/wp\/v2\/product\/8274","targetHints":{"allow":["GET"]}}],"collection":[{"href":"https:\/\/yenhung.com\/index.php?rest_route=\/wp\/v2\/product"}],"about":[{"href":"https:\/\/yenhung.com\/index.php?rest_route=\/wp\/v2\/types\/product"}],"replies":[{"embeddable":true,"href":"https:\/\/yenhung.com\/index.php?rest_route=%2Fwp%2Fv2%2Fcomments&post=8274"}],"wp:featuredmedia":[{"embeddable":true,"href":"https:\/\/yenhung.com\/index.php?rest_route=\/wp\/v2\/media\/8275"}],"wp:attachment":[{"href":"https:\/\/yenhung.com\/index.php?rest_route=%2Fwp%2Fv2%2Fmedia&parent=8274"}],"wp:term":[{"taxonomy":"product_brand","embeddable":true,"href":"https:\/\/yenhung.com\/index.php?rest_route=%2Fwp%2Fv2%2Fproduct_brand&post=8274"},{"taxonomy":"product_cat","embeddable":true,"href":"https:\/\/yenhung.com\/index.php?rest_route=%2Fwp%2Fv2%2Fproduct_cat&post=8274"},{"taxonomy":"product_tag","embeddable":true,"href":"https:\/\/yenhung.com\/index.php?rest_route=%2Fwp%2Fv2%2Fproduct_tag&post=8274"}],"curies":[{"name":"wp","href":"https:\/\/api.w.org\/{rel}","templated":true}]}}