{"id":8306,"date":"2025-11-10T08:39:32","date_gmt":"2025-11-10T08:39:32","guid":{"rendered":"https:\/\/yenhung.com\/?product=dau-mobil-atf-220-syn-tech-20l"},"modified":"2026-02-10T08:47:42","modified_gmt":"2026-02-10T08:47:42","slug":"dau-mobil-atf-220-syn-tech-20l","status":"publish","type":"product","link":"https:\/\/yenhung.com\/?product=dau-mobil-atf-220-syn-tech-20l","title":{"rendered":"D\u1ea6U &#8211; MOBIL ATF 220 SYN TECH &#8211; 20L"},"content":{"rendered":"<div class=\"ba-text-fpt\">\n<h2 data-sourcepos=\"1:1-1:55\">Mobil ATF 220: D\u1ea7u truy\u1ec1n \u0111\u1ed9ng t\u1ef1 \u0111\u1ed9ng hi\u1ec7u n\u0103ng cao<\/h2>\n<p><img decoding=\"async\" title=\"dau-mobil-atf-220-20l-b-1\" src=\"https:\/\/yenhung.com\/wp-content\/uploads\/2025\/11\/dau-mobil-atf-220-20l-b-1.jpg\" alt=\"D\u1ea7u Mobil ATF 220 - 20L\" data-thumb=\"large\" \/><\/p>\n<p data-sourcepos=\"3:1-3:255\"><strong>Mobil ATF 220<\/strong> l\u00e0 m\u1ed9t lo\u1ea1i d\u1ea7u truy\u1ec1n \u0111\u1ed9ng t\u1ef1 \u0111\u1ed9ng (Automatic Transmission Fluid &#8211; ATF) cao c\u1ea5p \u0111\u01b0\u1ee3c s\u1ea3n xu\u1ea5t b\u1edfi ExxonMobil. S\u1ea3n ph\u1ea9m n\u00e0y \u0111\u01b0\u1ee3c \u0111\u1eb7c ch\u1ebf \u0111\u1ec3 \u0111\u00e1p \u1ee9ng c\u00e1c y\u00eau c\u1ea7u c\u1ee7a h\u1ed9p s\u1ed1 t\u1ef1 \u0111\u1ed9ng tr\u00ean c\u00e1c d\u00f2ng xe c\u0169 h\u01a1n, y\u00eau c\u1ea7u ti\u00eau chu\u1ea9n Dexron II\/IID.<\/p>\n<h3 data-sourcepos=\"5:1-5:38\">\u0110\u1eb7c \u0111i\u1ec3m n\u1ed5i b\u1eadt c\u1ee7a Mobil ATF 220<\/h3>\n<ul data-sourcepos=\"7:1-11:0\">\n<li data-sourcepos=\"7:1-7:120\"><strong>Hi\u1ec7u su\u1ea5t truy\u1ec1n \u0111\u1ed9ng m\u01b0\u1ee3t m\u00e0:<\/strong> D\u1ea7u ATF 220 gi\u00fap h\u1ed9p s\u1ed1 chuy\u1ec3n s\u1ed1 m\u01b0\u1ee3t m\u00e0, \u00eam \u00e1i, gi\u1ea3m thi\u1ec3u ti\u1ebfng \u1ed3n v\u00e0 rung \u0111\u1ed9ng.<\/li>\n<li data-sourcepos=\"8:1-8:76\"><strong>B\u1ea3o v\u1ec7 h\u1ed9p s\u1ed1:<\/strong> Gi\u1ea3m ma s\u00e1t, m\u00e0i m\u00f2n, gi\u00fap k\u00e9o d\u00e0i tu\u1ed5i th\u1ecd c\u1ee7a h\u1ed9p s\u1ed1.<\/li>\n<li data-sourcepos=\"9:1-9:119\"><strong>\u1ed4n \u0111\u1ecbnh nhi\u1ec7t \u0111\u1ed9:<\/strong> Duy tr\u00ec \u0111\u1ed9 nh\u1edbt \u1ed5n \u0111\u1ecbnh trong \u0111i\u1ec1u ki\u1ec7n nhi\u1ec7t \u0111\u1ed9 thay \u0111\u1ed5i, \u0111\u1ea3m b\u1ea3o hi\u1ec7u su\u1ea5t l\u00e0m vi\u1ec7c li\u00ean t\u1ee5c.<\/li>\n<li data-sourcepos=\"10:1-11:0\"><strong>Kh\u1ea3 n\u0103ng ch\u1ed1ng oxy h\u00f3a:<\/strong> Gi\u1ea3m thi\u1ec3u s\u1ef1 h\u00ecnh th\u00e0nh c\u1eb7n, k\u00e9o d\u00e0i tu\u1ed5i th\u1ecd d\u1ea7u v\u00e0 h\u1ed9p s\u1ed1.<\/li>\n<\/ul>\n<h3 data-sourcepos=\"12:1-12:30\">\u1ee8ng d\u1ee5ng c\u1ee7a Mobil ATF 220<\/h3>\n<p><img decoding=\"async\" title=\"dau-mobil-atf-220-20l-a-1\" src=\"https:\/\/yenhung.com\/wp-content\/uploads\/2025\/11\/dau-mobil-atf-220-20l-a-1.jpg\" alt=\"D\u1ea7u Mobil ATF 220 - 20L\" data-thumb=\"large\" \/><\/p>\n<ul data-sourcepos=\"14:1-17:0\">\n<li data-sourcepos=\"14:1-14:131\"><strong>H\u1ed9p s\u1ed1 t\u1ef1 \u0111\u1ed9ng:<\/strong> D\u00e0nh cho c\u00e1c lo\u1ea1i xe \u00f4 t\u00f4, xe t\u1ea3i nh\u1eb9, xe th\u01b0\u01a1ng m\u1ea1i s\u1eed d\u1ee5ng h\u1ed9p s\u1ed1 t\u1ef1 \u0111\u1ed9ng y\u00eau c\u1ea7u ti\u00eau chu\u1ea9n Dexron II\/IID.<\/li>\n<li data-sourcepos=\"15:1-15:82\"><strong>H\u1ec7 th\u1ed1ng tr\u1ee3 l\u1ef1c l\u00e1i:<\/strong> C\u00f3 th\u1ec3 s\u1eed d\u1ee5ng l\u00e0m d\u1ea7u tr\u1ee3 l\u1ef1c l\u00e1i cho m\u1ed9t s\u1ed1 lo\u1ea1i xe.<\/li>\n<li data-sourcepos=\"16:1-17:0\"><strong>M\u1ed9t s\u1ed1 \u1ee9ng d\u1ee5ng th\u1ee7y l\u1ef1c kh\u00e1c:<\/strong> D\u00f9ng trong c\u00e1c h\u1ec7 th\u1ed1ng th\u1ee7y l\u1ef1c y\u00eau c\u1ea7u \u0111\u1ed9 nh\u1edbt t\u01b0\u01a1ng \u0111\u01b0\u01a1ng.<\/li>\n<\/ul>\n<h3 data-sourcepos=\"20:1-20:37\">L\u1ee3i \u00edch khi s\u1eed d\u1ee5ng Mobil ATF 220<\/h3>\n<ul data-sourcepos=\"22:1-26:0\">\n<li data-sourcepos=\"22:1-22:106\"><strong>T\u0103ng tu\u1ed5i th\u1ecd h\u1ed9p s\u1ed1:<\/strong> Gi\u1ea3m thi\u1ec3u s\u1ef1 m\u00e0i m\u00f2n v\u00e0 h\u01b0 h\u1ecfng, gi\u00fap h\u1ed9p s\u1ed1 ho\u1ea1t \u0111\u1ed9ng \u1ed5n \u0111\u1ecbnh v\u00e0 b\u1ec1n b\u1ec9 h\u01a1n.<\/li>\n<li data-sourcepos=\"23:1-23:113\"><strong>N\u00e2ng cao hi\u1ec7u su\u1ea5t:<\/strong> Gi\u1ea3m ma s\u00e1t gi\u00fap h\u1ed9p s\u1ed1 ho\u1ea1t \u0111\u1ed9ng tr\u01a1n tru h\u01a1n, ti\u1ebft ki\u1ec7m nhi\u00ean li\u1ec7u v\u00e0 t\u0103ng n\u0103ng su\u1ea5t.<\/li>\n<li data-sourcepos=\"24:1-24:71\"><strong>Gi\u1ea3m chi ph\u00ed b\u1ea3o tr\u00ec:<\/strong> Gi\u1ea3m t\u1ea7n su\u1ea5t b\u1ea3o d\u01b0\u1ee1ng v\u00e0 s\u1eeda ch\u1eefa h\u1ed9p s\u1ed1.<\/li>\n<li data-sourcepos=\"25:1-26:0\"><strong>B\u1ea3o v\u1ec7 m\u00f4i tr\u01b0\u1eddng:<\/strong> S\u1ea3n ph\u1ea9m th\u00e2n thi\u1ec7n v\u1edbi m\u00f4i tr\u01b0\u1eddng.<\/li>\n<\/ul>\n<h3 data-sourcepos=\"27:1-27:21\">L\u01b0u \u00fd khi s\u1eed d\u1ee5ng<\/h3>\n<p><img decoding=\"async\" title=\"dau-mobil-atf-220-20l-c-2\" src=\"https:\/\/yenhung.com\/wp-content\/uploads\/2025\/11\/dau-mobil-atf-220-20l-c-2.jpg\" alt=\"D\u1ea7u Mobil ATF 220 - 20L\" data-thumb=\"large\" \/><\/p>\n<ul data-sourcepos=\"29:1-33:0\">\n<li data-sourcepos=\"29:1-29:98\"><strong>Ki\u1ec3m tra lo\u1ea1i d\u1ea7u:<\/strong> Lu\u00f4n ki\u1ec3m tra lo\u1ea1i d\u1ea7u khuy\u1ebfn ngh\u1ecb c\u1ee7a nh\u00e0 s\u1ea3n xu\u1ea5t xe tr\u01b0\u1edbc khi s\u1eed d\u1ee5ng.<\/li>\n<li data-sourcepos=\"30:1-30:109\"><strong>L\u00e0m s\u1ea1ch h\u1ec7 th\u1ed1ng:<\/strong> Tr\u01b0\u1edbc khi thay d\u1ea7u, c\u1ea7n l\u00e0m s\u1ea1ch k\u1ef9 h\u1ec7 th\u1ed1ng truy\u1ec1n \u0111\u1ed9ng \u0111\u1ec3 lo\u1ea1i b\u1ecf c\u00e1c t\u1ea1p ch\u1ea5t c\u0169.<\/li>\n<li data-sourcepos=\"31:1-31:105\"><strong>Tu\u00e2n th\u1ee7 h\u01b0\u1edbng d\u1eabn s\u1eed d\u1ee5ng:<\/strong> \u0110\u1ecdc k\u1ef9 h\u01b0\u1edbng d\u1eabn s\u1eed d\u1ee5ng c\u1ee7a nh\u00e0 s\u1ea3n xu\u1ea5t \u0111\u1ec3 \u0111\u1ea3m b\u1ea3o s\u1eed d\u1ee5ng \u0111\u00fang c\u00e1ch.<\/li>\n<li data-sourcepos=\"32:1-33:0\"><strong>B\u1ea3o qu\u1ea3n:<\/strong> B\u1ea3o qu\u1ea3n s\u1ea3n ph\u1ea9m \u1edf n\u01a1i kh\u00f4 r\u00e1o, tho\u00e1ng m\u00e1t, tr\u00e1nh \u00e1nh n\u1eafng tr\u1ef1c ti\u1ebfp.<\/li>\n<\/ul>\n<\/div>\n","protected":false},"excerpt":{"rendered":"<p>T\u00ean sa\u0309n ph\u00e2\u0309m:\u00a0Mobil ATF 220<\/p>\n","protected":false},"featured_media":8307,"comment_status":"closed","ping_status":"closed","template":"","meta":[],"product_brand":[],"product_cat":[165],"product_tag":[],"class_list":{"0":"post-8306","1":"product","2":"type-product","3":"status-publish","4":"has-post-thumbnail","6":"product_cat-mobil","8":"first","9":"instock","10":"shipping-taxable","11":"product-type-simple"},"_links":{"self":[{"href":"https:\/\/yenhung.com\/index.php?rest_route=\/wp\/v2\/product\/8306","targetHints":{"allow":["GET"]}}],"collection":[{"href":"https:\/\/yenhung.com\/index.php?rest_route=\/wp\/v2\/product"}],"about":[{"href":"https:\/\/yenhung.com\/index.php?rest_route=\/wp\/v2\/types\/product"}],"replies":[{"embeddable":true,"href":"https:\/\/yenhung.com\/index.php?rest_route=%2Fwp%2Fv2%2Fcomments&post=8306"}],"wp:featuredmedia":[{"embeddable":true,"href":"https:\/\/yenhung.com\/index.php?rest_route=\/wp\/v2\/media\/8307"}],"wp:attachment":[{"href":"https:\/\/yenhung.com\/index.php?rest_route=%2Fwp%2Fv2%2Fmedia&parent=8306"}],"wp:term":[{"taxonomy":"product_brand","embeddable":true,"href":"https:\/\/yenhung.com\/index.php?rest_route=%2Fwp%2Fv2%2Fproduct_brand&post=8306"},{"taxonomy":"product_cat","embeddable":true,"href":"https:\/\/yenhung.com\/index.php?rest_route=%2Fwp%2Fv2%2Fproduct_cat&post=8306"},{"taxonomy":"product_tag","embeddable":true,"href":"https:\/\/yenhung.com\/index.php?rest_route=%2Fwp%2Fv2%2Fproduct_tag&post=8306"}],"curies":[{"name":"wp","href":"https:\/\/api.w.org\/{rel}","templated":true}]}}