{"id":8322,"date":"2025-11-10T08:39:48","date_gmt":"2025-11-10T08:39:48","guid":{"rendered":"https:\/\/yenhung.com\/?product=dau-banh-rang-mobil-shc-636"},"modified":"2026-02-10T08:45:42","modified_gmt":"2026-02-10T08:45:42","slug":"dau-banh-rang-mobil-shc-636","status":"publish","type":"product","link":"https:\/\/yenhung.com\/?product=dau-banh-rang-mobil-shc-636","title":{"rendered":"D\u1ea7u b\u00e1nh r\u0103ng Mobil SHC 636"},"content":{"rendered":"<div class=\"ba-text-fpt\">\n<h2 data-sourcepos=\"1:1-1:64\"><strong>Mobil SHC 636<\/strong><\/h2>\n<h2 data-sourcepos=\"1:1-1:64\">D\u1ea7u b\u00e1nh r\u0103ng v\u00e0 \u1ed5 tr\u1ee5c t\u1ed5ng h\u1ee3p hi\u1ec7u su\u1ea5t cao<\/h2>\n<p><img decoding=\"async\" title=\"mobil-shc-636-b-jpeg-1750217370037-2\" src=\"https:\/\/yenhung.com\/wp-content\/uploads\/2025\/11\/mobil-shc-636-b-jpeg-1750217370037-2.jpg\" alt=\"D\u1ea7u b\u00e1nh r\u0103ng Mobil SHC 636\" data-thumb=\"large\" \/><\/p>\n<p data-sourcepos=\"3:1-3:383\"><strong>Mobil SHC 636<\/strong> l\u00e0 m\u1ed9t lo\u1ea1i d\u1ea7u b\u00e1nh r\u0103ng v\u00e0 \u1ed5 tr\u1ee5c t\u1ed5ng h\u1ee3p cao c\u1ea5p, \u0111\u01b0\u1ee3c thi\u1ebft k\u1ebf \u0111\u1eb7c bi\u1ec7t \u0111\u1ec3 cung c\u1ea5p hi\u1ec7u su\u1ea5t v\u01b0\u1ee3t tr\u1ed9i trong c\u00e1c \u1ee9ng d\u1ee5ng \u0111\u00f2i h\u1ecfi nhi\u1ec7t \u0111\u1ed9 v\u1eadn h\u00e0nh kh\u1eafc nghi\u1ec7t. D\u1ea7u \u0111\u01b0\u1ee3c pha ch\u1ebf t\u1eeb c\u00f4ng ngh\u1ec7 Mobil SHC ti\u00ean ti\u1ebfn &amp; \u0111\u1ed9c quy\u1ec1n c\u1ee7a h\u00e3ng, mang \u0111\u1ebfn kh\u1ea3 n\u0103ng b\u1ea3o v\u1ec7 v\u01b0\u1ee3t tr\u1ed9i cho c\u00e1c thi\u1ebft b\u1ecb, tu\u1ed5i th\u1ecd d\u1ea7u v\u00e0 s\u1ef1 ho\u1ea1t \u0111\u1ed9ng tr\u01a1n tru s\u1ebd gi\u00fap t\u0103ng n\u0103ng su\u1ea5t cho m\u00e1y.<\/p>\n<h3 data-sourcepos=\"5:1-5:38\">\u0110\u1eb7c \u0111i\u1ec3m n\u1ed5i b\u1eadt c\u1ee7a Mobil SHC 636<\/h3>\n<ul data-sourcepos=\"7:1-12:0\">\n<li data-sourcepos=\"7:1-7:159\"><strong>Kh\u00e1ng nhi\u1ec7t \/ oxy h\u00f3a \u1edf nhi\u1ec7t \u0111\u1ed9 cao tuy\u1ec7t v\u1eddi:<\/strong> D\u1ea7u c\u00f3 kh\u1ea3 n\u0103ng ch\u1ecbu nhi\u1ec7t \u0111\u1ed9 cao v\u01b0\u1ee3t tr\u1ed9i, gi\u00fap k\u00e9o d\u00e0i kh\u1ea3 n\u0103ng ho\u1ea1t \u0111\u1ed9ng c\u1ee7a thi\u1ebft b\u1ecb \u1edf nhi\u1ec7t \u0111\u1ed9 cao.<\/li>\n<li data-sourcepos=\"8:1-8:92\"><strong>Hi\u1ec7u su\u1ea5t n\u0103ng l\u01b0\u1ee3ng:<\/strong> Gi\u1ea3m ma s\u00e1t, gi\u00fap ti\u1ebft ki\u1ec7m n\u0103ng l\u01b0\u1ee3ng v\u00e0 gi\u1ea3m chi ph\u00ed v\u1eadn h\u00e0nh.<\/li>\n<li data-sourcepos=\"9:1-9:103\"><strong>B\u1ea3o v\u1ec7 thi\u1ebft b\u1ecb:<\/strong> T\u1ea1o m\u1ed9t l\u1edbp m\u00e0ng b\u1ea3o v\u1ec7 ch\u1eafc ch\u1eafn tr\u00ean b\u1ec1 m\u1eb7t c\u00e1c b\u1ed9 ph\u1eadn, gi\u1ea3m m\u00e0i m\u00f2n, \u0103n m\u00f2n.<\/li>\n<li data-sourcepos=\"10:1-10:109\"><strong>\u0110\u1ed9 \u1ed5n \u0111\u1ecbnh:<\/strong> \u0110\u1ed9 nh\u1edbt \u1ed5n \u0111\u1ecbnh trong \u0111i\u1ec1u ki\u1ec7n nhi\u1ec7t \u0111\u1ed9 thay \u0111\u1ed5i l\u1edbn, \u0111\u1ea3m b\u1ea3o hi\u1ec7u su\u1ea5t b\u00f4i tr\u01a1n li\u00ean t\u1ee5c.<\/li>\n<li data-sourcepos=\"11:1-12:0\"><strong>T\u01b0\u01a1ng th\u00edch:<\/strong> T\u01b0\u01a1ng th\u00edch v\u1edbi h\u1ea7u h\u1ebft c\u00e1c s\u1ea3n ph\u1ea9m d\u1ea7u g\u1ed1c kho\u00e1ng.<\/li>\n<\/ul>\n<h3 data-sourcepos=\"13:1-13:12\">\u1ee8ng d\u1ee5ng<\/h3>\n<p><img decoding=\"async\" title=\"shc-636-1750217481404-1\" src=\"https:\/\/yenhung.com\/wp-content\/uploads\/2025\/11\/shc-636-1750217481404-1.jpg\" alt=\"D\u1ea7u b\u00e1nh r\u0103ng Mobil SHC 636\" data-thumb=\"large\" \/><\/p>\n<ul data-sourcepos=\"15:1-18:0\">\n<li data-sourcepos=\"15:1-15:104\"><strong>D\u00e0nh cho c\u00e1c \u1ee9ng d\u1ee5ng \u0111\u00f2i h\u1ecfi nhi\u1ec7t \u0111\u1ed9 v\u1eadn h\u00e0nh kh\u1eafc nghi\u1ec7t:<\/strong> L\u00f2 luy\u1ec7n kim, m\u00e1y \u00e9p nh\u1ef1a, m\u00e1y c\u00e1n&#8230;<\/li>\n<li data-sourcepos=\"16:1-16:81\"><strong>C\u00e1c \u1ee9ng d\u1ee5ng \u0111\u00f2i h\u1ecfi t\u1ea3i tr\u1ecdng cao:<\/strong> M\u00e1y c\u00e1n, m\u00e1y nghi\u1ec1n, m\u00e1y \u00e9p th\u1ee7y l\u1ef1c&#8230;<\/li>\n<li data-sourcepos=\"17:1-18:0\"><strong>H\u1ec7 th\u1ed1ng tu\u1ea7n ho\u00e0n:<\/strong> H\u1ec7 th\u1ed1ng l\u00e0m m\u00e1t d\u1ea7u, h\u1ec7 th\u1ed1ng th\u1ee7y l\u1ef1c&#8230;<\/li>\n<\/ul>\n<h3 data-sourcepos=\"21:1-21:23\">L\u1ee3i \u00edch khi s\u1eed d\u1ee5ng<\/h3>\n<p><img decoding=\"async\" title=\"mobil-shc-636-a-1750217370516-1\" src=\"https:\/\/yenhung.com\/wp-content\/uploads\/2025\/11\/mobil-shc-636-a-1750217370516-1.jpg\" alt=\"D\u1ea7u b\u00e1nh r\u0103ng Mobil SHC 636\" data-thumb=\"large\" \/><\/p>\n<ul data-sourcepos=\"23:1-27:0\">\n<li data-sourcepos=\"23:1-23:110\"><strong>T\u0103ng tu\u1ed5i th\u1ecd thi\u1ebft b\u1ecb:<\/strong> Gi\u1ea3m thi\u1ec3u s\u1ef1 m\u00e0i m\u00f2n v\u00e0 h\u01b0 h\u1ecfng, gi\u00fap thi\u1ebft b\u1ecb ho\u1ea1t \u0111\u1ed9ng \u1ed5n \u0111\u1ecbnh v\u00e0 b\u1ec1n b\u1ec9 h\u01a1n.<\/li>\n<li data-sourcepos=\"24:1-24:115\"><strong>N\u00e2ng cao hi\u1ec7u su\u1ea5t:<\/strong> Gi\u1ea3m ma s\u00e1t gi\u00fap thi\u1ebft b\u1ecb ho\u1ea1t \u0111\u1ed9ng tr\u01a1n tru h\u01a1n, ti\u1ebft ki\u1ec7m n\u0103ng l\u01b0\u1ee3ng v\u00e0 t\u0103ng n\u0103ng su\u1ea5t.<\/li>\n<li data-sourcepos=\"25:1-25:73\"><strong>Gi\u1ea3m chi ph\u00ed b\u1ea3o tr\u00ec:<\/strong> Gi\u1ea3m t\u1ea7n su\u1ea5t b\u1ea3o d\u01b0\u1ee1ng v\u00e0 s\u1eeda ch\u1eefa thi\u1ebft b\u1ecb.<\/li>\n<li data-sourcepos=\"26:1-27:0\"><strong>B\u1ea3o v\u1ec7 m\u00f4i tr\u01b0\u1eddng:<\/strong> S\u1ea3n ph\u1ea9m th\u00e2n thi\u1ec7n v\u1edbi m\u00f4i tr\u01b0\u1eddng.<\/li>\n<\/ul>\n<\/div>\n","protected":false},"excerpt":{"rendered":"<p>T\u00ean sa\u0309n ph\u00e2\u0309m:\u00a0Mobil SHC 636<\/p>\n","protected":false},"featured_media":8323,"comment_status":"closed","ping_status":"closed","template":"","meta":[],"product_brand":[],"product_cat":[165],"product_tag":[],"class_list":{"0":"post-8322","1":"product","2":"type-product","3":"status-publish","4":"has-post-thumbnail","6":"product_cat-mobil","8":"first","9":"instock","10":"shipping-taxable","11":"product-type-simple"},"_links":{"self":[{"href":"https:\/\/yenhung.com\/index.php?rest_route=\/wp\/v2\/product\/8322","targetHints":{"allow":["GET"]}}],"collection":[{"href":"https:\/\/yenhung.com\/index.php?rest_route=\/wp\/v2\/product"}],"about":[{"href":"https:\/\/yenhung.com\/index.php?rest_route=\/wp\/v2\/types\/product"}],"replies":[{"embeddable":true,"href":"https:\/\/yenhung.com\/index.php?rest_route=%2Fwp%2Fv2%2Fcomments&post=8322"}],"wp:featuredmedia":[{"embeddable":true,"href":"https:\/\/yenhung.com\/index.php?rest_route=\/wp\/v2\/media\/8323"}],"wp:attachment":[{"href":"https:\/\/yenhung.com\/index.php?rest_route=%2Fwp%2Fv2%2Fmedia&parent=8322"}],"wp:term":[{"taxonomy":"product_brand","embeddable":true,"href":"https:\/\/yenhung.com\/index.php?rest_route=%2Fwp%2Fv2%2Fproduct_brand&post=8322"},{"taxonomy":"product_cat","embeddable":true,"href":"https:\/\/yenhung.com\/index.php?rest_route=%2Fwp%2Fv2%2Fproduct_cat&post=8322"},{"taxonomy":"product_tag","embeddable":true,"href":"https:\/\/yenhung.com\/index.php?rest_route=%2Fwp%2Fv2%2Fproduct_tag&post=8322"}],"curies":[{"name":"wp","href":"https:\/\/api.w.org\/{rel}","templated":true}]}}