{"id":8338,"date":"2025-11-10T08:40:03","date_gmt":"2025-11-10T08:40:03","guid":{"rendered":"https:\/\/yenhung.com\/?product=dau-mobil-vactra-no-2-20l"},"modified":"2026-02-10T08:45:22","modified_gmt":"2026-02-10T08:45:22","slug":"dau-mobil-vactra-no-2-20l","status":"publish","type":"product","link":"https:\/\/yenhung.com\/?product=dau-mobil-vactra-no-2-20l","title":{"rendered":"D\u1ea6U &#8211; MOBIL VACTRA NO 2 &#8211; 20L"},"content":{"rendered":"<div class=\"ba-text-fpt\">\n<h2 data-sourcepos=\"1:1-1:49\"><strong>Mobil Vactra Oil No 2 &#8211; 20L: D\u1ea7u r\u00e3nh tr\u01b0\u1ee3t h\u00e0ng \u0111\u1ea7u<\/strong><\/h2>\n<p><img decoding=\"async\" title=\"mobil-vactra-no-2-c-jpeg-1750218593499-2\" src=\"https:\/\/yenhung.com\/wp-content\/uploads\/2025\/11\/mobil-vactra-no-2-c-jpeg-1750218593499-2.jpg\" alt=\"D\u1ea6U - MOBIL VACTRA NO 2 - 20L\" data-thumb=\"large\" \/><\/p>\n<p data-sourcepos=\"3:1-3:343\"><strong>Mobil Vactra Oil No 2<\/strong> l\u00e0 m\u1ed9t lo\u1ea1i d\u1ea7u r\u00e3nh tr\u01b0\u1ee3t (slideway oil) cao c\u1ea5p \u0111\u01b0\u1ee3c s\u1ea3n xu\u1ea5t b\u1edfi ExxonMobil, m\u1ed9t trong nh\u1eefng nh\u00e0 s\u1ea3n xu\u1ea5t d\u1ea7u nh\u1edbt h\u00e0ng \u0111\u1ea7u th\u1ebf gi\u1edbi. S\u1ea3n ph\u1ea9m n\u00e0y \u0111\u01b0\u1ee3c thi\u1ebft k\u1ebf \u0111\u1eb7c bi\u1ec7t cho c\u00e1c h\u1ec7 th\u1ed1ng r\u00e3nh tr\u01b0\u1ee3t, b\u00e0n tr\u01b0\u1ee3t c\u1ee7a c\u00e1c m\u00e1y c\u00f4ng c\u1ee5, m\u00e1y c\u00f4ng nghi\u1ec7p, n\u01a1i y\u00eau c\u1ea7u \u0111\u1ed9 b\u00f4i tr\u01a1n cao, gi\u1ea3m ma s\u00e1t v\u00e0 b\u1ea3o v\u1ec7 b\u1ec1 m\u1eb7t ti\u1ebfp x\u00fac.<\/p>\n<h3 data-sourcepos=\"5:1-5:46\">\u0110\u1eb7c \u0111i\u1ec3m n\u1ed5i b\u1eadt c\u1ee7a Mobil Vactra Oil No 2<\/h3>\n<p><img decoding=\"async\" title=\"mobil-vactra-no-2-b-jpeg-1750218594188-1\" src=\"https:\/\/yenhung.com\/wp-content\/uploads\/2025\/11\/mobil-vactra-no-2-b-jpeg-1750218594188-1.jpg\" alt=\"D\u1ea6U - MOBIL VACTRA NO 2 - 20L\" data-thumb=\"large\" \/><\/p>\n<ul data-sourcepos=\"7:1-12:0\">\n<li data-sourcepos=\"7:1-7:128\"><strong>\u0110\u1ed9 b\u00f4i tr\u01a1n tuy\u1ec7t v\u1eddi:<\/strong> D\u1ea7u c\u00f3 kh\u1ea3 n\u0103ng t\u1ea1o ra m\u1ed9t l\u1edbp m\u00e0ng b\u00f4i tr\u01a1n b\u1ec1n v\u1eefng tr\u00ean b\u1ec1 m\u1eb7t ti\u1ebfp x\u00fac, gi\u1ea3m ma s\u00e1t v\u00e0 m\u00e0i m\u00f2n.<\/li>\n<li data-sourcepos=\"8:1-8:108\"><strong>Ch\u1ed1ng m\u00e0i m\u00f2n hi\u1ec7u qu\u1ea3:<\/strong> Gi\u00fap b\u1ea3o v\u1ec7 c\u00e1c b\u1ec1 m\u1eb7t ti\u1ebfp x\u00fac kh\u1ecfi s\u1ef1 m\u00e0i m\u00f2n, k\u00e9o d\u00e0i tu\u1ed5i th\u1ecd c\u1ee7a m\u00e1y m\u00f3c.<\/li>\n<li data-sourcepos=\"9:1-9:116\"><strong>\u1ed4n \u0111\u1ecbnh nhi\u1ec7t:<\/strong> Duy tr\u00ec \u0111\u1ed9 nh\u1edbt \u1ed5n \u0111\u1ecbnh trong \u0111i\u1ec1u ki\u1ec7n nhi\u1ec7t \u0111\u1ed9 thay \u0111\u1ed5i, \u0111\u1ea3m b\u1ea3o hi\u1ec7u su\u1ea5t l\u00e0m vi\u1ec7c li\u00ean t\u1ee5c.<\/li>\n<li data-sourcepos=\"10:1-10:99\"><strong>Kh\u1ea3 n\u0103ng t\u00e1ch n\u01b0\u1edbc t\u1ed1t:<\/strong> Ng\u0103n ng\u1eeba s\u1ef1 h\u00ecnh th\u00e0nh emulsion, b\u1ea3o v\u1ec7 c\u00e1c thi\u1ebft b\u1ecb kh\u1ecfi s\u1ef1 \u0103n m\u00f2n.<\/li>\n<li data-sourcepos=\"11:1-12:0\"><strong>Ch\u1ed1ng oxi h\u00f3a:<\/strong> Gi\u00fap k\u00e9o d\u00e0i tu\u1ed5i th\u1ecd c\u1ee7a d\u1ea7u v\u00e0 gi\u1ea3m thi\u1ec3u s\u1ef1 h\u00ecnh th\u00e0nh c\u1eb7n.<\/li>\n<\/ul>\n<h3 data-sourcepos=\"13:1-13:38\">\u1ee8ng d\u1ee5ng c\u1ee7a Mobil Vactra Oil No 2<\/h3>\n<p><img decoding=\"async\" title=\"mobil-vactra-no-2-a-1750218594621-1\" src=\"https:\/\/yenhung.com\/wp-content\/uploads\/2025\/11\/mobil-vactra-no-2-a-1750218594621-1.jpg\" alt=\"D\u1ea6U - MOBIL VACTRA NO 2 - 20L\" data-thumb=\"large\" \/><\/p>\n<ul data-sourcepos=\"15:1-18:0\">\n<li data-sourcepos=\"15:1-15:92\"><strong>M\u00e1y c\u00f4ng c\u1ee5:<\/strong> B\u00f4i tr\u01a1n cho c\u00e1c r\u00e3nh tr\u01b0\u1ee3t, b\u00e0n tr\u01b0\u1ee3t c\u1ee7a m\u00e1y ti\u1ec7n, m\u00e1y phay, m\u00e1y b\u00e0o&#8230;<\/li>\n<li data-sourcepos=\"16:1-16:92\"><strong>M\u00e1y c\u00f4ng nghi\u1ec7p:<\/strong> B\u00f4i tr\u01a1n cho c\u00e1c m\u00e1y c\u00f4ng nghi\u1ec7p kh\u00e1c nh\u01b0 m\u00e1y \u00e9p, m\u00e1y c\u00e1n, m\u00e1y \u0111\u00f9n&#8230;<\/li>\n<li data-sourcepos=\"17:1-18:0\"><strong>C\u00e1c thi\u1ebft b\u1ecb kh\u00e1c:<\/strong> C\u00e1c h\u1ec7 th\u1ed1ng tr\u01b0\u1ee3t, ray tr\u01b0\u1ee3t y\u00eau c\u1ea7u \u0111\u1ed9 b\u00f4i tr\u01a1n cao.<\/li>\n<\/ul>\n<h3 data-sourcepos=\"21:1-21:45\">L\u1ee3i \u00edch khi s\u1eed d\u1ee5ng Mobil Vactra Oil No 2<\/h3>\n<ul data-sourcepos=\"23:1-27:0\">\n<li data-sourcepos=\"23:1-23:85\"><strong>T\u0103ng tu\u1ed5i th\u1ecd m\u00e1y m\u00f3c:<\/strong> Gi\u1ea3m ma s\u00e1t, m\u00e0i m\u00f2n, gi\u00fap m\u00e1y m\u00f3c ho\u1ea1t \u0111\u1ed9ng b\u1ec1n b\u1ec9 h\u01a1n.<\/li>\n<li data-sourcepos=\"24:1-24:114\"><strong>N\u00e2ng cao hi\u1ec7u su\u1ea5t:<\/strong> Gi\u1ea3m ma s\u00e1t gi\u00fap m\u00e1y m\u00f3c ho\u1ea1t \u0111\u1ed9ng tr\u01a1n tru h\u01a1n, ti\u1ebft ki\u1ec7m n\u0103ng l\u01b0\u1ee3ng v\u00e0 t\u0103ng n\u0103ng su\u1ea5t.<\/li>\n<li data-sourcepos=\"25:1-25:94\"><strong>\u0110\u1ed9 ch\u00ednh x\u00e1c cao:<\/strong> Gi\u1ea3m \u0111\u1ed9 rung, \u0111\u1ed9 \u1ed3n, gi\u00fap t\u0103ng \u0111\u1ed9 ch\u00ednh x\u00e1c c\u1ee7a c\u00e1c s\u1ea3n ph\u1ea9m gia c\u00f4ng.<\/li>\n<li data-sourcepos=\"26:1-27:0\"><strong>B\u1ea3o v\u1ec7 m\u00f4i tr\u01b0\u1eddng:<\/strong> S\u1ea3n ph\u1ea9m th\u00e2n thi\u1ec7n v\u1edbi m\u00f4i tr\u01b0\u1eddng.<\/li>\n<\/ul>\n<\/div>\n","protected":false},"excerpt":{"rendered":"<p>T\u00ean sa\u0309n ph\u00e2\u0309m:\u00a0Mobil Vactra oil no 2<\/p>\n","protected":false},"featured_media":8339,"comment_status":"closed","ping_status":"closed","template":"","meta":[],"product_brand":[],"product_cat":[165],"product_tag":[],"class_list":{"0":"post-8338","1":"product","2":"type-product","3":"status-publish","4":"has-post-thumbnail","6":"product_cat-mobil","8":"first","9":"instock","10":"shipping-taxable","11":"product-type-simple"},"_links":{"self":[{"href":"https:\/\/yenhung.com\/index.php?rest_route=\/wp\/v2\/product\/8338","targetHints":{"allow":["GET"]}}],"collection":[{"href":"https:\/\/yenhung.com\/index.php?rest_route=\/wp\/v2\/product"}],"about":[{"href":"https:\/\/yenhung.com\/index.php?rest_route=\/wp\/v2\/types\/product"}],"replies":[{"embeddable":true,"href":"https:\/\/yenhung.com\/index.php?rest_route=%2Fwp%2Fv2%2Fcomments&post=8338"}],"wp:featuredmedia":[{"embeddable":true,"href":"https:\/\/yenhung.com\/index.php?rest_route=\/wp\/v2\/media\/8339"}],"wp:attachment":[{"href":"https:\/\/yenhung.com\/index.php?rest_route=%2Fwp%2Fv2%2Fmedia&parent=8338"}],"wp:term":[{"taxonomy":"product_brand","embeddable":true,"href":"https:\/\/yenhung.com\/index.php?rest_route=%2Fwp%2Fv2%2Fproduct_brand&post=8338"},{"taxonomy":"product_cat","embeddable":true,"href":"https:\/\/yenhung.com\/index.php?rest_route=%2Fwp%2Fv2%2Fproduct_cat&post=8338"},{"taxonomy":"product_tag","embeddable":true,"href":"https:\/\/yenhung.com\/index.php?rest_route=%2Fwp%2Fv2%2Fproduct_tag&post=8338"}],"curies":[{"name":"wp","href":"https:\/\/api.w.org\/{rel}","templated":true}]}}