{"id":8346,"date":"2025-11-10T08:40:10","date_gmt":"2025-11-10T08:40:10","guid":{"rendered":"https:\/\/yenhung.com\/?product=dau-tuan-hoan-mobil-dte-heavy"},"modified":"2026-02-10T08:45:17","modified_gmt":"2026-02-10T08:45:17","slug":"dau-tuan-hoan-mobil-dte-heavy","status":"publish","type":"product","link":"https:\/\/yenhung.com\/?product=dau-tuan-hoan-mobil-dte-heavy","title":{"rendered":"D\u1ea7u tu\u1ea7n ho\u00e0n Mobil DTE Heavy"},"content":{"rendered":"<div class=\"ba-text-fpt\">\n<h2 data-sourcepos=\"1:1-1:47\"><strong>Mobil DTE Heavy: D\u1ea7u Tu\u1ea7n Ho\u00e0n Hi\u1ec7u N\u0103ng Cao<\/strong><\/h2>\n<p><img decoding=\"async\" title=\"mobil-dte-heavy-b-jpeg-1750219161226-1\" src=\"https:\/\/yenhung.com\/wp-content\/uploads\/2025\/11\/mobil-dte-heavy-b-jpeg-1750219161226-1.jpg\" alt=\"D\u1ea7u tu\u1ea7n ho\u00e0n Mobil DTE Heavy\" data-thumb=\"large\" \/><\/p>\n<p><strong>Mobil DTE Heavy<\/strong> l\u00e0 m\u1ed9t lo\u1ea1i d\u1ea7u tu\u1ea7n ho\u00e0n hi\u1ec7u su\u1ea5t cao \u0111\u01b0\u1ee3c thi\u1ebft k\u1ebf \u0111\u1eb7c bi\u1ec7t cho c\u00e1c \u1ee9ng d\u1ee5ng \u0111\u00f2i h\u1ecfi tu\u1ed5i th\u1ecd ph\u1ee5c v\u1ee5 c\u1ee7a d\u1ea7u nh\u1eddn l\u00e2u d\u00e0i. C\u00e1c \u1ee9ng d\u1ee5ng c\u1ee5 th\u1ec3 bao g\u1ed3m: Tuabin h\u01a1i h\u00e0ng h\u1ea3i v\u00e0 tr\u00ean b\u1edd, tuabin th\u1ee7y l\u1ef1c<sup data-turn-source-index=\"1\"> 1 <\/sup> v\u00e0 m\u1ed9t s\u1ed1 h\u1ec7 th\u1ed1ng tu\u1ea7n ho\u00e0n tuabin kh\u00ed, g\u1ed3m c\u00e1c b\u01a1m, van v\u00e0 c\u00e1c thi\u1ebft b\u1ecb ph\u1ee5 tr\u1ee3 kh\u00e1c.<\/p>\n<ul data-sourcepos=\"7:1-11:0\">\n<li data-sourcepos=\"7:1-7:191\"><strong>\u1ed4n \u0111\u1ecbnh nhi\u1ec7t \u0111\u1ed9 v\u00e0 h\u00f3a h\u1ecdc:<\/strong> D\u1ea7u c\u00f3 kh\u1ea3 n\u0103ng ch\u1ecbu \u0111\u01b0\u1ee3c nhi\u1ec7t \u0111\u1ed9 cao v\u00e0 duy tr\u00ec \u0111\u1ed9 nh\u1edbt \u1ed5n \u0111\u1ecbnh trong \u0111i\u1ec1u ki\u1ec7n l\u00e0m vi\u1ec7c kh\u1eafc nghi\u1ec7t, gi\u00fap b\u1ea3o v\u1ec7 c\u00e1c thi\u1ebft b\u1ecb kh\u1ecfi s\u1ef1 m\u00e0i m\u00f2n v\u00e0 oxy h\u00f3a.<\/li>\n<li data-sourcepos=\"8:1-8:99\"><strong>Kh\u1ea3 n\u0103ng t\u00e1ch n\u01b0\u1edbc t\u1ed1t:<\/strong> Ng\u0103n ng\u1eeba s\u1ef1 h\u00ecnh th\u00e0nh emulsion, b\u1ea3o v\u1ec7 c\u00e1c thi\u1ebft b\u1ecb kh\u1ecfi s\u1ef1 \u0103n m\u00f2n.<\/li>\n<li data-sourcepos=\"9:1-9:92\"><strong>Ch\u1ed1ng t\u1ea1o b\u1ecdt:<\/strong> Gi\u1ea3m thi\u1ec3u hi\u1ec7n t\u01b0\u1ee3ng t\u1ea1o b\u1ecdt, \u0111\u1ea3m b\u1ea3o ho\u1ea1t \u0111\u1ed9ng tr\u01a1n tru c\u1ee7a h\u1ec7 th\u1ed1ng.<\/li>\n<li data-sourcepos=\"10:1-11:0\"><strong>B\u1ea3o v\u1ec7 ch\u1ed1ng m\u00e0i m\u00f2n:<\/strong> Gi\u00fap gi\u1ea3m ma s\u00e1t v\u00e0 m\u00e0i m\u00f2n, k\u00e9o d\u00e0i tu\u1ed5i th\u1ecd c\u1ee7a c\u00e1c thi\u1ebft b\u1ecb.<\/li>\n<\/ul>\n<h3 data-sourcepos=\"14:1-14:33\">\u1ee8ng d\u1ee5ng c\u1ee7a Mobil DTE Heavy:<\/h3>\n<p><img decoding=\"async\" title=\"mobil-dte-heavy-a-jpeg-1750219162045-1\" src=\"https:\/\/yenhung.com\/wp-content\/uploads\/2025\/11\/mobil-dte-heavy-a-jpeg-1750219162045-1.jpg\" alt=\"D\u1ea7u tu\u1ea7n ho\u00e0n Mobil DTE Heavy\" data-thumb=\"large\" \/><\/p>\n<ul data-sourcepos=\"16:1-19:0\">\n<li data-sourcepos=\"16:1-16:79\"><strong>Tuabin h\u01a1i:<\/strong> B\u00f4i tr\u01a1n cho c\u00e1c tuabin h\u01a1i trong c\u00e1c nh\u00e0 m\u00e1y \u0111i\u1ec7n, t\u00e0u th\u1ee7y.<\/li>\n<li data-sourcepos=\"17:1-17:57\"><strong>Tuabin th\u1ee7y l\u1ef1c:<\/strong> B\u00f4i tr\u01a1n cho c\u00e1c tuabin th\u1ee7y \u0111i\u1ec7n.<\/li>\n<li data-sourcepos=\"18:1-19:0\"><strong>H\u1ec7 th\u1ed1ng tu\u1ea7n ho\u00e0n:<\/strong> B\u00f4i tr\u01a1n cho c\u00e1c h\u1ec7 th\u1ed1ng tu\u1ea7n ho\u00e0n y\u00eau c\u1ea7u d\u1ea7u c\u00f3 \u0111\u1ed9 \u1ed5n \u0111\u1ecbnh cao.<\/li>\n<\/ul>\n<h3 data-sourcepos=\"20:1-20:40\">L\u1ee3i \u00edch khi s\u1eed d\u1ee5ng Mobil DTE Heavy:<\/h3>\n<p><img decoding=\"async\" title=\"mobil-dte-heavy-c-1750219160250-2\" src=\"https:\/\/yenhung.com\/wp-content\/uploads\/2025\/11\/mobil-dte-heavy-c-1750219160250-2.jpg\" alt=\"D\u1ea7u tu\u1ea7n ho\u00e0n Mobil DTE Heavy\" data-thumb=\"large\" \/><\/p>\n<ul data-sourcepos=\"22:1-26:0\">\n<li data-sourcepos=\"22:1-22:110\"><strong>T\u0103ng tu\u1ed5i th\u1ecd thi\u1ebft b\u1ecb:<\/strong> Gi\u1ea3m thi\u1ec3u s\u1ef1 m\u00e0i m\u00f2n v\u00e0 h\u01b0 h\u1ecfng, gi\u00fap thi\u1ebft b\u1ecb ho\u1ea1t \u0111\u1ed9ng \u1ed5n \u0111\u1ecbnh v\u00e0 b\u1ec1n b\u1ec9 h\u01a1n.<\/li>\n<li data-sourcepos=\"23:1-23:115\"><strong>N\u00e2ng cao hi\u1ec7u su\u1ea5t:<\/strong> Gi\u1ea3m ma s\u00e1t gi\u00fap thi\u1ebft b\u1ecb ho\u1ea1t \u0111\u1ed9ng tr\u01a1n tru h\u01a1n, ti\u1ebft ki\u1ec7m n\u0103ng l\u01b0\u1ee3ng v\u00e0 t\u0103ng n\u0103ng su\u1ea5t.<\/li>\n<li data-sourcepos=\"24:1-24:73\"><strong>Gi\u1ea3m chi ph\u00ed b\u1ea3o tr\u00ec:<\/strong> Gi\u1ea3m t\u1ea7n su\u1ea5t b\u1ea3o d\u01b0\u1ee1ng v\u00e0 s\u1eeda ch\u1eefa thi\u1ebft b\u1ecb.<\/li>\n<li data-sourcepos=\"25:1-26:0\"><strong>B\u1ea3o v\u1ec7 m\u00f4i tr\u01b0\u1eddng:<\/strong> S\u1ea3n ph\u1ea9m th\u00e2n thi\u1ec7n v\u1edbi m\u00f4i tr\u01b0\u1eddng.<\/li>\n<\/ul>\n<\/div>\n","protected":false},"excerpt":{"rendered":"<p>T\u00ean sa\u0309n ph\u00e2\u0309m:\u00a0Mobil DTE Heavy<\/p>\n","protected":false},"featured_media":8347,"comment_status":"closed","ping_status":"closed","template":"","meta":[],"product_brand":[],"product_cat":[165],"product_tag":[],"class_list":{"0":"post-8346","1":"product","2":"type-product","3":"status-publish","4":"has-post-thumbnail","6":"product_cat-mobil","8":"first","9":"instock","10":"shipping-taxable","11":"product-type-simple"},"_links":{"self":[{"href":"https:\/\/yenhung.com\/index.php?rest_route=\/wp\/v2\/product\/8346","targetHints":{"allow":["GET"]}}],"collection":[{"href":"https:\/\/yenhung.com\/index.php?rest_route=\/wp\/v2\/product"}],"about":[{"href":"https:\/\/yenhung.com\/index.php?rest_route=\/wp\/v2\/types\/product"}],"replies":[{"embeddable":true,"href":"https:\/\/yenhung.com\/index.php?rest_route=%2Fwp%2Fv2%2Fcomments&post=8346"}],"wp:featuredmedia":[{"embeddable":true,"href":"https:\/\/yenhung.com\/index.php?rest_route=\/wp\/v2\/media\/8347"}],"wp:attachment":[{"href":"https:\/\/yenhung.com\/index.php?rest_route=%2Fwp%2Fv2%2Fmedia&parent=8346"}],"wp:term":[{"taxonomy":"product_brand","embeddable":true,"href":"https:\/\/yenhung.com\/index.php?rest_route=%2Fwp%2Fv2%2Fproduct_brand&post=8346"},{"taxonomy":"product_cat","embeddable":true,"href":"https:\/\/yenhung.com\/index.php?rest_route=%2Fwp%2Fv2%2Fproduct_cat&post=8346"},{"taxonomy":"product_tag","embeddable":true,"href":"https:\/\/yenhung.com\/index.php?rest_route=%2Fwp%2Fv2%2Fproduct_tag&post=8346"}],"curies":[{"name":"wp","href":"https:\/\/api.w.org\/{rel}","templated":true}]}}