{"id":8366,"date":"2025-11-10T08:40:22","date_gmt":"2025-11-10T08:40:22","guid":{"rendered":"https:\/\/yenhung.com\/?product=dau-mobil-dte-10-excel-15-20l"},"modified":"2026-02-07T02:30:38","modified_gmt":"2026-02-07T02:30:38","slug":"dau-mobil-dte-10-excel-15-20l","status":"publish","type":"product","link":"https:\/\/yenhung.com\/?product=dau-mobil-dte-10-excel-15-20l","title":{"rendered":"D\u1ea7u MOBIL DTE 10 EXCEL 15 20L"},"content":{"rendered":"<div class=\"ba-text-fpt\">\n<h2 data-sourcepos=\"1:1-1:229\"><strong>D\u1ea7u MOBIL DTE 10 EXCEL 15 20L<\/strong><\/h2>\n<p><strong><img decoding=\"async\" title=\"dau-mobil-dte-10-excel-15-20l-e-2\" src=\"https:\/\/yenhung.com\/wp-content\/uploads\/2025\/11\/dau-mobil-dte-10-excel-15-20l-e-2.jpg\" alt=\"D\u1ea7u MOBIL DTE 10 EXCEL 15 20L\" data-thumb=\"large\" \/><\/strong><\/p>\n<p data-sourcepos=\"1:1-1:229\"><strong>D\u1ea7u th\u1ee7y l\u1ef1c MOBIL DTE 10 EXCEL 15<\/strong> v\u1edbi dung t\u00edch <strong>20 l\u00edt<\/strong>. T\u01b0\u01a1ng t\u1ef1 nh\u01b0 DTE 10 Excel 68, \u0111\u00e2y c\u0169ng l\u00e0 m\u1ed9t lo\u1ea1i d\u1ea7u th\u1ee7y l\u1ef1c ch\u1ed1ng m\u00e0i m\u00f2n hi\u1ec7u su\u1ea5t c\u1ef1c cao c\u1ee7a ExxonMobil, nh\u01b0ng v\u1edbi c\u1ea5p \u0111\u1ed9 nh\u1edbt <strong>ISO VG 15<\/strong>.<\/p>\n<p data-sourcepos=\"3:1-3:172\">D\u00f2ng Mobil DTE 10 Excel \u0111\u01b0\u1ee3c thi\u1ebft k\u1ebf \u0111\u1ec3 t\u1ed1i \u01b0u h\u00f3a hi\u1ec7u su\u1ea5t th\u1ee7y l\u1ef1c, duy tr\u00ec h\u1ec7 th\u1ed1ng s\u1ea1ch s\u1ebd v\u00e0 k\u00e9o d\u00e0i tu\u1ed5i th\u1ecd d\u1ea7u trong c\u00e1c \u1ee9ng d\u1ee5ng c\u00f4ng nghi\u1ec7p v\u00e0 di \u0111\u1ed9ng hi\u1ec7n \u0111\u1ea1i.<\/p>\n<h3 data-sourcepos=\"7:1-7:63\">\u0110\u1eb7c \u0111i\u1ec3m n\u1ed5i b\u1eadt c\u1ee7a D\u1ea7u th\u1ee7y l\u1ef1c Mobil DTE 10 Excel 15<\/h3>\n<p><img decoding=\"async\" title=\"dau-mobil-dte-10-excel-15-20l-d-1\" src=\"https:\/\/yenhung.com\/wp-content\/uploads\/2025\/11\/dau-mobil-dte-10-excel-15-20l-d-1.jpg\" alt=\"D\u1ea7u MOBIL DTE 10 EXCEL 15 20L\" data-thumb=\"large\" \/><\/p>\n<ul data-sourcepos=\"9:3-22:0\">\n<li data-sourcepos=\"9:3-9:219\"><strong>C\u1ea5p \u0111\u1ed9 nh\u1edbt ISO VG 15:<\/strong> L\u00e0 c\u1ea5p \u0111\u1ed9 nh\u1edbt th\u1ea5p nh\u1ea5t trong d\u00f2ng DTE 10 Excel, th\u00edch h\u1ee3p cho c\u00e1c \u1ee9ng d\u1ee5ng y\u00eau c\u1ea7u d\u1ea7u c\u00f3 \u0111\u1ed9 nh\u1edbt r\u1ea5t nh\u1eb9, \u0111\u1eb7c bi\u1ec7t l\u00e0 c\u00e1c h\u1ec7 th\u1ed1ng ho\u1ea1t \u0111\u1ed9ng \u1edf nhi\u1ec7t \u0111\u1ed9 th\u1ea5p ho\u1eb7c \u0111\u00f2i h\u1ecfi ph\u1ea3n \u1ee9ng nhanh.<\/li>\n<li data-sourcepos=\"10:3-10:231\"><strong>Hi\u1ec7u su\u1ea5t th\u1ee7y l\u1ef1c v\u01b0\u1ee3t tr\u1ed9i:<\/strong> Gi\u1ed1ng nh\u01b0 c\u00e1c s\u1ea3n ph\u1ea9m kh\u00e1c trong d\u00f2ng DTE 10 Excel, phi\u00ean b\u1ea3n ISO VG 15 c\u0169ng mang l\u1ea1i hi\u1ec7u su\u1ea5t b\u01a1m th\u1ee7y l\u1ef1c t\u1ed1t h\u01a1n v\u00e0 c\u00f3 kh\u1ea3 n\u0103ng gi\u1ea3m m\u1ee9c ti\u00eau th\u1ee5 n\u0103ng l\u01b0\u1ee3ng ho\u1eb7c t\u0103ng \u0111\u1ed9 nh\u1ea1y c\u1ee7a h\u1ec7 th\u1ed1ng.<\/li>\n<li data-sourcepos=\"11:3-11:272\"><strong>Ki\u1ec3m so\u00e1t c\u1eb7n b\u1ea9n si\u00eau s\u1ea1ch (Ultra Keep Clean Performance):<\/strong> C\u00f4ng th\u1ee9c \u0111\u1eb7c bi\u1ec7t gi\u00fap ng\u0103n ng\u1eeba hi\u1ec7u qu\u1ea3 s\u1ef1 h\u00ecnh th\u00e0nh c\u1eb7n, b\u00f9n v\u00e0 v\u00e9c ni, gi\u1eef cho c\u00e1c b\u1ed9 ph\u1eadn b\u00ean trong h\u1ec7 th\u1ed1ng th\u1ee7y l\u1ef1c lu\u00f4n s\u1ea1ch s\u1ebd, \u0111\u1eb7c bi\u1ec7t quan tr\u1ecdng v\u1edbi c\u00e1c van servo v\u00e0 van t\u1ef7 l\u1ec7 c\u00f3 khe h\u1edf h\u1eb9p.<\/li>\n<li data-sourcepos=\"12:3-15:62\"><strong>Ch\u1ec9 s\u1ed1 \u0111\u1ed9 nh\u1edbt r\u1ea5t cao v\u00e0 \u1ed5n \u0111\u1ecbnh c\u1eaft:<\/strong> V\u1edbi ch\u1ec9 s\u1ed1 \u0111\u1ed9 nh\u1edbt (VI) l\u00ean \u0111\u1ebfn <strong>164 &#8211; 168<\/strong>, Mobil DTE 10 Excel 15 duy tr\u00ec \u0111\u1ed9 nh\u1edbt \u1ed5n \u0111\u1ecbnh trong d\u1ea3i nhi\u1ec7t \u0111\u1ed9 ho\u1ea1t \u0111\u1ed9ng c\u1ef1c r\u1ed9ng, t\u1eeb r\u1ea5t th\u1ea5p \u0111\u1ebfn r\u1ea5t cao. Kh\u1ea3 n\u0103ng \u1ed5n \u0111\u1ecbnh c\u1eaft xu\u1ea5t s\u1eafc \u0111\u1ea3m b\u1ea3o d\u1ea7u kh\u00f4ng b\u1ecb m\u1ea5t \u0111\u1ed9 nh\u1edbt d\u01b0\u1edbi t\u00e1c \u0111\u1ed9ng c\u1ee7a \u1ee9ng su\u1ea5t c\u01a1 h\u1ecdc.\n<ul data-sourcepos=\"13:7-15:62\">\n<li data-sourcepos=\"13:7-13:48\">\u0110\u1ed9 nh\u1edbt \u0111\u1ed9ng h\u1ecdc \u1edf 40\u00b0C: kho\u1ea3ng 15.0 cSt<\/li>\n<li data-sourcepos=\"14:7-14:48\">\u0110\u1ed9 nh\u1edbt \u0111\u1ed9ng h\u1ecdc \u1edf 100\u00b0C: kho\u1ea3ng 3.9 cSt<\/li>\n<li data-sourcepos=\"15:7-15:62\">\u0110i\u1ec3m \u0111\u00f4ng \u0111\u1eb7c (Pour Point) r\u1ea5t th\u1ea5p: kho\u1ea3ng <strong>-57\u00b0C<\/strong>.<\/li>\n<\/ul>\n<\/li>\n<li data-sourcepos=\"16:3-16:133\"><strong>\u0110\u1ed9 b\u1ec1n oxy h\u00f3a v\u00e0 \u1ed5n \u0111\u1ecbnh nhi\u1ec7t c\u1ef1c cao:<\/strong> K\u00e9o d\u00e0i \u0111\u00e1ng k\u1ec3 tu\u1ed5i th\u1ecd d\u1ea7u v\u00e0 b\u1ed9 l\u1ecdc, gi\u1ea3m chi ph\u00ed b\u1ea3o tr\u00ec v\u00e0 th\u1eddi gian ng\u1eebng m\u00e1y.<\/li>\n<li data-sourcepos=\"17:3-17:151\"><strong>B\u1ea3o v\u1ec7 ch\u1ed1ng m\u00e0i m\u00f2n v\u01b0\u1ee3t tr\u1ed9i:<\/strong> Cung c\u1ea5p kh\u1ea3 n\u0103ng b\u1ea3o v\u1ec7 cao cho c\u00e1c b\u1ed9 ph\u1eadn th\u1ee7y l\u1ef1c nh\u01b0 b\u01a1m, van v\u00e0 xi lanh, t\u1eeb \u0111\u00f3 k\u00e9o d\u00e0i tu\u1ed5i th\u1ecd thi\u1ebft b\u1ecb.<\/li>\n<li data-sourcepos=\"18:3-18:130\"><strong>T\u00ednh t\u00e1ch kh\u00ed tuy\u1ec7t v\u1eddi:<\/strong> Gi\u00fap ng\u0103n ng\u1eeba hi\u1ec7n t\u01b0\u1ee3ng s\u1ee7i b\u1ecdt v\u00e0 x\u00e2m th\u1ef1c trong h\u1ec7 th\u1ed1ng, \u0111\u1ea3m b\u1ea3o ho\u1ea1t \u0111\u1ed9ng tr\u01a1n tru c\u1ee7a b\u01a1m.<\/li>\n<li data-sourcepos=\"19:3-19:153\"><strong>T\u01b0\u01a1ng th\u00edch v\u1edbi nhi\u1ec1u v\u1eadt li\u1ec7u:<\/strong> Ph\u00f9 h\u1ee3p v\u1edbi nhi\u1ec1u lo\u1ea1i kim lo\u1ea1i v\u00e0 ch\u1ea5t \u0111\u00e0n h\u1ed3i (ph\u1edbt l\u00e0m k\u00edn) \u0111\u01b0\u1ee3c s\u1eed d\u1ee5ng trong c\u00e1c h\u1ec7 th\u1ed1ng th\u1ee7y l\u1ef1c hi\u1ec7n \u0111\u1ea1i.<\/li>\n<li data-sourcepos=\"20:3-20:139\"><strong>Kh\u00f4ng ch\u1ee9a k\u1ebdm (Zinc-free anti-wear system):<\/strong> \u0110i\u1ec1u n\u00e0y l\u00e0 m\u1ed9t \u01b0u \u0111i\u1ec3m trong m\u1ed9t s\u1ed1 \u1ee9ng d\u1ee5ng c\u1ee5 th\u1ec3 v\u00e0 th\u00e2n thi\u1ec7n h\u01a1n v\u1edbi m\u00f4i tr\u01b0\u1eddng.<\/li>\n<li data-sourcepos=\"21:3-22:0\"><strong>M\u00e0u s\u1eafc:<\/strong> Th\u01b0\u1eddng c\u00f3 m\u00e0u <strong>v\u00e0ng s\u00e1ng<\/strong>.<br \/>\n<h3 data-sourcepos=\"25:1-25:55\">\u1ee8ng d\u1ee5ng c\u1ee7a D\u1ea7u th\u1ee7y l\u1ef1c Mobil DTE 10 Excel 15<\/h3>\n<\/li>\n<li data-sourcepos=\"21:3-22:0\">\n<p data-sourcepos=\"27:1-27:114\"><img decoding=\"async\" title=\"dau-mobil-dte-10-excel-15-20l-c-1\" src=\"https:\/\/yenhung.com\/wp-content\/uploads\/2025\/11\/dau-mobil-dte-10-excel-15-20l-c-1.jpg\" alt=\"D\u1ea7u MOBIL DTE 10 EXCEL 15 20L\" data-thumb=\"large\" \/><\/p>\n<\/li>\n<li data-sourcepos=\"21:3-22:0\">\n<p data-sourcepos=\"27:1-27:114\">Mobil DTE 10 Excel 15 l\u00fd t\u01b0\u1edfng cho c\u00e1c h\u1ec7 th\u1ed1ng th\u1ee7y l\u1ef1c c\u00f4ng nghi\u1ec7p v\u00e0 di \u0111\u1ed9ng ho\u1ea1t \u0111\u1ed9ng trong c\u00e1c \u0111i\u1ec1u ki\u1ec7n sau:<\/p>\n<\/li>\n<li data-sourcepos=\"29:3-29:147\"><strong>H\u1ec7 th\u1ed1ng th\u1ee7y l\u1ef1c y\u00eau c\u1ea7u d\u1ea7u c\u00f3 \u0111\u1ed9 nh\u1edbt r\u1ea5t th\u1ea5p (ISO VG 15):<\/strong> \u0110\u1eb7c bi\u1ec7t l\u00e0 c\u00e1c m\u00e1y m\u00f3c c\u00f3 t\u1ed1c \u0111\u1ed9 cao, \u0111\u1ed9 h\u1edf v\u1eeba ph\u1ea3i v\u00e0 c\u1ea7n ph\u1ea3n \u1ee9ng nhanh.<\/li>\n<li data-sourcepos=\"30:3-30:176\"><strong>M\u00e1y c\u00f4ng c\u1ee5 \u0111i\u1ec1u khi\u1ec3n s\u1ed1 (CNC) v\u00e0 c\u00e1c m\u00e1y m\u00f3c c\u00f3 van servo\/t\u1ef7 l\u1ec7 khe h\u1edf kh\u00edt:<\/strong> N\u01a1i vi\u1ec7c gi\u1eef s\u1ea1ch d\u1ea7u l\u00e0 c\u1ef1c k\u1ef3 quan tr\u1ecdng \u0111\u1ec3 duy tr\u00ec \u0111\u1ed9 ch\u00ednh x\u00e1c v\u00e0 tu\u1ed5i th\u1ecd linh ki\u1ec7n.<\/li>\n<li data-sourcepos=\"31:3-31:182\"><strong>C\u00e1c h\u1ec7 th\u1ed1ng th\u01b0\u1eddng xuy\u00ean kh\u1edfi \u0111\u1ed9ng \u1edf nhi\u1ec7t \u0111\u1ed9 r\u1ea5t th\u1ea5p:<\/strong> V\u1edbi \u0111i\u1ec3m \u0111\u00f4ng \u0111\u1eb7c c\u1ef1c th\u1ea5p, d\u1ea7u n\u00e0y \u0111\u1ea3m b\u1ea3o kh\u1edfi \u0111\u1ed9ng d\u1ec5 d\u00e0ng v\u00e0 b\u00f4i tr\u01a1n hi\u1ec7u qu\u1ea3 ngay c\u1ea3 trong m\u00f4i tr\u01b0\u1eddng l\u1ea1nh gi\u00e1.<\/li>\n<li data-sourcepos=\"32:3-32:75\"><strong>C\u00e1c \u1ee9ng d\u1ee5ng y\u00eau c\u1ea7u kh\u1ea3 n\u0103ng ch\u1ecbu t\u1ea3i cao v\u00e0 b\u1ea3o v\u1ec7 ch\u1ed1ng m\u00e0i m\u00f2n.<\/strong><\/li>\n<li data-sourcepos=\"33:3-33:74\"><strong>M\u00e1y m\u00f3c s\u1eed d\u1ee5ng nhi\u1ec1u b\u1ed9 ph\u1eadn v\u1edbi c\u00e1c v\u1eadt li\u1ec7u kim lo\u1ea1i kh\u00e1c nhau.<\/strong><\/li>\n<li data-sourcepos=\"34:3-34:105\"><strong>M\u1ed9t s\u1ed1 h\u1ec7 th\u1ed1ng th\u1ee7y l\u1ef1c di \u0111\u1ed9ng v\u00e0 h\u00e0ng h\u1ea3i<\/strong> m\u00e0 nh\u00e0 s\u1ea3n xu\u1ea5t khuy\u1ebfn ngh\u1ecb s\u1eed d\u1ee5ng ph\u1ea9m c\u1ea5p ISO 15.<\/li>\n<li data-sourcepos=\"35:3-36:0\"><strong>B\u00f4i tr\u01a1n \u1ed5 tr\u1ee5c v\u00e0 tr\u1ee5c ch\u00ednh m\u00e1y CNC<\/strong> c\u0169ng c\u00f3 th\u1ec3 s\u1eed d\u1ee5ng lo\u1ea1i d\u1ea7u n\u00e0y.<\/li>\n<\/ul>\n<\/div>\n","protected":false},"excerpt":{"rendered":"<p>T\u00ean sa\u0309n ph\u00e2\u0309m:\u00a0MOBIL DTE 10 EXCEL 15<\/p>\n","protected":false},"featured_media":8367,"comment_status":"closed","ping_status":"closed","template":"","meta":[],"product_brand":[],"product_cat":[165],"product_tag":[],"class_list":{"0":"post-8366","1":"product","2":"type-product","3":"status-publish","4":"has-post-thumbnail","6":"product_cat-mobil","8":"first","9":"instock","10":"shipping-taxable","11":"product-type-simple"},"_links":{"self":[{"href":"https:\/\/yenhung.com\/index.php?rest_route=\/wp\/v2\/product\/8366","targetHints":{"allow":["GET"]}}],"collection":[{"href":"https:\/\/yenhung.com\/index.php?rest_route=\/wp\/v2\/product"}],"about":[{"href":"https:\/\/yenhung.com\/index.php?rest_route=\/wp\/v2\/types\/product"}],"replies":[{"embeddable":true,"href":"https:\/\/yenhung.com\/index.php?rest_route=%2Fwp%2Fv2%2Fcomments&post=8366"}],"wp:featuredmedia":[{"embeddable":true,"href":"https:\/\/yenhung.com\/index.php?rest_route=\/wp\/v2\/media\/8367"}],"wp:attachment":[{"href":"https:\/\/yenhung.com\/index.php?rest_route=%2Fwp%2Fv2%2Fmedia&parent=8366"}],"wp:term":[{"taxonomy":"product_brand","embeddable":true,"href":"https:\/\/yenhung.com\/index.php?rest_route=%2Fwp%2Fv2%2Fproduct_brand&post=8366"},{"taxonomy":"product_cat","embeddable":true,"href":"https:\/\/yenhung.com\/index.php?rest_route=%2Fwp%2Fv2%2Fproduct_cat&post=8366"},{"taxonomy":"product_tag","embeddable":true,"href":"https:\/\/yenhung.com\/index.php?rest_route=%2Fwp%2Fv2%2Fproduct_tag&post=8366"}],"curies":[{"name":"wp","href":"https:\/\/api.w.org\/{rel}","templated":true}]}}