{"id":8390,"date":"2025-11-10T08:40:44","date_gmt":"2025-11-10T08:40:44","guid":{"rendered":"https:\/\/yenhung.com\/?product=mo-boi-tron-mobilith-shc-460-16kg"},"modified":"2026-02-07T02:21:20","modified_gmt":"2026-02-07T02:21:20","slug":"mo-boi-tron-mobilith-shc-460-16kg","status":"publish","type":"product","link":"https:\/\/yenhung.com\/?product=mo-boi-tron-mobilith-shc-460-16kg","title":{"rendered":"M\u1ee1 b\u00f4i tr\u01a1n Mobilith SHC 460 16kg"},"content":{"rendered":"<div class=\"ba-text-fpt\">\n<h2 data-sourcepos=\"1:1-1:75\"><strong>Mobilith SHC 460: M\u1ee1 b\u00f4i tr\u01a1n hi\u1ec7u su\u1ea5t cao cho c\u00e1c \u1ee9ng d\u1ee5ng kh\u1eafc nghi\u1ec7t<\/strong><\/h2>\n<p><img decoding=\"async\" title=\"mo-boi-tron-mobilith-shc-460-a-1750231486291-1\" src=\"https:\/\/yenhung.com\/wp-content\/uploads\/2025\/11\/mo-boi-tron-mobilith-shc-460-a-1750231486291-1.jpg\" alt=\"M\u1ee1 b\u00f4i tr\u01a1n Mobilith SHC 460 16kg\" data-thumb=\"large\" \/><\/p>\n<p data-sourcepos=\"3:1-3:278\"><strong>Mobilith SHC 460<\/strong> l\u00e0 m\u1ed9t lo\u1ea1i m\u1ee1 b\u00f4i tr\u01a1n c\u00f4ng nghi\u1ec7p cao c\u1ea5p, \u0111\u01b0\u1ee3c s\u1ea3n xu\u1ea5t t\u1eeb d\u1ea7u g\u1ed1c t\u1ed5ng h\u1ee3p v\u00e0 ch\u1ea5t l\u00e0m \u0111\u1eb7c ph\u1ee9c h\u1ee3p lithium. S\u1ea3n ph\u1ea9m n\u00e0y \u0111\u01b0\u1ee3c thi\u1ebft k\u1ebf \u0111\u1eb7c bi\u1ec7t \u0111\u1ec3 ho\u1ea1t \u0111\u1ed9ng hi\u1ec7u qu\u1ea3 trong c\u00e1c \u0111i\u1ec1u ki\u1ec7n l\u00e0m vi\u1ec7c kh\u1eafc nghi\u1ec7t, ch\u1ecbu t\u1ea3i tr\u1ecdng cao v\u00e0 nhi\u1ec7t \u0111\u1ed9 thay \u0111\u1ed5i l\u1edbn.<\/p>\n<h3 data-sourcepos=\"5:1-5:42\">\u0110\u1eb7c \u0111i\u1ec3m n\u1ed5i b\u1eadt c\u1ee7a Mobilith SHC 460:<\/h3>\n<p><img decoding=\"async\" title=\"mo-boi-tron-mobilith-shc-460-b-1750231485686-1\" src=\"https:\/\/yenhung.com\/wp-content\/uploads\/2025\/11\/mo-boi-tron-mobilith-shc-460-b-1750231485686-1.jpg\" alt=\"M\u1ee1 b\u00f4i tr\u01a1n Mobilith SHC 460 16kg\" data-thumb=\"large\" \/><\/p>\n<ul data-sourcepos=\"7:1-12:0\">\n<li data-sourcepos=\"7:1-7:159\"><strong>Kh\u1ea3 n\u0103ng ch\u1ecbu nhi\u1ec7t cao:<\/strong> Mobilith SHC 460 c\u00f3 kh\u1ea3 n\u0103ng ho\u1ea1t \u0111\u1ed9ng \u1ed5n \u0111\u1ecbnh trong m\u1ed9t ph\u1ea1m vi nhi\u1ec7t \u0111\u1ed9 r\u1ed9ng, t\u1eeb th\u1ea5p \u0111\u1ebfn cao, m\u00e0 kh\u00f4ng b\u1ecb ch\u1ea3y ho\u1eb7c c\u1ee9ng l\u1ea1i.<\/li>\n<li data-sourcepos=\"8:1-8:186\"><strong>Ch\u1ecbu t\u1ea3i tr\u1ecdng cao:<\/strong> Nh\u1edd c\u1ea5u tr\u00fac \u0111\u1eb7c bi\u1ec7t, m\u1ee1 t\u1ea1o ra m\u1ed9t l\u1edbp m\u00e0ng b\u00f4i tr\u01a1n b\u1ec1n v\u1eefng, gi\u00fap b\u1ea3o v\u1ec7 c\u00e1c b\u1ec1 m\u1eb7t kim lo\u1ea1i kh\u1ecfi s\u1ef1 m\u00e0i m\u00f2n, \u0111\u1eb7c bi\u1ec7t trong c\u00e1c \u0111i\u1ec1u ki\u1ec7n t\u1ea3i tr\u1ecdng va \u0111\u1eadp.<\/li>\n<li data-sourcepos=\"9:1-9:133\"><strong>\u1ed4n \u0111\u1ecbnh h\u00f3a h\u1ecdc:<\/strong> M\u1ee1 c\u00f3 kh\u1ea3 n\u0103ng kh\u00e1ng n\u01b0\u1edbc, axit, ki\u1ec1m v\u00e0 c\u00e1c h\u00f3a ch\u1ea5t kh\u00e1c, gi\u00fap b\u1ea3o v\u1ec7 thi\u1ebft b\u1ecb trong m\u00f4i tr\u01b0\u1eddng kh\u1eafc nghi\u1ec7t.<\/li>\n<li data-sourcepos=\"10:1-10:99\"><strong>Tu\u1ed5i th\u1ecd d\u00e0i:<\/strong> M\u1ee1 c\u00f3 tu\u1ed5i th\u1ecd d\u00e0i, gi\u1ea3m t\u1ea7n su\u1ea5t b\u00f4i tr\u01a1n l\u1ea1i, gi\u00fap ti\u1ebft ki\u1ec7m chi ph\u00ed b\u1ea3o tr\u00ec.<\/li>\n<li data-sourcepos=\"11:1-12:0\"><strong>\u0110\u1ed9 b\u00e1m d\u00ednh t\u1ed1t:<\/strong> M\u1ee1 b\u00e1m d\u00ednh t\u1ed1t tr\u00ean c\u00e1c b\u1ec1 m\u1eb7t kim lo\u1ea1i, gi\u00fap duy tr\u00ec l\u1edbp m\u00e0ng b\u00f4i tr\u01a1n \u1ed5n \u0111\u1ecbnh.<\/li>\n<\/ul>\n<h3 data-sourcepos=\"13:1-13:34\">\u1ee8ng d\u1ee5ng c\u1ee7a Mobilith SHC 460:<\/h3>\n<p><img decoding=\"async\" title=\"mo-boi-tron-mobilith-shc-460-c-1750231485091-2\" src=\"https:\/\/yenhung.com\/wp-content\/uploads\/2025\/11\/mo-boi-tron-mobilith-shc-460-c-1750231485091-2.jpg\" alt=\"M\u1ee1 b\u00f4i tr\u01a1n Mobilith SHC 460 16kg\" data-thumb=\"large\" \/><\/p>\n<ul data-sourcepos=\"15:1-19:0\">\n<li data-sourcepos=\"15:1-16:65\"><strong>C\u00f4ng nghi\u1ec7p n\u1eb7ng:<\/strong> B\u00f4i tr\u01a1n c\u00e1c \u1ed5 bi, \u1ed5 tr\u01b0\u1ee3t, kh\u1edbp n\u1ed1i, b\u00e1nh r\u0103ng trong c\u00e1c m\u00e1y m\u00f3c thi\u1ebft b\u1ecb ho\u1ea1t \u0111\u1ed9ng trong \u0111i\u1ec1u ki\u1ec7n kh\u1eafc nghi\u1ec7t nh\u01b0 l\u00f2 cao, m\u00e1y nghi\u1ec1n, m\u00e1y \u00e9p&#8230;<\/li>\n<li data-sourcepos=\"17:1-17:90\"><strong>H\u00e0ng h\u1ea3i:<\/strong> B\u00f4i tr\u01a1n c\u00e1c b\u1ed9 ph\u1eadn c\u1ee7a t\u00e0u bi\u1ec3n nh\u01b0 tr\u1ee5c ch\u00e2n v\u1ecbt, \u1ed5 tr\u1ee5c, h\u1ec7 th\u1ed1ng l\u00e1i.<\/li>\n<li data-sourcepos=\"18:1-19:0\"><strong>N\u0103ng l\u01b0\u1ee3ng:<\/strong> B\u00f4i tr\u01a1n c\u00e1c thi\u1ebft b\u1ecb trong c\u00e1c nh\u00e0 m\u00e1y \u0111i\u1ec7n, nh\u00e0 m\u00e1y l\u1ecdc d\u1ea7u.<\/li>\n<\/ul>\n<h3 data-sourcepos=\"20:1-20:41\">L\u1ee3i \u00edch khi s\u1eed d\u1ee5ng Mobilith SHC 460:<\/h3>\n<ul data-sourcepos=\"22:1-26:0\">\n<li data-sourcepos=\"22:1-22:91\"><strong>T\u0103ng tu\u1ed5i th\u1ecd thi\u1ebft b\u1ecb:<\/strong> Gi\u1ea3m ma s\u00e1t, m\u00e0i m\u00f2n, gi\u00fap c\u00e1c thi\u1ebft b\u1ecb ho\u1ea1t \u0111\u1ed9ng b\u1ec1n b\u1ec9 h\u01a1n.<\/li>\n<li data-sourcepos=\"23:1-23:89\"><strong>N\u00e2ng cao hi\u1ec7u su\u1ea5t:<\/strong> Gi\u1ea3m ti\u00eau hao n\u0103ng l\u01b0\u1ee3ng, gi\u00fap thi\u1ebft b\u1ecb ho\u1ea1t \u0111\u1ed9ng tr\u01a1n tru h\u01a1n.<\/li>\n<li data-sourcepos=\"24:1-24:71\"><strong>Gi\u1ea3m chi ph\u00ed b\u1ea3o tr\u00ec:<\/strong> Gi\u1ea3m t\u1ea7n su\u1ea5t b\u00f4i tr\u01a1n, gi\u1ea3m thi\u1ec3u h\u01b0 h\u1ecfng.<\/li>\n<li data-sourcepos=\"25:1-26:0\"><strong>B\u1ea3o v\u1ec7 m\u00f4i tr\u01b0\u1eddng:<\/strong> S\u1ea3n ph\u1ea9m th\u00e2n thi\u1ec7n v\u1edbi m\u00f4i tr\u01b0\u1eddng.<\/li>\n<\/ul>\n<\/div>\n","protected":false},"excerpt":{"rendered":"<p>T\u00ean sa\u0309n ph\u00e2\u0309m:\u00a0Mobilith SHC 460<\/p>\n","protected":false},"featured_media":8391,"comment_status":"closed","ping_status":"closed","template":"","meta":[],"product_brand":[],"product_cat":[165],"product_tag":[],"class_list":{"0":"post-8390","1":"product","2":"type-product","3":"status-publish","4":"has-post-thumbnail","6":"product_cat-mobil","8":"first","9":"instock","10":"shipping-taxable","11":"product-type-simple"},"_links":{"self":[{"href":"https:\/\/yenhung.com\/index.php?rest_route=\/wp\/v2\/product\/8390","targetHints":{"allow":["GET"]}}],"collection":[{"href":"https:\/\/yenhung.com\/index.php?rest_route=\/wp\/v2\/product"}],"about":[{"href":"https:\/\/yenhung.com\/index.php?rest_route=\/wp\/v2\/types\/product"}],"replies":[{"embeddable":true,"href":"https:\/\/yenhung.com\/index.php?rest_route=%2Fwp%2Fv2%2Fcomments&post=8390"}],"wp:featuredmedia":[{"embeddable":true,"href":"https:\/\/yenhung.com\/index.php?rest_route=\/wp\/v2\/media\/8391"}],"wp:attachment":[{"href":"https:\/\/yenhung.com\/index.php?rest_route=%2Fwp%2Fv2%2Fmedia&parent=8390"}],"wp:term":[{"taxonomy":"product_brand","embeddable":true,"href":"https:\/\/yenhung.com\/index.php?rest_route=%2Fwp%2Fv2%2Fproduct_brand&post=8390"},{"taxonomy":"product_cat","embeddable":true,"href":"https:\/\/yenhung.com\/index.php?rest_route=%2Fwp%2Fv2%2Fproduct_cat&post=8390"},{"taxonomy":"product_tag","embeddable":true,"href":"https:\/\/yenhung.com\/index.php?rest_route=%2Fwp%2Fv2%2Fproduct_tag&post=8390"}],"curies":[{"name":"wp","href":"https:\/\/api.w.org\/{rel}","templated":true}]}}