{"id":8430,"date":"2025-11-10T08:41:20","date_gmt":"2025-11-10T08:41:20","guid":{"rendered":"https:\/\/yenhung.com\/?product=dau-mobil-shc-632-20l"},"modified":"2026-02-07T02:19:31","modified_gmt":"2026-02-07T02:19:31","slug":"dau-mobil-shc-632-20l","status":"publish","type":"product","link":"https:\/\/yenhung.com\/?product=dau-mobil-shc-632-20l","title":{"rendered":"D\u1ea7u MOBIL SHC 632 &#8211; 20L"},"content":{"rendered":"<div class=\"ba-text-fpt\">\n<h2 data-sourcepos=\"1:1-1:58\">Mobil SHC 632: D\u1ea7u b\u00e1nh r\u0103ng v\u00e0 \u1ed5 tr\u1ee5c t\u1ed5ng h\u1ee3p cao c\u1ea5p<\/h2>\n<p data-sourcepos=\"3:1-3:328\"><img decoding=\"async\" title=\"mobil-shc-632-2\" src=\"https:\/\/yenhung.com\/wp-content\/uploads\/2025\/11\/mobil-shc-632-2.png\" alt=\"MOBIL SHC 632\" data-thumb=\"large\" \/><\/p>\n<p data-sourcepos=\"3:1-3:328\"><strong>Mobil SHC 632<\/strong> l\u00e0 m\u1ed9t lo\u1ea1i d\u1ea7u c\u00f4ng nghi\u1ec7p cao c\u1ea5p, \u0111\u01b0\u1ee3c thi\u1ebft k\u1ebf \u0111\u1eb7c bi\u1ec7t cho c\u00e1c \u1ee9ng d\u1ee5ng \u0111\u00f2i h\u1ecfi hi\u1ec7u su\u1ea5t c\u1ef1c cao v\u00e0 \u0111\u1ed9 b\u1ec1n v\u01b0\u1ee3t tr\u1ed9i. S\u1ea3n ph\u1ea9m n\u00e0y \u0111\u01b0\u1ee3c pha ch\u1ebf t\u1eeb d\u1ea7u g\u1ed1c t\u1ed5ng h\u1ee3p PAO, k\u1ebft h\u1ee3p v\u1edbi c\u00e1c ph\u1ee5 gia \u0111\u1eb7c bi\u1ec7t, mang \u0111\u1ebfn kh\u1ea3 n\u0103ng b\u1ea3o v\u1ec7 v\u01b0\u1ee3t tr\u1ed9i cho c\u00e1c thi\u1ebft b\u1ecb, k\u00e9o d\u00e0i tu\u1ed5i th\u1ecd v\u00e0 n\u00e2ng cao hi\u1ec7u su\u1ea5t l\u00e0m vi\u1ec7c.<\/p>\n<h3 data-sourcepos=\"5:1-5:39\">\u0110\u1eb7c \u0111i\u1ec3m n\u1ed5i b\u1eadt c\u1ee7a Mobil SHC 632:<\/h3>\n<ul data-sourcepos=\"7:1-13:0\">\n<li data-sourcepos=\"7:1-7:143\"><strong>C\u00f4ng ngh\u1ec7 t\u1ed5ng h\u1ee3p ti\u00ean ti\u1ebfn:<\/strong> D\u1ea7u g\u1ed1c t\u1ed5ng h\u1ee3p PAO cung c\u1ea5p \u0111\u1ed9 \u1ed5n \u0111\u1ecbnh nhi\u1ec7t \u0111\u1ed9 v\u01b0\u1ee3t tr\u1ed9i, kh\u1ea3 n\u0103ng ch\u1ed1ng oxy h\u00f3a cao v\u00e0 \u0111\u1ed9 nh\u1edbt \u1ed5n \u0111\u1ecbnh.<\/li>\n<li data-sourcepos=\"8:1-8:130\"><strong>B\u1ea3o v\u1ec7 v\u01b0\u1ee3t tr\u1ed9i:<\/strong> Gi\u00fap b\u1ea3o v\u1ec7 c\u00e1c thi\u1ebft b\u1ecb kh\u1ecfi s\u1ef1 m\u00e0i m\u00f2n, \u0103n m\u00f2n v\u00e0 c\u00e1c t\u00e1c \u0111\u1ed9ng kh\u00e1c c\u1ee7a m\u00f4i tr\u01b0\u1eddng l\u00e0m vi\u1ec7c kh\u1eafc nghi\u1ec7t.<\/li>\n<li data-sourcepos=\"9:1-9:112\"><strong>Tu\u1ed5i th\u1ecd d\u1ea7u cao:<\/strong> Nh\u1edd kh\u1ea3 n\u0103ng ch\u1ed1ng oxy h\u00f3a v\u00e0 ph\u00e2n h\u1ee7y t\u1ed1t, d\u1ea7u c\u00f3 tu\u1ed5i th\u1ecd cao, gi\u1ea3m t\u1ea7n su\u1ea5t thay d\u1ea7u.<\/li>\n<li data-sourcepos=\"10:1-10:117\"><strong>Hi\u1ec7u su\u1ea5t v\u1eadn h\u00e0nh cao:<\/strong> Gi\u1ea3m ma s\u00e1t, gi\u1ea3m nhi\u1ec7t \u0111\u1ed9 ho\u1ea1t \u0111\u1ed9ng, gi\u00fap thi\u1ebft b\u1ecb ho\u1ea1t \u0111\u1ed9ng tr\u01a1n tru v\u00e0 hi\u1ec7u qu\u1ea3 h\u01a1n.<\/li>\n<li data-sourcepos=\"11:1-11:90\"><strong>Kh\u1ea3 n\u0103ng ch\u1ecbu t\u1ea3i cao:<\/strong> B\u1ea3o v\u1ec7 c\u00e1c b\u00e1nh r\u0103ng v\u00e0 \u1ed5 tr\u1ee5c trong \u0111i\u1ec1u ki\u1ec7n t\u1ea3i tr\u1ecdng cao.<\/li>\n<li data-sourcepos=\"12:1-13:0\"><strong>Kh\u1ea3 n\u0103ng t\u00e1ch n\u01b0\u1edbc t\u1ed1t:<\/strong> Ng\u0103n ng\u1eeba s\u1ef1 h\u00ecnh th\u00e0nh emulsion, b\u1ea3o v\u1ec7 c\u00e1c thi\u1ebft b\u1ecb kh\u1ecfi s\u1ef1 \u0103n m\u00f2n.<\/li>\n<\/ul>\n<h3 data-sourcepos=\"14:1-14:31\">\u1ee8ng d\u1ee5ng c\u1ee7a Mobil SHC 632:<\/h3>\n<p><img decoding=\"async\" title=\"mobil-shc-632-1-1\" src=\"https:\/\/yenhung.com\/wp-content\/uploads\/2025\/11\/mobil-shc-632-1-1.jpg\" alt=\"MOBIL SHC 632\" data-thumb=\"large\" \/><\/p>\n<ul data-sourcepos=\"16:1-19:0\">\n<li data-sourcepos=\"16:1-16:106\"><strong>B\u00f4i tr\u01a1n b\u00e1nh r\u0103ng:<\/strong> S\u1eed d\u1ee5ng cho c\u00e1c lo\u1ea1i b\u00e1nh r\u0103ng c\u00f4ng nghi\u1ec7p, b\u00e1nh r\u0103ng \u00f4 t\u00f4, b\u00e1nh r\u0103ng h\u1ed9p s\u1ed1,&#8230;<\/li>\n<li data-sourcepos=\"17:1-17:84\"><strong>B\u00f4i tr\u01a1n \u1ed5 tr\u1ee5c:<\/strong> S\u1eed d\u1ee5ng cho c\u00e1c lo\u1ea1i \u1ed5 tr\u1ee5c ch\u1ecbu t\u1ea3i n\u1eb7ng, \u1ed5 tr\u1ee5c t\u1ed1c \u0111\u1ed9 cao.<\/li>\n<li data-sourcepos=\"18:1-19:0\"><strong>H\u1ec7 th\u1ed1ng th\u1ee7y l\u1ef1c:<\/strong> S\u1eed d\u1ee5ng trong c\u00e1c h\u1ec7 th\u1ed1ng th\u1ee7y l\u1ef1c \u0111\u00f2i h\u1ecfi \u0111\u1ed9 tin c\u1eady cao.<\/li>\n<\/ul>\n<h3 data-sourcepos=\"22:1-22:38\">L\u1ee3i \u00edch khi s\u1eed d\u1ee5ng Mobil SHC 632:<\/h3>\n<p><img decoding=\"async\" title=\"dau-mobil-shc-632-a-1750233645108-1\" src=\"https:\/\/yenhung.com\/wp-content\/uploads\/2025\/11\/dau-mobil-shc-632-a-1750233645108-1.jpg\" alt=\"D\u1ea7u MOBIL SHC 632 - 20L\" data-thumb=\"large\" \/><\/p>\n<ul data-sourcepos=\"24:1-28:0\">\n<li data-sourcepos=\"24:1-24:110\"><strong>T\u0103ng tu\u1ed5i th\u1ecd thi\u1ebft b\u1ecb:<\/strong> Gi\u1ea3m thi\u1ec3u s\u1ef1 m\u00e0i m\u00f2n v\u00e0 h\u01b0 h\u1ecfng, gi\u00fap thi\u1ebft b\u1ecb ho\u1ea1t \u0111\u1ed9ng \u1ed5n \u0111\u1ecbnh v\u00e0 b\u1ec1n b\u1ec9 h\u01a1n.<\/li>\n<li data-sourcepos=\"25:1-25:115\"><strong>N\u00e2ng cao hi\u1ec7u su\u1ea5t:<\/strong> Gi\u1ea3m ma s\u00e1t gi\u00fap thi\u1ebft b\u1ecb ho\u1ea1t \u0111\u1ed9ng tr\u01a1n tru h\u01a1n, ti\u1ebft ki\u1ec7m n\u0103ng l\u01b0\u1ee3ng v\u00e0 t\u0103ng n\u0103ng su\u1ea5t.<\/li>\n<li data-sourcepos=\"26:1-26:73\"><strong>Gi\u1ea3m chi ph\u00ed b\u1ea3o tr\u00ec:<\/strong> Gi\u1ea3m t\u1ea7n su\u1ea5t b\u1ea3o d\u01b0\u1ee1ng v\u00e0 s\u1eeda ch\u1eefa thi\u1ebft b\u1ecb.<\/li>\n<li data-sourcepos=\"27:1-28:0\"><strong>B\u1ea3o v\u1ec7 m\u00f4i tr\u01b0\u1eddng:<\/strong> S\u1ea3n ph\u1ea9m th\u00e2n thi\u1ec7n v\u1edbi m\u00f4i tr\u01b0\u1eddng, kh\u00f4ng g\u00e2y h\u1ea1i cho ng\u01b0\u1eddi s\u1eed d\u1ee5ng v\u00e0 thi\u1ebft b\u1ecb.<\/li>\n<\/ul>\n<\/div>\n","protected":false},"excerpt":{"rendered":"<p>T\u00ean sa\u0309n ph\u00e2\u0309m:\u00a0MOBIL SHC 632<\/p>\n","protected":false},"featured_media":8431,"comment_status":"closed","ping_status":"closed","template":"","meta":[],"product_brand":[],"product_cat":[165],"product_tag":[],"class_list":{"0":"post-8430","1":"product","2":"type-product","3":"status-publish","4":"has-post-thumbnail","6":"product_cat-mobil","8":"first","9":"instock","10":"shipping-taxable","11":"product-type-simple"},"_links":{"self":[{"href":"https:\/\/yenhung.com\/index.php?rest_route=\/wp\/v2\/product\/8430","targetHints":{"allow":["GET"]}}],"collection":[{"href":"https:\/\/yenhung.com\/index.php?rest_route=\/wp\/v2\/product"}],"about":[{"href":"https:\/\/yenhung.com\/index.php?rest_route=\/wp\/v2\/types\/product"}],"replies":[{"embeddable":true,"href":"https:\/\/yenhung.com\/index.php?rest_route=%2Fwp%2Fv2%2Fcomments&post=8430"}],"wp:featuredmedia":[{"embeddable":true,"href":"https:\/\/yenhung.com\/index.php?rest_route=\/wp\/v2\/media\/8431"}],"wp:attachment":[{"href":"https:\/\/yenhung.com\/index.php?rest_route=%2Fwp%2Fv2%2Fmedia&parent=8430"}],"wp:term":[{"taxonomy":"product_brand","embeddable":true,"href":"https:\/\/yenhung.com\/index.php?rest_route=%2Fwp%2Fv2%2Fproduct_brand&post=8430"},{"taxonomy":"product_cat","embeddable":true,"href":"https:\/\/yenhung.com\/index.php?rest_route=%2Fwp%2Fv2%2Fproduct_cat&post=8430"},{"taxonomy":"product_tag","embeddable":true,"href":"https:\/\/yenhung.com\/index.php?rest_route=%2Fwp%2Fv2%2Fproduct_tag&post=8430"}],"curies":[{"name":"wp","href":"https:\/\/api.w.org\/{rel}","templated":true}]}}