{"id":8454,"date":"2025-11-10T08:41:41","date_gmt":"2025-11-10T08:41:41","guid":{"rendered":"https:\/\/yenhung.com\/?product=dau-mobil-velocite-no-6-20l"},"modified":"2026-02-07T02:17:29","modified_gmt":"2026-02-07T02:17:29","slug":"dau-mobil-velocite-no-6-20l","status":"publish","type":"product","link":"https:\/\/yenhung.com\/?product=dau-mobil-velocite-no-6-20l","title":{"rendered":"D\u1ea7u Mobil Velocite no 6 20L"},"content":{"rendered":"<div class=\"ba-text-fpt\">\n<h2 data-sourcepos=\"1:1-1:63\"><strong>D\u1ea7u Mobil Velocite no 6 20L<\/strong><\/h2>\n<h2 data-sourcepos=\"1:1-1:63\">D\u1ea7u tr\u1ee5c ch\u00ednh cao c\u1ea5p cho m\u00e1y c\u00f4ng c\u1ee5<\/h2>\n<p data-sourcepos=\"3:1-3:311\"><img decoding=\"async\" title=\"dau-mobil-velocite-no-6-20l-a-1750234547466-1\" src=\"https:\/\/yenhung.com\/wp-content\/uploads\/2025\/11\/dau-mobil-velocite-no-6-20l-a-1750234547466-1.jpg\" alt=\"D\u1ea7u Mobil Velocite no 6 20L\" data-thumb=\"large\" \/><\/p>\n<p data-sourcepos=\"3:1-3:311\"><strong>Mobil Velocite No. 6<\/strong> l\u00e0 m\u1ed9t lo\u1ea1i d\u1ea7u c\u00f4ng nghi\u1ec7p cao c\u1ea5p, \u0111\u01b0\u1ee3c thi\u1ebft k\u1ebf \u0111\u1eb7c bi\u1ec7t \u0111\u1ec3 b\u00f4i tr\u01a1n tr\u1ee5c ch\u00ednh v\u00e0 c\u00e1c b\u1ed9 ph\u1eadn quay t\u1ed1c \u0111\u1ed9 cao trong m\u00e1y c\u00f4ng c\u1ee5. V\u1edbi c\u00f4ng th\u1ee9c \u0111\u1ed9c \u0111\u00e1o v\u00e0 ch\u1ea5t l\u01b0\u1ee3ng v\u01b0\u1ee3t tr\u1ed9i, s\u1ea3n ph\u1ea9m n\u00e0y \u0111\u00e3 tr\u1edf th\u00e0nh s\u1ef1 l\u1ef1a ch\u1ecdn h\u00e0ng \u0111\u1ea7u c\u1ee7a nhi\u1ec1u k\u1ef9 s\u01b0 v\u00e0 nh\u00e0 s\u1ea3n xu\u1ea5t m\u00e1y m\u00f3c tr\u00ean to\u00e0n th\u1ebf gi\u1edbi.<\/p>\n<h3 data-sourcepos=\"5:1-5:45\">\u0110\u1eb7c \u0111i\u1ec3m n\u1ed5i b\u1eadt c\u1ee7a Mobil Velocite No. 6<\/h3>\n<p><img decoding=\"async\" title=\"dau-mobil-velocite-no-6-20l-c-1750234545899-2\" src=\"https:\/\/yenhung.com\/wp-content\/uploads\/2025\/11\/dau-mobil-velocite-no-6-20l-c-1750234545899-2.png\" alt=\"D\u1ea7u Mobil Velocite no 6 20L\" data-thumb=\"large\" \/><\/p>\n<ul data-sourcepos=\"7:1-13:0\">\n<li data-sourcepos=\"7:1-7:80\"><strong>\u0110\u1ed9 nh\u1edbt th\u1ea5p:<\/strong> Gi\u00fap gi\u1ea3m ma s\u00e1t, nhi\u1ec7t \u0111\u1ed9 ho\u1ea1t \u0111\u1ed9ng v\u00e0 ti\u00eau hao n\u0103ng l\u01b0\u1ee3ng.<\/li>\n<li data-sourcepos=\"8:1-8:100\"><strong>Kh\u1ea3 n\u0103ng ch\u1ecbu t\u1ea3i cao:<\/strong> B\u1ea3o v\u1ec7 c\u00e1c b\u1ec1 m\u1eb7t kim lo\u1ea1i kh\u1ecfi m\u00e0i m\u00f2n, k\u00e9o d\u00e0i tu\u1ed5i th\u1ecd c\u1ee7a thi\u1ebft b\u1ecb.<\/li>\n<li data-sourcepos=\"9:1-9:107\"><strong>Ch\u1ed1ng oxy h\u00f3a tuy\u1ec7t v\u1eddi:<\/strong> Ng\u0103n ng\u1eeba s\u1ef1 h\u00ecnh th\u00e0nh c\u1eb7n b\u1ea9n v\u00e0 axit, \u0111\u1ea3m b\u1ea3o hi\u1ec7u su\u1ea5t l\u00e0m vi\u1ec7c \u1ed5n \u0111\u1ecbnh.<\/li>\n<li data-sourcepos=\"10:1-10:90\"><strong>T\u00e1ch n\u01b0\u1edbc t\u1ed1t:<\/strong> Lo\u1ea1i b\u1ecf nhanh ch\u00f3ng n\u01b0\u1edbc v\u00e0 c\u00e1c t\u1ea1p ch\u1ea5t kh\u00e1c kh\u1ecfi h\u1ec7 th\u1ed1ng b\u00f4i tr\u01a1n.<\/li>\n<li data-sourcepos=\"11:1-11:109\"><strong>Kh\u1ea3 n\u0103ng ch\u1ed1ng m\u00e0i m\u00f2n:<\/strong> Gi\u00fap b\u1ea3o v\u1ec7 c\u00e1c b\u1ec1 m\u1eb7t kim lo\u1ea1i kh\u1ecfi s\u1ef1 m\u00e0i m\u00f2n, k\u00e9o d\u00e0i tu\u1ed5i th\u1ecd c\u1ee7a thi\u1ebft b\u1ecb.<\/li>\n<li data-sourcepos=\"12:1-13:0\"><strong>\u1ed4n \u0111\u1ecbnh nhi\u1ec7t \u0111\u1ed9:<\/strong> Duy tr\u00ec \u0111\u1ed9 nh\u1edbt \u1ed5n \u0111\u1ecbnh trong \u0111i\u1ec1u ki\u1ec7n nhi\u1ec7t \u0111\u1ed9 thay \u0111\u1ed5i.<\/li>\n<\/ul>\n<h3 data-sourcepos=\"14:1-14:37\">\u1ee8ng d\u1ee5ng c\u1ee7a Mobil Velocite No. 6<\/h3>\n<p><img decoding=\"async\" title=\"dau-mobil-velocite-no-6-20l-b-1750234546817-1\" src=\"https:\/\/yenhung.com\/wp-content\/uploads\/2025\/11\/dau-mobil-velocite-no-6-20l-b-1750234546817-1.jpg\" alt=\"D\u1ea7u Mobil Velocite no 6 20L\" data-thumb=\"large\" \/><\/p>\n<ul data-sourcepos=\"16:1-19:0\">\n<li data-sourcepos=\"16:1-16:81\"><strong>B\u00f4i tr\u01a1n tr\u1ee5c ch\u00ednh m\u00e1y c\u00f4ng c\u1ee5:<\/strong> M\u00e1y ti\u1ec7n, m\u00e1y phay, m\u00e1y khoan, m\u00e1y m\u00e0i,&#8230;<\/li>\n<li data-sourcepos=\"17:1-17:104\"><strong>C\u00e1c h\u1ec7 th\u1ed1ng b\u00f4i tr\u01a1n tu\u1ea7n ho\u00e0n:<\/strong> Cung c\u1ea5p kh\u1ea3 n\u0103ng b\u00f4i tr\u01a1n v\u00e0 b\u1ea3o v\u1ec7 t\u1ed1i \u01b0u cho c\u00e1c h\u1ec7 th\u1ed1ng n\u00e0y.<\/li>\n<li data-sourcepos=\"18:1-19:0\"><strong>C\u00e1c \u1ee9ng d\u1ee5ng \u0111\u00f2i h\u1ecfi \u0111\u1ed9 ch\u00ednh x\u00e1c cao:<\/strong> V\u00ed d\u1ee5 nh\u01b0 trong ng\u00e0nh ch\u1ebf t\u1ea1o khu\u00f4n m\u1eabu, s\u1ea3n xu\u1ea5t linh ki\u1ec7n ch\u00ednh x\u00e1c.<\/li>\n<\/ul>\n<\/div>\n","protected":false},"excerpt":{"rendered":"<p>T\u00ean sa\u0309n ph\u00e2\u0309m:\u00a0Mobil Velocite No 6<\/p>\n","protected":false},"featured_media":8455,"comment_status":"closed","ping_status":"closed","template":"","meta":[],"product_brand":[],"product_cat":[165],"product_tag":[],"class_list":{"0":"post-8454","1":"product","2":"type-product","3":"status-publish","4":"has-post-thumbnail","6":"product_cat-mobil","8":"first","9":"instock","10":"shipping-taxable","11":"product-type-simple"},"_links":{"self":[{"href":"https:\/\/yenhung.com\/index.php?rest_route=\/wp\/v2\/product\/8454","targetHints":{"allow":["GET"]}}],"collection":[{"href":"https:\/\/yenhung.com\/index.php?rest_route=\/wp\/v2\/product"}],"about":[{"href":"https:\/\/yenhung.com\/index.php?rest_route=\/wp\/v2\/types\/product"}],"replies":[{"embeddable":true,"href":"https:\/\/yenhung.com\/index.php?rest_route=%2Fwp%2Fv2%2Fcomments&post=8454"}],"wp:featuredmedia":[{"embeddable":true,"href":"https:\/\/yenhung.com\/index.php?rest_route=\/wp\/v2\/media\/8455"}],"wp:attachment":[{"href":"https:\/\/yenhung.com\/index.php?rest_route=%2Fwp%2Fv2%2Fmedia&parent=8454"}],"wp:term":[{"taxonomy":"product_brand","embeddable":true,"href":"https:\/\/yenhung.com\/index.php?rest_route=%2Fwp%2Fv2%2Fproduct_brand&post=8454"},{"taxonomy":"product_cat","embeddable":true,"href":"https:\/\/yenhung.com\/index.php?rest_route=%2Fwp%2Fv2%2Fproduct_cat&post=8454"},{"taxonomy":"product_tag","embeddable":true,"href":"https:\/\/yenhung.com\/index.php?rest_route=%2Fwp%2Fv2%2Fproduct_tag&post=8454"}],"curies":[{"name":"wp","href":"https:\/\/api.w.org\/{rel}","templated":true}]}}