{"id":8462,"date":"2025-11-10T08:41:48","date_gmt":"2025-11-10T08:41:48","guid":{"rendered":"https:\/\/yenhung.com\/?product=dau-mobilgear-600-xp-320-20l"},"modified":"2026-02-07T02:17:06","modified_gmt":"2026-02-07T02:17:06","slug":"dau-mobilgear-600-xp-320-20l","status":"publish","type":"product","link":"https:\/\/yenhung.com\/?product=dau-mobilgear-600-xp-320-20l","title":{"rendered":"D\u1ea6U &#8211; MOBILGEAR 600 XP 320 &#8211; 20L"},"content":{"rendered":"<div class=\"ba-text-fpt\">\n<h2 data-sourcepos=\"1:1-1:52\">Mobilgear 600 XP 320: D\u1ea7u b\u00e1nh r\u0103ng hi\u1ec7u su\u1ea5t cao<\/h2>\n<p data-sourcepos=\"3:1-3:275\"><strong>Mobilgear 600 XP 320<\/strong> l\u00e0 m\u1ed9t lo\u1ea1i d\u1ea7u b\u00e1nh r\u0103ng c\u00f4ng nghi\u1ec7p cao c\u1ea5p, \u0111\u01b0\u1ee3c s\u1ea3n xu\u1ea5t b\u1edfi h\u00e3ng d\u1ea7u nh\u1edbt Mobil n\u1ed5i ti\u1ebfng. D\u1ea7u n\u00e0y \u0111\u01b0\u1ee3c thi\u1ebft k\u1ebf \u0111\u1eb7c bi\u1ec7t \u0111\u1ec3 cung c\u1ea5p hi\u1ec7u su\u1ea5t b\u00f4i tr\u01a1n v\u01b0\u1ee3t tr\u1ed9i cho c\u00e1c h\u1ec7 th\u1ed1ng truy\u1ec1n \u0111\u1ed9ng b\u1eb1ng b\u00e1nh r\u0103ng ho\u1ea1t \u0111\u1ed9ng trong \u0111i\u1ec1u ki\u1ec7n kh\u1eafc nghi\u1ec7t.<\/p>\n<p data-sourcepos=\"3:1-3:275\"><img decoding=\"async\" title=\"mobilgear-600-xp-320-20l-a-jpeg-1\" src=\"https:\/\/yenhung.com\/wp-content\/uploads\/2025\/11\/mobilgear-600-xp-320-20l-a-jpeg-1.jpg\" alt=\"D\u1ea6U - MOBILGEAR 600 XP 320 - 20L\" data-thumb=\"large\" \/><\/p>\n<h3 data-sourcepos=\"5:1-5:21\">\u0110\u1eb7c \u0111i\u1ec3m n\u1ed5i b\u1eadt:<\/h3>\n<ul data-sourcepos=\"7:1-12:0\">\n<li data-sourcepos=\"7:1-7:190\"><strong>Kh\u1ea3 n\u0103ng ch\u1ecbu t\u1ea3i c\u1ef1c cao:<\/strong> Mobilgear 600 XP 320 c\u00f3 kh\u1ea3 n\u0103ng ch\u1ecbu t\u1ea3i tr\u1ecdng c\u1ef1c l\u1edbn, gi\u00fap b\u1ea3o v\u1ec7 c\u00e1c b\u00e1nh r\u0103ng kh\u1ecfi m\u00e0i m\u00f2n v\u00e0 h\u01b0 h\u1ecfng, \u0111\u1eb7c bi\u1ec7t trong c\u00e1c \u1ee9ng d\u1ee5ng c\u00f3 s\u1ed1c t\u1ea3i v\u00e0 va \u0111\u1eadp.<\/li>\n<li data-sourcepos=\"8:1-8:164\"><strong>Ch\u1ed1ng m\u00e0i m\u00f2n v\u01b0\u1ee3t tr\u1ed9i:<\/strong> D\u1ea7u n\u00e0y c\u00f3 kh\u1ea3 n\u0103ng ch\u1ed1ng m\u00e0i m\u00f2n g\u1ea5p nhi\u1ec1u l\u1ea7n so v\u1edbi c\u00e1c ti\u00eau chu\u1ea9n c\u00f4ng nghi\u1ec7p, gi\u00fap k\u00e9o d\u00e0i tu\u1ed5i th\u1ecd c\u1ee7a c\u00e1c b\u1ed9 ph\u1eadn truy\u1ec1n \u0111\u1ed9ng.<\/li>\n<li data-sourcepos=\"9:1-9:171\"><strong>\u1ed4n \u0111\u1ecbnh nhi\u1ec7t:<\/strong> Mobilgear 600 XP 320 c\u00f3 kh\u1ea3 n\u0103ng ch\u1ecbu nhi\u1ec7t tuy\u1ec7t v\u1eddi, gi\u00fap duy tr\u00ec \u0111\u1ed9 nh\u1edbt \u1ed5n \u0111\u1ecbnh trong \u0111i\u1ec1u ki\u1ec7n nhi\u1ec7t \u0111\u1ed9 cao, \u0111\u1ea3m b\u1ea3o hi\u1ec7u su\u1ea5t b\u00f4i tr\u01a1n li\u00ean t\u1ee5c.<\/li>\n<li data-sourcepos=\"10:1-10:121\"><strong>Ch\u1ed1ng oxi h\u00f3a:<\/strong> D\u1ea7u c\u00f3 kh\u1ea3 n\u0103ng ch\u1ed1ng oxi h\u00f3a cao, gi\u00fap ng\u0103n ng\u1eeba s\u1ef1 h\u00ecnh th\u00e0nh c\u1eb7n b\u1ea9n v\u00e0 k\u00e9o d\u00e0i tu\u1ed5i th\u1ecd c\u1ee7a d\u1ea7u.<\/li>\n<li data-sourcepos=\"11:1-12:0\"><strong>T\u00e1ch n\u01b0\u1edbc t\u1ed1t:<\/strong> Kh\u1ea3 n\u0103ng t\u00e1ch n\u01b0\u1edbc t\u1ed1t gi\u00fap ng\u0103n ng\u1eeba s\u1ef1 ph\u00e1t tri\u1ec3n c\u1ee7a vi sinh v\u1eadt v\u00e0 \u0103n m\u00f2n.<\/li>\n<\/ul>\n<h3 data-sourcepos=\"13:1-13:13\">\u1ee8ng d\u1ee5ng:<\/h3>\n<p><img decoding=\"async\" title=\"mobilgear-600-xp-320-20l-c-2\" src=\"https:\/\/yenhung.com\/wp-content\/uploads\/2025\/11\/mobilgear-600-xp-320-20l-c-2.jpg\" alt=\"D\u1ea6U - MOBILGEAR 600 XP 320 - 20L\" data-thumb=\"large\" \/><\/p>\n<ul data-sourcepos=\"15:1-18:0\">\n<li data-sourcepos=\"15:1-15:127\"><strong>Truy\u1ec1n \u0111\u1ed9ng b\u00e1nh r\u0103ng c\u00f4ng nghi\u1ec7p:<\/strong> D\u00f9ng cho c\u00e1c lo\u1ea1i h\u1ed9p s\u1ed1 c\u00f4ng nghi\u1ec7p, m\u00e1y c\u00f4ng c\u1ee5, m\u00e1y n\u00e9n kh\u00ed, m\u00e1y b\u01a1m, m\u00e1y nghi\u1ec1n&#8230;<\/li>\n<li data-sourcepos=\"16:1-16:93\"><strong>Truy\u1ec1n \u0111\u1ed9ng b\u00e1nh r\u0103ng trong c\u00e1c ng\u00e0nh c\u00f4ng nghi\u1ec7p:<\/strong> Th\u00e9p, gi\u1ea5y, xi m\u0103ng, khai th\u00e1c m\u1ecf&#8230;<\/li>\n<li data-sourcepos=\"17:1-18:0\"><strong>Truy\u1ec1n \u0111\u1ed9ng b\u00e1nh r\u0103ng trong c\u00e1c \u1ee9ng d\u1ee5ng h\u00e0ng h\u1ea3i:<\/strong> T\u00e0u bi\u1ec3n, t\u00e0u \u0111\u00e1nh c\u00e1&#8230;<\/li>\n<\/ul>\n<h3 data-sourcepos=\"19:1-19:45\">\u01afu \u0111i\u1ec3m khi s\u1eed d\u1ee5ng Mobilgear 600 XP 320:<\/h3>\n<ul data-sourcepos=\"21:1-25:0\">\n<li data-sourcepos=\"21:1-21:112\"><strong>Gi\u1ea3m ma s\u00e1t:<\/strong> Gi\u00fap gi\u1ea3m ma s\u00e1t trong h\u1ec7 th\u1ed1ng truy\u1ec1n \u0111\u1ed9ng, ti\u1ebft ki\u1ec7m n\u0103ng l\u01b0\u1ee3ng v\u00e0 gi\u1ea3m nhi\u1ec7t \u0111\u1ed9 ho\u1ea1t \u0111\u1ed9ng.<\/li>\n<li data-sourcepos=\"22:1-22:124\"><strong>K\u00e9o d\u00e0i tu\u1ed5i th\u1ecd thi\u1ebft b\u1ecb:<\/strong> B\u1ea3o v\u1ec7 c\u00e1c b\u1ed9 ph\u1eadn truy\u1ec1n \u0111\u1ed9ng kh\u1ecfi m\u00e0i m\u00f2n v\u00e0 h\u01b0 h\u1ecfng, gi\u00fap k\u00e9o d\u00e0i tu\u1ed5i th\u1ecd c\u1ee7a thi\u1ebft b\u1ecb.<\/li>\n<li data-sourcepos=\"23:1-23:64\"><strong>Gi\u1ea3m chi ph\u00ed b\u1ea3o tr\u00ec:<\/strong> Gi\u1ea3m t\u1ea7n su\u1ea5t b\u1ea3o d\u01b0\u1ee1ng v\u00e0 thay d\u1ea7u.<\/li>\n<li data-sourcepos=\"24:1-25:0\"><strong>T\u0103ng hi\u1ec7u su\u1ea5t s\u1ea3n xu\u1ea5t:<\/strong> Gi\u00fap c\u00e1c thi\u1ebft b\u1ecb ho\u1ea1t \u0111\u1ed9ng \u1ed5n \u0111\u1ecbnh v\u00e0 hi\u1ec7u qu\u1ea3 h\u01a1n.<img decoding=\"async\" title=\"dau-mobilgear-600-xp-320-20l-d-1\" src=\"https:\/\/yenhung.com\/wp-content\/uploads\/2025\/11\/dau-mobilgear-600-xp-320-20l-d-1.png\" alt=\"D\u1ea6U - MOBILGEAR 600 XP 320 - 20L\" data-thumb=\"large\" \/><\/li>\n<\/ul>\n<h3 data-sourcepos=\"32:1-32:22\">Th\u00f4ng s\u1ed1 k\u1ef9 thu\u1eadt:<\/h3>\n<ul data-sourcepos=\"34:1-38:0\">\n<li data-sourcepos=\"34:1-34:25\"><strong>\u0110\u1ed9 nh\u1edbt:<\/strong> ISO VG 320<\/li>\n<li data-sourcepos=\"35:1-35:26\"><strong>\u0110i\u1ec3m \u0111\u00f4ng \u0111\u1eb7c:<\/strong> -27\u00b0C<\/li>\n<li data-sourcepos=\"36:1-36:25\"><strong>Ch\u1ec9 s\u1ed1 \u0111\u1ed9 nh\u1edbt:<\/strong> 100<\/li>\n<li data-sourcepos=\"37:1-38:0\"><strong>\u0110i\u1ec3m ch\u00e1y:<\/strong> 220\u00b0C<\/li>\n<\/ul>\n<\/div>\n","protected":false},"excerpt":{"rendered":"<p>T\u00ean sa\u0309n ph\u00e2\u0309m:\u00a0MOBILGEAR 600 XP 320 &#8211; 20L<\/p>\n","protected":false},"featured_media":8463,"comment_status":"closed","ping_status":"closed","template":"","meta":[],"product_brand":[],"product_cat":[165],"product_tag":[],"class_list":{"0":"post-8462","1":"product","2":"type-product","3":"status-publish","4":"has-post-thumbnail","6":"product_cat-mobil","8":"first","9":"instock","10":"shipping-taxable","11":"product-type-simple"},"_links":{"self":[{"href":"https:\/\/yenhung.com\/index.php?rest_route=\/wp\/v2\/product\/8462","targetHints":{"allow":["GET"]}}],"collection":[{"href":"https:\/\/yenhung.com\/index.php?rest_route=\/wp\/v2\/product"}],"about":[{"href":"https:\/\/yenhung.com\/index.php?rest_route=\/wp\/v2\/types\/product"}],"replies":[{"embeddable":true,"href":"https:\/\/yenhung.com\/index.php?rest_route=%2Fwp%2Fv2%2Fcomments&post=8462"}],"wp:featuredmedia":[{"embeddable":true,"href":"https:\/\/yenhung.com\/index.php?rest_route=\/wp\/v2\/media\/8463"}],"wp:attachment":[{"href":"https:\/\/yenhung.com\/index.php?rest_route=%2Fwp%2Fv2%2Fmedia&parent=8462"}],"wp:term":[{"taxonomy":"product_brand","embeddable":true,"href":"https:\/\/yenhung.com\/index.php?rest_route=%2Fwp%2Fv2%2Fproduct_brand&post=8462"},{"taxonomy":"product_cat","embeddable":true,"href":"https:\/\/yenhung.com\/index.php?rest_route=%2Fwp%2Fv2%2Fproduct_cat&post=8462"},{"taxonomy":"product_tag","embeddable":true,"href":"https:\/\/yenhung.com\/index.php?rest_route=%2Fwp%2Fv2%2Fproduct_tag&post=8462"}],"curies":[{"name":"wp","href":"https:\/\/api.w.org\/{rel}","templated":true}]}}