{"id":8470,"date":"2025-11-10T08:41:53","date_gmt":"2025-11-10T08:41:53","guid":{"rendered":"https:\/\/yenhung.com\/?product=dau-mobil-dte-26-ultra-iso-vg-68-20l"},"modified":"2026-02-07T02:16:57","modified_gmt":"2026-02-07T02:16:57","slug":"dau-mobil-dte-26-ultra-iso-vg-68-20l","status":"publish","type":"product","link":"https:\/\/yenhung.com\/?product=dau-mobil-dte-26-ultra-iso-vg-68-20l","title":{"rendered":"D\u1ea6U &#8211; MOBIL DTE 26 ULTRA ISO VG 68 &#8211; 20L"},"content":{"rendered":"<div class=\"ba-text-fpt\">\n<h2 data-sourcepos=\"5:1-5:60\"><strong>D\u1ea6U &#8211; MOBIL DTE 26 ULTRA ISO VG 68 &#8211; 20L<\/strong><\/h2>\n<p data-sourcepos=\"5:1-5:60\">\u0110\u1eb7c \u0111i\u1ec3m n\u1ed5i b\u1eadt c\u1ee7a D\u1ea7u Mobil DTE 26 Ultra ISO VG 68<\/p>\n<p data-sourcepos=\"5:1-5:60\"><img decoding=\"async\" title=\"mobil-dte-26-ultra-iso-vg-68-g-1750153117549-2\" src=\"https:\/\/yenhung.com\/wp-content\/uploads\/2025\/11\/mobil-dte-26-ultra-iso-vg-68-g-1750153117549-2.png\" alt=\"D\u1ea6U - MOBIL DTE 26 ULTRA ISO VG 68 - 20L\" data-thumb=\"large\" \/><\/p>\n<p data-sourcepos=\"7:1-7:113\">Mobil DTE 26 Ultra thu\u1ed9c d\u00f2ng Mobil DTE 20 Ultra Series, l\u00e0 d\u00f2ng s\u1ea3n ph\u1ea9m d\u1ea7u th\u1ee7y l\u1ef1c cao c\u1ea5p v\u1edbi nhi\u1ec1u \u01b0u \u0111i\u1ec3m:<\/p>\n<ul data-sourcepos=\"9:1-17:0\">\n<li data-sourcepos=\"9:1-9:382\"><strong>Hi\u1ec7u su\u1ea5t gi\u1eef s\u1ea1ch v\u01b0\u1ee3t tr\u1ed9i (Outstanding Keep Clean Performance):<\/strong> \u0110\u00e2y l\u00e0 m\u1ed9t trong nh\u1eefng \u0111i\u1ec3m m\u1ea1nh ch\u00ednh c\u1ee7a d\u00f2ng Ultra. D\u1ea7u gi\u00fap gi\u1ea3m thi\u1ec3u c\u1eb7n b\u1ea9n v\u00e0 b\u00f9n t\u00edch t\u1ee5 trong h\u1ec7 th\u1ed1ng th\u1ee7y l\u1ef1c, b\u1ea3o v\u1ec7 c\u00e1c th\u00e0nh ph\u1ea7n quan tr\u1ecdng (nh\u01b0 van servo c\u00f3 khe h\u1edf ch\u1eb7t, van t\u1ef7 l\u1ec7) kh\u1ecfi s\u1ef1 c\u1ed1, t\u1eeb \u0111\u00f3 k\u00e9o d\u00e0i tu\u1ed5i th\u1ecd thi\u1ebft b\u1ecb, gi\u1ea3m chi ph\u00ed b\u1ea3o tr\u00ec v\u00e0 c\u1ea3i thi\u1ec7n hi\u1ec7u su\u1ea5t t\u1ed5ng th\u1ec3 c\u1ee7a h\u1ec7 th\u1ed1ng.<\/li>\n<li data-sourcepos=\"10:1-10:231\"><strong>Ch\u1ed1ng m\u00e0i m\u00f2n n\u00e2ng cao (Enhanced Anti-wear Performance):<\/strong> \u0110\u00e1p \u1ee9ng ho\u1eb7c v\u01b0\u1ee3t qu\u00e1 c\u00e1c y\u00eau c\u1ea7u nghi\u00eam ng\u1eb7t c\u1ee7a c\u00e1c nh\u00e0 s\u1ea3n xu\u1ea5t b\u01a1m h\u00e0ng \u0111\u1ea7u, gi\u00fap k\u00e9o d\u00e0i tu\u1ed5i th\u1ecd linh ki\u1ec7n trong c\u00e1c h\u1ec7 th\u1ed1ng th\u1ee7y l\u1ef1c \u00e1p su\u1ea5t cao, c\u00f4ng su\u1ea5t l\u1edbn.<\/li>\n<li data-sourcepos=\"11:1-11:325\"><strong>\u1ed4n \u0111\u1ecbnh nhi\u1ec7t v\u00e0 oxy h\u00f3a \u0111\u1eb7c bi\u1ec7t (Exceptional Thermal and Oxidation Stability):<\/strong> Kh\u1ea3 n\u0103ng ch\u1ed1ng ph\u00e2n h\u1ee7y d\u01b0\u1edbi t\u00e1c \u0111\u1ed9ng c\u1ee7a nhi\u1ec7t \u0111\u1ed9 v\u00e0 oxy h\u00f3a c\u1ef1c t\u1ed1t, gi\u00fap k\u00e9o d\u00e0i tu\u1ed5i th\u1ecd d\u1ea7u l\u00ean \u0111\u1ebfn g\u1ea5p 2 l\u1ea7n so v\u1edbi c\u00e1c lo\u1ea1i d\u1ea7u t\u01b0\u01a1ng \u0111\u01b0\u01a1ng trong \u0111i\u1ec1u ki\u1ec7n v\u1eadn h\u00e0nh kh\u1eafc nghi\u1ec7t. \u0110i\u1ec1u n\u00e0y gi\u1ea3m th\u1eddi gian ng\u1eebng m\u00e1y v\u00e0 chi ph\u00ed b\u1ea3o tr\u00ec.<\/li>\n<li data-sourcepos=\"12:1-12:198\"><strong>B\u1ea3o v\u1ec7 ch\u1ed1ng \u0103n m\u00f2n t\u0103ng c\u01b0\u1eddng (Enhanced Corrosion Protection):<\/strong> B\u1ea3o v\u1ec7 hi\u1ec7u qu\u1ea3 h\u1ec7 th\u1ed1ng kh\u1ecfi s\u1ef1 \u0103n m\u00f2n, ngay c\u1ea3 khi c\u00f3 l\u01b0\u1ee3ng n\u01b0\u1edbc nh\u1ecf x\u00e2m nh\u1eadp. \u0110i\u1ec1u n\u00e0y c\u0169ng gi\u00fap k\u00e9o d\u00e0i tu\u1ed5i th\u1ecd c\u1ee7a b\u1ed9 l\u1ecdc.<\/li>\n<li data-sourcepos=\"13:1-13:206\"><strong>Ki\u1ec3m so\u00e1t t\u00e1ch nh\u0169 (Controlled Demulsibility):<\/strong> C\u00f3 kh\u1ea3 n\u0103ng t\u00e1ch n\u01b0\u1edbc t\u1ed1t, cho ph\u00e9p n\u01b0\u1edbc ng\u01b0ng t\u1ee5 ho\u1eb7c l\u1eabn v\u00e0o d\u1ea7u d\u1ec5 d\u00e0ng l\u1eafng xu\u1ed1ng \u0111\u1ec3 lo\u1ea1i b\u1ecf, ng\u0103n ng\u1eeba s\u1ef1 h\u00ecnh th\u00e0nh nh\u0169 t\u01b0\u01a1ng g\u00e2y h\u1ea1i cho h\u1ec7 th\u1ed1ng.<\/li>\n<li data-sourcepos=\"14:1-14:134\"><strong>\u0110\u1ed9 nh\u1edbt ISO VG 68:<\/strong> \u0110\u00e2y l\u00e0 c\u1ea5p \u0111\u1ed9 nh\u1edbt ph\u1ed5 bi\u1ebfn cho d\u1ea7u th\u1ee7y l\u1ef1c, ph\u00f9 h\u1ee3p v\u1edbi nhi\u1ec1u lo\u1ea1i m\u00e1y m\u00f3c v\u00e0 \u0111i\u1ec1u ki\u1ec7n v\u1eadn h\u00e0nh kh\u00e1c nhau.<\/li>\n<li data-sourcepos=\"15:1-15:101\"><strong>Ch\u1ec9 s\u1ed1 \u0111\u1ed9 nh\u1edbt cao (kho\u1ea3ng 104):<\/strong> \u0110\u1ea3m b\u1ea3o \u0111\u1ed9 nh\u1edbt \u1ed5n \u0111\u1ecbnh trong ph\u1ea1m vi nhi\u1ec7t \u0111\u1ed9 ho\u1ea1t \u0111\u1ed9ng r\u1ed9ng.<\/li>\n<li data-sourcepos=\"16:1-17:0\"><strong>T\u01b0\u01a1ng th\u00edch v\u1eadt li\u1ec7u:<\/strong> T\u01b0\u01a1ng th\u00edch t\u1ed1t v\u1edbi c\u00e1c v\u1eadt li\u1ec7u l\u00e0m gio\u0103ng ph\u1edbt v\u00e0 kim lo\u1ea1i kh\u00e1c nhau trong h\u1ec7 th\u1ed1ng th\u1ee7y l\u1ef1c.<br \/>\n<h3 data-sourcepos=\"20:1-20:52\">\u1ee8ng d\u1ee5ng c\u1ee7a D\u1ea7u Mobil DTE 26 Ultra ISO VG 68<\/h3>\n<\/li>\n<li data-sourcepos=\"16:1-17:0\">\n<p data-sourcepos=\"22:1-22:136\"><img decoding=\"async\" title=\"mobil-dte-26-ultra-iso-vg-68-f-1750153039004-1\" src=\"https:\/\/yenhung.com\/wp-content\/uploads\/2025\/11\/mobil-dte-26-ultra-iso-vg-68-f-1750153039004-1.jpg\" alt=\"D\u1ea6U - MOBIL DTE 26 ULTRA ISO VG 68 - 20L\" data-thumb=\"large\" \/><\/p>\n<\/li>\n<li data-sourcepos=\"16:1-17:0\">\n<p data-sourcepos=\"22:1-22:136\">D\u1ea7u Mobil DTE 26 Ultra \u0111\u01b0\u1ee3c khuy\u1ebfn ngh\u1ecb s\u1eed d\u1ee5ng cho c\u00e1c h\u1ec7 th\u1ed1ng th\u1ee7y l\u1ef1c v\u00e0 c\u00e1c \u1ee9ng d\u1ee5ng li\u00ean quan \u0111\u00f2i h\u1ecfi hi\u1ec7u su\u1ea5t cao v\u00e0 \u0111\u1ed9 tin c\u1eady:<\/p>\n<\/li>\n<li data-sourcepos=\"24:1-24:177\"><strong>H\u1ec7 th\u1ed1ng th\u1ee7y l\u1ef1c quan tr\u1ecdng:<\/strong> \u0110\u1eb7c bi\u1ec7t l\u00e0 nh\u1eefng h\u1ec7 th\u1ed1ng c\u00f3 nguy c\u01a1 t\u00edch t\u1ee5 c\u1eb7n b\u1ea9n ho\u1eb7c n\u01a1i m\u00e0 c\u1eb7n l\u1eafng th\u01b0\u1eddng xuy\u00ean h\u00ecnh th\u00e0nh khi s\u1eed d\u1ee5ng c\u00e1c s\u1ea3n ph\u1ea9m d\u1ea7u th\u00f4ng th\u01b0\u1eddng.<\/li>\n<li data-sourcepos=\"25:1-25:145\"><strong>M\u00e1y c\u00f4ng c\u1ee5 \u0111i\u1ec1u khi\u1ec3n s\u1ed1 (NC) v\u00e0 m\u00e1y CNC:<\/strong> N\u01a1i s\u1eed d\u1ee5ng c\u00e1c van servo c\u00f3 khe h\u1edf ch\u1eb7t \u0111\u00f2i h\u1ecfi \u0111\u1ed9 s\u1ea1ch d\u1ea7u cao v\u00e0 \u0111\u1ed9 ch\u00ednh x\u00e1c trong v\u1eadn h\u00e0nh.<\/li>\n<li data-sourcepos=\"26:1-26:123\"><strong>H\u1ec7 th\u1ed1ng th\u1ee7y l\u1ef1c y\u00eau c\u1ea7u kh\u1ea3 n\u0103ng ch\u1ecbu t\u1ea3i cao v\u00e0 ch\u1ed1ng m\u00e0i m\u00f2n:<\/strong> Ph\u00f9 h\u1ee3p cho c\u00e1c m\u00e1y b\u01a1m \u00e1p su\u1ea5t cao, c\u00f4ng su\u1ea5t l\u1edbn.<\/li>\n<li data-sourcepos=\"27:1-27:121\"><strong>M\u00f4i tr\u01b0\u1eddng c\u00f3 kh\u1ea3 n\u0103ng nhi\u1ec5m n\u01b0\u1edbc nh\u1ecf:<\/strong> Khi kh\u00f4ng th\u1ec3 tr\u00e1nh kh\u1ecfi s\u1ef1 hi\u1ec7n di\u1ec7n c\u1ee7a m\u1ed9t l\u01b0\u1ee3ng n\u01b0\u1edbc nh\u1ecf trong h\u1ec7 th\u1ed1ng.<\/li>\n<li data-sourcepos=\"28:1-28:84\"><strong>C\u00e1c h\u1ec7 th\u1ed1ng ch\u1ee9a b\u00e1nh r\u0103ng v\u00e0 \u1ed5 tr\u1ee5c:<\/strong> C\u00f3 kh\u1ea3 n\u0103ng b\u1ea3o v\u1ec7 t\u1ed1t c\u00e1c b\u1ed9 ph\u1eadn n\u00e0y.<\/li>\n<li data-sourcepos=\"29:1-30:0\"><strong>M\u00e1y s\u1eed d\u1ee5ng nhi\u1ec1u b\u1ed9 ph\u1eadn \u0111\u01b0\u1ee3c ch\u1ebf t\u1ea1o t\u1eeb c\u00e1c lo\u1ea1i v\u1eadt li\u1ec7u kim lo\u1ea1i kh\u00e1c nhau:<\/strong> \u0110\u1ea3m b\u1ea3o kh\u1ea3 n\u0103ng b\u1ea3o v\u1ec7 ch\u1ed1ng \u0103n m\u00f2n cho nhi\u1ec1u lo\u1ea1i kim lo\u1ea1i.<\/li>\n<li data-sourcepos=\"29:1-30:0\"><img decoding=\"async\" title=\"mobil-dte-26-ultra-iso-vg-68-b-1750152945318-1\" src=\"https:\/\/yenhung.com\/wp-content\/uploads\/2025\/11\/mobil-dte-26-ultra-iso-vg-68-b-1750152945318-1.jpg\" alt=\"D\u1ea6U - MOBIL DTE 26 ULTRA ISO VG 68 - 20L\" data-thumb=\"original\" \/><\/li>\n<\/ul>\n<\/div>\n","protected":false},"excerpt":{"rendered":"<p>T\u00ean sa\u0309n ph\u00e2\u0309m:\u00a0MOBIL DTE 26 ULTRA<\/p>\n","protected":false},"featured_media":8471,"comment_status":"closed","ping_status":"closed","template":"","meta":[],"product_brand":[],"product_cat":[165],"product_tag":[],"class_list":{"0":"post-8470","1":"product","2":"type-product","3":"status-publish","4":"has-post-thumbnail","6":"product_cat-mobil","8":"first","9":"instock","10":"shipping-taxable","11":"product-type-simple"},"_links":{"self":[{"href":"https:\/\/yenhung.com\/index.php?rest_route=\/wp\/v2\/product\/8470","targetHints":{"allow":["GET"]}}],"collection":[{"href":"https:\/\/yenhung.com\/index.php?rest_route=\/wp\/v2\/product"}],"about":[{"href":"https:\/\/yenhung.com\/index.php?rest_route=\/wp\/v2\/types\/product"}],"replies":[{"embeddable":true,"href":"https:\/\/yenhung.com\/index.php?rest_route=%2Fwp%2Fv2%2Fcomments&post=8470"}],"wp:featuredmedia":[{"embeddable":true,"href":"https:\/\/yenhung.com\/index.php?rest_route=\/wp\/v2\/media\/8471"}],"wp:attachment":[{"href":"https:\/\/yenhung.com\/index.php?rest_route=%2Fwp%2Fv2%2Fmedia&parent=8470"}],"wp:term":[{"taxonomy":"product_brand","embeddable":true,"href":"https:\/\/yenhung.com\/index.php?rest_route=%2Fwp%2Fv2%2Fproduct_brand&post=8470"},{"taxonomy":"product_cat","embeddable":true,"href":"https:\/\/yenhung.com\/index.php?rest_route=%2Fwp%2Fv2%2Fproduct_cat&post=8470"},{"taxonomy":"product_tag","embeddable":true,"href":"https:\/\/yenhung.com\/index.php?rest_route=%2Fwp%2Fv2%2Fproduct_tag&post=8470"}],"curies":[{"name":"wp","href":"https:\/\/api.w.org\/{rel}","templated":true}]}}