{"id":8486,"date":"2025-11-10T08:42:07","date_gmt":"2025-11-10T08:42:07","guid":{"rendered":"https:\/\/yenhung.com\/?product=mobil-dte-10-excel-68-20l"},"modified":"2026-02-07T02:15:19","modified_gmt":"2026-02-07T02:15:19","slug":"mobil-dte-10-excel-68-20l","status":"publish","type":"product","link":"https:\/\/yenhung.com\/?product=mobil-dte-10-excel-68-20l","title":{"rendered":"MOBIL DTE 10 EXCEL 68 20L"},"content":{"rendered":"<div class=\"ba-text-fpt\">\n<h2><strong>M\u00f4 t\u1ea3 Mobil DTE 10 Excel 68 \u2013 D\u1ea7u th\u1ee7y l\u1ef1c ch\u1ea5t l\u01b0\u1ee3ng cao<\/strong><\/h2>\n<p><img decoding=\"async\" title=\"mobil-dte-10-excel-68-20l-a-2\" src=\"https:\/\/yenhung.com\/wp-content\/uploads\/2025\/11\/mobil-dte-10-excel-68-20l-a-2.jpg\" alt=\"MOBIL DTE 10 EXCEL 68 20L\" data-thumb=\"large\" \/><\/p>\n<p>D\u00f2ng Mobil DTE 10 Excel \u0111\u01b0\u1ee3c thi\u1ebft k\u1ebf \u0111\u1eb7c bi\u1ec7t \u0111\u1ec3 mang l\u1ea1i <strong>hi\u1ec7u su\u1ea5t th\u1ee7y l\u1ef1c v\u01b0\u1ee3t tr\u1ed9i<\/strong> (hydraulic efficiency), <strong>ki\u1ec3m so\u00e1t c\u1eb7n b\u1ea9n si\u00eau s\u1ea1ch<\/strong> (ultra keep clean performance), v\u00e0 <strong>tu\u1ed5i th\u1ecd d\u1ea7u r\u1ea5t d\u00e0i<\/strong>.<\/p>\n<h3 data-sourcepos=\"7:1-7:62\">\u0110\u1eb7c \u0111i\u1ec3m n\u1ed5i b\u1eadt c\u1ee7a D\u1ea7u th\u1ee7y l\u1ef1c Mobil DTE 10 Excel 68<\/h3>\n<p><img decoding=\"async\" title=\"mobil-dte-10-excel-68-20l-b-1\" src=\"https:\/\/yenhung.com\/wp-content\/uploads\/2025\/11\/mobil-dte-10-excel-68-20l-b-1.jpg\" alt=\"MOBIL DTE 10 EXCEL 68 20L\" data-thumb=\"large\" \/><\/p>\n<ul data-sourcepos=\"9:1-18:0\">\n<li data-sourcepos=\"9:1-9:425\"><strong>Hi\u1ec7u su\u1ea5t th\u1ee7y l\u1ef1c tuy\u1ec7t v\u1eddi:<\/strong> \u0110\u00e2y l\u00e0 \u0111i\u1ec3m nh\u1ea5n ch\u00ednh c\u1ee7a d\u00f2ng DTE 10 Excel. D\u1ea7u \u0111\u01b0\u1ee3c ch\u1ee9ng minh l\u00e0 c\u00f3 kh\u1ea3 n\u0103ng gi\u1ea3m m\u1ee9c ti\u00eau th\u1ee5 n\u0103ng l\u01b0\u1ee3ng ho\u1eb7c t\u0103ng \u0111\u1ed9 nh\u1ea1y c\u1ee7a h\u1ec7 th\u1ed1ng th\u1ee7y l\u1ef1c, gi\u00fap t\u1ed1i \u01b0u h\u00f3a hi\u1ec7u su\u1ea5t m\u00e1y m\u00f3c v\u00e0 ti\u1ebft ki\u1ec7m chi ph\u00ed v\u1eadn h\u00e0nh. Trong c\u00e1c th\u1eed nghi\u1ec7m ki\u1ec3m so\u00e1t, Mobil DTE 10 Excel \u0111\u00e3 cho th\u1ea5y hi\u1ec7u su\u1ea5t b\u01a1m th\u1ee7y l\u1ef1c t\u1ed1t h\u01a1n t\u1edbi 6% so v\u1edbi Mobil DTE 20 khi v\u1eadn h\u00e0nh trong c\u00e1c \u1ee9ng d\u1ee5ng th\u1ee7y l\u1ef1c ti\u00eau chu\u1ea9n.<\/li>\n<li data-sourcepos=\"10:1-10:288\"><strong>Ki\u1ec3m so\u00e1t c\u1eb7n b\u1ea9n si\u00eau s\u1ea1ch (Ultra Keep Clean Performance):<\/strong> Gi\u00fap gi\u1ea3m thi\u1ec3u t\u1ed1i \u0111a s\u1ef1 h\u00ecnh th\u00e0nh c\u1eb7n l\u1eafng, b\u00f9n v\u00e0 v\u00e9c ni trong h\u1ec7 th\u1ed1ng, \u0111\u1eb7c bi\u1ec7t quan tr\u1ecdng \u0111\u1ed1i v\u1edbi c\u00e1c h\u1ec7 th\u1ed1ng c\u00f3 van servo v\u00e0 van t\u1ef7 l\u1ec7 khe h\u1edf kh\u00edt. \u0110i\u1ec1u n\u00e0y d\u1eabn \u0111\u1ebfn gi\u1ea3m b\u1ea3o tr\u00ec m\u00e1y v\u00e0 t\u0103ng tu\u1ed5i th\u1ecd c\u00e1c linh ki\u1ec7n.<\/li>\n<li data-sourcepos=\"11:1-11:268\"><strong>Ch\u1ec9 s\u1ed1 \u0111\u1ed9 nh\u1edbt cao v\u00e0 \u1ed5n \u0111\u1ecbnh c\u1eaft:<\/strong> D\u1ea7u duy tr\u00ec \u0111\u1ed9 nh\u1edbt \u1ed5n \u0111\u1ecbnh trong d\u1ea3i nhi\u1ec7t \u0111\u1ed9 ho\u1ea1t \u0111\u1ed9ng r\u1ed9ng, t\u1eeb nhi\u1ec7t \u0111\u1ed9 th\u1ea5p khi kh\u1edfi \u0111\u1ed9ng \u0111\u1ebfn nhi\u1ec7t \u0111\u1ed9 cao trong qu\u00e1 tr\u00ecnh v\u1eadn h\u00e0nh li\u00ean t\u1ee5c. Kh\u1ea3 n\u0103ng ch\u1ed1ng c\u1eaft tr\u01b0\u1ee3t gi\u00fap d\u1ea7u kh\u00f4ng b\u1ecb m\u1ea5t \u0111\u1ed9 nh\u1edbt trong qu\u00e1 tr\u00ecnh ho\u1ea1t \u0111\u1ed9ng.<\/li>\n<li data-sourcepos=\"12:1-12:198\"><strong>\u0110\u1ed9 b\u1ec1n oxy h\u00f3a v\u00e0 \u1ed5n \u0111\u1ecbnh nhi\u1ec7t c\u1ef1c cao:<\/strong> Cho ph\u00e9p k\u00e9o d\u00e0i \u0111\u00e1ng k\u1ec3 kho\u1ea3ng th\u1eddi gian thay d\u1ea7u v\u00e0 b\u1ed9 l\u1ecdc, ngay c\u1ea3 trong \u0111i\u1ec1u ki\u1ec7n ho\u1ea1t \u0111\u1ed9ng kh\u1eafc nghi\u1ec7t, gi\u1ea3m thi\u1ec3u th\u1eddi gian ng\u1eebng m\u00e1y v\u00e0 chi ph\u00ed.<\/li>\n<li data-sourcepos=\"13:1-13:128\"><strong>B\u1ea3o v\u1ec7 ch\u1ed1ng m\u00e0i m\u00f2n v\u01b0\u1ee3t tr\u1ed9i:<\/strong> \u0110\u1ea3m b\u1ea3o m\u1ee9c \u0111\u1ed9 b\u1ea3o v\u1ec7 cao cho b\u01a1m v\u00e0 c\u00e1c b\u1ed9 ph\u1eadn th\u1ee7y l\u1ef1c, gi\u00fap k\u00e9o d\u00e0i tu\u1ed5i th\u1ecd thi\u1ebft b\u1ecb.<\/li>\n<li data-sourcepos=\"14:1-14:157\"><strong>\u0110\u1eb7c t\u00ednh t\u00e1ch kh\u00ed tuy\u1ec7t v\u1eddi:<\/strong> Gi\u00fap ng\u0103n ng\u1eeba hi\u1ec7n t\u01b0\u1ee3ng s\u1ee7i b\u1ecdt v\u00e0 x\u00e2m th\u1ef1c (cavitation) trong h\u1ec7 th\u1ed1ng, \u0111\u1ea3m b\u1ea3o ho\u1ea1t \u0111\u1ed9ng tr\u01a1n tru v\u00e0 hi\u1ec7u qu\u1ea3 c\u1ee7a b\u01a1m.<\/li>\n<li data-sourcepos=\"15:1-15:195\"><strong>T\u01b0\u01a1ng th\u00edch v\u1edbi nhi\u1ec1u v\u1eadt li\u1ec7u:<\/strong> Ph\u00f9 h\u1ee3p v\u1edbi nhi\u1ec1u lo\u1ea1i kim lo\u1ea1i v\u00e0 ch\u1ea5t \u0111\u00e0n h\u1ed3i (ph\u1edbt l\u00e0m k\u00edn) \u0111\u01b0\u1ee3c s\u1eed d\u1ee5ng trong c\u00e1c h\u1ec7 th\u1ed1ng th\u1ee7y l\u1ef1c hi\u1ec7n \u0111\u1ea1i, gi\u00fap k\u00e9o d\u00e0i tu\u1ed5i th\u1ecd ph\u1edbt v\u00e0 gi\u1ea3m b\u1ea3o tr\u00ec.<\/li>\n<li data-sourcepos=\"16:1-16:136\"><strong>Kh\u00f4ng ch\u1ee9a k\u1ebdm (Zinc-free anti-wear system):<\/strong> Gi\u00fap b\u1ea3o v\u1ec7 m\u00f4i tr\u01b0\u1eddng v\u00e0 c\u0169ng l\u00e0 m\u1ed9t y\u1ebfu t\u1ed1 quan tr\u1ecdng trong m\u1ed9t s\u1ed1 \u1ee9ng d\u1ee5ng c\u1ee5 th\u1ec3.<\/li>\n<li data-sourcepos=\"17:1-18:0\"><strong>M\u00e0u s\u1eafc:<\/strong> Th\u01b0\u1eddng c\u00f3 m\u00e0u <strong>v\u00e0ng s\u00e1ng<\/strong>.<br \/>\n<h3 data-sourcepos=\"21:1-21:54\">\u1ee8ng d\u1ee5ng c\u1ee7a D\u1ea7u th\u1ee7y l\u1ef1c Mobil DTE 10 Excel 68<\/h3>\n<p data-sourcepos=\"23:1-23:144\">Mobil DTE 10 Excel 68 l\u00e0 l\u1ef1a ch\u1ecdn l\u00fd t\u01b0\u1edfng cho c\u00e1c h\u1ec7 th\u1ed1ng th\u1ee7y l\u1ef1c c\u00f4ng nghi\u1ec7p v\u00e0 di \u0111\u1ed9ng ho\u1ea1t \u0111\u1ed9ng trong c\u00e1c \u0111i\u1ec1u ki\u1ec7n \u0111\u00f2i h\u1ecfi kh\u1eaft khe nh\u1ea5t:<\/p>\n<\/li>\n<li data-sourcepos=\"17:1-18:0\">\n<p data-sourcepos=\"23:1-23:144\"><img decoding=\"async\" title=\"mobil-dte-10-excel-68-20l-1\" src=\"https:\/\/yenhung.com\/wp-content\/uploads\/2025\/11\/mobil-dte-10-excel-68-20l-1.jpg\" alt=\"MOBIL DTE 10 EXCEL 68 20L\" data-thumb=\"large\" \/><\/p>\n<\/li>\n<li data-sourcepos=\"25:1-25:156\"><strong>H\u1ec7 th\u1ed1ng th\u1ee7y l\u1ef1c c\u00f4ng nghi\u1ec7p v\u00e0 di \u0111\u1ed9ng ho\u1ea1t \u0111\u1ed9ng \u1edf \u00e1p su\u1ea5t v\u00e0 nhi\u1ec7t \u0111\u1ed9 cao:<\/strong> \u0110\u1eb7c bi\u1ec7t ph\u00f9 h\u1ee3p cho c\u00e1c m\u00e1y m\u00f3c hi\u1ec7n \u0111\u1ea1i, c\u00f3 c\u00f4ng su\u1ea5t l\u1edbn v\u00e0 li\u00ean t\u1ee5c.<\/li>\n<li data-sourcepos=\"26:1-26:205\"><strong>C\u00e1c h\u1ec7 th\u1ed1ng th\u1ee7y l\u1ef1c d\u1ec5 b\u1ecb t\u00edch t\u1ee5 c\u1eb7n l\u1eafng:<\/strong> Nh\u01b0 c\u00e1c m\u00e1y CNC (Computer Numerically Controlled) ph\u1ee9c t\u1ea1p, n\u01a1i vi\u1ec7c gi\u1eef s\u1ea1ch d\u1ea7u l\u00e0 c\u1ef1c k\u1ef3 quan tr\u1ecdng \u0111\u1ec3 b\u1ea3o v\u1ec7 van servo v\u00e0 c\u00e1c b\u1ed9 ph\u1eadn c\u00f3 khe h\u1edf kh\u00edt.<\/li>\n<li data-sourcepos=\"27:1-27:153\"><strong>C\u00e1c h\u1ec7 th\u1ed1ng th\u01b0\u1eddng xuy\u00ean kh\u1edfi \u0111\u1ed9ng \u1edf nhi\u1ec7t \u0111\u1ed9 th\u1ea5p v\u00e0 ho\u1ea1t \u0111\u1ed9ng \u1edf nhi\u1ec7t \u0111\u1ed9 cao:<\/strong> Kh\u1ea3 n\u0103ng duy tr\u00ec hi\u1ec7u su\u1ea5t trong d\u1ea3i nhi\u1ec7t \u0111\u1ed9 r\u1ed9ng l\u00e0 m\u1ed9t l\u1ee3i th\u1ebf.<\/li>\n<li data-sourcepos=\"28:1-28:79\"><strong>H\u1ec7 th\u1ed1ng y\u00eau c\u1ea7u kh\u1ea3 n\u0103ng ch\u1ecbu t\u1ea3i cao v\u00e0 b\u1ea3o v\u1ec7 ch\u1ed1ng m\u00e0i m\u00f2n tuy\u1ec7t \u0111\u1ed1i.<\/strong><\/li>\n<li data-sourcepos=\"29:1-29:72\"><strong>M\u00e1y m\u00f3c s\u1eed d\u1ee5ng nhi\u1ec1u b\u1ed9 ph\u1eadn v\u1edbi c\u00e1c v\u1eadt li\u1ec7u kim lo\u1ea1i kh\u00e1c nhau.<\/strong><\/li>\n<li data-sourcepos=\"30:1-31:0\"><strong>M\u1ed9t s\u1ed1 lo\u1ea1i m\u00e1y n\u00e9n kh\u00ed tr\u1ee5c v\u00edt<\/strong> d\u00f9ng \u0111\u1ec3 n\u00e9n kh\u00ed t\u1ef1 nhi\u00ean.<\/li>\n<\/ul>\n<\/div>\n","protected":false},"excerpt":{"rendered":"<p>T\u00ean sa\u0309n ph\u00e2\u0309m:\u00a0MOBIL DTE 10 EXCEL 68 20L<\/p>\n","protected":false},"featured_media":8487,"comment_status":"closed","ping_status":"closed","template":"","meta":[],"product_brand":[],"product_cat":[165],"product_tag":[],"class_list":{"0":"post-8486","1":"product","2":"type-product","3":"status-publish","4":"has-post-thumbnail","6":"product_cat-mobil","8":"first","9":"instock","10":"shipping-taxable","11":"product-type-simple"},"_links":{"self":[{"href":"https:\/\/yenhung.com\/index.php?rest_route=\/wp\/v2\/product\/8486","targetHints":{"allow":["GET"]}}],"collection":[{"href":"https:\/\/yenhung.com\/index.php?rest_route=\/wp\/v2\/product"}],"about":[{"href":"https:\/\/yenhung.com\/index.php?rest_route=\/wp\/v2\/types\/product"}],"replies":[{"embeddable":true,"href":"https:\/\/yenhung.com\/index.php?rest_route=%2Fwp%2Fv2%2Fcomments&post=8486"}],"wp:featuredmedia":[{"embeddable":true,"href":"https:\/\/yenhung.com\/index.php?rest_route=\/wp\/v2\/media\/8487"}],"wp:attachment":[{"href":"https:\/\/yenhung.com\/index.php?rest_route=%2Fwp%2Fv2%2Fmedia&parent=8486"}],"wp:term":[{"taxonomy":"product_brand","embeddable":true,"href":"https:\/\/yenhung.com\/index.php?rest_route=%2Fwp%2Fv2%2Fproduct_brand&post=8486"},{"taxonomy":"product_cat","embeddable":true,"href":"https:\/\/yenhung.com\/index.php?rest_route=%2Fwp%2Fv2%2Fproduct_cat&post=8486"},{"taxonomy":"product_tag","embeddable":true,"href":"https:\/\/yenhung.com\/index.php?rest_route=%2Fwp%2Fv2%2Fproduct_tag&post=8486"}],"curies":[{"name":"wp","href":"https:\/\/api.w.org\/{rel}","templated":true}]}}