{"id":8502,"date":"2025-11-10T08:42:19","date_gmt":"2025-11-10T08:42:19","guid":{"rendered":"https:\/\/yenhung.com\/?product=dau-may-nen-khi-mobil-rarus-424"},"modified":"2026-02-07T02:14:46","modified_gmt":"2026-02-07T02:14:46","slug":"dau-may-nen-khi-mobil-rarus-424","status":"publish","type":"product","link":"https:\/\/yenhung.com\/?product=dau-may-nen-khi-mobil-rarus-424","title":{"rendered":"D\u1ea6U M\u00c1Y N\u00c9N KH\u00cd MOBIL RARUS 424"},"content":{"rendered":"<div class=\"ba-text-fpt\">\n<h2 data-sourcepos=\"1:1-1:181\"><strong>Mobil Rarus 424: D\u1ea7u m\u00e1y n\u00e9n kh\u00ed cao c\u1ea5p, \u0111\u1ea3m b\u1ea3o hi\u1ec7u su\u1ea5t t\u1ed1i \u01b0u<\/strong><\/h2>\n<h3 data-sourcepos=\"5:1-5:23\">Gi\u1edbi thi\u1ec7u s\u1ea3n ph\u1ea9m<\/h3>\n<p data-sourcepos=\"7:1-7:244\"><strong>Mobil Rarus 424<\/strong> l\u00e0 m\u1ed9t lo\u1ea1i d\u1ea7u m\u00e1y n\u00e9n kh\u00ed kh\u00f4ng tro cao c\u1ea5p, \u0111\u01b0\u1ee3c thi\u1ebft k\u1ebf \u0111\u1eb7c bi\u1ec7t \u0111\u1ec3 ho\u1ea1t \u0111\u1ed9ng hi\u1ec7u qu\u1ea3 trong c\u00e1c \u0111i\u1ec1u ki\u1ec7n kh\u1eafc nghi\u1ec7t. S\u1ea3n ph\u1ea9m n\u00e0y \u0111\u01b0\u1ee3c s\u1ea3n xu\u1ea5t b\u1edfi ExxonMobil, m\u1ed9t trong nh\u1eefng nh\u00e0 s\u1ea3n xu\u1ea5t d\u1ea7u nh\u1edbt h\u00e0ng \u0111\u1ea7u th\u1ebf gi\u1edbi.<\/p>\n<p data-sourcepos=\"9:1-9:35\"><img decoding=\"async\" title=\"mobil-rarus-424-1-2\" src=\"https:\/\/yenhung.com\/wp-content\/uploads\/2025\/11\/mobil-rarus-424-1-2.jpg\" alt=\"MOBIL RARUS 424\" data-thumb=\"large\" \/><\/p>\n<h3 data-sourcepos=\"11:1-11:19\">\u01afu \u0111i\u1ec3m n\u1ed5i b\u1eadt<\/h3>\n<ul data-sourcepos=\"13:1-17:0\">\n<li data-sourcepos=\"13:1-13:127\"><strong>\u0110\u1ed9 \u1ed5n \u0111\u1ecbnh nhi\u1ec7t cao:<\/strong> Gi\u00fap d\u1ea7u duy tr\u00ec \u0111\u1ed9 nh\u1edbt \u1ed5n \u0111\u1ecbnh trong \u0111i\u1ec1u ki\u1ec7n nhi\u1ec7t \u0111\u1ed9 thay \u0111\u1ed5i, \u0111\u1ea3m b\u1ea3o hi\u1ec7u su\u1ea5t b\u00f4i tr\u01a1n t\u1ed1t.<\/li>\n<li data-sourcepos=\"14:1-14:94\"><strong>Ch\u1ed1ng oxy h\u00f3a:<\/strong> Ng\u0103n ng\u1eeba s\u1ef1 h\u00ecnh th\u00e0nh c\u1eb7n b\u1ea9n v\u00e0 m\u00e0i m\u00f2n, k\u00e9o d\u00e0i tu\u1ed5i th\u1ecd m\u00e1y n\u00e9n kh\u00ed.<\/li>\n<li data-sourcepos=\"15:1-15:79\"><strong>T\u00e1ch n\u01b0\u1edbc t\u1ed1t:<\/strong> Gi\u00fap t\u00e1ch n\u01b0\u1edbc nhanh ch\u00f3ng, ng\u0103n ng\u1eeba s\u1ef1 \u0103n m\u00f2n v\u00e0 g\u1ec9 s\u00e9t.<\/li>\n<li data-sourcepos=\"16:1-17:0\"><strong>B\u1ea3o v\u1ec7 h\u1ec7 th\u1ed1ng:<\/strong> T\u1ea1o m\u1ed9t l\u1edbp m\u00e0ng b\u1ea3o v\u1ec7 tr\u00ean c\u00e1c b\u1ec1 m\u1eb7t kim lo\u1ea1i, gi\u1ea3m ma s\u00e1t v\u00e0 m\u00e0i m\u00f2n.<\/li>\n<\/ul>\n<h3 data-sourcepos=\"18:1-18:12\">\u1ee8ng d\u1ee5ng<\/h3>\n<ul data-sourcepos=\"20:1-22:0\">\n<li data-sourcepos=\"20:1-20:71\"><strong>M\u00e1y n\u00e9n kh\u00ed:<\/strong> S\u1eed d\u1ee5ng cho c\u00e1c lo\u1ea1i m\u00e1y n\u00e9n kh\u00ed piston v\u00e0 tr\u1ee5c v\u00edt.<\/li>\n<li data-sourcepos=\"21:1-22:0\"><strong>Ng\u00e0nh c\u00f4ng nghi\u1ec7p:<\/strong> \u0110\u01b0\u1ee3c \u1ee9ng d\u1ee5ng r\u1ed9ng r\u00e3i trong c\u00e1c ng\u00e0nh c\u00f4ng nghi\u1ec7p s\u1ea3n xu\u1ea5t, x\u00e2y d\u1ef1ng, khai th\u00e1c&#8230;<\/li>\n<\/ul>\n<h3 data-sourcepos=\"23:1-23:21\">Th\u00f4ng s\u1ed1 k\u1ef9 thu\u1eadt<\/h3>\n<p><img decoding=\"async\" title=\"mobil-rarus-424-2-jpeg-1\" src=\"https:\/\/yenhung.com\/wp-content\/uploads\/2025\/11\/mobil-rarus-424-2-jpeg-1.jpg\" alt=\"MOBIL RARUS 424\" data-thumb=\"large\" \/><\/p>\n<ul data-sourcepos=\"25:1-30:0\">\n<li data-sourcepos=\"25:1-25:20\"><strong>\u0110\u1ed9 nh\u1edbt:<\/strong> VG 32<\/li>\n<li data-sourcepos=\"26:1-26:21\"><strong>D\u1ea1ng:<\/strong> Ch\u1ea5t l\u1ecfng<\/li>\n<li data-sourcepos=\"27:1-27:37\"><strong>M\u00e0u s\u1eafc:<\/strong> [M\u00e0u s\u1eafc c\u1ee7a s\u1ea3n ph\u1ea9m]<\/li>\n<li data-sourcepos=\"28:1-28:36\"><strong>\u0110i\u1ec3m \u0111\u00f4ng \u0111\u1eb7c:<\/strong> [\u0110i\u1ec3m \u0111\u00f4ng \u0111\u1eb7c]<\/li>\n<li data-sourcepos=\"29:1-30:0\"><strong>Ch\u1ec9 s\u1ed1 \u0111\u1ed9 nh\u1edbt:<\/strong> [Ch\u1ec9 s\u1ed1 \u0111\u1ed9 nh\u1edbt]<\/li>\n<\/ul>\n<h3 data-sourcepos=\"31:1-31:39\">L\u1ee3i \u00edch khi s\u1eed d\u1ee5ng Mobil Rarus 424<\/h3>\n<ul data-sourcepos=\"33:1-37:0\">\n<li data-sourcepos=\"33:1-33:75\"><strong>T\u0103ng tu\u1ed5i th\u1ecd m\u00e1y n\u00e9n kh\u00ed:<\/strong> Nh\u1edd kh\u1ea3 n\u0103ng ch\u1ed1ng m\u00e0i m\u00f2n v\u00e0 oxy h\u00f3a cao.<\/li>\n<li data-sourcepos=\"34:1-34:63\"><strong>Gi\u1ea3m chi ph\u00ed b\u1ea3o tr\u00ec:<\/strong> Gi\u1ea3m t\u1ea7n su\u1ea5t thay d\u1ea7u v\u00e0 s\u1eeda ch\u1eefa.<\/li>\n<li data-sourcepos=\"35:1-35:95\"><strong>N\u00e2ng cao hi\u1ec7u su\u1ea5t:<\/strong> Gi\u1ea3m t\u1ed5n th\u1ea5t n\u0103ng l\u01b0\u1ee3ng v\u00e0 t\u0103ng hi\u1ec7u su\u1ea5t ho\u1ea1t \u0111\u1ed9ng c\u1ee7a m\u00e1y n\u00e9n kh\u00ed.<\/li>\n<li data-sourcepos=\"36:1-37:0\"><strong>B\u1ea3o v\u1ec7 m\u00f4i tr\u01b0\u1eddng:<\/strong> S\u1ea3n ph\u1ea9m th\u00e2n thi\u1ec7n v\u1edbi m\u00f4i tr\u01b0\u1eddng.<\/li>\n<\/ul>\n<h3 data-sourcepos=\"38:1-38:21\">H\u01b0\u1edbng d\u1eabn s\u1eed d\u1ee5ng<\/h3>\n<p><img decoding=\"async\" title=\"mobil-rarus-424-2\" src=\"https:\/\/yenhung.com\/wp-content\/uploads\/2025\/11\/mobil-rarus-424-2.jpg\" alt=\"MOBIL RARUS 424\" data-thumb=\"large\" \/><\/p>\n<ul data-sourcepos=\"40:1-43:0\">\n<li data-sourcepos=\"40:1-40:81\"><strong>L\u00e0m s\u1ea1ch h\u1ec7 th\u1ed1ng:<\/strong> Tr\u01b0\u1edbc khi s\u1eed d\u1ee5ng, c\u1ea7n l\u00e0m s\u1ea1ch k\u1ef9 h\u1ec7 th\u1ed1ng m\u00e1y n\u00e9n kh\u00ed.<\/li>\n<li data-sourcepos=\"41:1-41:84\"><strong>Ki\u1ec3m tra \u0111\u1ed9 nh\u1edbt:<\/strong> Ch\u1ecdn \u0111\u1ed9 nh\u1edbt ph\u00f9 h\u1ee3p v\u1edbi \u0111i\u1ec1u ki\u1ec7n l\u00e0m vi\u1ec7c c\u1ee7a m\u00e1y n\u00e9n kh\u00ed.<\/li>\n<li data-sourcepos=\"42:1-43:0\"><strong>Thay d\u1ea7u \u0111\u1ecbnh k\u1ef3:<\/strong> Thay d\u1ea7u theo \u0111\u00fang l\u1ecbch tr\u00ecnh b\u1ea3o d\u01b0\u1ee1ng c\u1ee7a nh\u00e0 s\u1ea3n xu\u1ea5t.<\/li>\n<\/ul>\n<\/div>\n","protected":false},"excerpt":{"rendered":"<p>T\u00ean sa\u0309n ph\u00e2\u0309m:\u00a0MOBIL RARUS 424<\/p>\n","protected":false},"featured_media":8503,"comment_status":"closed","ping_status":"closed","template":"","meta":[],"product_brand":[],"product_cat":[165],"product_tag":[],"class_list":{"0":"post-8502","1":"product","2":"type-product","3":"status-publish","4":"has-post-thumbnail","6":"product_cat-mobil","8":"first","9":"instock","10":"shipping-taxable","11":"product-type-simple"},"_links":{"self":[{"href":"https:\/\/yenhung.com\/index.php?rest_route=\/wp\/v2\/product\/8502","targetHints":{"allow":["GET"]}}],"collection":[{"href":"https:\/\/yenhung.com\/index.php?rest_route=\/wp\/v2\/product"}],"about":[{"href":"https:\/\/yenhung.com\/index.php?rest_route=\/wp\/v2\/types\/product"}],"replies":[{"embeddable":true,"href":"https:\/\/yenhung.com\/index.php?rest_route=%2Fwp%2Fv2%2Fcomments&post=8502"}],"wp:featuredmedia":[{"embeddable":true,"href":"https:\/\/yenhung.com\/index.php?rest_route=\/wp\/v2\/media\/8503"}],"wp:attachment":[{"href":"https:\/\/yenhung.com\/index.php?rest_route=%2Fwp%2Fv2%2Fmedia&parent=8502"}],"wp:term":[{"taxonomy":"product_brand","embeddable":true,"href":"https:\/\/yenhung.com\/index.php?rest_route=%2Fwp%2Fv2%2Fproduct_brand&post=8502"},{"taxonomy":"product_cat","embeddable":true,"href":"https:\/\/yenhung.com\/index.php?rest_route=%2Fwp%2Fv2%2Fproduct_cat&post=8502"},{"taxonomy":"product_tag","embeddable":true,"href":"https:\/\/yenhung.com\/index.php?rest_route=%2Fwp%2Fv2%2Fproduct_tag&post=8502"}],"curies":[{"name":"wp","href":"https:\/\/api.w.org\/{rel}","templated":true}]}}