{"id":8510,"date":"2025-11-10T08:42:25","date_gmt":"2025-11-10T08:42:25","guid":{"rendered":"https:\/\/yenhung.com\/?product=mo-mobil-grease-xhp-223-16kg"},"modified":"2026-02-07T02:14:34","modified_gmt":"2026-02-07T02:14:34","slug":"mo-mobil-grease-xhp-223-16kg","status":"publish","type":"product","link":"https:\/\/yenhung.com\/?product=mo-mobil-grease-xhp-223-16kg","title":{"rendered":"M\u1ee0 &#8211; MOBIL GREASE XHP 223 -16KG"},"content":{"rendered":"<div class=\"ba-text-fpt\">\n<h2 data-sourcepos=\"3:1-3:62\">Mobilgrease XHP 223: M\u1ee1 b\u00f4i tr\u01a1n \u0111a n\u0103ng, ch\u1ecbu nhi\u1ec7t \u0111\u1ed9 cao<\/h2>\n<h3 data-sourcepos=\"5:1-5:23\">Gi\u1edbi thi\u1ec7u s\u1ea3n ph\u1ea9m<\/h3>\n<p data-sourcepos=\"7:1-7:339\"><strong>Mobilgrease XHP 223<\/strong> l\u00e0 m\u1ed9t lo\u1ea1i m\u1ee1 b\u00f4i tr\u01a1n ph\u1ee9c h\u1ee3p Lithium cao c\u1ea5p c\u1ee7a h\u00e3ng d\u1ea7u nh\u1eddn Mobil, \u0111\u01b0\u1ee3c thi\u1ebft k\u1ebf \u0111\u1eb7c bi\u1ec7t \u0111\u1ec3 ho\u1ea1t \u0111\u1ed9ng hi\u1ec7u qu\u1ea3 trong c\u00e1c \u0111i\u1ec1u ki\u1ec7n v\u1eadn h\u00e0nh kh\u1eafc nghi\u1ec7t. S\u1ea3n ph\u1ea9m n\u00e0y c\u00f3 kh\u1ea3 n\u0103ng ch\u1ecbu nhi\u1ec7t \u0111\u1ed9 cao, \u0111\u1ed9 b\u00e1m d\u00ednh t\u1ed1t v\u00e0 t\u00ednh \u1ed5n \u0111\u1ecbnh c\u01a1 h\u1ecdc v\u01b0\u1ee3t tr\u1ed9i, gi\u00fap b\u1ea3o v\u1ec7 c\u00e1c thi\u1ebft b\u1ecb v\u00e0 m\u00e1y m\u00f3c kh\u1ecfi m\u00e0i m\u00f2n v\u00e0 h\u01b0 h\u1ecfng.<\/p>\n<p data-sourcepos=\"9:1-9:39\"><img decoding=\"async\" title=\"mobilgrease-xhp-223-2-2\" src=\"https:\/\/yenhung.com\/wp-content\/uploads\/2025\/11\/mobilgrease-xhp-223-2-2.jpg\" data-thumb=\"large\" \/><\/p>\n<h3 data-sourcepos=\"11:1-11:19\">\u01afu \u0111i\u1ec3m n\u1ed5i b\u1eadt<\/h3>\n<ul data-sourcepos=\"13:1-18:0\">\n<li data-sourcepos=\"13:1-13:83\"><strong>Ch\u1ecbu nhi\u1ec7t \u0111\u1ed9 cao:<\/strong> C\u00f3 th\u1ec3 ho\u1ea1t \u0111\u1ed9ng \u1ed5n \u0111\u1ecbnh \u1edf nhi\u1ec7t \u0111\u1ed9 l\u00ean \u0111\u1ebfn 140\u00b0C (284\u00b0F).<\/li>\n<li data-sourcepos=\"14:1-14:100\"><strong>\u0110\u1ed9 b\u00e1m d\u00ednh t\u1ed1t:<\/strong> B\u00e1m ch\u1eb7t v\u00e0o b\u1ec1 m\u1eb7t kim lo\u1ea1i, gi\u1ea3m thi\u1ec3u r\u00f2 r\u1ec9 v\u00e0 k\u00e9o d\u00e0i th\u1eddi gian b\u00f4i tr\u01a1n.<\/li>\n<li data-sourcepos=\"15:1-15:80\"><strong>Ch\u1ed1ng m\u00e0i m\u00f2n:<\/strong> Ch\u1ee9a ph\u1ee5 gia ch\u1ed1ng m\u00e0i m\u00f2n gi\u00fap b\u1ea3o v\u1ec7 c\u00e1c b\u1ec1 m\u1eb7t ti\u1ebfp x\u00fac.<\/li>\n<li data-sourcepos=\"16:1-16:93\"><strong>\u1ed4n \u0111\u1ecbnh c\u01a1 h\u1ecdc:<\/strong> Gi\u1eef \u0111\u01b0\u1ee3c c\u1ea5u tr\u00fac \u1ed5n \u0111\u1ecbnh ngay c\u1ea3 trong \u0111i\u1ec1u ki\u1ec7n l\u00e0m vi\u1ec7c kh\u1eafc nghi\u1ec7t.<\/li>\n<li data-sourcepos=\"17:1-18:0\"><strong>Kh\u00e1ng n\u01b0\u1edbc:<\/strong> Ch\u1ed1ng l\u1ea1i s\u1ef1 x\u00e2m nh\u1eadp c\u1ee7a n\u01b0\u1edbc, b\u1ea3o v\u1ec7 c\u00e1c b\u1ed9 ph\u1eadn kh\u1ecfi r\u1ec9 s\u00e9t v\u00e0 \u0103n m\u00f2n.<\/li>\n<\/ul>\n<h3 data-sourcepos=\"19:1-19:12\">\u1ee8ng d\u1ee5ng<\/h3>\n<p><img decoding=\"async\" title=\"mobilgrease-xhp-223-jpeg-1\" src=\"https:\/\/yenhung.com\/wp-content\/uploads\/2025\/11\/mobilgrease-xhp-223-jpeg-1.jpg\" alt=\"Mobilgrease XHP 223\" data-thumb=\"large\" \/><\/p>\n<ul data-sourcepos=\"21:1-25:0\">\n<li data-sourcepos=\"21:1-21:96\"><strong>V\u00f2ng bi:<\/strong> C\u00e1c lo\u1ea1i v\u00f2ng bi ch\u1ecbu t\u1ea3i n\u1eb7ng, v\u00f2ng bi b\u00e1nh xe, v\u00f2ng bi l\u00e0m vi\u1ec7c \u1edf nhi\u1ec7t \u0111\u1ed9 cao.<\/li>\n<li data-sourcepos=\"22:1-22:49\"><strong>Kh\u1edbp n\u1ed1i:<\/strong> Kh\u1edbp n\u1ed1i v\u1ea1n n\u0103ng, kh\u1edbp n\u1ed1i tr\u1ee5c.<\/li>\n<li data-sourcepos=\"23:1-23:72\"><strong>B\u1ed9 ph\u1eadn khung g\u1ea7m:<\/strong> C\u00e1c b\u1ed9 ph\u1eadn khung g\u1ea7m c\u1ee7a xe t\u1ea3i, m\u00e1y x\u00e2y d\u1ef1ng.<\/li>\n<li data-sourcepos=\"24:1-25:0\"><strong>Thi\u1ebft b\u1ecb n\u00f4ng nghi\u1ec7p:<\/strong> C\u00e1c b\u1ed9 ph\u1eadn ch\u1ecbu t\u1ea3i c\u1ee7a m\u00e1y n\u00f4ng nghi\u1ec7p.<\/li>\n<\/ul>\n<h3 data-sourcepos=\"26:1-26:21\">Th\u00f4ng s\u1ed1 k\u1ef9 thu\u1eadt<\/h3>\n<ul data-sourcepos=\"28:1-33:0\">\n<li data-sourcepos=\"28:1-28:31\"><strong>Lo\u1ea1i m\u1ee1:<\/strong> Ph\u1ee9c h\u1ee3p Lithium<\/li>\n<li data-sourcepos=\"29:1-29:25\"><strong>\u0110\u1ed9 nh\u1edbt:<\/strong> ISO VG 220<\/li>\n<li data-sourcepos=\"30:1-30:24\"><strong>\u0110i\u1ec3m nh\u1ecf gi\u1ecdt:<\/strong> Cao<\/li>\n<li data-sourcepos=\"31:1-31:23\"><strong>M\u00e0u s\u1eafc:<\/strong> N\u00e2u v\u00e0ng<\/li>\n<li data-sourcepos=\"32:1-33:0\"><strong>\u0110\u00f3ng g\u00f3i:<\/strong> Th\u00f9ng 180kg, x\u00f4 16kg<\/li>\n<\/ul>\n<h3 data-sourcepos=\"34:1-34:21\">H\u01b0\u1edbng d\u1eabn s\u1eed d\u1ee5ng<\/h3>\n<p><img decoding=\"async\" title=\"mobilgrease-xhp-223-1-1\" src=\"https:\/\/yenhung.com\/wp-content\/uploads\/2025\/11\/mobilgrease-xhp-223-1-1.jpg\" alt=\"Mobilgrease XHP 223\" data-thumb=\"large\" \/><\/p>\n<ul data-sourcepos=\"36:1-39:0\">\n<li data-sourcepos=\"36:1-36:74\"><strong>L\u00e0m s\u1ea1ch b\u1ec1 m\u1eb7t:<\/strong> Tr\u01b0\u1edbc khi b\u00f4i m\u1ee1, c\u1ea7n l\u00e0m s\u1ea1ch b\u1ec1 m\u1eb7t c\u1ea7n b\u00f4i tr\u01a1n.<\/li>\n<li data-sourcepos=\"37:1-37:98\"><strong>B\u00f4i m\u1ee1:<\/strong> S\u1eed d\u1ee5ng s\u00fang b\u01a1m m\u1ee1 ho\u1eb7c d\u1ee5ng c\u1ee5 b\u00f4i tr\u01a1n th\u00edch h\u1ee3p \u0111\u1ec3 b\u00f4i m\u1ee1 v\u00e0o c\u00e1c \u0111i\u1ec3m b\u00f4i tr\u01a1n.<\/li>\n<li data-sourcepos=\"38:1-39:0\"><strong>L\u01b0\u1ee3ng m\u1ee1:<\/strong> B\u00f4i \u0111\u1ee7 l\u01b0\u1ee3ng m\u1ee1 \u0111\u1ec3 ph\u1ee7 k\u00edn c\u00e1c b\u1ec1 m\u1eb7t ti\u1ebfp x\u00fac.<\/li>\n<\/ul>\n<\/div>\n","protected":false},"excerpt":{"rendered":"<p>T\u00ean sa\u0309n ph\u00e2\u0309m:\u00a0Mobilgrease XHP 223<\/p>\n","protected":false},"featured_media":8511,"comment_status":"closed","ping_status":"closed","template":"","meta":[],"product_brand":[],"product_cat":[165],"product_tag":[],"class_list":{"0":"post-8510","1":"product","2":"type-product","3":"status-publish","4":"has-post-thumbnail","6":"product_cat-mobil","8":"first","9":"instock","10":"shipping-taxable","11":"product-type-simple"},"_links":{"self":[{"href":"https:\/\/yenhung.com\/index.php?rest_route=\/wp\/v2\/product\/8510","targetHints":{"allow":["GET"]}}],"collection":[{"href":"https:\/\/yenhung.com\/index.php?rest_route=\/wp\/v2\/product"}],"about":[{"href":"https:\/\/yenhung.com\/index.php?rest_route=\/wp\/v2\/types\/product"}],"replies":[{"embeddable":true,"href":"https:\/\/yenhung.com\/index.php?rest_route=%2Fwp%2Fv2%2Fcomments&post=8510"}],"wp:featuredmedia":[{"embeddable":true,"href":"https:\/\/yenhung.com\/index.php?rest_route=\/wp\/v2\/media\/8511"}],"wp:attachment":[{"href":"https:\/\/yenhung.com\/index.php?rest_route=%2Fwp%2Fv2%2Fmedia&parent=8510"}],"wp:term":[{"taxonomy":"product_brand","embeddable":true,"href":"https:\/\/yenhung.com\/index.php?rest_route=%2Fwp%2Fv2%2Fproduct_brand&post=8510"},{"taxonomy":"product_cat","embeddable":true,"href":"https:\/\/yenhung.com\/index.php?rest_route=%2Fwp%2Fv2%2Fproduct_cat&post=8510"},{"taxonomy":"product_tag","embeddable":true,"href":"https:\/\/yenhung.com\/index.php?rest_route=%2Fwp%2Fv2%2Fproduct_tag&post=8510"}],"curies":[{"name":"wp","href":"https:\/\/api.w.org\/{rel}","templated":true}]}}