{"id":8518,"date":"2025-11-10T08:42:31","date_gmt":"2025-11-10T08:42:31","guid":{"rendered":"https:\/\/yenhung.com\/?product=dau-mobil-delvac-modern-20w50-super-defense-18l"},"modified":"2026-02-07T02:12:55","modified_gmt":"2026-02-07T02:12:55","slug":"dau-mobil-delvac-modern-20w50-super-defense-18l","status":"publish","type":"product","link":"https:\/\/yenhung.com\/?product=dau-mobil-delvac-modern-20w50-super-defense-18l","title":{"rendered":"D\u1ea6U &#8211; MOBIL DELVAC MODERN 20W50 SUPER DEFENSE &#8211; 18L"},"content":{"rendered":"<div class=\"ba-text-fpt\">\n<h2 data-sourcepos=\"1:1-1:187\"><strong>D\u1ea6U &#8211; MOBIL DELVAC MODERN 20W50 SUPER DEFENSE &#8211; 18L<\/strong><\/h2>\n<h3 data-sourcepos=\"5:1-5:23\">\u0110\u00e2y l\u00e0 m\u1ed9t lo\u1ea1i d\u1ea7u \u0111\u1ed9ng c\u01a1 diesel hi\u1ec7u su\u1ea5t cao c\u1ee7a Mobil (thu\u1ed9c t\u1eadp \u0111o\u00e0n ExxonMobil), \u0111\u01b0\u1ee3c thi\u1ebft k\u1ebf \u0111\u1ec3 b\u1ea3o v\u1ec7 t\u1ed1i \u01b0u cho c\u00e1c \u0111\u1ed9ng c\u01a1 diesel hi\u1ec7n \u0111\u1ea1i v\u00e0 c\u1ea3 \u0111\u1ed9ng c\u01a1 \u0111\u1eddi c\u0169 h\u01a1n.<\/h3>\n<h3><b>\u0110\u1eb7c \u0111i\u1ec3m n\u1ed5i b\u1eadt c\u1ee7a Mobil Delvac Modern 20W-50 Super Defense<\/b><\/h3>\n<p><img decoding=\"async\" title=\"mobil-delvac-modern-20w50-super-defense-c-1751961496595-2\" src=\"https:\/\/yenhung.com\/wp-content\/uploads\/2025\/11\/mobil-delvac-modern-20w50-super-defense-c-1751961496595-2.jpg\" alt=\"D\u1ea6U - MOBIL DELVAC MODERN 20W50 SUPER DEFENSE - 18L\" data-thumb=\"large\" \/><\/p>\n<p>Mobil Delvac Modern 20W-50 Super Defense l\u00e0 s\u1ef1 k\u1ebft h\u1ee3p gi\u1eefa d\u1ea7u g\u1ed1c hi\u1ec7u su\u1ea5t cao v\u00e0 h\u1ec7 th\u1ed1ng ph\u1ee5 gia ti\u00ean ti\u1ebfn, mang l\u1ea1i nhi\u1ec1u l\u1ee3i \u00edch v\u01b0\u1ee3t tr\u1ed9i:<\/p>\n<ul>\n<li><b>B\u1ea3o v\u1ec7 \u0111\u1ed9ng c\u01a1 v\u01b0\u1ee3t tr\u1ed9i:<\/b> Cung c\u1ea5p kh\u1ea3 n\u0103ng ki\u1ec3m so\u00e1t tuy\u1ec7t v\u1eddi \u0111\u1ed1i v\u1edbi s\u1ef1 h\u00ecnh th\u00e0nh mu\u1ed9i than (soot build-up) v\u00e0 c\u1eb7n b\u1ea9n do nhi\u1ec7t \u0111\u1ed9 cao. N\u00f3 c\u0169ng c\u00f3 kh\u1ea3 n\u0103ng ch\u1ed1ng oxy h\u00f3a, \u0103n m\u00f2n v\u00e0 t\u00edch t\u1ee5 c\u1eb7n \u1edf nhi\u1ec7t \u0111\u1ed9 cao.<\/li>\n<li><b>K\u00e9o d\u00e0i tu\u1ed5i th\u1ecd \u0111\u1ed9ng c\u01a1:<\/b> Gi\u00fap \u0111\u1ed9ng c\u01a1 lu\u00f4n ho\u1ea1t \u0111\u1ed9ng nh\u01b0 m\u1edbi b\u1eb1ng c\u00e1ch gi\u1ea3m thi\u1ec3u m\u00e0i m\u00f2n, gi\u1eef s\u1ea1ch \u0111\u1ed9ng c\u01a1 v\u00e0 k\u00e9o d\u00e0i tu\u1ed5i th\u1ecd c\u00e1c b\u1ed9 ph\u1eadn.<\/li>\n<li><b>Ki\u1ec3m so\u00e1t \u0111\u1ed9 nh\u1edbt:<\/b> Duy tr\u00ec \u0111\u1ed9 nh\u1edbt \u1ed5n \u0111\u1ecbnh trong su\u1ed1t qu\u00e1 tr\u00ecnh ho\u1ea1t \u0111\u1ed9ng, ngay c\u1ea3 d\u01b0\u1edbi \u0111i\u1ec1u ki\u1ec7n t\u1ea3i n\u1eb7ng v\u00e0 nhi\u1ec7t \u0111\u1ed9 cao, nh\u1edd kh\u1ea3 n\u0103ng x\u1eed l\u00fd mu\u1ed9i than (soot handling) \u0111\u01b0\u1ee3c c\u1ea3i thi\u1ec7n.<\/li>\n<li><b>Kh\u1ea3 n\u0103ng t\u1ea9y r\u1eeda v\u00e0 ph\u00e2n t\u00e1n ti\u00ean ti\u1ebfn:<\/b> Gi\u00fap gi\u1eef cho c\u00e1c h\u1ea1t mu\u1ed9i than v\u00e0 c\u1eb7n b\u1ea9n \u0111\u01b0\u1ee3c ph\u00e2n t\u00e1n nh\u1ecf trong d\u1ea7u, ng\u0103n ng\u1eeba ch\u00fang h\u00ecnh th\u00e0nh c\u1eb7n b\u00e1m tr\u00ean c\u00e1c b\u1ed9 ph\u1eadn \u0111\u1ed9ng c\u01a1.<\/li>\n<li><b>Ch\u1ed1ng \u0103n m\u00f2n axit:<\/b> TBN (Total Base Number) cao gi\u00fap trung h\u00f2a c\u00e1c axit c\u00f3 h\u1ea1i \u0111\u01b0\u1ee3c sinh ra trong qu\u00e1 tr\u00ecnh \u0111\u1ed1t ch\u00e1y nhi\u00ean li\u1ec7u, b\u1ea3o v\u1ec7 c\u00e1c chi ti\u1ebft \u0111\u1ed9ng c\u01a1 kh\u1ecfi b\u1ecb \u0103n m\u00f2n.<\/li>\n<li><b>Kh\u1ea3 n\u0103ng t\u01b0\u01a1ng th\u00edch t\u1ed1t v\u1edbi c\u00e1c lo\u1ea1i gio\u0103ng v\u00e0 ph\u1edbt:<\/b> G\u00f3p ph\u1ea7n k\u00e9o d\u00e0i tu\u1ed5i th\u1ecd c\u1ee7a gio\u0103ng v\u00e0 ph\u1edbt, gi\u1ea3m nguy c\u01a1 r\u00f2 r\u1ec9 d\u1ea7u.<\/li>\n<li><b>Hi\u1ec7u su\u1ea5t \u1edf nhi\u1ec7t \u0111\u1ed9 th\u1ea5p:<\/b> M\u1eb7c d\u00f9 l\u00e0 d\u1ea7u 20W-50, n\u00f3 v\u1eabn c\u00f3 t\u00ednh ch\u1ea5t nhi\u1ec7t \u0111\u1ed9 th\u1ea5p t\u1ed1t, gi\u00fap b\u1ea3o v\u1ec7 \u0111\u1ed9ng c\u01a1 khi kh\u1edfi \u0111\u1ed9ng l\u1ea1nh.<\/li>\n<li><b>\u0110a n\u0103ng cho nhi\u1ec1u lo\u1ea1i \u0111\u1ed9ng c\u01a1:<\/b> Ph\u00f9 h\u1ee3p cho c\u1ea3 \u0111\u1ed9ng c\u01a1 diesel ph\u00e1t th\u1ea3i th\u1ea5p hi\u1ec7n \u0111\u1ea1i (c\u00f3 ho\u1eb7c kh\u00f4ng c\u00f3 t\u0103ng \u00e1p) v\u00e0 c\u00e1c \u0111\u1ed9ng c\u01a1 diesel c\u0169 h\u01a1n, ho\u1ea1t \u0111\u1ed9ng b\u1eb1ng nhi\u00ean li\u1ec7u c\u00f3 h\u00e0m l\u01b0\u1ee3ng l\u01b0u hu\u1ef3nh th\u1ea5p ho\u1eb7c cao.<br \/>\n<h3><b>Ti\u00eau chu\u1ea9n v\u00e0 Ph\u00ea duy\u1ec7t<\/b><\/h3>\n<p><img decoding=\"async\" title=\"mobil-delvac-modern-20w50-super-defense-b-1751961497116-1\" src=\"https:\/\/yenhung.com\/wp-content\/uploads\/2025\/11\/mobil-delvac-modern-20w50-super-defense-b-1751961497116-1.jpg\" alt=\"D\u1ea6U - MOBIL DELVAC MODERN 20W50 SUPER DEFENSE - 18L\" data-thumb=\"large\" \/><\/p>\n<p>Mobil Delvac Modern 20W-50 Super Defense th\u01b0\u1eddng \u0111\u00e1p \u1ee9ng ho\u1eb7c v\u01b0\u1ee3t qu\u00e1 c\u00e1c ti\u00eau chu\u1ea9n v\u00e0 ph\u00ea duy\u1ec7t sau:<\/li>\n<li><b>API CI-4\/SL:<\/b> \u0110\u00e2y l\u00e0 c\u1ea5p hi\u1ec7u n\u0103ng ch\u00ednh cho \u0111\u1ed9ng c\u01a1 diesel (CI-4) v\u00e0 c\u0169ng ph\u00f9 h\u1ee3p cho \u0111\u1ed9ng c\u01a1 x\u0103ng (SL).<\/li>\n<li><b>ACEA E7\/CF:<\/b> Ti\u00eau chu\u1ea9n ch\u1ea5t l\u01b0\u1ee3ng cho d\u1ea7u \u0111\u1ed9ng c\u01a1 diesel h\u1ea1ng n\u1eb7ng c\u1ee7a Hi\u1ec7p h\u1ed9i c\u00e1c nh\u00e0 s\u1ea3n xu\u1ea5t \u00f4 t\u00f4 ch\u00e2u \u00c2u.<\/li>\n<li><b>MB-Approval 228.31<\/b> (D\u00e0nh cho Mercedes-Benz).<\/li>\n<li><b>MAN M3275-1<\/b> (D\u00e0nh cho xe t\u1ea3i MAN).<\/li>\n<li><b>Volvo VDS-3<\/b> (D\u00e0nh cho xe t\u1ea3i Volvo).<\/li>\n<li>C\u00e1c ph\u00ea duy\u1ec7t kh\u00e1c t\u1eeb c\u00e1c nh\u00e0 s\u1ea3n xu\u1ea5t \u0111\u1ed9ng c\u01a1 l\u1edbn kh\u00e1c.<br \/>\n<h3><b>\u1ee8ng d\u1ee5ng c\u1ee7a Mobil Delvac Modern 20W-50 Super Defense<\/b><\/h3>\n<p><img decoding=\"async\" title=\"20w50-super-defense-a-1751961497743-1\" src=\"https:\/\/yenhung.com\/wp-content\/uploads\/2025\/11\/20w50-super-defense-a-1751961497743-1.jpg\" alt=\"D\u1ea6U - MOBIL DELVAC MODERN 20W50 SUPER DEFENSE - 18L\" data-thumb=\"large\" \/><\/p>\n<p>D\u1ea7u nh\u1edbt n\u00e0y \u0111\u01b0\u1ee3c khuy\u1ebfn ngh\u1ecb s\u1eed d\u1ee5ng cho nhi\u1ec1u lo\u1ea1i ph\u01b0\u01a1ng ti\u1ec7n v\u00e0 thi\u1ebft b\u1ecb:<\/li>\n<li><b>Xe t\u1ea3i \u0111\u01b0\u1eddng b\u1ed9:<\/b> Xe t\u1ea3i h\u1ea1ng nh\u1eb9 v\u00e0 h\u1ea1ng n\u1eb7ng, xe bu\u00fdt.<\/li>\n<li><b>Thi\u1ebft b\u1ecb ngo\u00e0i \u0111\u01b0\u1eddng b\u1ed9:<\/b> M\u00e1y m\u00f3c x\u00e2y d\u1ef1ng, khai th\u00e1c m\u1ecf, khai th\u00e1c \u0111\u00e1, n\u00f4ng nghi\u1ec7p.<\/li>\n<li><b>\u0110\u1ed9ng c\u01a1 diesel h\u00fat kh\u00ed t\u1ef1 nhi\u00ean v\u00e0 t\u0103ng \u00e1p.<\/b><\/li>\n<li><b>\u0110\u1ed9i xe h\u1ed7n h\u1ee3p:<\/b> C\u00f3 th\u1ec3 s\u1eed d\u1ee5ng cho c\u1ea3 \u0111\u1ed9ng c\u01a1 diesel v\u00e0 x\u0103ng (nh\u1edd c\u1ea5p SL).<\/li>\n<\/ul>\n<\/div>\n","protected":false},"excerpt":{"rendered":"<p>T\u00ean sa\u0309n ph\u00e2\u0309m:\u00a0D\u1ea6U &#8211; MOBIL DELVAC MODERN 20W50 SUPER DEFENSE &#8211; 18L<\/p>\n","protected":false},"featured_media":8519,"comment_status":"closed","ping_status":"closed","template":"","meta":[],"product_brand":[],"product_cat":[165],"product_tag":[],"class_list":{"0":"post-8518","1":"product","2":"type-product","3":"status-publish","4":"has-post-thumbnail","6":"product_cat-mobil","8":"first","9":"instock","10":"shipping-taxable","11":"product-type-simple"},"_links":{"self":[{"href":"https:\/\/yenhung.com\/index.php?rest_route=\/wp\/v2\/product\/8518","targetHints":{"allow":["GET"]}}],"collection":[{"href":"https:\/\/yenhung.com\/index.php?rest_route=\/wp\/v2\/product"}],"about":[{"href":"https:\/\/yenhung.com\/index.php?rest_route=\/wp\/v2\/types\/product"}],"replies":[{"embeddable":true,"href":"https:\/\/yenhung.com\/index.php?rest_route=%2Fwp%2Fv2%2Fcomments&post=8518"}],"wp:featuredmedia":[{"embeddable":true,"href":"https:\/\/yenhung.com\/index.php?rest_route=\/wp\/v2\/media\/8519"}],"wp:attachment":[{"href":"https:\/\/yenhung.com\/index.php?rest_route=%2Fwp%2Fv2%2Fmedia&parent=8518"}],"wp:term":[{"taxonomy":"product_brand","embeddable":true,"href":"https:\/\/yenhung.com\/index.php?rest_route=%2Fwp%2Fv2%2Fproduct_brand&post=8518"},{"taxonomy":"product_cat","embeddable":true,"href":"https:\/\/yenhung.com\/index.php?rest_route=%2Fwp%2Fv2%2Fproduct_cat&post=8518"},{"taxonomy":"product_tag","embeddable":true,"href":"https:\/\/yenhung.com\/index.php?rest_route=%2Fwp%2Fv2%2Fproduct_tag&post=8518"}],"curies":[{"name":"wp","href":"https:\/\/api.w.org\/{rel}","templated":true}]}}