{"id":8534,"date":"2025-11-10T08:42:45","date_gmt":"2025-11-10T08:42:45","guid":{"rendered":"https:\/\/yenhung.com\/?product=mo-mobilux-ep-3-16kg"},"modified":"2026-02-07T02:12:32","modified_gmt":"2026-02-07T02:12:32","slug":"mo-mobilux-ep-3-16kg","status":"publish","type":"product","link":"https:\/\/yenhung.com\/?product=mo-mobilux-ep-3-16kg","title":{"rendered":"M\u1ee1 &#8211; MOBILUX EP 3 &#8211; 16KG"},"content":{"rendered":"<div class=\"ba-text-fpt\">\n<h2 data-sourcepos=\"1:1-1:173\"><strong>Mobilux EP3: M\u1ee1 b\u00f4i tr\u01a1n \u0111a d\u1ee5ng, b\u1ea3o v\u1ec7 t\u1ed1i \u01b0u<\/strong><\/h2>\n<h3 data-sourcepos=\"5:1-5:23\">Gi\u1edbi thi\u1ec7u s\u1ea3n ph\u1ea9m<\/h3>\n<p data-sourcepos=\"7:1-7:281\"><strong>Mobilux EP3<\/strong> l\u00e0 m\u1ed9t lo\u1ea1i m\u1ee1 c\u00f4ng nghi\u1ec7p \u0111a d\u1ee5ng, \u0111\u01b0\u1ee3c pha ch\u1ebf t\u1eeb d\u1ea7u g\u1ed1c kho\u00e1ng ch\u1ea5t cao c\u1ea5p v\u00e0 ch\u1ea5t l\u00e0m \u0111\u1eb7c lithium hydroxystearate. S\u1ea3n ph\u1ea9m n\u00e0y \u0111\u01b0\u1ee3c thi\u1ebft k\u1ebf \u0111\u1ec3 cung c\u1ea5p kh\u1ea3 n\u0103ng b\u1ea3o v\u1ec7 v\u01b0\u1ee3t tr\u1ed9i cho c\u00e1c thi\u1ebft b\u1ecb v\u00e0 m\u00e1y m\u00f3c, \u0111\u1eb7c bi\u1ec7t trong c\u00e1c \u0111i\u1ec1u ki\u1ec7n l\u00e0m vi\u1ec7c kh\u1eafc nghi\u1ec7t.<\/p>\n<p data-sourcepos=\"9:1-9:31\"><img decoding=\"async\" title=\"mobilux-ep3-1-2\" src=\"https:\/\/yenhung.com\/wp-content\/uploads\/2025\/11\/mobilux-ep3-1-2.jpg\" data-thumb=\"large\" \/><\/p>\n<h3 data-sourcepos=\"11:1-11:19\">\u01afu \u0111i\u1ec3m n\u1ed5i b\u1eadt<\/h3>\n<ul data-sourcepos=\"13:1-18:0\">\n<li data-sourcepos=\"13:1-13:140\"><strong>B\u1ea3o v\u1ec7 ch\u1ed1ng m\u00e0i m\u00f2n:<\/strong> Nh\u1edd c\u00e1c ph\u1ee5 gia EP, Mobilux EP3 cung c\u1ea5p kh\u1ea3 n\u0103ng b\u1ea3o v\u1ec7 v\u01b0\u1ee3t tr\u1ed9i ch\u1ed1ng m\u00e0i m\u00f2n, k\u00e9o d\u00e0i tu\u1ed5i th\u1ecd c\u1ee7a thi\u1ebft b\u1ecb.<\/li>\n<li data-sourcepos=\"14:1-14:106\"><strong>Ch\u1ed1ng g\u1ec9 s\u00e9t v\u00e0 \u0103n m\u00f2n:<\/strong> T\u1ea1o m\u1ed9t l\u1edbp m\u00e0ng b\u1ea3o v\u1ec7 v\u1eefng ch\u1eafc, ng\u0103n ng\u1eeba s\u1ef1 h\u00ecnh th\u00e0nh r\u1ec9 s\u00e9t v\u00e0 \u0103n m\u00f2n.<\/li>\n<li data-sourcepos=\"15:1-15:131\"><strong>Ch\u1ecbu n\u01b0\u1edbc t\u1ed1t:<\/strong> Kh\u1ea3 n\u0103ng ch\u1ecbu n\u01b0\u1edbc tuy\u1ec7t v\u1eddi, gi\u00fap m\u1ee1 kh\u00f4ng b\u1ecb r\u1eeda tr\u00f4i v\u00e0 duy tr\u00ec hi\u1ec7u su\u1ea5t b\u00f4i tr\u01a1n trong m\u00f4i tr\u01b0\u1eddng \u1ea9m \u01b0\u1edbt.<\/li>\n<li data-sourcepos=\"16:1-16:115\"><strong>\u1ed4n \u0111\u1ecbnh nhi\u1ec7t:<\/strong> Gi\u1eef \u0111\u01b0\u1ee3c \u0111\u1ed9 nh\u1edbt \u1ed5n \u0111\u1ecbnh trong m\u1ed9t ph\u1ea1m vi nhi\u1ec7t \u0111\u1ed9 r\u1ed9ng, \u0111\u1ea3m b\u1ea3o hi\u1ec7u su\u1ea5t b\u00f4i tr\u01a1n li\u00ean t\u1ee5c.<\/li>\n<li data-sourcepos=\"17:1-18:0\"><strong>\u0110\u1ed9 b\u00e1m d\u00ednh t\u1ed1t:<\/strong> B\u00e1m d\u00ednh t\u1ed1t tr\u00ean c\u00e1c b\u1ec1 m\u1eb7t kim lo\u1ea1i, gi\u1ea3m thi\u1ec3u r\u00f2 r\u1ec9 v\u00e0 th\u1ea5t tho\u00e1t m\u1ee1.<\/li>\n<\/ul>\n<h3 data-sourcepos=\"19:1-19:12\">\u1ee8ng d\u1ee5ng<\/h3>\n<p><img decoding=\"async\" title=\"mobilux-ep3-2-1\" src=\"https:\/\/yenhung.com\/wp-content\/uploads\/2025\/11\/mobilux-ep3-2-1.jpg\" alt=\"Mobilux EP3\" data-thumb=\"large\" \/><\/p>\n<ul data-sourcepos=\"21:1-25:0\">\n<li data-sourcepos=\"21:1-21:99\"><strong>V\u00f2ng bi:<\/strong> B\u00f4i tr\u01a1n cho c\u00e1c lo\u1ea1i v\u00f2ng bi ch\u1ecbu t\u1ea3i n\u1eb7ng, ho\u1ea1t \u0111\u1ed9ng \u1edf t\u1ed1c \u0111\u1ed9 th\u1ea5p \u0111\u1ebfn trung b\u00ecnh.<\/li>\n<li data-sourcepos=\"22:1-22:53\"><strong>B\u1ea1c l\u00f3t:<\/strong> B\u1ea3o v\u1ec7 b\u1ea1c l\u00f3t kh\u1ecfi m\u00e0i m\u00f2n v\u00e0 \u0103n m\u00f2n.<\/li>\n<li data-sourcepos=\"23:1-23:49\"><strong>Ch\u1ed1t:<\/strong> B\u00f4i tr\u01a1n cho c\u00e1c lo\u1ea1i ch\u1ed1t, kh\u1edbp n\u1ed1i.<\/li>\n<li data-sourcepos=\"24:1-25:0\"><strong>C\u00e1c \u1ee9ng d\u1ee5ng kh\u00e1c:<\/strong> S\u1eed d\u1ee5ng r\u1ed9ng r\u00e3i trong c\u00e1c ng\u00e0nh c\u00f4ng nghi\u1ec7p nh\u01b0 \u00f4 t\u00f4, x\u00e2y d\u1ef1ng, khai th\u00e1c m\u1ecf&#8230;<\/li>\n<\/ul>\n<h3 data-sourcepos=\"26:1-26:21\">Th\u00f4ng s\u1ed1 k\u1ef9 thu\u1eadt<\/h3>\n<ul data-sourcepos=\"28:1-32:0\">\n<li data-sourcepos=\"28:1-28:38\"><strong>Lo\u1ea1i m\u1ee1:<\/strong> Lithium hydroxystearate<\/li>\n<li data-sourcepos=\"29:1-29:20\"><strong>\u0110\u1ed9 \u0111\u1eb7c:<\/strong> NLGI 3<\/li>\n<li data-sourcepos=\"30:1-30:23\"><strong>M\u00e0u s\u1eafc:<\/strong> N\u00e2u v\u00e0ng<\/li>\n<li data-sourcepos=\"31:1-32:0\"><strong>Nhi\u1ec7t \u0111\u1ed9 l\u00e0m vi\u1ec7c:<\/strong> [Kho\u1ea3ng nhi\u1ec7t \u0111\u1ed9 l\u00e0m vi\u1ec7c]<\/li>\n<\/ul>\n<h3 data-sourcepos=\"33:1-33:21\">H\u01b0\u1edbng d\u1eabn s\u1eed d\u1ee5ng<\/h3>\n<p><img decoding=\"async\" title=\"mobilux-ep3-3\" src=\"https:\/\/yenhung.com\/wp-content\/uploads\/2025\/11\/mobilux-ep3-3.jpg\" alt=\"Mobilux EP3\" data-thumb=\"large\" \/><\/p>\n<ul data-sourcepos=\"35:1-38:0\">\n<li data-sourcepos=\"35:1-35:99\"><strong>L\u00e0m s\u1ea1ch b\u1ec1 m\u1eb7t:<\/strong> Tr\u01b0\u1edbc khi b\u00f4i m\u1ee1, c\u1ea7n l\u00e0m s\u1ea1ch b\u1ec1 m\u1eb7t thi\u1ebft b\u1ecb \u0111\u1ec3 \u0111\u1ea3m b\u1ea3o hi\u1ec7u qu\u1ea3 b\u00f4i tr\u01a1n.<\/li>\n<li data-sourcepos=\"36:1-36:113\"><strong>B\u00f4i m\u1ee1:<\/strong> S\u1eed d\u1ee5ng s\u00fang b\u01a1m m\u1ee1 ho\u1eb7c d\u1ee5ng c\u1ee5 b\u00f4i m\u1ee1 th\u00edch h\u1ee3p \u0111\u1ec3 b\u00f4i m\u1ed9t l\u01b0\u1ee3ng m\u1ee1 v\u1eeba \u0111\u1ee7 v\u00e0o c\u00e1c \u0111i\u1ec3m b\u00f4i tr\u01a1n.<\/li>\n<li data-sourcepos=\"37:1-38:0\"><strong>Ki\u1ec3m tra \u0111\u1ecbnh k\u1ef3:<\/strong> Ki\u1ec3m tra v\u00e0 b\u1ed5 sung m\u1ee1 \u0111\u1ecbnh k\u1ef3 \u0111\u1ec3 \u0111\u1ea3m b\u1ea3o thi\u1ebft b\u1ecb lu\u00f4n \u0111\u01b0\u1ee3c b\u00f4i tr\u01a1n t\u1ed1t.<\/li>\n<\/ul>\n<h3 data-sourcepos=\"39:1-39:21\">L\u01b0u \u00fd khi s\u1eed d\u1ee5ng<\/h3>\n<ul data-sourcepos=\"41:1-44:0\">\n<li data-sourcepos=\"41:1-41:77\"><strong>B\u1ea3o qu\u1ea3n:<\/strong> B\u1ea3o qu\u1ea3n \u1edf n\u01a1i kh\u00f4 r\u00e1o, tho\u00e1ng m\u00e1t, tr\u00e1nh \u00e1nh n\u1eafng tr\u1ef1c ti\u1ebfp.<\/li>\n<li data-sourcepos=\"42:1-42:71\"><strong>An to\u00e0n:<\/strong> S\u1eed d\u1ee5ng g\u0103ng tay, k\u00ednh b\u1ea3o h\u1ed9 khi ti\u1ebfp x\u00fac v\u1edbi s\u1ea3n ph\u1ea9m.<\/li>\n<li data-sourcepos=\"43:1-44:0\"><strong>M\u00f4i tr\u01b0\u1eddng:<\/strong> X\u1eed l\u00fd bao b\u00ec v\u00e0 ch\u1ea5t th\u1ea3i theo \u0111\u00fang quy \u0111\u1ecbnh.<\/li>\n<\/ul>\n<\/div>\n","protected":false},"excerpt":{"rendered":"<p>T\u00ean sa\u0309n ph\u00e2\u0309m:\u00a0Mobilux EP3<\/p>\n","protected":false},"featured_media":8535,"comment_status":"closed","ping_status":"closed","template":"","meta":[],"product_brand":[],"product_cat":[165],"product_tag":[],"class_list":{"0":"post-8534","1":"product","2":"type-product","3":"status-publish","4":"has-post-thumbnail","6":"product_cat-mobil","8":"first","9":"instock","10":"shipping-taxable","11":"product-type-simple"},"_links":{"self":[{"href":"https:\/\/yenhung.com\/index.php?rest_route=\/wp\/v2\/product\/8534","targetHints":{"allow":["GET"]}}],"collection":[{"href":"https:\/\/yenhung.com\/index.php?rest_route=\/wp\/v2\/product"}],"about":[{"href":"https:\/\/yenhung.com\/index.php?rest_route=\/wp\/v2\/types\/product"}],"replies":[{"embeddable":true,"href":"https:\/\/yenhung.com\/index.php?rest_route=%2Fwp%2Fv2%2Fcomments&post=8534"}],"wp:featuredmedia":[{"embeddable":true,"href":"https:\/\/yenhung.com\/index.php?rest_route=\/wp\/v2\/media\/8535"}],"wp:attachment":[{"href":"https:\/\/yenhung.com\/index.php?rest_route=%2Fwp%2Fv2%2Fmedia&parent=8534"}],"wp:term":[{"taxonomy":"product_brand","embeddable":true,"href":"https:\/\/yenhung.com\/index.php?rest_route=%2Fwp%2Fv2%2Fproduct_brand&post=8534"},{"taxonomy":"product_cat","embeddable":true,"href":"https:\/\/yenhung.com\/index.php?rest_route=%2Fwp%2Fv2%2Fproduct_cat&post=8534"},{"taxonomy":"product_tag","embeddable":true,"href":"https:\/\/yenhung.com\/index.php?rest_route=%2Fwp%2Fv2%2Fproduct_tag&post=8534"}],"curies":[{"name":"wp","href":"https:\/\/api.w.org\/{rel}","templated":true}]}}