{"id":8567,"date":"2025-11-10T08:43:15","date_gmt":"2025-11-10T08:43:15","guid":{"rendered":"https:\/\/yenhung.com\/?product=dau-nhot-dong-co-mobil-delvac-super-1300-15w40-20l"},"modified":"2026-02-07T02:09:40","modified_gmt":"2026-02-07T02:09:40","slug":"dau-nhot-dong-co-mobil-delvac-super-1300-15w40-20l","status":"publish","type":"product","link":"https:\/\/yenhung.com\/?product=dau-nhot-dong-co-mobil-delvac-super-1300-15w40-20l","title":{"rendered":"D\u1ea6U NH\u1edaT \u0110\u1ed8NG C\u01a0 MOBIL DELVAC SUPER 1300 15W40 ( 20L)"},"content":{"rendered":"<div class=\"ba-text-fpt\">\n<h2 data-sourcepos=\"3:1-3:69\"><strong>D\u1ea6U NH\u1edaT \u0110\u1ed8NG C\u01a0 MOBIL DELVAC SUPER 1300 15W40 ( 20L)<\/strong><\/h2>\n<p data-sourcepos=\"3:1-3:69\">B\u1ea3o v\u1ec7 \u0111\u1ed9ng c\u01a1 diesel hi\u1ec7u su\u1ea5t cao<\/p>\n<h3 data-sourcepos=\"5:1-5:23\">Gi\u1edbi thi\u1ec7u s\u1ea3n ph\u1ea9m<\/h3>\n<p data-sourcepos=\"7:1-7:353\"><strong>MOBIL DELVAC SUPER 1300 15W40<\/strong> l\u00e0 d\u1ea7u \u0111\u1ed9ng c\u01a1 diesel hi\u1ec7u su\u1ea5t cao, \u0111\u01b0\u1ee3c \u0111\u1eb7c ch\u1ebf \u0111\u1ec3 b\u1ea3o v\u1ec7 t\u1ed1i \u01b0u cho c\u00e1c \u0111\u1ed9ng c\u01a1 diesel hi\u1ec7n \u0111\u1ea1i, \u0111\u1eb7c bi\u1ec7t l\u00e0 nh\u1eefng \u0111\u1ed9ng c\u01a1 ho\u1ea1t \u0111\u1ed9ng trong \u0111i\u1ec1u ki\u1ec7n kh\u1eafc nghi\u1ec7t v\u00e0 t\u1ea3i tr\u1ecdng n\u1eb7ng. S\u1ea3n ph\u1ea9m n\u00e0y k\u1ebft h\u1ee3p c\u00f4ng ngh\u1ec7 ti\u00ean ti\u1ebfn v\u00e0 d\u1ea7u g\u1ed1c ch\u1ea5t l\u01b0\u1ee3ng cao, gi\u00fap k\u00e9o d\u00e0i tu\u1ed5i th\u1ecd \u0111\u1ed9ng c\u01a1 v\u00e0 \u0111\u1ea3m b\u1ea3o hi\u1ec7u su\u1ea5t ho\u1ea1t \u0111\u1ed9ng t\u1ed1i \u01b0u.<\/p>\n<p data-sourcepos=\"9:1-9:49\"><img decoding=\"async\" title=\"mobil-delvac-super-1300-15w40-2\" src=\"https:\/\/yenhung.com\/wp-content\/uploads\/2025\/11\/mobil-delvac-super-1300-15w40-2.jpg\" alt=\"MOBIL DELVAC SUPER 1300 15W40\" data-thumb=\"large\" \/><\/p>\n<h3 data-sourcepos=\"11:1-11:19\">\u01afu \u0111i\u1ec3m n\u1ed5i b\u1eadt<\/h3>\n<ul data-sourcepos=\"13:1-18:0\">\n<li data-sourcepos=\"13:1-13:92\"><strong>B\u1ea3o v\u1ec7 to\u00e0n di\u1ec7n:<\/strong> B\u1ea3o v\u1ec7 \u0111\u1ed9ng c\u01a1 kh\u1ecfi s\u1ef1 m\u00e0i m\u00f2n, \u0103n m\u00f2n, oxy h\u00f3a v\u00e0 c\u00e1c lo\u1ea1i c\u1eb7n b\u00e1m.<\/li>\n<li data-sourcepos=\"14:1-14:89\"><strong>T\u0103ng tu\u1ed5i th\u1ecd \u0111\u1ed9ng c\u01a1:<\/strong> Gi\u00fap k\u00e9o d\u00e0i tu\u1ed5i th\u1ecd \u0111\u1ed9ng c\u01a1 nh\u1edd kh\u1ea3 n\u0103ng b\u1ea3o v\u1ec7 v\u01b0\u1ee3t tr\u1ed9i.<\/li>\n<li data-sourcepos=\"15:1-15:82\"><strong>Ti\u1ebft ki\u1ec7m nhi\u00ean li\u1ec7u:<\/strong> Gi\u1ea3m ma s\u00e1t n\u1ed9i b\u1ed9 \u0111\u1ed9ng c\u01a1, gi\u00fap ti\u1ebft ki\u1ec7m nhi\u00ean li\u1ec7u.<\/li>\n<li data-sourcepos=\"16:1-16:83\"><strong>Kh\u1ea3 n\u0103ng l\u00e0m s\u1ea1ch t\u1ed1t:<\/strong> Gi\u00fap l\u00e0m s\u1ea1ch v\u00e0 b\u1ea3o v\u1ec7 c\u00e1c b\u1ed9 ph\u1eadn b\u00ean trong \u0111\u1ed9ng c\u01a1.<\/li>\n<li data-sourcepos=\"17:1-18:0\"><strong>Kh\u1ea3 n\u0103ng ch\u1ecbu nhi\u1ec7t cao:<\/strong> V\u1eabn duy tr\u00ec \u0111\u1ed9 nh\u1edbt \u1ed5n \u0111\u1ecbnh \u1edf nhi\u1ec7t \u0111\u1ed9 cao.<\/li>\n<\/ul>\n<h3 data-sourcepos=\"19:1-19:12\">\u1ee8ng d\u1ee5ng<\/h3>\n<p><img decoding=\"async\" title=\"mobil-delvac-super-1300-15w40-b-1752655663509-1\" src=\"https:\/\/yenhung.com\/wp-content\/uploads\/2025\/11\/mobil-delvac-super-1300-15w40-b-1752655663509-1.jpg\" alt=\"MOBIL DELVAC SUPER 1300 15W40\" data-thumb=\"large\" \/><\/p>\n<ul data-sourcepos=\"21:1-23:0\">\n<li data-sourcepos=\"21:1-21:127\"><strong>\u0110\u1ed9ng c\u01a1 diesel:<\/strong> Ph\u00f9 h\u1ee3p v\u1edbi \u0111a d\u1ea1ng c\u00e1c lo\u1ea1i \u0111\u1ed9ng c\u01a1 diesel, t\u1eeb \u0111\u1ed9ng c\u01a1 \u00f4 t\u00f4 t\u1ea3i n\u1eb7ng \u0111\u1ebfn \u0111\u1ed9ng c\u01a1 m\u00e1y x\u00e2y d\u1ef1ng, t\u00e0u th\u1ee7y.<\/li>\n<li data-sourcepos=\"22:1-23:0\"><strong>\u0110i\u1ec1u ki\u1ec7n l\u00e0m vi\u1ec7c kh\u1eafc nghi\u1ec7t:<\/strong> Th\u00edch h\u1ee3p cho c\u00e1c \u0111i\u1ec1u ki\u1ec7n l\u00e0m vi\u1ec7c kh\u1eafc nghi\u1ec7t nh\u01b0 nhi\u1ec7t \u0111\u1ed9 cao, t\u1ea3i tr\u1ecdng n\u1eb7ng, v\u1eadn h\u00e0nh li\u00ean t\u1ee5c.<\/li>\n<\/ul>\n<h3 data-sourcepos=\"24:1-24:21\">Th\u00f4ng s\u1ed1 k\u1ef9 thu\u1eadt<\/h3>\n<ul data-sourcepos=\"26:1-30:0\">\n<li data-sourcepos=\"26:1-26:21\"><strong>\u0110\u1ed9 nh\u1edbt:<\/strong> 15W-40<\/li>\n<li data-sourcepos=\"27:1-27:40\"><strong>Ti\u00eau chu\u1ea9n:<\/strong> API CI-4 Plus, ACEA E7<\/li>\n<li data-sourcepos=\"28:1-28:36\"><strong>\u0110\u00f3ng g\u00f3i:<\/strong> [Dung t\u00edch \u0111\u00f3ng g\u00f3i]<\/li>\n<li data-sourcepos=\"29:1-30:0\"><strong>M\u00e0u s\u1eafc:<\/strong> [M\u00e0u s\u1eafc c\u1ee7a s\u1ea3n ph\u1ea9m]<\/li>\n<\/ul>\n<h3 data-sourcepos=\"31:1-31:23\">L\u1ee3i \u00edch khi s\u1eed d\u1ee5ng<\/h3>\n<ul data-sourcepos=\"33:1-36:0\">\n<li data-sourcepos=\"33:1-33:76\"><strong>Hi\u1ec7u su\u1ea5t ho\u1ea1t \u0111\u1ed9ng \u1ed5n \u0111\u1ecbnh:<\/strong> Gi\u00fap \u0111\u1ed9ng c\u01a1 ho\u1ea1t \u0111\u1ed9ng m\u1ea1nh m\u1ebd v\u00e0 b\u1ec1n b\u1ec9.<\/li>\n<li data-sourcepos=\"34:1-34:79\"><strong>Gi\u1ea3m chi ph\u00ed b\u1ea3o tr\u00ec:<\/strong> Gi\u1ea3m t\u1ea7n su\u1ea5t thay d\u1ea7u v\u00e0 c\u00e1c chi ph\u00ed b\u1ea3o tr\u00ec kh\u00e1c.<\/li>\n<li data-sourcepos=\"35:1-36:0\"><strong>B\u1ea3o v\u1ec7 m\u00f4i tr\u01b0\u1eddng:<\/strong> Gi\u1ea3m l\u01b0\u1ee3ng kh\u00ed th\u1ea3i \u0111\u1ed9c h\u1ea1i.<\/li>\n<\/ul>\n<h3 data-sourcepos=\"37:1-37:21\">H\u01b0\u1edbng d\u1eabn s\u1eed d\u1ee5ng<\/h3>\n<p><img decoding=\"async\" src=\"https:\/\/bizweb.dktcdn.net\/thumb\/large\/100\/510\/748\/products\/delvac-super-1300-15w40-c-1750239842521.jpg?v=1750239845220\" alt=\"MOBIL DELVAC SUPER 1300 15W40 ( 20L)\" data-thumb=\"large\" \/><\/p>\n<ul data-sourcepos=\"39:1-42:0\">\n<li data-sourcepos=\"39:1-39:74\"><strong>Ki\u1ec3m tra:<\/strong> Ki\u1ec3m tra lo\u1ea1i d\u1ea7u \u0111\u1ed9ng c\u01a1 khuy\u1ebfn ngh\u1ecb c\u1ee7a nh\u00e0 s\u1ea3n xu\u1ea5t xe.<\/li>\n<li data-sourcepos=\"40:1-40:67\"><strong>Thay th\u1ebf:<\/strong> Thay th\u1ebf d\u1ea7u \u0111\u1ed9ng c\u01a1 theo \u0111\u00fang \u0111\u1ecbnh k\u1ef3 khuy\u1ebfn ngh\u1ecb.<\/li>\n<li data-sourcepos=\"41:1-42:0\"><strong>B\u1ea3o qu\u1ea3n:<\/strong> B\u1ea3o qu\u1ea3n s\u1ea3n ph\u1ea9m \u1edf n\u01a1i kh\u00f4 r\u00e1o, tho\u00e1ng m\u00e1t, tr\u00e1nh \u00e1nh n\u1eafng tr\u1ef1c ti\u1ebfp.<\/li>\n<\/ul>\n<\/div>\n","protected":false},"excerpt":{"rendered":"<p>T\u00ean sa\u0309n ph\u00e2\u0309m:\u00a0MOBIL DELVAC SUPER 1300 15W40<\/p>\n","protected":false},"featured_media":8568,"comment_status":"closed","ping_status":"closed","template":"","meta":[],"product_brand":[],"product_cat":[165],"product_tag":[],"class_list":{"0":"post-8567","1":"product","2":"type-product","3":"status-publish","4":"has-post-thumbnail","6":"product_cat-mobil","8":"first","9":"instock","10":"shipping-taxable","11":"product-type-simple"},"_links":{"self":[{"href":"https:\/\/yenhung.com\/index.php?rest_route=\/wp\/v2\/product\/8567","targetHints":{"allow":["GET"]}}],"collection":[{"href":"https:\/\/yenhung.com\/index.php?rest_route=\/wp\/v2\/product"}],"about":[{"href":"https:\/\/yenhung.com\/index.php?rest_route=\/wp\/v2\/types\/product"}],"replies":[{"embeddable":true,"href":"https:\/\/yenhung.com\/index.php?rest_route=%2Fwp%2Fv2%2Fcomments&post=8567"}],"wp:featuredmedia":[{"embeddable":true,"href":"https:\/\/yenhung.com\/index.php?rest_route=\/wp\/v2\/media\/8568"}],"wp:attachment":[{"href":"https:\/\/yenhung.com\/index.php?rest_route=%2Fwp%2Fv2%2Fmedia&parent=8567"}],"wp:term":[{"taxonomy":"product_brand","embeddable":true,"href":"https:\/\/yenhung.com\/index.php?rest_route=%2Fwp%2Fv2%2Fproduct_brand&post=8567"},{"taxonomy":"product_cat","embeddable":true,"href":"https:\/\/yenhung.com\/index.php?rest_route=%2Fwp%2Fv2%2Fproduct_cat&post=8567"},{"taxonomy":"product_tag","embeddable":true,"href":"https:\/\/yenhung.com\/index.php?rest_route=%2Fwp%2Fv2%2Fproduct_tag&post=8567"}],"curies":[{"name":"wp","href":"https:\/\/api.w.org\/{rel}","templated":true}]}}