{"id":8574,"date":"2025-11-10T08:43:21","date_gmt":"2025-11-10T08:43:21","guid":{"rendered":"https:\/\/yenhung.com\/?product=dau-nhon-mobil-nuto-h68-20l-xo"},"modified":"2026-02-07T02:10:12","modified_gmt":"2026-02-07T02:10:12","slug":"dau-nhon-mobil-nuto-h68-20l-xo","status":"publish","type":"product","link":"https:\/\/yenhung.com\/?product=dau-nhon-mobil-nuto-h68-20l-xo","title":{"rendered":"D\u1ea7u nh\u1eddn Mobil Nuto H68 (20L\/x\u00f4)"},"content":{"rendered":"<div class=\"ba-text-fpt\">\n<h2 data-sourcepos=\"3:1-3:57\"><strong>Mobil Nuto H68: D\u1ea7u th\u1ee7y l\u1ef1c ch\u1ed1ng m\u00e0i m\u00f2n cao c\u1ea5p<\/strong><\/h2>\n<h3 data-sourcepos=\"5:1-5:27\"><\/h3>\n<p data-sourcepos=\"7:1-7:356\"><strong>Mobil Nuto H68<\/strong> l\u00e0 m\u1ed9t lo\u1ea1i d\u1ea7u th\u1ee7y l\u1ef1c ch\u1ed1ng m\u00e0i m\u00f2n hi\u1ec7u su\u1ea5t cao, \u0111\u01b0\u1ee3c pha ch\u1ebf \u0111\u1eb7c bi\u1ec7t \u0111\u1ec3 \u0111\u00e1p \u1ee9ng y\u00eau c\u1ea7u c\u1ee7a c\u00e1c h\u1ec7 th\u1ed1ng th\u1ee7y l\u1ef1c hi\u1ec7n \u0111\u1ea1i, \u00e1p su\u1ea5t cao, thi\u1ebft b\u1ecb c\u00f4ng nghi\u1ec7p v\u00e0 thi\u1ebft b\u1ecb di \u0111\u1ed9ng. S\u1ea3n ph\u1ea9m n\u00e0y gi\u00fap h\u1ec7 th\u1ed1ng m\u00e1y m\u00f3c c\u00f4ng nghi\u1ec7p \u0111\u1ea1t \u0111\u01b0\u1ee3c hi\u1ec7u su\u1ea5t v\u01b0\u1ee3t tr\u1ed9i, c\u00f4ng d\u1ee5ng gi\u1eef s\u1ea1ch si\u00eau h\u1ea1ng, v\u00e0 t\u0103ng tu\u1ed5i th\u1ecd d\u1ea7u \u1edf m\u1ee9c cao.<\/p>\n<p data-sourcepos=\"9:1-9:34\"><img decoding=\"async\" title=\"mobil-nuto-h68-2\" src=\"https:\/\/yenhung.com\/wp-content\/uploads\/2025\/11\/mobil-nuto-h68-2.jpg\" alt=\"Mobil Nuto H68\" data-thumb=\"large\" \/><\/p>\n<h3 data-sourcepos=\"11:1-11:23\"><\/h3>\n<ul data-sourcepos=\"13:1-18:0\">\n<li data-sourcepos=\"13:1-13:103\"><strong>Kh\u1ea3 n\u0103ng ch\u1ed1ng m\u00e0i m\u00f2n v\u01b0\u1ee3t tr\u1ed9i:<\/strong> Gi\u00fap gi\u1ea3m m\u00e0i m\u00f2n, b\u1ea3o v\u1ec7 b\u01a1m v\u00e0 k\u00e9o d\u00e0i tu\u1ed5i th\u1ecd c\u1ee7a thi\u1ebft b\u1ecb.<\/li>\n<li data-sourcepos=\"14:1-14:78\"><strong>Kh\u1ea3 n\u0103ng t\u00e1ch kh\u00ed xu\u1ea5t s\u1eafc:<\/strong> Ng\u0103n ch\u1eb7n s\u1ef1 ng\u1eadm kh\u00ed v\u00e0 h\u01b0 h\u1ecfng do t\u1ea1o b\u1ecdt.<\/li>\n<li data-sourcepos=\"15:1-15:102\"><strong>B\u1ea3o v\u1ec7 ch\u1ed1ng g\u1ec9 s\u00e9t v\u00e0 \u0103n m\u00f2n:<\/strong> Gi\u00fap b\u1ea3o v\u1ec7 c\u00e1c th\u00e0nh ph\u1ea7n h\u1ec7 th\u1ed1ng kh\u1ecfi t\u00e1c \u0111\u1ed9ng c\u1ee7a m\u00f4i tr\u01b0\u1eddng.<\/li>\n<li data-sourcepos=\"16:1-16:82\"><strong>\u1ed4n \u0111\u1ecbnh nhi\u1ec7t \u0111\u1ed9:<\/strong> Duy tr\u00ec \u0111\u1ed9 nh\u1edbt \u1ed5n \u0111\u1ecbnh trong \u0111i\u1ec1u ki\u1ec7n nhi\u1ec7t \u0111\u1ed9 thay \u0111\u1ed5i.<\/li>\n<li data-sourcepos=\"17:1-18:0\"><strong>T\u01b0\u01a1ng th\u00edch v\u1edbi c\u00e1c v\u1eadt li\u1ec7u ph\u1ed5 bi\u1ebfn:<\/strong> C\u00f3 th\u1ec3 s\u1eed d\u1ee5ng v\u1edbi c\u00e1c lo\u1ea1i gio\u0103ng, ph\u1edbt th\u00f4ng th\u01b0\u1eddng.<\/li>\n<li data-sourcepos=\"17:1-18:0\"><img decoding=\"async\" title=\"dau-nhon-mobil-nuto-h68-c-1\" src=\"https:\/\/yenhung.com\/wp-content\/uploads\/2025\/11\/dau-nhon-mobil-nuto-h68-c-1.png\" alt=\"D\u1ea7u nh\u1eddn Mobil Nuto H68 (20L\/x\u00f4)\" data-thumb=\"large\" \/><\/li>\n<\/ul>\n<h3 data-sourcepos=\"19:1-19:16\"><\/h3>\n<ul data-sourcepos=\"21:1-24:0\">\n<li data-sourcepos=\"21:1-21:72\"><strong>H\u1ec7 th\u1ed1ng th\u1ee7y l\u1ef1c c\u00f4ng nghi\u1ec7p:<\/strong> M\u00e1y c\u00f4ng c\u1ee5, m\u00e1y \u00e9p, m\u00e1y n\u00e2ng h\u1ea1&#8230;<\/li>\n<li data-sourcepos=\"22:1-22:52\"><strong>Thi\u1ebft b\u1ecb di \u0111\u1ed9ng:<\/strong> M\u00e1y x\u00fac, m\u00e1y \u0111\u00e0o, xe n\u00e2ng&#8230;<\/li>\n<li data-sourcepos=\"23:1-24:0\"><strong>C\u00e1c \u1ee9ng d\u1ee5ng kh\u00e1c:<\/strong> N\u01a1i y\u00eau c\u1ea7u d\u1ea7u th\u1ee7y l\u1ef1c c\u00f3 kh\u1ea3 n\u0103ng ch\u1ecbu t\u1ea3i cao v\u00e0 ho\u1ea1t \u0111\u1ed9ng \u1ed5n \u0111\u1ecbnh.<\/li>\n<li data-sourcepos=\"27:1-27:24\"><strong>\u0110\u1ed9 nh\u1edbt:<\/strong> ISO VG 68<\/li>\n<li data-sourcepos=\"28:1-28:38\"><strong>Ch\u1ec9 s\u1ed1 \u0111\u1ed9 nh\u1edbt:<\/strong> [Gi\u00e1 tr\u1ecb c\u1ee5 th\u1ec3]<\/li>\n<li data-sourcepos=\"29:1-29:37\"><strong>\u0110i\u1ec3m \u0111\u00f4ng \u0111\u1eb7c:<\/strong> [Gi\u00e1 tr\u1ecb c\u1ee5 th\u1ec3]<\/li>\n<li data-sourcepos=\"30:1-30:33\"><strong>\u0110i\u1ec3m ch\u00e1y:<\/strong> [Gi\u00e1 tr\u1ecb c\u1ee5 th\u1ec3]<\/li>\n<li data-sourcepos=\"31:1-32:0\"><strong>&#8230;<\/strong> (C\u00e1c th\u00f4ng s\u1ed1 k\u1ef9 thu\u1eadt kh\u00e1c c\u00f3 th\u1ec3 \u0111\u01b0\u1ee3c cung c\u1ea5p b\u1edfi nh\u00e0 s\u1ea3n xu\u1ea5t)<\/li>\n<li data-sourcepos=\"35:1-35:79\"><strong>L\u00e0m s\u1ea1ch h\u1ec7 th\u1ed1ng:<\/strong> Tr\u01b0\u1edbc khi thay d\u1ea7u, c\u1ea7n l\u00e0m s\u1ea1ch k\u1ef9 h\u1ec7 th\u1ed1ng th\u1ee7y l\u1ef1c.<\/li>\n<li data-sourcepos=\"36:1-36:75\"><strong>Ki\u1ec3m tra r\u00f2 r\u1ec9:<\/strong> Ki\u1ec3m tra v\u00e0 kh\u1eafc ph\u1ee5c c\u00e1c r\u00f2 r\u1ec9 tr\u01b0\u1edbc khi \u0111\u1ed5 d\u1ea7u m\u1edbi.<\/li>\n<li data-sourcepos=\"37:1-37:52\"><strong>\u0110\u1ed5 d\u1ea7u:<\/strong> \u0110\u1ed5 d\u1ea7u v\u00e0o b\u00ecnh ch\u1ee9a \u0111\u1ebfn m\u1ee9c quy \u0111\u1ecbnh.<\/li>\n<li data-sourcepos=\"38:1-39:0\"><strong>V\u1eadn h\u00e0nh h\u1ec7 th\u1ed1ng:<\/strong> V\u1eadn h\u00e0nh h\u1ec7 th\u1ed1ng \u0111\u1ec3 d\u1ea7u \u0111\u01b0\u1ee3c ph\u00e2n ph\u1ed1i \u0111\u1ec1u.<\/li>\n<\/ul>\n<h3 data-sourcepos=\"40:1-40:25\"><\/h3>\n<p><strong><img decoding=\"async\" title=\"dau-nhon-mobil-nuto-h68-b-1\" src=\"https:\/\/yenhung.com\/wp-content\/uploads\/2025\/11\/dau-nhon-mobil-nuto-h68-b-1.jpg\" alt=\"D\u1ea7u nh\u1eddn Mobil Nuto H68 (20L\/x\u00f4)\" data-thumb=\"large\" \/><\/strong><\/p>\n<ul data-sourcepos=\"42:1-45:0\">\n<li data-sourcepos=\"42:1-42:74\"><strong>Tr\u00e1nh tr\u1ed9n l\u1eabn:<\/strong> Kh\u00f4ng tr\u1ed9n l\u1eabn Mobil Nuto H68 v\u1edbi c\u00e1c lo\u1ea1i d\u1ea7u kh\u00e1c.<\/li>\n<li data-sourcepos=\"43:1-43:75\"><strong>B\u1ea3o qu\u1ea3n:<\/strong> B\u1ea3o qu\u1ea3n n\u01a1i kh\u00f4 r\u00e1o, tho\u00e1ng m\u00e1t, tr\u00e1nh \u00e1nh n\u1eafng tr\u1ef1c ti\u1ebfp.<\/li>\n<li data-sourcepos=\"44:1-45:0\"><strong>An to\u00e0n:<\/strong> S\u1eed d\u1ee5ng g\u0103ng tay, k\u00ednh b\u1ea3o h\u1ed9 khi ti\u1ebfp x\u00fac v\u1edbi d\u1ea7u.<\/li>\n<\/ul>\n<\/div>\n","protected":false},"excerpt":{"rendered":"<p>T\u00ean sa\u0309n ph\u00e2\u0309m:\u00a0Mobil Nuto H68<\/p>\n","protected":false},"featured_media":8575,"comment_status":"closed","ping_status":"closed","template":"","meta":[],"product_brand":[],"product_cat":[165],"product_tag":[],"class_list":{"0":"post-8574","1":"product","2":"type-product","3":"status-publish","4":"has-post-thumbnail","6":"product_cat-mobil","8":"first","9":"instock","10":"shipping-taxable","11":"product-type-simple"},"_links":{"self":[{"href":"https:\/\/yenhung.com\/index.php?rest_route=\/wp\/v2\/product\/8574","targetHints":{"allow":["GET"]}}],"collection":[{"href":"https:\/\/yenhung.com\/index.php?rest_route=\/wp\/v2\/product"}],"about":[{"href":"https:\/\/yenhung.com\/index.php?rest_route=\/wp\/v2\/types\/product"}],"replies":[{"embeddable":true,"href":"https:\/\/yenhung.com\/index.php?rest_route=%2Fwp%2Fv2%2Fcomments&post=8574"}],"wp:featuredmedia":[{"embeddable":true,"href":"https:\/\/yenhung.com\/index.php?rest_route=\/wp\/v2\/media\/8575"}],"wp:attachment":[{"href":"https:\/\/yenhung.com\/index.php?rest_route=%2Fwp%2Fv2%2Fmedia&parent=8574"}],"wp:term":[{"taxonomy":"product_brand","embeddable":true,"href":"https:\/\/yenhung.com\/index.php?rest_route=%2Fwp%2Fv2%2Fproduct_brand&post=8574"},{"taxonomy":"product_cat","embeddable":true,"href":"https:\/\/yenhung.com\/index.php?rest_route=%2Fwp%2Fv2%2Fproduct_cat&post=8574"},{"taxonomy":"product_tag","embeddable":true,"href":"https:\/\/yenhung.com\/index.php?rest_route=%2Fwp%2Fv2%2Fproduct_tag&post=8574"}],"curies":[{"name":"wp","href":"https:\/\/api.w.org\/{rel}","templated":true}]}}