{"id":8582,"date":"2025-11-10T08:43:27","date_gmt":"2025-11-10T08:43:27","guid":{"rendered":"https:\/\/yenhung.com\/?product=dau-mobilgear-600-xp-460-20l-xo"},"modified":"2026-02-07T02:09:04","modified_gmt":"2026-02-07T02:09:04","slug":"dau-mobilgear-600-xp-460-20l-xo","status":"publish","type":"product","link":"https:\/\/yenhung.com\/?product=dau-mobilgear-600-xp-460-20l-xo","title":{"rendered":"D\u1ea6U &#8211; MOBILGEAR 600 XP 460- 20L\/x\u00f4"},"content":{"rendered":"<div class=\"ba-text-fpt\">\n<h2 data-sourcepos=\"3:1-3:67\"><strong>Mobilgear 600XP 460: D\u1ea7u b\u00e1nh r\u0103ng c\u00f4ng nghi\u1ec7p hi\u1ec7u su\u1ea5t cao<\/strong><\/h2>\n<h3 data-sourcepos=\"5:1-5:27\"><\/h3>\n<p><img decoding=\"async\" title=\"dau-mobilgear-600-xp-460-20l-b-1\" src=\"https:\/\/yenhung.com\/wp-content\/uploads\/2025\/11\/dau-mobilgear-600-xp-460-20l-b-1.jpg\" alt=\"MOBILGEAR 600XP 460\" data-thumb=\"large\" \/><\/p>\n<p data-sourcepos=\"7:1-7:330\"><strong>Mobilgear 600XP 460<\/strong> l\u00e0 m\u1ed9t lo\u1ea1i d\u1ea7u b\u00e1nh r\u0103ng c\u00f4ng nghi\u1ec7p cao c\u1ea5p, \u0111\u01b0\u1ee3c s\u1ea3n xu\u1ea5t b\u1edfi ExxonMobil, m\u1ed9t trong nh\u1eefng nh\u00e0 s\u1ea3n xu\u1ea5t d\u1ea7u nh\u1edbt h\u00e0ng \u0111\u1ea7u th\u1ebf gi\u1edbi. S\u1ea3n ph\u1ea9m n\u00e0y \u0111\u01b0\u1ee3c \u0111\u1eb7c ch\u1ebf \u0111\u1ec3 cung c\u1ea5p kh\u1ea3 n\u0103ng b\u1ea3o v\u1ec7 v\u01b0\u1ee3t tr\u1ed9i cho c\u00e1c h\u1ec7 th\u1ed1ng truy\u1ec1n \u0111\u1ed9ng b\u1eb1ng b\u00e1nh r\u0103ng, \u0111\u1eb7c bi\u1ec7t trong \u0111i\u1ec1u ki\u1ec7n l\u00e0m vi\u1ec7c kh\u1eafc nghi\u1ec7t v\u00e0 t\u1ea3i tr\u1ecdng cao.<\/p>\n<p data-sourcepos=\"9:1-9:39\"><img decoding=\"async\" title=\"dau-mobilgear-600-xp-460-20l-a-1\" src=\"https:\/\/yenhung.com\/wp-content\/uploads\/2025\/11\/dau-mobilgear-600-xp-460-20l-a-1.jpg\" alt=\"MOBILGEAR 600XP 460\" data-thumb=\"large\" \/><\/p>\n<h3 data-sourcepos=\"11:1-11:23\"><\/h3>\n<ul data-sourcepos=\"13:1-19:0\">\n<li data-sourcepos=\"13:1-13:101\"><strong>Kh\u1ea3 n\u0103ng ch\u1ecbu \u00e1p l\u1ef1c c\u1ef1c cao:<\/strong> B\u1ea3o v\u1ec7 b\u00e1nh r\u0103ng kh\u1ecfi m\u00e0i m\u00f2n, \u0103n m\u00f2n, k\u00e9o d\u00e0i tu\u1ed5i th\u1ecd thi\u1ebft b\u1ecb.<\/li>\n<li data-sourcepos=\"14:1-14:76\"><strong>\u0110\u1ed9 b\u1ec1n nhi\u1ec7t tuy\u1ec7t v\u1eddi:<\/strong> V\u1eadn h\u00e0nh \u1ed5n \u0111\u1ecbnh trong \u0111i\u1ec1u ki\u1ec7n nhi\u1ec7t \u0111\u1ed9 cao.<\/li>\n<li data-sourcepos=\"15:1-15:81\"><strong>Kh\u1ea3 n\u0103ng ch\u1ed1ng oxi h\u00f3a:<\/strong> Gi\u1ea3m thi\u1ec3u s\u1ef1 h\u00ecnh th\u00e0nh c\u1eb7n, k\u00e9o d\u00e0i tu\u1ed5i th\u1ecd d\u1ea7u.<\/li>\n<li data-sourcepos=\"16:1-16:68\"><strong>Kh\u1ea3 n\u0103ng t\u00e1ch n\u01b0\u1edbc t\u1ed1t:<\/strong> B\u1ea3o v\u1ec7 thi\u1ebft b\u1ecb kh\u1ecfi t\u00e1c h\u1ea1i c\u1ee7a n\u01b0\u1edbc.<\/li>\n<li data-sourcepos=\"17:1-17:61\"><strong>Kh\u00e1ng t\u1ea1o b\u1ecdt:<\/strong> \u0110\u1ea3m b\u1ea3o ho\u1ea1t \u0111\u1ed9ng tr\u01a1n tru c\u1ee7a h\u1ec7 th\u1ed1ng.<\/li>\n<li data-sourcepos=\"18:1-19:0\"><strong>Ph\u1ea1m vi \u1ee9ng d\u1ee5ng r\u1ed9ng:<\/strong> S\u1eed d\u1ee5ng \u0111\u01b0\u1ee3c cho nhi\u1ec1u lo\u1ea1i b\u00e1nh r\u0103ng kh\u00e1c nhau.<\/li>\n<li data-sourcepos=\"18:1-19:0\"><img decoding=\"async\" title=\"dau-mobilgear-600-xp-460-20l-c-2\" src=\"https:\/\/yenhung.com\/wp-content\/uploads\/2025\/11\/dau-mobilgear-600-xp-460-20l-c-2.jpg\" alt=\"MOBILGEAR 600XP 460\" data-thumb=\"large\" \/><\/li>\n<\/ul>\n<h3 data-sourcepos=\"20:1-20:16\"><\/h3>\n<p data-sourcepos=\"22:1-22:82\">Mobilgear 600XP 460 \u0111\u01b0\u1ee3c s\u1eed d\u1ee5ng r\u1ed9ng r\u00e3i trong c\u00e1c \u1ee9ng d\u1ee5ng c\u00f4ng nghi\u1ec7p, bao g\u1ed3m:<\/p>\n<ul data-sourcepos=\"24:1-28:0\">\n<li data-sourcepos=\"24:1-24:51\"><strong>C\u00f4ng nghi\u1ec7p n\u1eb7ng:<\/strong> Th\u00e9p, xi m\u0103ng, khai th\u00e1c m\u1ecf<\/li>\n<li data-sourcepos=\"25:1-25:33\"><strong>H\u00e0ng h\u1ea3i:<\/strong> T\u00e0u bi\u1ec3n, t\u00e0u d\u1ea7u<\/li>\n<li data-sourcepos=\"26:1-26:33\"><strong>S\u1ea3n xu\u1ea5t gi\u1ea5y:<\/strong> M\u00e1y m\u00f3c gi\u1ea5y<\/li>\n<li data-sourcepos=\"27:1-28:0\"><strong>C\u00e1c \u1ee9ng d\u1ee5ng kh\u00e1c:<\/strong> B\u00e1nh r\u0103ng th\u1eb3ng, nghi\u00eang, n\u00f3n, tr\u1ee5c v\u00edt<\/li>\n<li data-sourcepos=\"31:1-31:25\"><strong>\u0110\u1ed9 nh\u1edbt:<\/strong> ISO VG 460<\/li>\n<li data-sourcepos=\"32:1-32:38\"><strong>Ch\u1ec9 s\u1ed1 \u0111\u1ed9 nh\u1edbt:<\/strong> [Gi\u00e1 tr\u1ecb c\u1ee5 th\u1ec3]<\/li>\n<li data-sourcepos=\"33:1-33:37\"><strong>\u0110i\u1ec3m \u0111\u00f4ng \u0111\u1eb7c:<\/strong> [Gi\u00e1 tr\u1ecb c\u1ee5 th\u1ec3]<\/li>\n<li data-sourcepos=\"34:1-35:0\"><strong>\u0110i\u1ec3m ch\u00e1y:<\/strong> [Gi\u00e1 tr\u1ecb c\u1ee5 th\u1ec3]<\/li>\n<\/ul>\n<p data-sourcepos=\"36:1-36:172\"><strong>L\u01b0u \u00fd:<\/strong> C\u00e1c th\u00f4ng s\u1ed1 k\u1ef9 thu\u1eadt c\u1ee5 th\u1ec3 c\u00f3 th\u1ec3 thay \u0111\u1ed5i t\u00f9y theo t\u1eebng l\u00f4 s\u1ea3n ph\u1ea9m. Vui l\u00f2ng tham kh\u1ea3o th\u00f4ng tin chi ti\u1ebft tr\u00ean bao b\u00ec ho\u1eb7c li\u00ean h\u1ec7 nh\u00e0 cung c\u1ea5p \u0111\u1ec3 bi\u1ebft th\u00eam.<\/p>\n<h3 data-sourcepos=\"38:1-38:25\"><\/h3>\n<ul data-sourcepos=\"40:1-43:0\">\n<li data-sourcepos=\"40:1-40:74\"><strong>L\u00e0m s\u1ea1ch h\u1ec7 th\u1ed1ng:<\/strong> Tr\u01b0\u1edbc khi s\u1eed d\u1ee5ng, h\u1ec7 th\u1ed1ng c\u1ea7n \u0111\u01b0\u1ee3c l\u00e0m s\u1ea1ch k\u1ef9.<\/li>\n<li data-sourcepos=\"41:1-41:103\"><strong>Ki\u1ec3m tra \u0111\u1ed9 t\u01b0\u01a1ng th\u00edch:<\/strong> \u0110\u1ea3m b\u1ea3o Mobilgear 600XP 460 t\u01b0\u01a1ng th\u00edch v\u1edbi c\u00e1c v\u1eadt li\u1ec7u trong h\u1ec7 th\u1ed1ng.<\/li>\n<li data-sourcepos=\"42:1-43:0\"><strong>Thay d\u1ea7u \u0111\u1ecbnh k\u1ef3:<\/strong> Tu\u00e2n th\u1ee7 l\u1ecbch tr\u00ecnh thay d\u1ea7u khuy\u1ebfn ngh\u1ecb c\u1ee7a nh\u00e0 s\u1ea3n xu\u1ea5t thi\u1ebft b\u1ecb.<\/li>\n<li data-sourcepos=\"46:1-46:73\"><strong>B\u1ea3o qu\u1ea3n:<\/strong> B\u1ea3o qu\u1ea3n \u1edf n\u01a1i kh\u00f4 r\u00e1o, tho\u00e1ng m\u00e1t, tr\u00e1nh xa ngu\u1ed3n nhi\u1ec7t.<\/li>\n<li data-sourcepos=\"47:1-48:0\"><strong>An to\u00e0n:<\/strong> Tr\u00e1nh ti\u1ebfp x\u00fac tr\u1ef1c ti\u1ebfp v\u1edbi da v\u00e0 m\u1eaft. S\u1eed d\u1ee5ng g\u0103ng tay v\u00e0 k\u00ednh b\u1ea3o h\u1ed9 khi thao t\u00e1c.<\/li>\n<\/ul>\n<\/div>\n","protected":false},"excerpt":{"rendered":"<p>T\u00ean sa\u0309n ph\u00e2\u0309m:\u00a0MOBILGEAR 600XP 460<\/p>\n","protected":false},"featured_media":8583,"comment_status":"closed","ping_status":"closed","template":"","meta":[],"product_brand":[],"product_cat":[165],"product_tag":[],"class_list":{"0":"post-8582","1":"product","2":"type-product","3":"status-publish","4":"has-post-thumbnail","6":"product_cat-mobil","8":"first","9":"instock","10":"shipping-taxable","11":"product-type-simple"},"_links":{"self":[{"href":"https:\/\/yenhung.com\/index.php?rest_route=\/wp\/v2\/product\/8582","targetHints":{"allow":["GET"]}}],"collection":[{"href":"https:\/\/yenhung.com\/index.php?rest_route=\/wp\/v2\/product"}],"about":[{"href":"https:\/\/yenhung.com\/index.php?rest_route=\/wp\/v2\/types\/product"}],"replies":[{"embeddable":true,"href":"https:\/\/yenhung.com\/index.php?rest_route=%2Fwp%2Fv2%2Fcomments&post=8582"}],"wp:featuredmedia":[{"embeddable":true,"href":"https:\/\/yenhung.com\/index.php?rest_route=\/wp\/v2\/media\/8583"}],"wp:attachment":[{"href":"https:\/\/yenhung.com\/index.php?rest_route=%2Fwp%2Fv2%2Fmedia&parent=8582"}],"wp:term":[{"taxonomy":"product_brand","embeddable":true,"href":"https:\/\/yenhung.com\/index.php?rest_route=%2Fwp%2Fv2%2Fproduct_brand&post=8582"},{"taxonomy":"product_cat","embeddable":true,"href":"https:\/\/yenhung.com\/index.php?rest_route=%2Fwp%2Fv2%2Fproduct_cat&post=8582"},{"taxonomy":"product_tag","embeddable":true,"href":"https:\/\/yenhung.com\/index.php?rest_route=%2Fwp%2Fv2%2Fproduct_tag&post=8582"}],"curies":[{"name":"wp","href":"https:\/\/api.w.org\/{rel}","templated":true}]}}