{"id":8590,"date":"2025-11-10T08:43:32","date_gmt":"2025-11-10T08:43:32","guid":{"rendered":"https:\/\/yenhung.com\/?product=dau-mobilgear-600-xp-220-20l-xo"},"modified":"2026-02-07T02:08:53","modified_gmt":"2026-02-07T02:08:53","slug":"dau-mobilgear-600-xp-220-20l-xo","status":"publish","type":"product","link":"https:\/\/yenhung.com\/?product=dau-mobilgear-600-xp-220-20l-xo","title":{"rendered":"D\u1ea7u MOBILGEAR 600 XP 220 20L\/x\u00f4"},"content":{"rendered":"<div class=\"ba-text-fpt\">\n<h2 data-sourcepos=\"3:1-3:70\"><strong>Mobilgear 600XP 220: D\u1ea7u b\u00e1nh r\u0103ng hi\u1ec7u su\u1ea5t cao, b\u1ea3o v\u1ec7 t\u1ed1i \u01b0u<\/strong><\/h2>\n<h3 data-sourcepos=\"5:1-5:27\"><\/h3>\n<p data-sourcepos=\"7:1-7:321\"><strong>Mobilgear 600XP 220<\/strong> l\u00e0 d\u1ea7u b\u00e1nh r\u0103ng c\u00f4ng nghi\u1ec7p cao c\u1ea5p, \u0111\u01b0\u1ee3c s\u1ea3n xu\u1ea5t b\u1edfi ExxonMobil, m\u1ed9t trong nh\u1eefng nh\u00e0 s\u1ea3n xu\u1ea5t d\u1ea7u nh\u1edbt h\u00e0ng \u0111\u1ea7u th\u1ebf gi\u1edbi. S\u1ea3n ph\u1ea9m \u0111\u01b0\u1ee3c thi\u1ebft k\u1ebf \u0111\u1eb7c bi\u1ec7t \u0111\u1ec3 cung c\u1ea5p kh\u1ea3 n\u0103ng ch\u1ecbu \u00e1p l\u1ef1c c\u1ef1c cao v\u00e0 b\u1ea3o v\u1ec7 t\u1ed1i \u01b0u cho c\u00e1c h\u1ec7 th\u1ed1ng truy\u1ec1n \u0111\u1ed9ng b\u1eb1ng b\u00e1nh r\u0103ng ho\u1ea1t \u0111\u1ed9ng trong \u0111i\u1ec1u ki\u1ec7n kh\u1eafc nghi\u1ec7t.<\/p>\n<p data-sourcepos=\"9:1-9:39\"><img decoding=\"async\" title=\"mobilgear-600xp-220-2\" src=\"https:\/\/yenhung.com\/wp-content\/uploads\/2025\/11\/mobilgear-600xp-220-2.jpg\" alt=\"MOBILGEAR 600XP 220\" data-thumb=\"large\" \/><\/p>\n<h3 data-sourcepos=\"11:1-11:23\"><\/h3>\n<ul data-sourcepos=\"13:1-18:0\">\n<li data-sourcepos=\"13:1-13:124\"><strong>Kh\u1ea3 n\u0103ng ch\u1ecbu \u00e1p l\u1ef1c c\u1ef1c cao:<\/strong> B\u1ea3o v\u1ec7 b\u00e1nh r\u0103ng kh\u1ecfi m\u00e0i m\u00f2n v\u00e0 h\u01b0 h\u1ecfng, \u0111\u1eb7c bi\u1ec7t trong \u0111i\u1ec1u ki\u1ec7n t\u1ea3i tr\u1ecdng va \u0111\u1eadp l\u1edbn.<\/li>\n<li data-sourcepos=\"14:1-14:96\"><strong>\u0110\u1ed9 b\u1ec1n nhi\u1ec7t cao:<\/strong> Gi\u1eef \u1ed5n \u0111\u1ecbnh \u0111\u1ed9 nh\u1edbt \u1edf nhi\u1ec7t \u0111\u1ed9 cao, \u0111\u1ea3m b\u1ea3o hi\u1ec7u su\u1ea5t b\u00f4i tr\u01a1n li\u00ean t\u1ee5c.<\/li>\n<li data-sourcepos=\"15:1-15:82\"><strong>Kh\u00e1ng oxy h\u00f3a t\u1ed1t:<\/strong> Ng\u0103n ng\u1eeba s\u1ef1 h\u00ecnh th\u00e0nh c\u1eb7n v\u00e0 m\u00f9n, k\u00e9o d\u00e0i tu\u1ed5i th\u1ecd d\u1ea7u.<\/li>\n<li data-sourcepos=\"16:1-16:114\"><strong>Kh\u1ea3 n\u0103ng t\u00e1ch n\u01b0\u1edbc tuy\u1ec7t v\u1eddi:<\/strong> Ng\u0103n ng\u1eeba s\u1ef1 h\u00ecnh th\u00e0nh nh\u0169 t\u01b0\u01a1ng, b\u1ea3o v\u1ec7 c\u00e1c th\u00e0nh ph\u1ea7n kim lo\u1ea1i kh\u1ecfi \u0103n m\u00f2n.<\/li>\n<li data-sourcepos=\"17:1-18:0\"><strong>Ch\u1ed1ng t\u1ea1o b\u1ecdt:<\/strong> Gi\u1ea3m thi\u1ec3u hi\u1ec7n t\u01b0\u1ee3ng t\u1ea1o b\u1ecdt, \u0111\u1ea3m b\u1ea3o hi\u1ec7u su\u1ea5t truy\u1ec1n \u0111\u1ed9ng \u1ed5n \u0111\u1ecbnh.<\/li>\n<\/ul>\n<h3 data-sourcepos=\"19:1-19:16\"><\/h3>\n<p data-sourcepos=\"21:1-21:77\"><img decoding=\"async\" title=\"mobilgear-600xp-220-jpeg-1\" src=\"https:\/\/yenhung.com\/wp-content\/uploads\/2025\/11\/mobilgear-600xp-220-jpeg-1.jpg\" alt=\"MOBILGEAR 600XP 220\" data-thumb=\"large\" \/><\/p>\n<p data-sourcepos=\"21:1-21:77\">Mobilgear 600XP 220 \u0111\u01b0\u1ee3c s\u1eed d\u1ee5ng r\u1ed9ng r\u00e3i trong c\u00e1c \u1ee9ng d\u1ee5ng c\u00f4ng nghi\u1ec7p nh\u01b0:<\/p>\n<ul data-sourcepos=\"23:1-26:0\">\n<li data-sourcepos=\"23:1-23:47\"><strong>Ng\u00e0nh khai th\u00e1c:<\/strong> B\u01a1m, m\u00e1y nghi\u1ec1n, m\u00e1y \u00e9p.<\/li>\n<li data-sourcepos=\"24:1-24:56\"><strong>Ng\u00e0nh s\u1ea3n xu\u1ea5t:<\/strong> M\u00e1y c\u00f4ng c\u1ee5, m\u00e1y \u00e9p nh\u1ef1a, m\u00e1y c\u00e1n.<\/li>\n<li data-sourcepos=\"25:1-26:0\"><strong>Ng\u00e0nh v\u1eadn t\u1ea3i:<\/strong> H\u1ed9p s\u1ed1 t\u00e0u bi\u1ec3n, h\u1ed9p s\u1ed1 c\u00f4ng nghi\u1ec7p n\u1eb7ng.<\/li>\n<\/ul>\n<h3 data-sourcepos=\"27:1-27:25\"><\/h3>\n<ul data-sourcepos=\"29:1-33:0\">\n<li data-sourcepos=\"29:1-29:25\"><strong>\u0110\u1ed9 nh\u1edbt:<\/strong> ISO VG 220<\/li>\n<li data-sourcepos=\"30:1-30:38\"><strong>Ch\u1ec9 s\u1ed1 \u0111\u1ed9 nh\u1edbt:<\/strong> [Gi\u00e1 tr\u1ecb c\u1ee5 th\u1ec3]<\/li>\n<li data-sourcepos=\"31:1-31:37\"><strong>\u0110i\u1ec3m \u0111\u00f4ng \u0111\u1eb7c:<\/strong> [Gi\u00e1 tr\u1ecb c\u1ee5 th\u1ec3]<\/li>\n<li data-sourcepos=\"32:1-33:0\"><strong>\u0110i\u1ec3m ch\u00e1y:<\/strong> [Gi\u00e1 tr\u1ecb c\u1ee5 th\u1ec3]<\/li>\n<\/ul>\n<p data-sourcepos=\"34:1-34:162\"><strong>L\u01b0u \u00fd:<\/strong> C\u00e1c th\u00f4ng s\u1ed1 k\u1ef9 thu\u1eadt c\u00f3 th\u1ec3 thay \u0111\u1ed5i t\u00f9y theo t\u1eebng l\u00f4 s\u1ea3n xu\u1ea5t, vui l\u00f2ng tham kh\u1ea3o th\u00f4ng tin chi ti\u1ebft tr\u00ean bao b\u00ec s\u1ea3n ph\u1ea9m ho\u1eb7c li\u00ean h\u1ec7 nh\u00e0 ph\u00e2n ph\u1ed1i.<\/p>\n<h3 data-sourcepos=\"36:1-36:25\"><\/h3>\n<ul data-sourcepos=\"38:1-41:0\">\n<li data-sourcepos=\"38:1-38:72\"><strong>L\u00e0m s\u1ea1ch:<\/strong> Tr\u01b0\u1edbc khi s\u1eed d\u1ee5ng, c\u1ea7n l\u00e0m s\u1ea1ch k\u1ef9 h\u1ec7 th\u1ed1ng truy\u1ec1n \u0111\u1ed9ng.<\/li>\n<li data-sourcepos=\"39:1-39:84\"><strong>Thay th\u1ebf:<\/strong> Thay d\u1ea7u theo \u0111\u00fang l\u1ecbch tr\u00ecnh khuy\u1ebfn ngh\u1ecb c\u1ee7a nh\u00e0 s\u1ea3n xu\u1ea5t thi\u1ebft b\u1ecb.<\/li>\n<li data-sourcepos=\"40:1-41:0\"><strong>Ki\u1ec3m tra:<\/strong> Ki\u1ec3m tra m\u1ee9c d\u1ea7u th\u01b0\u1eddng xuy\u00ean v\u00e0 b\u1ed5 sung n\u1ebfu c\u1ea7n.<\/li>\n<li data-sourcepos=\"44:1-44:86\"><strong>B\u1ea3o qu\u1ea3n:<\/strong> B\u1ea3o qu\u1ea3n s\u1ea3n ph\u1ea9m \u1edf n\u01a1i kh\u00f4 r\u00e1o, tho\u00e1ng m\u00e1t, tr\u00e1nh \u00e1nh n\u1eafng tr\u1ef1c ti\u1ebfp.<\/li>\n<li data-sourcepos=\"45:1-46:0\"><strong>An to\u00e0n:<\/strong> Tr\u00e1nh ti\u1ebfp x\u00fac tr\u1ef1c ti\u1ebfp v\u1edbi da v\u00e0 m\u1eaft. N\u1ebfu kh\u00f4ng may d\u00ednh v\u00e0o da ho\u1eb7c m\u1eaft, h\u00e3y r\u1eeda k\u1ef9 b\u1eb1ng n\u01b0\u1edbc s\u1ea1ch v\u00e0 tham kh\u1ea3o \u00fd ki\u1ebfn c\u1ee7a b\u00e1c s\u0129.<\/li>\n<\/ul>\n<p>&nbsp;<\/p>\n<\/div>\n","protected":false},"excerpt":{"rendered":"<p>T\u00ean sa\u0309n ph\u00e2\u0309m:\u00a0MOBILGEAR 600XP 220<\/p>\n","protected":false},"featured_media":8591,"comment_status":"closed","ping_status":"closed","template":"","meta":[],"product_brand":[],"product_cat":[165],"product_tag":[],"class_list":{"0":"post-8590","1":"product","2":"type-product","3":"status-publish","4":"has-post-thumbnail","6":"product_cat-mobil","8":"first","9":"instock","10":"shipping-taxable","11":"product-type-simple"},"_links":{"self":[{"href":"https:\/\/yenhung.com\/index.php?rest_route=\/wp\/v2\/product\/8590","targetHints":{"allow":["GET"]}}],"collection":[{"href":"https:\/\/yenhung.com\/index.php?rest_route=\/wp\/v2\/product"}],"about":[{"href":"https:\/\/yenhung.com\/index.php?rest_route=\/wp\/v2\/types\/product"}],"replies":[{"embeddable":true,"href":"https:\/\/yenhung.com\/index.php?rest_route=%2Fwp%2Fv2%2Fcomments&post=8590"}],"wp:featuredmedia":[{"embeddable":true,"href":"https:\/\/yenhung.com\/index.php?rest_route=\/wp\/v2\/media\/8591"}],"wp:attachment":[{"href":"https:\/\/yenhung.com\/index.php?rest_route=%2Fwp%2Fv2%2Fmedia&parent=8590"}],"wp:term":[{"taxonomy":"product_brand","embeddable":true,"href":"https:\/\/yenhung.com\/index.php?rest_route=%2Fwp%2Fv2%2Fproduct_brand&post=8590"},{"taxonomy":"product_cat","embeddable":true,"href":"https:\/\/yenhung.com\/index.php?rest_route=%2Fwp%2Fv2%2Fproduct_cat&post=8590"},{"taxonomy":"product_tag","embeddable":true,"href":"https:\/\/yenhung.com\/index.php?rest_route=%2Fwp%2Fv2%2Fproduct_tag&post=8590"}],"curies":[{"name":"wp","href":"https:\/\/api.w.org\/{rel}","templated":true}]}}