{"id":8597,"date":"2025-11-10T08:43:38","date_gmt":"2025-11-10T08:43:38","guid":{"rendered":"https:\/\/yenhung.com\/?product=nhot-mobil-shc-cibus-46-20l-xo"},"modified":"2026-02-07T02:03:18","modified_gmt":"2026-02-07T02:03:18","slug":"nhot-mobil-shc-cibus-46-20l-xo","status":"publish","type":"product","link":"https:\/\/yenhung.com\/?product=nhot-mobil-shc-cibus-46-20l-xo","title":{"rendered":"Nh\u1edbt MOBIL SHC CIBUS 46 20L\/x\u00f4"},"content":{"rendered":"<div class=\"ba-text-fpt\">\n<h2 data-sourcepos=\"3:1-3:81\"><strong>Mobil SHC Cibus 46<\/strong><\/h2>\n<p data-sourcepos=\"3:1-3:81\"><strong>D\u1ea7u th\u1ee7y l\u1ef1c th\u1ef1c ph\u1ea9m cao c\u1ea5p, b\u1ea3o v\u1ec7 thi\u1ebft b\u1ecb t\u1ed1i \u01b0u<\/strong><\/p>\n<p data-sourcepos=\"5:1-5:27\"><strong>Gi\u1edbi thi\u1ec7u s\u1ea3n ph\u1ea9m<\/strong><\/p>\n<p data-sourcepos=\"7:1-7:361\"><strong>Mobil SHC Cibus 46<\/strong> l\u00e0 lo\u1ea1i d\u1ea7u th\u1ee7y l\u1ef1c, m\u00e1y n\u00e9n, b\u00e1nh r\u0103ng v\u00e0 d\u1ea7u mang \u0111\u1eb7c bi\u1ec7t \u0111\u01b0\u1ee3c thi\u1ebft k\u1ebf \u0111\u1ec3 b\u1ea3o v\u1ec7 thi\u1ebft b\u1ecb xu\u1ea5t s\u1eafc, tu\u1ed5i th\u1ecd d\u1ea7u d\u00e0i v\u00e0 ho\u1ea1t \u0111\u1ed9ng kh\u00f4ng c\u00f3 v\u1ea5n \u0111\u1ec1 trong ng\u00e0nh ch\u1ebf bi\u1ebfn th\u1ef1c ph\u1ea9m v\u00e0 n\u01b0\u1edbc gi\u1ea3i kh\u00e1t. S\u1ea3n ph\u1ea9m \u0111\u01b0\u1ee3c t\u1ea1o t\u1eeb ch\u1ea5t l\u1ecfng c\u01a1 b\u1ea3n c\u1ee7a hydrocarbon v\u00e0 ph\u1ee5 gia c\u1ee7a FDA v\u00e0 NSF, \u0111\u1ea3m b\u1ea3o an to\u00e0n khi ti\u1ebfp x\u00fac v\u1edbi th\u1ef1c ph\u1ea9m.<\/p>\n<p data-sourcepos=\"9:1-9:38\"><img decoding=\"async\" title=\"mobil-shc-cibus-46-2\" src=\"https:\/\/yenhung.com\/wp-content\/uploads\/2025\/11\/mobil-shc-cibus-46-2.png\" alt=\"MOBIL SHC CIBUS 46\" data-thumb=\"large\" \/><\/p>\n<h3 data-sourcepos=\"11:1-11:23\"><\/h3>\n<ul data-sourcepos=\"13:1-18:0\">\n<li data-sourcepos=\"13:1-13:116\"><strong>B\u1ea3o v\u1ec7 thi\u1ebft b\u1ecb t\u1ed1i \u01b0u:<\/strong> Cung c\u1ea5p m\u00e0ng d\u1ea7u b\u1ec1n v\u1eefng, b\u1ea3o v\u1ec7 c\u00e1c b\u1ed9 ph\u1eadn m\u00e1y m\u00f3c kh\u1ecfi m\u00e0i m\u00f2n, g\u1ec9 s\u00e9t v\u00e0 \u0103n m\u00f2n.<\/li>\n<li data-sourcepos=\"14:1-14:98\"><strong>Tu\u1ed5i th\u1ecd d\u1ea7u d\u00e0i:<\/strong> Nh\u1edd t\u00ednh \u1ed5n \u0111\u1ecbnh oxy h\u00f3a cao, d\u1ea7u c\u00f3 tu\u1ed5i th\u1ecd d\u00e0i, gi\u1ea3m t\u1ea7n su\u1ea5t thay d\u1ea7u.<\/li>\n<li data-sourcepos=\"15:1-15:98\"><strong>Ho\u1ea1t \u0111\u1ed9ng \u1ed5n \u0111\u1ecbnh:<\/strong> Duy tr\u00ec hi\u1ec7u su\u1ea5t \u1ed5n \u0111\u1ecbnh trong \u0111i\u1ec1u ki\u1ec7n nhi\u1ec7t \u0111\u1ed9 v\u00e0 t\u1ea3i tr\u1ecdng thay \u0111\u1ed5i.<\/li>\n<li data-sourcepos=\"16:1-16:91\"><strong>An to\u00e0n th\u1ef1c ph\u1ea9m:<\/strong> \u0110\u1ea1t ti\u00eau chu\u1ea9n NSF H1, \u0111\u1ea3m b\u1ea3o an to\u00e0n khi ti\u1ebfp x\u00fac v\u1edbi th\u1ef1c ph\u1ea9m.<\/li>\n<li data-sourcepos=\"17:1-18:0\"><strong>T\u01b0\u01a1ng th\u00edch v\u1edbi nhi\u1ec1u lo\u1ea1i v\u1eadt li\u1ec7u:<\/strong> T\u01b0\u01a1ng th\u00edch t\u1ed1t v\u1edbi c\u00e1c lo\u1ea1i gio\u0103ng, ph\u1edbt v\u00e0 v\u1eadt li\u1ec7u kh\u00e1c trong h\u1ec7 th\u1ed1ng th\u1ee7y l\u1ef1c.<\/li>\n<\/ul>\n<h3 data-sourcepos=\"19:1-19:16\"><\/h3>\n<ul data-sourcepos=\"21:1-23:0\">\n<li data-sourcepos=\"21:1-21:168\"><strong>Ng\u00e0nh c\u00f4ng nghi\u1ec7p th\u1ef1c ph\u1ea9m v\u00e0 \u0111\u1ed3 u\u1ed1ng:<\/strong> S\u1eed d\u1ee5ng trong c\u00e1c h\u1ec7 th\u1ed1ng th\u1ee7y l\u1ef1c, m\u00e1y n\u00e9n, b\u00e1nh r\u0103ng, \u1ed5 tr\u1ee5c trong c\u00e1c nh\u00e0 m\u00e1y ch\u1ebf bi\u1ebfn th\u1ef1c ph\u1ea9m, nh\u00e0 m\u00e1y \u0111\u00f3ng g\u00f3i,&#8230;<\/li>\n<li data-sourcepos=\"22:1-23:0\"><strong>C\u00e1c ng\u00e0nh c\u00f4ng nghi\u1ec7p kh\u00e1c:<\/strong> C\u00f3 th\u1ec3 s\u1eed d\u1ee5ng trong c\u00e1c ng\u00e0nh c\u00f4ng nghi\u1ec7p \u0111\u00f2i h\u1ecfi d\u1ea7u b\u00f4i tr\u01a1n c\u00f3 \u0111\u1ed9 tinh khi\u1ebft cao.<\/li>\n<\/ul>\n<h3 data-sourcepos=\"24:1-24:25\"><\/h3>\n<p><strong><img decoding=\"async\" title=\"nhot-mobil-shc-cibus-46-20l-1-1\" src=\"https:\/\/yenhung.com\/wp-content\/uploads\/2025\/11\/nhot-mobil-shc-cibus-46-20l-1-1.jpg\" alt=\"Nh\u1edbt MOBIL SHC CIBUS 46 20L\" data-thumb=\"large\" \/><\/strong><\/p>\n<ul data-sourcepos=\"26:1-31:0\">\n<li data-sourcepos=\"26:1-26:24\"><strong>\u0110\u1ed9 nh\u1edbt:<\/strong> ISO VG 46<\/li>\n<li data-sourcepos=\"27:1-27:25\"><strong>Ch\u1ec9 s\u1ed1 \u0111\u1ed9 nh\u1edbt:<\/strong> Cao<\/li>\n<li data-sourcepos=\"28:1-28:25\"><strong>\u0110i\u1ec3m \u0111\u00f4ng \u0111\u1eb7c:<\/strong> Th\u1ea5p<\/li>\n<li data-sourcepos=\"29:1-29:20\"><strong>\u0110i\u1ec3m ch\u00e1y:<\/strong> Cao<\/li>\n<li data-sourcepos=\"30:1-31:0\"><strong>C\u00e1c ti\u00eau chu\u1ea9n:<\/strong> NSF H1, ISO 21469<\/li>\n<\/ul>\n<h3 data-sourcepos=\"32:1-32:25\"><\/h3>\n<ul data-sourcepos=\"34:1-37:0\">\n<li data-sourcepos=\"34:1-34:78\"><strong>L\u00e0m s\u1ea1ch h\u1ec7 th\u1ed1ng:<\/strong> Tr\u01b0\u1edbc khi s\u1eed d\u1ee5ng, c\u1ea7n l\u00e0m s\u1ea1ch k\u1ef9 h\u1ec7 th\u1ed1ng th\u1ee7y l\u1ef1c.<\/li>\n<li data-sourcepos=\"35:1-35:106\"><strong>Ki\u1ec3m tra \u0111\u1ed9 t\u01b0\u01a1ng th\u00edch:<\/strong> \u0110\u1ea3m b\u1ea3o d\u1ea7u Mobil SHC Cibus 46 t\u01b0\u01a1ng th\u00edch v\u1edbi c\u00e1c v\u1eadt li\u1ec7u trong h\u1ec7 th\u1ed1ng.<\/li>\n<li data-sourcepos=\"36:1-37:0\"><strong>Thay d\u1ea7u \u0111\u1ecbnh k\u1ef3:<\/strong> Th\u1ef1c hi\u1ec7n thay d\u1ea7u theo khuy\u1ebfn c\u00e1o c\u1ee7a nh\u00e0 s\u1ea3n xu\u1ea5t thi\u1ebft b\u1ecb ho\u1eb7c theo l\u1ecbch tr\u00ecnh b\u1ea3o tr\u00ec.<\/li>\n<\/ul>\n<h3 data-sourcepos=\"38:1-38:25\"><\/h3>\n<p><strong><img decoding=\"async\" title=\"nhot-mobil-shc-cibus-46-20l-2-1\" src=\"https:\/\/yenhung.com\/wp-content\/uploads\/2025\/11\/nhot-mobil-shc-cibus-46-20l-2-1.jpg\" alt=\"Nh\u1edbt MOBIL SHC CIBUS 46 20L\" data-thumb=\"large\" \/><\/strong><\/p>\n<ul data-sourcepos=\"40:1-43:0\">\n<li data-sourcepos=\"40:1-40:75\"><strong>B\u1ea3o qu\u1ea3n:<\/strong> B\u1ea3o qu\u1ea3n n\u01a1i kh\u00f4 r\u00e1o, tho\u00e1ng m\u00e1t, tr\u00e1nh \u00e1nh n\u1eafng tr\u1ef1c ti\u1ebfp.<\/li>\n<li data-sourcepos=\"41:1-41:71\"><strong>An to\u00e0n:<\/strong> S\u1eed d\u1ee5ng g\u0103ng tay, k\u00ednh b\u1ea3o h\u1ed9 khi ti\u1ebfp x\u00fac v\u1edbi s\u1ea3n ph\u1ea9m.<\/li>\n<li data-sourcepos=\"42:1-43:0\"><strong>Tr\u1ed9n l\u1eabn:<\/strong> Kh\u00f4ng tr\u1ed9n l\u1eabn v\u1edbi c\u00e1c lo\u1ea1i d\u1ea7u kh\u00e1c.<\/li>\n<\/ul>\n<\/div>\n","protected":false},"excerpt":{"rendered":"<p>T\u00ean sa\u0309n ph\u00e2\u0309m:\u00a0MOBIL SHC CIBUS 46<\/p>\n","protected":false},"featured_media":8598,"comment_status":"closed","ping_status":"closed","template":"","meta":[],"product_brand":[],"product_cat":[165],"product_tag":[],"class_list":{"0":"post-8597","1":"product","2":"type-product","3":"status-publish","4":"has-post-thumbnail","6":"product_cat-mobil","8":"first","9":"instock","10":"shipping-taxable","11":"product-type-simple"},"_links":{"self":[{"href":"https:\/\/yenhung.com\/index.php?rest_route=\/wp\/v2\/product\/8597","targetHints":{"allow":["GET"]}}],"collection":[{"href":"https:\/\/yenhung.com\/index.php?rest_route=\/wp\/v2\/product"}],"about":[{"href":"https:\/\/yenhung.com\/index.php?rest_route=\/wp\/v2\/types\/product"}],"replies":[{"embeddable":true,"href":"https:\/\/yenhung.com\/index.php?rest_route=%2Fwp%2Fv2%2Fcomments&post=8597"}],"wp:featuredmedia":[{"embeddable":true,"href":"https:\/\/yenhung.com\/index.php?rest_route=\/wp\/v2\/media\/8598"}],"wp:attachment":[{"href":"https:\/\/yenhung.com\/index.php?rest_route=%2Fwp%2Fv2%2Fmedia&parent=8597"}],"wp:term":[{"taxonomy":"product_brand","embeddable":true,"href":"https:\/\/yenhung.com\/index.php?rest_route=%2Fwp%2Fv2%2Fproduct_brand&post=8597"},{"taxonomy":"product_cat","embeddable":true,"href":"https:\/\/yenhung.com\/index.php?rest_route=%2Fwp%2Fv2%2Fproduct_cat&post=8597"},{"taxonomy":"product_tag","embeddable":true,"href":"https:\/\/yenhung.com\/index.php?rest_route=%2Fwp%2Fv2%2Fproduct_tag&post=8597"}],"curies":[{"name":"wp","href":"https:\/\/api.w.org\/{rel}","templated":true}]}}