{"id":8605,"date":"2025-11-10T08:43:45","date_gmt":"2025-11-10T08:43:45","guid":{"rendered":"https:\/\/yenhung.com\/?product=dau-mobilgear-600-xp-680-20l"},"modified":"2026-02-07T02:04:18","modified_gmt":"2026-02-07T02:04:18","slug":"dau-mobilgear-600-xp-680-20l","status":"publish","type":"product","link":"https:\/\/yenhung.com\/?product=dau-mobilgear-600-xp-680-20l","title":{"rendered":"D\u1ea6U &#8211; MOBILGEAR 600 XP 680 &#8211; 20L"},"content":{"rendered":"<div class=\"ba-text-fpt\">\n<h2 data-sourcepos=\"3:1-3:67\"><strong>Mobilgear 600XP 680: D\u1ea7u b\u00e1nh r\u0103ng c\u00f4ng nghi\u1ec7p hi\u1ec7u su\u1ea5t cao<\/strong><\/h2>\n<h3 data-sourcepos=\"5:1-5:27\"><\/h3>\n<p data-sourcepos=\"7:1-7:294\"><strong>Mobilgear 600XP 680<\/strong> l\u00e0 m\u1ed9t lo\u1ea1i d\u1ea7u b\u00e1nh r\u0103ng c\u00f4ng nghi\u1ec7p cao c\u1ea5p, \u0111\u01b0\u1ee3c pha ch\u1ebf t\u1eeb d\u1ea7u g\u1ed1c kho\u00e1ng tinh ch\u1ebf v\u00e0 c\u00e1c ph\u1ee5 gia \u0111\u1eb7c bi\u1ec7t. S\u1ea3n ph\u1ea9m \u0111\u01b0\u1ee3c thi\u1ebft k\u1ebf \u0111\u1ec3 cung c\u1ea5p kh\u1ea3 n\u0103ng b\u1ea3o v\u1ec7 v\u01b0\u1ee3t tr\u1ed9i cho c\u00e1c h\u1ec7 th\u1ed1ng truy\u1ec1n \u0111\u1ed9ng b\u1eb1ng b\u00e1nh r\u0103ng ho\u1ea1t \u0111\u1ed9ng trong \u0111i\u1ec1u ki\u1ec7n kh\u1eafc nghi\u1ec7t, ch\u1ecbu t\u1ea3i n\u1eb7ng.<\/p>\n<p data-sourcepos=\"9:1-9:39\"><img decoding=\"async\" src=\"https:\/\/bizweb.dktcdn.net\/thumb\/large\/100\/510\/748\/products\/mobilgear-600xp-680.png?v=1727410086840\" alt=\"D\u1ea6U - MOBILGEAR 600XP 680 - 20L\" data-thumb=\"large\" \/><\/p>\n<h3 data-sourcepos=\"11:1-11:23\"><\/h3>\n<ul data-sourcepos=\"13:1-14:63\">\n<li data-sourcepos=\"13:1-13:134\"><strong>Kh\u1ea3 n\u0103ng ch\u1ecbu \u00e1p l\u1ef1c c\u1ef1c cao:<\/strong> B\u1ea3o v\u1ec7 b\u00e1nh r\u0103ng v\u00e0 v\u00f2ng bi kh\u1ecfi m\u00e0i m\u00f2n v\u00e0 \u0103n m\u00f2n, \u0111\u1eb7c bi\u1ec7t trong \u0111i\u1ec1u ki\u1ec7n t\u1ea3i tr\u1ecdng va \u0111\u1eadp cao.<\/li>\n<li data-sourcepos=\"14:1-14:63\"><strong>Ch\u1ed1ng oxi h\u00f3a:<\/strong> Gi\u00fap k\u00e9o d\u00e0i tu\u1ed5i th\u1ecd c\u1ee7a d\u1ea7u v\u00e0 c\u00e1c th\u00e0nh ph\u1ea7n c\u1ee7a h\u1ec7 th\u1ed1ng truy\u1ec1n \u0111\u1ed9ng.<\/li>\n<li data-sourcepos=\"15:1-15:87\"><strong>Ch\u1ed1ng t\u1ea1o b\u1ecdt:<\/strong> Gi\u1ea3m thi\u1ec3u hi\u1ec7n t\u01b0\u1ee3ng t\u1ea1o b\u1ecdt, \u0111\u1ea3m b\u1ea3o kh\u1ea3 n\u0103ng b\u00f4i tr\u01a1n hi\u1ec7u qu\u1ea3.<\/li>\n<li data-sourcepos=\"16:1-16:111\"><strong>T\u01b0\u01a1ng th\u00edch v\u1edbi nhi\u1ec1u lo\u1ea1i v\u1eadt li\u1ec7u:<\/strong> C\u00f3 th\u1ec3 s\u1eed d\u1ee5ng v\u1edbi nhi\u1ec1u lo\u1ea1i v\u1eadt li\u1ec7u l\u00e0m k\u00edn v\u00e0 c\u00e1c lo\u1ea1i d\u1ea7u kh\u00e1c.<\/li>\n<li data-sourcepos=\"17:1-18:0\"><strong>Ti\u1ebft ki\u1ec7m n\u0103ng l\u01b0\u1ee3ng:<\/strong> Gi\u1ea3m ma s\u00e1t, gi\u00fap ti\u1ebft ki\u1ec7m n\u0103ng l\u01b0\u1ee3ng.<\/li>\n<li data-sourcepos=\"21:1-21:81\"><strong>H\u1ec7 th\u1ed1ng truy\u1ec1n \u0111\u1ed9ng c\u00f4ng nghi\u1ec7p:<\/strong> B\u00e1nh r\u0103ng th\u1eb3ng, nghi\u00eang, xo\u1eafn, tr\u1ee5c v\u00edt.<\/li>\n<li data-sourcepos=\"22:1-22:49\"><strong>Thi\u1ebft b\u1ecb gi\u1ea3m t\u1ed1c:<\/strong> H\u1ed9p s\u1ed1, c\u1ea7u truy\u1ec1n \u0111\u1ed9ng.<\/li>\n<li data-sourcepos=\"23:1-24:0\"><strong>C\u00e1c \u1ee9ng d\u1ee5ng kh\u00e1c:<\/strong> Th\u1ee7y l\u1ef1c, m\u00e1y n\u00e9n kh\u00ed&#8230;<\/li>\n<li data-sourcepos=\"27:1-27:29\"><strong>\u0110\u1ed9 nh\u1edbt:<\/strong> 680 cSt \u1edf 40\u00b0C<\/li>\n<li data-sourcepos=\"28:1-28:31\"><strong>Ch\u1ec9 s\u1ed1 \u0111\u1ed9 nh\u1edbt:<\/strong> [Gi\u00e1 tr\u1ecb]<\/li>\n<li data-sourcepos=\"29:1-29:30\"><strong>\u0110i\u1ec3m \u0111\u00f4ng \u0111\u1eb7c:<\/strong> [Gi\u00e1 tr\u1ecb]<\/li>\n<li data-sourcepos=\"30:1-31:0\"><strong>\u0110i\u1ec3m ch\u1edbp ch\u00e1y:<\/strong> [Gi\u00e1 tr\u1ecb]<\/li>\n<li data-sourcepos=\"34:1-34:93\"><strong>K\u00e9o d\u00e0i tu\u1ed5i th\u1ecd thi\u1ebft b\u1ecb:<\/strong> B\u1ea3o v\u1ec7 c\u00e1c th\u00e0nh ph\u1ea7n c\u1ee7a h\u1ec7 th\u1ed1ng truy\u1ec1n \u0111\u1ed9ng kh\u1ecfi h\u01b0 h\u1ecfng.<\/li>\n<li data-sourcepos=\"35:1-35:63\"><strong>Gi\u1ea3m chi ph\u00ed b\u1ea3o tr\u00ec:<\/strong> Gi\u1ea3m t\u1ea7n su\u1ea5t thay d\u1ea7u v\u00e0 s\u1eeda ch\u1eefa.<\/li>\n<li data-sourcepos=\"36:1-36:65\"><strong>N\u00e2ng cao hi\u1ec7u su\u1ea5t:<\/strong> Gi\u1ea3m ma s\u00e1t, t\u0103ng hi\u1ec7u qu\u1ea3 truy\u1ec1n \u0111\u1ed9ng.<\/li>\n<li data-sourcepos=\"37:1-38:0\"><strong>\u0110\u1ea3m b\u1ea3o ho\u1ea1t \u0111\u1ed9ng li\u00ean t\u1ee5c:<\/strong> Gi\u00fap c\u00e1c thi\u1ebft b\u1ecb ho\u1ea1t \u0111\u1ed9ng \u1ed5n \u0111\u1ecbnh v\u00e0 \u0111\u00e1ng tin c\u1eady.<\/li>\n<li data-sourcepos=\"41:1-41:86\"><strong>L\u00e0m s\u1ea1ch h\u1ec7 th\u1ed1ng:<\/strong> Tr\u01b0\u1edbc khi thay d\u1ea7u m\u1edbi, c\u1ea7n l\u00e0m s\u1ea1ch k\u1ef9 h\u1ec7 th\u1ed1ng truy\u1ec1n \u0111\u1ed9ng.<\/li>\n<li data-sourcepos=\"42:1-42:86\"><strong>Ki\u1ec3m tra nhi\u1ec7t \u0111\u1ed9:<\/strong> \u0110\u1ea3m b\u1ea3o nhi\u1ec7t \u0111\u1ed9 ho\u1ea1t \u0111\u1ed9ng c\u1ee7a d\u1ea7u n\u1eb1m trong kho\u1ea3ng cho ph\u00e9p.<\/li>\n<li data-sourcepos=\"43:1-43:32\"><strong>Theo d\u00f5i \u0111\u1ecbnh k\u1ef3:<\/strong> Ki\u1ec3m tra m\u1ee9c d\u1ea7u v\u00e0 ch\u1ea5t l\u01b0\u1ee3ng d\u1ea7u th\u01b0\u1eddng xuy\u00ean.<\/li>\n<li data-sourcepos=\"47:1-47:77\"><strong>B\u1ea3o qu\u1ea3n:<\/strong> B\u1ea3o qu\u1ea3n \u1edf n\u01a1i kh\u00f4 r\u00e1o, tho\u00e1ng m\u00e1t, tr\u00e1nh \u00e1nh n\u1eafng tr\u1ef1c ti\u1ebfp.<\/li>\n<li data-sourcepos=\"48:1-48:54\"><strong>An to\u00e0n:<\/strong> Tr\u00e1nh ti\u1ebfp x\u00fac tr\u1ef1c ti\u1ebfp v\u1edbi da v\u00e0 m\u1eaft.<\/li>\n<li data-sourcepos=\"49:1-50:0\"><strong>M\u00f4i tr\u01b0\u1eddng:<\/strong> X\u1eed l\u00fd d\u1ea7u th\u1ea3i theo \u0111\u00fang quy \u0111\u1ecbnh.<\/li>\n<\/ul>\n<h3 data-sourcepos=\"51:1-51:16\"><\/h3>\n<p data-sourcepos=\"53:1-53:300\"><strong>Mobilgear 600XP 680<\/strong> l\u00e0 m\u1ed9t l\u1ef1a ch\u1ecdn ho\u00e0n h\u1ea3o cho c\u00e1c h\u1ec7 th\u1ed1ng truy\u1ec1n \u0111\u1ed9ng c\u00f4ng nghi\u1ec7p \u0111\u00f2i h\u1ecfi \u0111\u1ed9 tin c\u1eady cao v\u00e0 hi\u1ec7u su\u1ea5t \u1ed5n \u0111\u1ecbnh. V\u1edbi kh\u1ea3 n\u0103ng ch\u1ecbu \u00e1p l\u1ef1c c\u1ef1c cao, ch\u1ed1ng oxi h\u00f3a v\u00e0 c\u00e1c t\u00ednh n\u0103ng \u01b0u vi\u1ec7t kh\u00e1c, s\u1ea3n ph\u1ea9m n\u00e0y gi\u00fap b\u1ea3o v\u1ec7 thi\u1ebft b\u1ecb, gi\u1ea3m chi ph\u00ed b\u1ea3o tr\u00ec v\u00e0 n\u00e2ng cao hi\u1ec7u qu\u1ea3 s\u1ea3n xu\u1ea5t.<\/p>\n<\/div>\n","protected":false},"excerpt":{"rendered":"<p>T\u00ean sa\u0309n ph\u00e2\u0309m:\u00a0MOBILGEAR 600XP 680<\/p>\n","protected":false},"featured_media":8606,"comment_status":"closed","ping_status":"closed","template":"","meta":[],"product_brand":[],"product_cat":[165],"product_tag":[],"class_list":{"0":"post-8605","1":"product","2":"type-product","3":"status-publish","4":"has-post-thumbnail","6":"product_cat-mobil","8":"first","9":"instock","10":"shipping-taxable","11":"product-type-simple"},"_links":{"self":[{"href":"https:\/\/yenhung.com\/index.php?rest_route=\/wp\/v2\/product\/8605","targetHints":{"allow":["GET"]}}],"collection":[{"href":"https:\/\/yenhung.com\/index.php?rest_route=\/wp\/v2\/product"}],"about":[{"href":"https:\/\/yenhung.com\/index.php?rest_route=\/wp\/v2\/types\/product"}],"replies":[{"embeddable":true,"href":"https:\/\/yenhung.com\/index.php?rest_route=%2Fwp%2Fv2%2Fcomments&post=8605"}],"wp:featuredmedia":[{"embeddable":true,"href":"https:\/\/yenhung.com\/index.php?rest_route=\/wp\/v2\/media\/8606"}],"wp:attachment":[{"href":"https:\/\/yenhung.com\/index.php?rest_route=%2Fwp%2Fv2%2Fmedia&parent=8605"}],"wp:term":[{"taxonomy":"product_brand","embeddable":true,"href":"https:\/\/yenhung.com\/index.php?rest_route=%2Fwp%2Fv2%2Fproduct_brand&post=8605"},{"taxonomy":"product_cat","embeddable":true,"href":"https:\/\/yenhung.com\/index.php?rest_route=%2Fwp%2Fv2%2Fproduct_cat&post=8605"},{"taxonomy":"product_tag","embeddable":true,"href":"https:\/\/yenhung.com\/index.php?rest_route=%2Fwp%2Fv2%2Fproduct_tag&post=8605"}],"curies":[{"name":"wp","href":"https:\/\/api.w.org\/{rel}","templated":true}]}}