{"id":8610,"date":"2025-11-10T08:43:50","date_gmt":"2025-11-10T08:43:50","guid":{"rendered":"https:\/\/yenhung.com\/?product=mo-mobilux-ep0-16kg-xo"},"modified":"2026-02-07T02:03:58","modified_gmt":"2026-02-07T02:03:58","slug":"mo-mobilux-ep0-16kg-xo","status":"publish","type":"product","link":"https:\/\/yenhung.com\/?product=mo-mobilux-ep0-16kg-xo","title":{"rendered":"M\u1ee1 Mobilux EP0 (16kg \/ X\u00f4 )"},"content":{"rendered":"<div class=\"ba-text-fpt\">\n<h2 data-sourcepos=\"1:1-1:176\"><strong>M\u1ee1 Mobilux EP0 (16kg\/X\u00f4)<\/strong>: Gi\u1ea3i ph\u00e1p b\u00f4i tr\u01a1n \u0111a n\u0103ng, b\u1ec1n b\u1ec9<\/h2>\n<p><img decoding=\"async\" title=\"mo-mobilux-ep0-16kg-a-2\" src=\"https:\/\/yenhung.com\/wp-content\/uploads\/2025\/11\/mo-mobilux-ep0-16kg-a-2.jpg\" alt=\"M\u1ee1 Mobilux EP0 (16kg \/ X\u00f4 )\" data-thumb=\"large\" \/><\/p>\n<h3 data-sourcepos=\"5:1-5:23\">Gi\u1edbi thi\u1ec7u s\u1ea3n ph\u1ea9m<\/h3>\n<p data-sourcepos=\"7:1-7:384\"><strong>M\u1ee1 Mobilux EP0<\/strong> l\u00e0 m\u1ed9t lo\u1ea1i m\u1ee1 \u0111a d\u1ee5ng, \u0111\u01b0\u1ee3c pha ch\u1ebf \u0111\u1ec3 b\u00f4i tr\u01a1n v\u00f2ng bi, b\u1ea1c \u0111\u1ea1n, \u1ed5 tr\u1ee5c b\u00e1nh xe, c\u00e1c kh\u1edbp n\u1ed1i, chassis \u00f4 t\u00f4 v\u00e0 c\u00e1c \u1ee9ng d\u1ee5ng ch\u1ecbu t\u1ea3i shock, rung trong ng\u00e0nh v\u1eadn t\u1ea3i, l\u00e2m nghi\u1ec7p, thi\u1ebft b\u1ecb c\u01a1 gi\u1edbi v\u1eadn h\u00e0nh \u1edf \u0111i\u1ec1u ki\u1ec7n \u1ea9m \u01b0\u1edbt, b\u1ee5i v\u00e0 kh\u00f4. S\u1ea3n ph\u1ea9m n\u00e0y n\u1ed5i ti\u1ebfng v\u1edbi kh\u1ea3 n\u0103ng ch\u1ecbu t\u1ea3i tr\u1ecdng cao, ch\u1ed1ng m\u00e0i m\u00f2n, ch\u1ed1ng r\u1ec9 s\u00e9t v\u00e0 kh\u00f4ng b\u1ecb r\u1eeda tr\u00f4i b\u1edfi n\u01b0\u1edbc. \u00a0<button aria-controls=\"sources\" aria-describedby=\"cdk-describedby-message-ng-1-20\" aria-expanded=\"false\"><\/button><\/p>\n<p data-sourcepos=\"9:1-9:34\"><img decoding=\"async\" title=\"mo-mobilux-ep0-16kg-b-1\" src=\"https:\/\/yenhung.com\/wp-content\/uploads\/2025\/11\/mo-mobilux-ep0-16kg-b-1.jpg\" alt=\"M\u1ee1 Mobilux EP0 (16kg \/ X\u00f4 )\" data-thumb=\"large\" \/><\/p>\n<h3 data-sourcepos=\"11:1-11:19\">\u01afu \u0111i\u1ec3m n\u1ed5i b\u1eadt<\/h3>\n<ul data-sourcepos=\"13:1-18:0\">\n<li data-sourcepos=\"13:1-13:84\"><strong>Ch\u1ecbu t\u1ea3i tr\u1ecdng cao:<\/strong> B\u1ea3o v\u1ec7 c\u00e1c b\u1ed9 ph\u1eadn m\u00e1y m\u00f3c kh\u1ecfi m\u00e0i m\u00f2n, k\u00e9o d\u00e0i tu\u1ed5i th\u1ecd.<\/li>\n<li data-sourcepos=\"14:1-14:92\"><strong>Ch\u1ed1ng r\u1ec9 s\u00e9t:<\/strong> Ng\u0103n ng\u1eeba s\u1ef1 h\u00ecnh th\u00e0nh r\u1ec9 s\u00e9t, b\u1ea3o v\u1ec7 thi\u1ebft b\u1ecb trong m\u00f4i tr\u01b0\u1eddng \u1ea9m \u01b0\u1edbt.<\/li>\n<li data-sourcepos=\"15:1-15:94\"><strong>Kh\u00f4ng b\u1ecb r\u1eeda tr\u00f4i:<\/strong> D\u00ednh ch\u1eb7t tr\u00ean b\u1ec1 m\u1eb7t, kh\u00f4ng b\u1ecb n\u01b0\u1edbc ho\u1eb7c c\u00e1c ch\u1ea5t l\u00e0m s\u1ea1ch r\u1eeda tr\u00f4i.<\/li>\n<li data-sourcepos=\"16:1-16:85\"><strong>Nhi\u1ec7t \u0111\u1ed9 l\u00e0m vi\u1ec7c r\u1ed9ng:<\/strong> Ho\u1ea1t \u0111\u1ed9ng t\u1ed1t trong nhi\u1ec1u \u0111i\u1ec1u ki\u1ec7n nhi\u1ec7t \u0111\u1ed9 kh\u00e1c nhau.<\/li>\n<li data-sourcepos=\"17:1-18:0\"><strong>\u0110a d\u1ee5ng:<\/strong> S\u1eed d\u1ee5ng \u0111\u01b0\u1ee3c cho nhi\u1ec1u lo\u1ea1i thi\u1ebft b\u1ecb v\u00e0 m\u00e1y m\u00f3c.<\/li>\n<li data-sourcepos=\"17:1-18:0\"><img decoding=\"async\" title=\"mo-mobilux-ep0-16kg-c-1\" src=\"https:\/\/yenhung.com\/wp-content\/uploads\/2025\/11\/mo-mobilux-ep0-16kg-c-1.jpg\" alt=\"M\u1ee1 Mobilux EP0 (16kg \/ X\u00f4 )\" data-thumb=\"large\" \/><\/li>\n<\/ul>\n<h3 data-sourcepos=\"19:1-19:12\">\u1ee8ng d\u1ee5ng<\/h3>\n<ul data-sourcepos=\"21:1-24:0\">\n<li data-sourcepos=\"21:1-21:62\"><strong>Ng\u00e0nh \u00f4 t\u00f4:<\/strong> B\u00f4i tr\u01a1n v\u00f2ng bi b\u00e1nh xe, kh\u1edbp n\u1ed1i, chassis.<\/li>\n<li data-sourcepos=\"22:1-22:94\"><strong>Ng\u00e0nh c\u00f4ng nghi\u1ec7p:<\/strong> B\u00f4i tr\u01a1n c\u00e1c thi\u1ebft b\u1ecb c\u01a1 kh\u00ed, m\u00e1y m\u00f3c x\u00e2y d\u1ef1ng, thi\u1ebft b\u1ecb n\u00f4ng nghi\u1ec7p.<\/li>\n<li data-sourcepos=\"23:1-24:0\"><strong>Ng\u00e0nh v\u1eadn t\u1ea3i:<\/strong> B\u00f4i tr\u01a1n c\u00e1c b\u1ed9 ph\u1eadn c\u1ee7a xe t\u1ea3i, xe c\u00f4ng tr\u00ecnh.<\/li>\n<\/ul>\n<h3 data-sourcepos=\"25:1-25:21\">Th\u00f4ng s\u1ed1 k\u1ef9 thu\u1eadt<\/h3>\n<ul data-sourcepos=\"27:1-32:0\">\n<li data-sourcepos=\"27:1-27:14\"><strong>D\u1ea1ng:<\/strong> M\u1ee1<\/li>\n<li data-sourcepos=\"28:1-28:37\"><strong>M\u00e0u s\u1eafc:<\/strong> [M\u00e0u s\u1eafc c\u1ee7a s\u1ea3n ph\u1ea9m]<\/li>\n<li data-sourcepos=\"29:1-29:20\"><strong>\u0110\u1ed9 \u0111\u1eb7c:<\/strong> NLGI 0<\/li>\n<li data-sourcepos=\"30:1-30:40\"><strong>Nhi\u1ec7t \u0111\u1ed9 l\u00e0m vi\u1ec7c:<\/strong> -20\u00b0C \u0111\u1ebfn 130\u00b0C<\/li>\n<li data-sourcepos=\"31:1-32:0\"><strong>\u0110\u00f3ng g\u00f3i:<\/strong> 16kg\/x\u00f4<\/li>\n<\/ul>\n<h3 data-sourcepos=\"33:1-33:21\">H\u01b0\u1edbng d\u1eabn s\u1eed d\u1ee5ng<\/h3>\n<ul data-sourcepos=\"35:1-38:0\">\n<li data-sourcepos=\"35:1-35:74\"><strong>L\u00e0m s\u1ea1ch b\u1ec1 m\u1eb7t:<\/strong> Tr\u01b0\u1edbc khi b\u00f4i m\u1ee1, c\u1ea7n l\u00e0m s\u1ea1ch b\u1ec1 m\u1eb7t c\u1ea7n b\u00f4i tr\u01a1n.<\/li>\n<li data-sourcepos=\"36:1-36:62\"><strong>B\u00f4i m\u1ed9t l\u1edbp m\u1ecfng:<\/strong> Ch\u1ec9 c\u1ea7n b\u00f4i m\u1ed9t l\u1edbp m\u1ee1 m\u1ecfng \u0111\u1ec1u l\u00e0 \u0111\u1ee7.<\/li>\n<li data-sourcepos=\"37:1-38:0\"><strong>T\u1ea7n su\u1ea5t b\u00f4i tr\u01a1n:<\/strong> T\u00f9y thu\u1ed9c v\u00e0o \u0111i\u1ec1u ki\u1ec7n l\u00e0m vi\u1ec7c v\u00e0 lo\u1ea1i thi\u1ebft b\u1ecb m\u00e0 c\u00f3 th\u1ec3 \u0111i\u1ec1u ch\u1ec9nh t\u1ea7n su\u1ea5t b\u00f4i tr\u01a1n.<\/li>\n<\/ul>\n<h3 data-sourcepos=\"39:1-39:21\">L\u01b0u \u00fd khi s\u1eed d\u1ee5ng<\/h3>\n<ul data-sourcepos=\"41:1-44:0\">\n<li data-sourcepos=\"41:1-41:77\"><strong>B\u1ea3o qu\u1ea3n:<\/strong> B\u1ea3o qu\u1ea3n \u1edf n\u01a1i kh\u00f4 r\u00e1o, tho\u00e1ng m\u00e1t, tr\u00e1nh \u00e1nh n\u1eafng tr\u1ef1c ti\u1ebfp.<\/li>\n<li data-sourcepos=\"42:1-42:71\"><strong>An to\u00e0n:<\/strong> S\u1eed d\u1ee5ng g\u0103ng tay, k\u00ednh b\u1ea3o h\u1ed9 khi ti\u1ebfp x\u00fac v\u1edbi s\u1ea3n ph\u1ea9m.<\/li>\n<li data-sourcepos=\"43:1-44:0\"><strong>M\u00f4i tr\u01b0\u1eddng:<\/strong> X\u1eed l\u00fd bao b\u00ec v\u00e0 ch\u1ea5t th\u1ea3i theo \u0111\u00fang quy \u0111\u1ecbnh.<\/li>\n<\/ul>\n<\/div>\n","protected":false},"excerpt":{"rendered":"<p>T\u00ean sa\u0309n ph\u00e2\u0309m:\u00a0M\u1ee1 Mobilux EP0 (16kg \/ X\u00f4 )<\/p>\n","protected":false},"featured_media":8611,"comment_status":"closed","ping_status":"closed","template":"","meta":[],"product_brand":[],"product_cat":[165],"product_tag":[],"class_list":{"0":"post-8610","1":"product","2":"type-product","3":"status-publish","4":"has-post-thumbnail","6":"product_cat-mobil","8":"first","9":"instock","10":"shipping-taxable","11":"product-type-simple"},"_links":{"self":[{"href":"https:\/\/yenhung.com\/index.php?rest_route=\/wp\/v2\/product\/8610","targetHints":{"allow":["GET"]}}],"collection":[{"href":"https:\/\/yenhung.com\/index.php?rest_route=\/wp\/v2\/product"}],"about":[{"href":"https:\/\/yenhung.com\/index.php?rest_route=\/wp\/v2\/types\/product"}],"replies":[{"embeddable":true,"href":"https:\/\/yenhung.com\/index.php?rest_route=%2Fwp%2Fv2%2Fcomments&post=8610"}],"wp:featuredmedia":[{"embeddable":true,"href":"https:\/\/yenhung.com\/index.php?rest_route=\/wp\/v2\/media\/8611"}],"wp:attachment":[{"href":"https:\/\/yenhung.com\/index.php?rest_route=%2Fwp%2Fv2%2Fmedia&parent=8610"}],"wp:term":[{"taxonomy":"product_brand","embeddable":true,"href":"https:\/\/yenhung.com\/index.php?rest_route=%2Fwp%2Fv2%2Fproduct_brand&post=8610"},{"taxonomy":"product_cat","embeddable":true,"href":"https:\/\/yenhung.com\/index.php?rest_route=%2Fwp%2Fv2%2Fproduct_cat&post=8610"},{"taxonomy":"product_tag","embeddable":true,"href":"https:\/\/yenhung.com\/index.php?rest_route=%2Fwp%2Fv2%2Fproduct_tag&post=8610"}],"curies":[{"name":"wp","href":"https:\/\/api.w.org\/{rel}","templated":true}]}}