{"id":8618,"date":"2025-11-10T08:43:56","date_gmt":"2025-11-10T08:43:56","guid":{"rendered":"https:\/\/yenhung.com\/?product=mo-mobilith-shc-100-16kg"},"modified":"2026-02-07T02:04:16","modified_gmt":"2026-02-07T02:04:16","slug":"mo-mobilith-shc-100-16kg","status":"publish","type":"product","link":"https:\/\/yenhung.com\/?product=mo-mobilith-shc-100-16kg","title":{"rendered":"M\u1ee1 MOBILITH SHC 100 &#8211; 16KG"},"content":{"rendered":"<div class=\"ba-text-fpt\">\n<h2><strong>MOBILITH SHC 100 16KG<\/strong><\/h2>\n<p><strong>M\u00f4 t\u1ea3 MOBILITH SHC 100 16KG<\/strong><\/p>\n<p><img decoding=\"async\" title=\"mobilith-shc-100-2-1\" src=\"https:\/\/yenhung.com\/wp-content\/uploads\/2025\/11\/mobilith-shc-100-2-1.jpg\" data-thumb=\"large\" \/><\/p>\n<p>M\u1ee1 Mobilith SHC 100 l\u00e0 s\u1ea3n ph\u1ea9m hi\u1ec7u su\u1ea5t v\u01b0\u1ee3t tr\u1ed9i \u0111\u01b0\u1ee3c thi\u1ebft k\u1ebf cho nhi\u1ec1u \u1ee9ng d\u1ee5ng kh\u00e1c nhau \u1edf nhi\u1ec7t \u0111\u1ed9 kh\u1eafc nghi\u1ec7t. Ch\u00fang k\u1ebft h\u1ee3p c\u00e1c t\u00ednh n\u0103ng \u0111\u1ed9c \u0111\u00e1o c\u1ee7a d\u1ea7u g\u1ed1c t\u1ed5ng h\u1ee3p v\u1edbi c\u00e1c t\u00ednh n\u0103ng c\u1ee7a ch\u1ea5t l\u00e0m \u0111\u1eb7c ph\u1ee9c h\u1ee3p lithium ch\u1ea5t l\u01b0\u1ee3ng cao. B\u1ea3n ch\u1ea5t kh\u00f4ng ch\u1ee9a s\u00e1p c\u1ee7a d\u1ea7u t\u1ed5ng h\u1ee3p v\u00e0 h\u1ec7 s\u1ed1 l\u1ef1c k\u00e9o th\u1ea5p (so v\u1edbi d\u1ea7u kho\u00e1ng), mang l\u1ea1i kh\u1ea3 n\u0103ng b\u01a1m tuy\u1ec7t v\u1eddi \u1edf nhi\u1ec7t \u0111\u1ed9 th\u1ea5p v\u00e0 m\u00f4-men xo\u1eafn kh\u1edfi \u0111\u1ed9ng v\u00e0 v\u1eadn h\u00e0nh r\u1ea5t th\u1ea5p.<\/p>\n<p>Mobilith SHC 100 mang l\u1ea1i ti\u1ec1m n\u0103ng ti\u1ebft ki\u1ec7m n\u0103ng l\u01b0\u1ee3ng v\u00e0 c\u00f3 th\u1ec3 gi\u1ea3m nhi\u1ec7t \u0111\u1ed9 v\u1eadn h\u00e0nh trong v\u00f9ng t\u1ea3i c\u1ee7a \u1ed5 l\u0103n h\u00ecnh c\u1ea7u v\u00e0 \u1ed5 bi. Ch\u1ea5t l\u00e0m \u0111\u1eb7c ph\u1ee9c h\u1ee3p lithium g\u00f3p ph\u1ea7n k\u1ebft d\u00ednh tuy\u1ec7t v\u1eddi, \u1ed5n \u0111\u1ecbnh c\u1ea5u tr\u00fac v\u00e0 ch\u1ed1ng n\u01b0\u1edbc. M\u1ee1 Mobilith SHC 100 c\u00f3 m\u1ee9c \u0111\u1ed9 \u1ed5n \u0111\u1ecbnh h\u00f3a h\u1ecdc cao v\u00e0 \u0111\u01b0\u1ee3c pha ch\u1ebf v\u1edbi c\u00e1c t\u1ed5 h\u1ee3p ph\u1ee5 gia \u0111\u1eb7c bi\u1ec7t \u0111\u1ec3 mang l\u1ea1i kh\u1ea3 n\u0103ng b\u1ea3o v\u1ec7 ch\u1ed1ng m\u00e0i m\u00f2n tuy\u1ec7t v\u1eddi, g\u1ec9 v\u00e0 \u0103n m\u00f2n, \u0111\u1ed3ng th\u1eddi cung c\u1ea5p \u0111\u1ed9 nh\u1edbt v\u1eadn h\u00e0nh \u1edf nhi\u1ec7t \u0111\u1ed9 cao v\u00e0 th\u1ea5p.<\/p>\n<p>M\u1ee1 Mobilith SHC Series c\u00f3 b\u1ea3y lo\u1ea1i, kh\u00e1c nhau v\u1ec1 \u0111\u1ed9 nh\u1edbt c\u1ee7a d\u1ea7u g\u1ed1c t\u1eeb ISO VG 100 \u0111\u1ebfn 1500 v\u00e0 \u1edf c\u1ea5p NLGI t\u1eeb 2 \u0111\u1ebfn 00.<\/p>\n<h2><strong>C\u00e1c t\u00ednh n\u0103ng v\u00e0 l\u1ee3i \u00edch MOBILITH SHC 100 16KG<\/strong><\/h2>\n<p><strong><img decoding=\"async\" title=\"mobilith-shc-100-3\" src=\"https:\/\/yenhung.com\/wp-content\/uploads\/2025\/11\/mobilith-shc-100-3.jpg\" data-thumb=\"original\" \/><\/strong><\/p>\n<p>Mobilith SHC 100 v\u00ec kh\u1ea3 n\u0103ng kh\u00e1ng oxy h\u00f3a\/nhi\u1ec7t \u0111\u1eb7c bi\u1ec7t c\u1ee7a ch\u00fang. C\u00e1c nh\u00e0 khoa h\u1ecdc c\u1ee7a ch\u00fang t\u00f4i \u0111\u00e3 ph\u00e1t tri\u1ec3n c\u00f4ng ngh\u1ec7 ch\u1ea5t l\u00e0m \u0111\u1eb7c ph\u1ee9c h\u1ee3p lithium ti\u00ean ti\u1ebfn nh\u1ea5t v\u00e0 s\u1eed d\u1ee5ng c\u00e1c ch\u1ea5t ph\u1ee5 gia c\u1ee5 th\u1ec3 \u0111\u1ec3 n\u00e2ng cao hi\u1ec7u su\u1ea5t c\u1ee7a t\u1eebng lo\u1ea1i trong d\u00f2ng s\u1ea3n ph\u1ea9m D\u00f2ng Mobilith SHC. M\u1ee1 Mobilith SHC Series cung c\u1ea5p c\u00e1c t\u00ednh n\u0103ng v\u00e0 l\u1ee3i \u00edch sau:<\/p>\n<table>\n<tbody>\n<tr>\n<td><strong>\u0110\u1eb7c tr\u01b0ng<\/strong><\/td>\n<td><strong>\u01afu \u0111i\u1ec3m v\u00e0 l\u1ee3i \u00edch ti\u1ec1m n\u0103ng<\/strong><\/td>\n<\/tr>\n<tr>\n<td>Hi\u1ec7u su\u1ea5t nhi\u1ec7t \u0111\u1ed9 cao v\u00e0 nhi\u1ec7t \u0111\u1ed9 th\u1ea5p v\u01b0\u1ee3t tr\u1ed9i<\/td>\n<td>Ph\u1ea1m vi nhi\u1ec7t \u0111\u1ed9 \u1ee9ng d\u1ee5ng r\u1ed9ng, v\u1edbi kh\u1ea3 n\u0103ng b\u1ea3o v\u1ec7 tuy\u1ec7t v\u1eddi \u1edf nhi\u1ec7t \u0111\u1ed9 cao v\u00e0 m\u00f4-men xo\u1eafn th\u1ea5p, kh\u1edfi \u0111\u1ed9ng d\u1ec5 d\u00e0ng \u1edf nhi\u1ec7t \u0111\u1ed9 th\u1ea5p<\/td>\n<\/tr>\n<tr>\n<td>B\u1ea3o v\u1ec7 tuy\u1ec7t v\u1eddi ch\u1ed1ng m\u00e0i m\u00f2n, r\u1ec9 s\u00e9t v\u00e0 \u0103n m\u00f2n<\/td>\n<td>Gi\u1ea3m th\u1eddi gian ch\u1ebft v\u00e0 chi ph\u00ed b\u1ea3o tr\u00ec v\u00ec gi\u1ea3m hao m\u00f2n, r\u1ec9 s\u00e9t v\u00e0 \u0103n m\u00f2n<\/td>\n<\/tr>\n<tr>\n<td>\u1ed4n \u0111\u1ecbnh nhi\u1ec7t v\u00e0 ch\u1ed1ng oxy h\u00f3a tuy\u1ec7t v\u1eddi<\/td>\n<td>K\u00e9o d\u00e0i th\u1eddi gian s\u1eed d\u1ee5ng v\u1edbi kho\u1ea3ng th\u1eddi gian d\u00e0i h\u01a1n gi\u1eefa c\u00e1c l\u1ea7n t\u00e1i b\u00f4i tr\u01a1n v\u00e0 c\u1ea3i thi\u1ec7n tu\u1ed5i th\u1ecd v\u00f2ng bi<\/td>\n<\/tr>\n<tr>\n<td>H\u1ec7 s\u1ed1 l\u1ef1c k\u00e9o th\u1ea5p<\/td>\n<td>Ti\u1ec1m n\u0103ng c\u1ea3i thi\u1ec7n tu\u1ed5i th\u1ecd c\u01a1 h\u1ecdc v\u00e0 gi\u1ea3m ti\u00eau th\u1ee5 n\u0103ng l\u01b0\u1ee3ng<\/td>\n<\/tr>\n<tr>\n<td>Bao g\u1ed3m c\u1ea3 c\u1ea5p \u0111\u1ed9 nh\u1edbt cao v\u00e0 th\u1ea5p<\/td>\n<td>C\u00e1c t\u00f9y ch\u1ecdn \u0111\u1ec3 b\u1ea3o v\u1ec7 v\u01b0\u1ee3t tr\u1ed9i cho c\u00e1c v\u00f2ng bi t\u1ed1c \u0111\u1ed9 ch\u1eadm, ch\u1ecbu t\u1ea3i n\u1eb7ng v\u00e0 c\u00e1c t\u00f9y ch\u1ecdn \u0111\u1ec3 c\u00f3 hi\u1ec7u su\u1ea5t t\u1ed1t \u1edf nhi\u1ec7t \u0111\u1ed9 th\u1ea5p<\/td>\n<\/tr>\n<tr>\n<td>\u1ed4n \u0111\u1ecbnh c\u1ea5u tr\u00fac v\u01b0\u1ee3t tr\u1ed9i khi c\u00f3 n\u01b0\u1edbc<\/td>\n<td>Duy tr\u00ec hi\u1ec7u su\u1ea5t d\u1ea7u m\u1ee1 tuy\u1ec7t v\u1eddi trong m\u00f4i tr\u01b0\u1eddng n\u01b0\u1edbc th\u00f9 \u0111\u1ecbch<\/td>\n<\/tr>\n<tr>\n<td>S\u1ef1 bi\u1ebfn \u0111\u1ed9ng th\u1ea5p<\/td>\n<td>Gi\u00fap ch\u1ed1ng l\u1ea1i s\u1ef1 gia t\u0103ng \u0111\u1ed9 nh\u1edbt \u1edf nhi\u1ec7t \u0111\u1ed9 cao \u0111\u1ec3 t\u1ed1i \u0111a h\u00f3a kho\u1ea3ng th\u1eddi gian t\u00e1i b\u00f4i tr\u01a1n v\u00e0 tu\u1ed5i th\u1ecd \u1ed5 tr\u1ee5c<\/td>\n<\/tr>\n<\/tbody>\n<\/table>\n<h2><strong>C\u00e1c \u1ee9ng d\u1ee5ng MOBILITH SHC 100 16KG<\/strong><\/h2>\n<p><img decoding=\"async\" title=\"mobilith-shc-100-1-2\" src=\"https:\/\/yenhung.com\/wp-content\/uploads\/2025\/11\/mobilith-shc-100-1-2.jpg\" data-thumb=\"large\" \/><\/p>\n<p>C\u00e2n nh\u1eafc \u1ee9ng d\u1ee5ng: M\u1eb7c d\u00f9 m\u1ee1 b\u00f4i tr\u01a1n Mobilith SHC 100 t\u01b0\u01a1ng th\u00edch v\u1edbi h\u1ea7u h\u1ebft c\u00e1c s\u1ea3n ph\u1ea9m g\u1ed1c d\u1ea7u kho\u00e1ng, ph\u1ee5 gia c\u00f3 th\u1ec3 l\u00e0m gi\u1ea3m hi\u1ec7u su\u1ea5t c\u1ee7a ch\u00fang. Do \u0111\u00f3, khuy\u1ebfn ngh\u1ecb r\u1eb1ng tr\u01b0\u1edbc khi thay \u0111\u1ed5i m\u1ed9t h\u1ec7 th\u1ed1ng sang m\u1ed9t trong c\u00e1c D\u00f2ng Mobilith SHC, h\u1ec7 th\u1ed1ng \u0111\u00f3 n\u00ean \u0111\u01b0\u1ee3c l\u00e0m s\u1ea1ch ho\u00e0n to\u00e0n \u0111\u1ec3 \u0111\u1ea1t \u0111\u01b0\u1ee3c l\u1ee3i \u00edch hi\u1ec7u su\u1ea5t t\u1ed1i \u0111a.<\/p>\n<p>M\u1eb7c d\u00f9 m\u1ee1 S\u00ea-ri Mobilith SHC chia s\u1ebb nhi\u1ec1u l\u1ee3i \u00edch v\u1ec1 hi\u1ec7u su\u1ea5t, nh\u01b0ng c\u00e1c \u1ee9ng d\u1ee5ng c\u1ee7a ch\u00fang \u0111\u01b0\u1ee3c m\u00f4 t\u1ea3 t\u1ed1t nh\u1ea5t theo t\u1eebng lo\u1ea1i s\u1ea3n ph\u1ea9m:<\/p>\n<p>\u2022 Mobilith SHC 100 l\u00e0 m\u1ee1 ch\u1ed1ng m\u00e0i m\u00f2n v\u00e0 ch\u1ecbu c\u1ef1c \u00e1p ch\u1ee7 y\u1ebfu \u0111\u01b0\u1ee3c khuy\u00ean d\u00f9ng cho c\u00e1c \u1ee9ng d\u1ee5ng t\u1ed1c \u0111\u1ed9 cao h\u01a1n nh\u01b0 \u0111\u1ed9ng c\u01a1 \u0111i\u1ec7n, n\u01a1i y\u00eau c\u1ea7u gi\u1ea3m ma s\u00e1t, m\u00e0i m\u00f2n th\u1ea5p v\u00e0 tu\u1ed5i th\u1ecd d\u00e0i. N\u00f3 l\u00e0 m\u1ee1 c\u1ea5p NLGI 2 \/ ISO VG 100 v\u1edbi ch\u1ea5t l\u1ecfng g\u1ed1c t\u1ed5ng h\u1ee3p. Ph\u1ea1m vi nhi\u1ec7t \u0111\u1ed9 ho\u1ea1t \u0111\u1ed9ng c\u1ee7a n\u00f3 l\u00e0 -40\u00ba C* \u0111\u1ebfn 150\u00ba C.<\/p>\n<\/div>\n","protected":false},"excerpt":{"rendered":"<p>T\u00ean sa\u0309n ph\u00e2\u0309m: MOBILITH SHC 100 16KG<\/p>\n","protected":false},"featured_media":8619,"comment_status":"closed","ping_status":"closed","template":"","meta":[],"product_brand":[],"product_cat":[165],"product_tag":[],"class_list":{"0":"post-8618","1":"product","2":"type-product","3":"status-publish","4":"has-post-thumbnail","6":"product_cat-mobil","8":"first","9":"instock","10":"shipping-taxable","11":"product-type-simple"},"_links":{"self":[{"href":"https:\/\/yenhung.com\/index.php?rest_route=\/wp\/v2\/product\/8618","targetHints":{"allow":["GET"]}}],"collection":[{"href":"https:\/\/yenhung.com\/index.php?rest_route=\/wp\/v2\/product"}],"about":[{"href":"https:\/\/yenhung.com\/index.php?rest_route=\/wp\/v2\/types\/product"}],"replies":[{"embeddable":true,"href":"https:\/\/yenhung.com\/index.php?rest_route=%2Fwp%2Fv2%2Fcomments&post=8618"}],"wp:featuredmedia":[{"embeddable":true,"href":"https:\/\/yenhung.com\/index.php?rest_route=\/wp\/v2\/media\/8619"}],"wp:attachment":[{"href":"https:\/\/yenhung.com\/index.php?rest_route=%2Fwp%2Fv2%2Fmedia&parent=8618"}],"wp:term":[{"taxonomy":"product_brand","embeddable":true,"href":"https:\/\/yenhung.com\/index.php?rest_route=%2Fwp%2Fv2%2Fproduct_brand&post=8618"},{"taxonomy":"product_cat","embeddable":true,"href":"https:\/\/yenhung.com\/index.php?rest_route=%2Fwp%2Fv2%2Fproduct_cat&post=8618"},{"taxonomy":"product_tag","embeddable":true,"href":"https:\/\/yenhung.com\/index.php?rest_route=%2Fwp%2Fv2%2Fproduct_tag&post=8618"}],"curies":[{"name":"wp","href":"https:\/\/api.w.org\/{rel}","templated":true}]}}