{"id":8627,"date":"2025-11-10T08:44:02","date_gmt":"2025-11-10T08:44:02","guid":{"rendered":"https:\/\/yenhung.com\/?product=dau-mobil-velocite-no-10-20l"},"modified":"2026-02-07T01:59:25","modified_gmt":"2026-02-07T01:59:25","slug":"dau-mobil-velocite-no-10-20l","status":"publish","type":"product","link":"https:\/\/yenhung.com\/?product=dau-mobil-velocite-no-10-20l","title":{"rendered":"D\u1ea7u Mobil Velocite No 10 &#8211; 20l"},"content":{"rendered":"<div class=\"ba-text-fpt\">\n<h2 data-sourcepos=\"1:1-1:67\"><strong>Mobil Velocite No 10<\/strong><\/h2>\n<p data-sourcepos=\"1:1-1:67\">D\u1ea7u tr\u1ee5c ch\u00ednh cao c\u1ea5p cho m\u00e1y c\u00f4ng c\u1ee5 CNC<\/p>\n<p><img decoding=\"async\" title=\"mobil-velocite-no-10-1\" src=\"https:\/\/yenhung.com\/wp-content\/uploads\/2025\/11\/mobil-velocite-no-10-1.jpg\" data-thumb=\"large\" \/><\/p>\n<p data-sourcepos=\"3:1-3:24\"><strong>Mobil Velocite No 10<\/strong> l\u00e0 d\u1ea7u b\u00f4i tr\u01a1n tr\u1ee5c ch\u00ednh cao c\u1ea5p \u0111\u01b0\u1ee3c thi\u1ebft k\u1ebf \u0111\u1eb7c bi\u1ec7t cho m\u00e1y c\u00f4ng c\u1ee5 CNC v\u00e0 c\u00e1c \u1ee9ng d\u1ee5ng tr\u1ee5c quay t\u1ed1c \u0111\u1ed9 cao kh\u00e1c. S\u1ea3n ph\u1ea9m \u0111\u01b0\u1ee3c s\u1ea3n xu\u1ea5t b\u1edfi ExxonMobil, t\u1eadp \u0111o\u00e0n d\u1ea7u kh\u00ed h\u00e0ng \u0111\u1ea7u th\u1ebf gi\u1edbi, v\u1edbi c\u00f4ng ngh\u1ec7 ti\u00ean ti\u1ebfn v\u00e0 quy tr\u00ecnh ki\u1ec3m so\u00e1t ch\u1ea5t l\u01b0\u1ee3ng nghi\u00eam ng\u1eb7t, \u0111\u1ea3m b\u1ea3o hi\u1ec7u su\u1ea5t v\u00e0 \u0111\u1ed9 tin c\u1eady cao.<\/p>\n<p data-sourcepos=\"7:1-7:20\"><strong>\u01afu \u0111i\u1ec3m n\u1ed5i b\u1eadt:<\/strong><\/p>\n<p data-sourcepos=\"7:1-7:20\"><img decoding=\"async\" title=\"mobil-velocite-no-10-2-jpeg-2\" src=\"https:\/\/yenhung.com\/wp-content\/uploads\/2025\/11\/mobil-velocite-no-10-2-jpeg-2.jpg\" data-thumb=\"large\" \/><\/p>\n<ul data-sourcepos=\"9:1-12:17\">\n<li data-sourcepos=\"9:1-9:132\"><strong>Kh\u1ea3 n\u0103ng b\u00f4i tr\u01a1n v\u01b0\u1ee3t tr\u1ed9i:<\/strong> Gi\u1ea3m ma s\u00e1t v\u00e0 m\u00e0i m\u00f2n, b\u1ea3o v\u1ec7 tr\u1ee5c ch\u00ednh v\u00e0 \u1ed5 tr\u1ee5c kh\u1ecfi h\u01b0 h\u1ecfng, gi\u00fap k\u00e9o d\u00e0i tu\u1ed5i th\u1ecd thi\u1ebft b\u1ecb.<\/li>\n<li data-sourcepos=\"10:1-10:127\"><strong>\u0110\u1ed9 \u1ed5n \u0111\u1ecbnh nhi\u1ec7t cao:<\/strong> Ch\u1ecbu \u0111\u01b0\u1ee3c nhi\u1ec7t \u0111\u1ed9 cao m\u00e0 kh\u00f4ng b\u1ecb ph\u00e2n h\u1ee7y, \u0111\u1ea3m b\u1ea3o hi\u1ec7u qu\u1ea3 b\u00f4i tr\u01a1n trong \u0111i\u1ec1u ki\u1ec7n kh\u1eafc nghi\u1ec7t.<\/li>\n<li data-sourcepos=\"11:1-11:137\"><strong>Kh\u1ea3 n\u0103ng ch\u1ed1ng oxy h\u00f3a t\u1ed1t:<\/strong> Ch\u1ed1ng l\u1ea1i s\u1ef1 ph\u00e2n h\u1ee7y do oxy h\u00f3a, gi\u00fap k\u00e9o d\u00e0i tu\u1ed5i th\u1ecd d\u1ea7u v\u00e0 b\u1ea3o v\u1ec7 c\u00e1c b\u1ed9 ph\u1eadn kim lo\u1ea1i kh\u1ecfi r\u1ec9 s\u00e9t.<\/li>\n<li data-sourcepos=\"12:1-12:17\"><strong>Kh\u1ea3 n\u0103ng t\u00e1ch n\u01b0\u1edbc t\u1ed1t:<\/strong> Ng\u0103n ch\u1eb7n s\u1ef1 h\u00ecnh th\u00e0nh nh\u0169 t\u01b0\u01a1ng, \u0111\u1ea3m b\u1ea3o hi\u1ec7u qu\u1ea3 b\u00f4i tr\u01a1n v\u00e0 b\u1ea3o v\u1ec7 h\u1ec7 th\u1ed1ng.<\/li>\n<li data-sourcepos=\"13:1-14:0\"><strong>Kh\u1ea3 n\u0103ng ch\u1ed1ng t\u1ea1o b\u1ecdt t\u1ed1t:<\/strong> Gi\u1ea3m thi\u1ec3u s\u1ef1 t\u1ea1o b\u1ecdt, gi\u00fap duy tr\u00ec hi\u1ec7u qu\u1ea3 b\u00f4i tr\u01a1n v\u00e0 ng\u0103n ng\u1eeba r\u00f2 r\u1ec9 d\u1ea7u.<\/li>\n<\/ul>\n<p data-sourcepos=\"15:1-15:13\"><strong>\u1ee8ng d\u1ee5ng:<\/strong><\/p>\n<p data-sourcepos=\"15:1-15:13\"><img decoding=\"async\" src=\"https:\/\/bizweb.dktcdn.net\/thumb\/large\/100\/510\/748\/products\/mobil-velocite-no-10-1.jpg?v=1721111332063\" data-thumb=\"large\" \/><\/p>\n<ul data-sourcepos=\"17:1-20:0\">\n<li data-sourcepos=\"17:1-17:65\"><strong>M\u00e1y c\u00f4ng c\u1ee5 CNC:<\/strong> M\u00e1y ti\u1ec7n, m\u00e1y phay, m\u00e1y m\u00e0i, m\u00e1y khoan,&#8230;<\/li>\n<li data-sourcepos=\"18:1-18:64\"><strong>Tr\u1ee5c quay t\u1ed1c \u0111\u1ed9 cao:<\/strong> M\u00e1y b\u01a1m, m\u00e1y n\u00e9n kh\u00ed, m\u00e1y ly t\u00e2m,&#8230;<\/li>\n<li data-sourcepos=\"19:1-20:0\"><strong>H\u1ec7 th\u1ed1ng th\u1ee7y l\u1ef1c:<\/strong> H\u1ec7 th\u1ed1ng th\u1ee7y l\u1ef1c c\u00f4ng nghi\u1ec7p, h\u1ec7 th\u1ed1ng th\u1ee7y l\u1ef1c di \u0111\u1ed9ng,&#8230;<\/li>\n<\/ul>\n<p data-sourcepos=\"21:1-21:22\"><strong>Th\u00f4ng s\u1ed1 k\u1ef9 thu\u1eadt:<\/strong><\/p>\n<ul data-sourcepos=\"23:1-27:33\">\n<li data-sourcepos=\"23:1-23:45\"><strong>\u0110\u1ed9 nh\u1edbt:<\/strong> ISO VG 10, 22, 32, 46, 68, 100<\/li>\n<li data-sourcepos=\"24:1-24:29\"><strong>C\u1ea5p hi\u1ec7u su\u1ea5t API:<\/strong> GL-1<\/li>\n<li data-sourcepos=\"25:1-25:25\"><strong>Nhi\u1ec7t \u0111\u1ed9 s\u00f4i:<\/strong> 250\u00b0C<\/li>\n<li data-sourcepos=\"26:1-26:21\"><strong>\u0110i\u1ec3m r\u00f3t:<\/strong> -20\u00b0C<\/li>\n<li data-sourcepos=\"27:1-27:33\"><strong>Kh\u1ed1i l\u01b0\u1ee3ng ri\u00eang:<\/strong> 900 kg\/m\u00b3<\/li>\n<li data-sourcepos=\"28:1-28:29\"><strong>Th\u01b0\u01a1ng hi\u1ec7u:<\/strong> ExxonMobil<\/li>\n<li data-sourcepos=\"29:1-30:0\"><strong>M\u00e3 s\u1ea3n ph\u1ea9m:<\/strong> Mobil Velocite No 10<\/li>\n<\/ul>\n<p data-sourcepos=\"31:1-31:45\"><strong>L\u1ee3i \u00edch khi s\u1eed d\u1ee5ng Mobil Velocite No 10:<\/strong><\/p>\n<ul data-sourcepos=\"33:1-37:0\">\n<li data-sourcepos=\"33:1-33:106\"><strong>N\u00e2ng cao hi\u1ec7u su\u1ea5t m\u00e1y m\u00f3c:<\/strong> Gi\u1ea3m ma s\u00e1t v\u00e0 m\u00e0i m\u00f2n, gi\u00fap m\u00e1y m\u00f3c ho\u1ea1t \u0111\u1ed9ng tr\u01a1n tru v\u00e0 hi\u1ec7u qu\u1ea3 h\u01a1n.<\/li>\n<li data-sourcepos=\"34:1-34:106\"><strong>K\u00e9o d\u00e0i tu\u1ed5i th\u1ecd thi\u1ebft b\u1ecb:<\/strong> B\u1ea3o v\u1ec7 tr\u1ee5c ch\u00ednh v\u00e0 \u1ed5 tr\u1ee5c kh\u1ecfi h\u01b0 h\u1ecfng, gi\u00fap k\u00e9o d\u00e0i tu\u1ed5i th\u1ecd thi\u1ebft b\u1ecb.<\/li>\n<li data-sourcepos=\"35:1-35:109\"><strong>Gi\u1ea3m chi ph\u00ed b\u1ea3o tr\u00ec:<\/strong> Gi\u1ea3m thi\u1ec3u s\u1ef1 c\u1ed1 h\u1ecfng h\u00f3c v\u00e0 nhu c\u1ea7u b\u1ea3o tr\u00ec, ti\u1ebft ki\u1ec7m chi ph\u00ed cho doanh nghi\u1ec7p.<\/li>\n<li data-sourcepos=\"36:1-37:0\"><strong>B\u1ea3o v\u1ec7 m\u00f4i tr\u01b0\u1eddng:<\/strong> S\u1ea3n ph\u1ea9m th\u00e2n thi\u1ec7n v\u1edbi m\u00f4i tr\u01b0\u1eddng, \u0111\u00e1p \u1ee9ng c\u00e1c ti\u00eau chu\u1ea9n m\u00f4i tr\u01b0\u1eddng qu\u1ed1c t\u1ebf.<\/li>\n<\/ul>\n<\/div>\n","protected":false},"excerpt":{"rendered":"<p><strong>T\u00ean sa\u0309n ph\u00e2\u0309m:\u00a0D\u1ea7u Mobil Velocite No 10<\/strong><\/p>\n","protected":false},"featured_media":8628,"comment_status":"closed","ping_status":"closed","template":"","meta":[],"product_brand":[],"product_cat":[165],"product_tag":[],"class_list":{"0":"post-8627","1":"product","2":"type-product","3":"status-publish","4":"has-post-thumbnail","6":"product_cat-mobil","8":"first","9":"instock","10":"shipping-taxable","11":"product-type-simple"},"_links":{"self":[{"href":"https:\/\/yenhung.com\/index.php?rest_route=\/wp\/v2\/product\/8627","targetHints":{"allow":["GET"]}}],"collection":[{"href":"https:\/\/yenhung.com\/index.php?rest_route=\/wp\/v2\/product"}],"about":[{"href":"https:\/\/yenhung.com\/index.php?rest_route=\/wp\/v2\/types\/product"}],"replies":[{"embeddable":true,"href":"https:\/\/yenhung.com\/index.php?rest_route=%2Fwp%2Fv2%2Fcomments&post=8627"}],"wp:featuredmedia":[{"embeddable":true,"href":"https:\/\/yenhung.com\/index.php?rest_route=\/wp\/v2\/media\/8628"}],"wp:attachment":[{"href":"https:\/\/yenhung.com\/index.php?rest_route=%2Fwp%2Fv2%2Fmedia&parent=8627"}],"wp:term":[{"taxonomy":"product_brand","embeddable":true,"href":"https:\/\/yenhung.com\/index.php?rest_route=%2Fwp%2Fv2%2Fproduct_brand&post=8627"},{"taxonomy":"product_cat","embeddable":true,"href":"https:\/\/yenhung.com\/index.php?rest_route=%2Fwp%2Fv2%2Fproduct_cat&post=8627"},{"taxonomy":"product_tag","embeddable":true,"href":"https:\/\/yenhung.com\/index.php?rest_route=%2Fwp%2Fv2%2Fproduct_tag&post=8627"}],"curies":[{"name":"wp","href":"https:\/\/api.w.org\/{rel}","templated":true}]}}