{"id":8642,"date":"2025-11-10T08:44:21","date_gmt":"2025-11-10T08:44:21","guid":{"rendered":"https:\/\/yenhung.com\/?product=mo-mobil-grease-xhp-222-40tuyp-390g-thung"},"modified":"2026-02-07T01:58:59","modified_gmt":"2026-02-07T01:58:59","slug":"mo-mobil-grease-xhp-222-40tuyp-390g-thung","status":"publish","type":"product","link":"https:\/\/yenhung.com\/?product=mo-mobil-grease-xhp-222-40tuyp-390g-thung","title":{"rendered":"M\u1ee0 &#8211; MOBIL GREASE XHP 222 (40*tu\u00fdp 390g\/th\u00f9ng)"},"content":{"rendered":"<div class=\"ba-text-fpt\">\n<h2 data-sourcepos=\"1:1-1:64\"><strong>Mobilgrease XHP 222: M\u1ee1 b\u00f4i tr\u01a1n \u0111a n\u0103ng, hi\u1ec7u su\u1ea5t v\u01b0\u1ee3t tr\u1ed9i<\/strong><\/h2>\n<p><img decoding=\"async\" title=\"mobilgrease-xhp-222-tuy-p-jpeg-2\" src=\"https:\/\/yenhung.com\/wp-content\/uploads\/2025\/11\/mobilgrease-xhp-222-tuy-p-jpeg-2.jpg\" alt=\"MOBILGREASE XHP 222 390GR\" data-thumb=\"large\" \/><\/p>\n<p data-sourcepos=\"3:1-3:19\"><strong>Mobilgrease XHP 222<\/strong> l\u00e0 m\u1ee1 b\u00f4i tr\u01a1n \u0111a n\u0103ng, ch\u1ecbu t\u1ea3i n\u1eb7ng, \u0111\u01b0\u1ee3c s\u1ea3n xu\u1ea5t b\u1edfi ExxonMobil &#8211; t\u1eadp \u0111o\u00e0n d\u1ea7u kh\u00ed h\u00e0ng \u0111\u1ea7u th\u1ebf gi\u1edbi. S\u1ea3n ph\u1ea9m \u0111\u01b0\u1ee3c tin d\u00f9ng r\u1ed9ng r\u00e3i trong nhi\u1ec1u ng\u00e0nh c\u00f4ng nghi\u1ec7p kh\u00e1c nhau nh\u1edd hi\u1ec7u su\u1ea5t v\u01b0\u1ee3t tr\u1ed9i v\u00e0 kh\u1ea3 n\u0103ng b\u1ea3o v\u1ec7 t\u1ed1i \u01b0u.<\/p>\n<h2 data-sourcepos=\"5:1-5:17\"><strong>\u01afu \u0111i\u1ec3m n\u1ed5i b\u1eadt:<\/strong><\/h2>\n<p><img decoding=\"async\" title=\"mobilgrease-xhp-222-tuy-p-1-jpeg-1\" src=\"https:\/\/yenhung.com\/wp-content\/uploads\/2025\/11\/mobilgrease-xhp-222-tuy-p-1-jpeg-1.jpg\" alt=\"MOBILGREASE XHP 222 390GR\" data-thumb=\"large\" \/><\/p>\n<ul data-sourcepos=\"7:1-7:109\">\n<li data-sourcepos=\"7:1-7:109\"><strong>Kh\u1ea3 n\u0103ng ch\u1ecbu t\u1ea3i n\u1eb7ng:<\/strong> Ch\u1ecbu \u0111\u01b0\u1ee3c t\u1ea3i tr\u1ecdng cao v\u00e0 rung \u0111\u1ed9ng m\u1ea1nh, b\u1ea3o v\u1ec7 hi\u1ec7u qu\u1ea3 c\u00e1c chi ti\u1ebft m\u00e1y m\u00f3c trong \u0111i\u1ec1u ki\u1ec7n v\u1eadn h\u00e0nh kh\u1eafc nghi\u1ec7t.<\/li>\n<li data-sourcepos=\"8:1-8:127\"><strong>Kh\u1ea3 n\u0103ng ch\u1ed1ng n\u01b0\u1edbc:<\/strong> Ch\u1ed1ng th\u1ea5m n\u01b0\u1edbc t\u1ed1t, b\u1ea3o v\u1ec7 c\u00e1c chi ti\u1ebft kh\u1ecfi s\u1ef1 r\u1ec9 s\u00e9t v\u00e0 \u0103n m\u00f2n do t\u00e1c \u0111\u1ed9ng c\u1ee7a m\u00f4i tr\u01b0\u1eddng \u1ea9m \u01b0\u1edbt.<\/li>\n<li data-sourcepos=\"9:1-9:145\"><strong>Kh\u1ea3 n\u0103ng ch\u1ecbu nhi\u1ec7t \u0111\u1ed9 cao:<\/strong> Ho\u1ea1t \u0111\u1ed9ng \u1ed5n \u0111\u1ecbnh trong ph\u1ea1m vi nhi\u1ec7t \u0111\u1ed9 r\u1ed9ng t\u1eeb -30\u00b0C \u0111\u1ebfn 180\u00b0C, th\u00edch h\u1ee3p cho nhi\u1ec1u lo\u1ea1i m\u00e1y m\u00f3c v\u00e0 thi\u1ebft b\u1ecb.<\/li>\n<li data-sourcepos=\"10:1-10:95\"><strong>Kh\u1ea3 n\u0103ng b\u00f4i tr\u01a1n t\u1ed1t:<\/strong> Gi\u1ea3m ma s\u00e1t v\u00e0 hao m\u00f2n, k\u00e9o d\u00e0i tu\u1ed5i th\u1ecd cho c\u00e1c chi ti\u1ebft m\u00e1y m\u00f3c.<\/li>\n<li data-sourcepos=\"11:1-11:7\"><strong>Kh\u1ea3 n\u0103ng b\u1ea3o v\u1ec7 ch\u1ed1ng oxy h\u00f3a:<\/strong> B\u1ea3o v\u1ec7 c\u00e1c chi ti\u1ebft kim lo\u1ea1i kh\u1ecfi s\u1ef1 oxy h\u00f3a v\u00e0 \u0103n m\u00f2n, gi\u00fap k\u00e9o d\u00e0i tu\u1ed5i th\u1ecd cho m\u00e1y m\u00f3c.<\/li>\n<li data-sourcepos=\"12:1-13:0\"><strong>\u0110\u1ed9 \u1ed5n \u0111\u1ecbnh c\u01a1 h\u1ecdc cao:<\/strong> Ch\u1ed1ng l\u1ea1i s\u1ef1 ph\u00e2n h\u1ee7y v\u00e0 bi\u1ebfn d\u1ea1ng trong qu\u00e1 tr\u00ecnh s\u1eed d\u1ee5ng, \u0111\u1ea3m b\u1ea3o hi\u1ec7u qu\u1ea3 b\u00f4i tr\u01a1n l\u00e2u d\u00e0i.<\/li>\n<\/ul>\n<h2 data-sourcepos=\"14:1-14:13\"><strong>\u1ee8ng d\u1ee5ng:<\/strong><\/h2>\n<p><img decoding=\"async\" title=\"mobilgrease-xhp-222-tuy-p-2-jpeg-1\" src=\"https:\/\/yenhung.com\/wp-content\/uploads\/2025\/11\/mobilgrease-xhp-222-tuy-p-2-jpeg-1.jpg\" alt=\"MOBILGREASE XHP 222 390GR\" data-thumb=\"large\" \/><\/p>\n<ul data-sourcepos=\"16:1-20:0\">\n<li data-sourcepos=\"16:1-16:159\"><strong>M\u00e1y m\u00f3c c\u00f4ng nghi\u1ec7p:<\/strong> S\u1eed d\u1ee5ng cho c\u00e1c \u1ed5 tr\u1ee5c, kh\u1edbp n\u1ed1i, b\u00e1nh r\u0103ng, v\u00f2ng bi,&#8230; trong c\u00e1c ng\u00e0nh c\u00f4ng nghi\u1ec7p nh\u01b0 s\u1ea3n xu\u1ea5t, ch\u1ebf bi\u1ebfn, khai th\u00e1c, x\u00e2y d\u1ef1ng,&#8230;<\/li>\n<li data-sourcepos=\"17:1-17:113\"><strong>Xe c\u1ed9:<\/strong> S\u1eed d\u1ee5ng cho c\u00e1c \u1ed5 tr\u1ee5c b\u00e1nh xe, kh\u1edbp n\u1ed1i l\u00e1i, tr\u1ee5c truy\u1ec1n \u0111\u1ed9ng,&#8230; trong xe \u00f4 t\u00f4, xe t\u1ea3i, xe m\u00e1y,&#8230;<\/li>\n<li data-sourcepos=\"18:1-18:102\"><strong>N\u00f4ng nghi\u1ec7p:<\/strong> S\u1eed d\u1ee5ng cho m\u00e1y m\u00f3c v\u00e0 thi\u1ebft b\u1ecb n\u00f4ng nghi\u1ec7p nh\u01b0 m\u00e1y c\u00e0y, m\u00e1y b\u1eeba, m\u00e1y thu ho\u1ea1ch,&#8230;<\/li>\n<li data-sourcepos=\"19:1-20:0\"><strong>H\u1ea3i qu\u00e2n:<\/strong> S\u1eed d\u1ee5ng cho c\u00e1c thi\u1ebft b\u1ecb v\u00e0 h\u1ec7 th\u1ed1ng tr\u00ean t\u00e0u thuy\u1ec1n.<\/li>\n<\/ul>\n<h2 data-sourcepos=\"21:1-21:22\"><strong>Th\u00f4ng s\u1ed1 k\u1ef9 thu\u1eadt:<\/strong><\/h2>\n<ul data-sourcepos=\"23:1-24:19\">\n<li data-sourcepos=\"23:1-23:21\"><strong>\u0110\u1ed9 nh\u1edbt:<\/strong> NLGI 2<\/li>\n<li data-sourcepos=\"24:1-24:19\"><strong>Lo\u1ea1i d\u1ea7u g\u1ed1c:<\/strong> D\u1ea7u kho\u00e1ng cao c\u1ea5p<\/li>\n<li data-sourcepos=\"25:1-25:27\"><strong>Ch\u1ea5t l\u00e0m \u0111\u1eb7c:<\/strong> Lithium<\/li>\n<li data-sourcepos=\"26:1-26:26\"><strong>\u0110i\u1ec3m nh\u1ecf gi\u1ecdt:<\/strong> 260\u00b0C<\/li>\n<li data-sourcepos=\"27:1-27:41\"><strong>Nhi\u1ec7t \u0111\u1ed9 ho\u1ea1t \u0111\u1ed9ng:<\/strong> -30\u00b0C \u0111\u1ebfn 180\u00b0C<\/li>\n<li data-sourcepos=\"28:1-28:29\"><strong>Th\u01b0\u01a1ng hi\u1ec7u:<\/strong> ExxonMobil<\/li>\n<li data-sourcepos=\"29:1-30:0\"><strong>M\u00e3 s\u1ea3n ph\u1ea9m:<\/strong> Mobilgrease XHP 222<\/li>\n<\/ul>\n<h2 data-sourcepos=\"31:1-31:10\"><strong>L\u01b0u \u00fd:<\/strong><\/h2>\n<ul data-sourcepos=\"33:1-36:0\">\n<li data-sourcepos=\"33:1-33:51\">Tham kh\u1ea3o k\u1ef9 h\u01b0\u1edbng d\u1eabn s\u1eed d\u1ee5ng tr\u01b0\u1edbc khi s\u1eed d\u1ee5ng.<\/li>\n<li data-sourcepos=\"34:1-34:47\">Kh\u00f4ng tr\u1ed9n l\u1eabn v\u1edbi c\u00e1c lo\u1ea1i m\u1ee1 b\u00f4i tr\u01a1n kh\u00e1c.<\/li>\n<li data-sourcepos=\"35:1-36:0\">B\u1ea3o qu\u1ea3n s\u1ea3n ph\u1ea9m \u1edf n\u01a1i kh\u00f4 r\u00e1o, tho\u00e1ng m\u00e1t.<\/li>\n<\/ul>\n<\/div>\n","protected":false},"excerpt":{"rendered":"<p><strong>T\u00ean sa\u0309n ph\u00e2\u0309m:<\/strong>\u00a0Mobilgrease XHP 222 special<\/p>\n","protected":false},"featured_media":8643,"comment_status":"closed","ping_status":"closed","template":"","meta":[],"product_brand":[],"product_cat":[165],"product_tag":[],"class_list":{"0":"post-8642","1":"product","2":"type-product","3":"status-publish","4":"has-post-thumbnail","6":"product_cat-mobil","8":"first","9":"instock","10":"shipping-taxable","11":"product-type-simple"},"_links":{"self":[{"href":"https:\/\/yenhung.com\/index.php?rest_route=\/wp\/v2\/product\/8642","targetHints":{"allow":["GET"]}}],"collection":[{"href":"https:\/\/yenhung.com\/index.php?rest_route=\/wp\/v2\/product"}],"about":[{"href":"https:\/\/yenhung.com\/index.php?rest_route=\/wp\/v2\/types\/product"}],"replies":[{"embeddable":true,"href":"https:\/\/yenhung.com\/index.php?rest_route=%2Fwp%2Fv2%2Fcomments&post=8642"}],"wp:featuredmedia":[{"embeddable":true,"href":"https:\/\/yenhung.com\/index.php?rest_route=\/wp\/v2\/media\/8643"}],"wp:attachment":[{"href":"https:\/\/yenhung.com\/index.php?rest_route=%2Fwp%2Fv2%2Fmedia&parent=8642"}],"wp:term":[{"taxonomy":"product_brand","embeddable":true,"href":"https:\/\/yenhung.com\/index.php?rest_route=%2Fwp%2Fv2%2Fproduct_brand&post=8642"},{"taxonomy":"product_cat","embeddable":true,"href":"https:\/\/yenhung.com\/index.php?rest_route=%2Fwp%2Fv2%2Fproduct_cat&post=8642"},{"taxonomy":"product_tag","embeddable":true,"href":"https:\/\/yenhung.com\/index.php?rest_route=%2Fwp%2Fv2%2Fproduct_tag&post=8642"}],"curies":[{"name":"wp","href":"https:\/\/api.w.org\/{rel}","templated":true}]}}