{"id":8658,"date":"2025-11-10T08:44:34","date_gmt":"2025-11-10T08:44:34","guid":{"rendered":"https:\/\/yenhung.com\/?product=dau-mobil-vacuoline-1405-20l"},"modified":"2026-02-07T01:57:38","modified_gmt":"2026-02-07T01:57:38","slug":"dau-mobil-vacuoline-1405-20l","status":"publish","type":"product","link":"https:\/\/yenhung.com\/?product=dau-mobil-vacuoline-1405-20l","title":{"rendered":"D\u1ea6U &#8211; MOBIL VACUOLINE 1405 &#8211; 20L"},"content":{"rendered":"<div class=\"ba-text-fpt\">\n<h2 data-sourcepos=\"1:1-1:92\"><strong>Mobil Vacuoline 1405 20L\/X\u00f4: D\u1ea7u B\u00f4i Tr\u01a1n Cao C\u1ea5p Cho M\u00e1y N\u00e9n Kh\u00ed &amp; H\u1ec7 Th\u1ed1ng Th\u1ee7y L\u1ef1c<\/strong><\/h2>\n<p><img decoding=\"async\" title=\"mobil-vacuoline-1405-20l-a-1750324384681-1\" src=\"https:\/\/yenhung.com\/wp-content\/uploads\/2025\/11\/mobil-vacuoline-1405-20l-a-1750324384681-1.jpg\" alt=\"MOBIL VACUOLINE 1405 20L\/x\u00f4\" data-thumb=\"large\" \/><\/p>\n<p data-sourcepos=\"3:1-3:310\"><strong>Mobil Vacuoline 1405<\/strong> l\u00e0 d\u1ea7u b\u00f4i tr\u01a1n hi\u1ec7u su\u1ea5t cao \u0111\u01b0\u1ee3c thi\u1ebft k\u1ebf \u0111\u1eb7c bi\u1ec7t \u0111\u1ec3 \u0111\u00e1p \u1ee9ng nhu c\u1ea7u c\u1ee7a m\u00e1y c\u00f4ng c\u1ee5 s\u1eed d\u1ee5ng m\u1ed9t lo\u1ea1i d\u1ea7u cho c\u1ea3 h\u1ec7 th\u1ed1ng th\u1ee7y l\u1ef1c v\u00e0 b\u00f4i tr\u01a1n \u0111\u01b0\u1eddng \u0111i. S\u1ea3n ph\u1ea9m \u0111\u01b0\u1ee3c s\u1ea3n xu\u1ea5t b\u1edfi ExxonMobil &#8211; th\u01b0\u01a1ng hi\u1ec7u d\u1ea7u nh\u1edbt uy t\u00edn h\u00e0ng \u0111\u1ea7u th\u1ebf gi\u1edbi, \u0111\u1ea3m b\u1ea3o ch\u1ea5t l\u01b0\u1ee3ng v\u00e0 \u0111\u1ed9 b\u1ec1n b\u1ec9 v\u01b0\u1ee3t tr\u1ed9i.<\/p>\n<h2 data-sourcepos=\"5:1-5:9\"><strong>\u01afu \u0111i\u1ec3m n\u1ed5i b\u1eadt:<\/strong><\/h2>\n<p><img decoding=\"async\" title=\"mobil-vacuoline-1405-20l-b-1750324384055-1\" src=\"https:\/\/yenhung.com\/wp-content\/uploads\/2025\/11\/mobil-vacuoline-1405-20l-b-1750324384055-1.jpg\" alt=\"MOBIL VACUOLINE 1405 20L\/x\u00f4\" data-thumb=\"large\" \/><\/p>\n<ul data-sourcepos=\"7:1-9:43\">\n<li data-sourcepos=\"7:1-7:122\"><strong>Hi\u1ec7u su\u1ea5t b\u00f4i tr\u01a1n tuy\u1ec7t v\u1eddi:<\/strong> Gi\u1ea3m thi\u1ec3u ma s\u00e1t v\u00e0 m\u00e0i m\u00f2n, b\u1ea3o v\u1ec7 c\u00e1c b\u1ed9 ph\u1eadn m\u00e1y m\u00f3c ho\u1ea1t \u0111\u1ed9ng tr\u01a1n tru v\u00e0 b\u1ec1n b\u1ec9.<\/li>\n<li data-sourcepos=\"8:1-8:140\"><strong>Kh\u1ea3 n\u0103ng ch\u1ed1ng oxy h\u00f3a v\u00e0 nhi\u1ec7t cao:<\/strong> Ch\u1ed1ng l\u1ea1i s\u1ef1 ph\u00e2n h\u1ee7y v\u00e0 h\u00ecnh th\u00e0nh c\u1eb7n b\u1ea9n \u1edf nhi\u1ec7t \u0111\u1ed9 cao, k\u00e9o d\u00e0i tu\u1ed5i th\u1ecd c\u1ee7a d\u1ea7u v\u00e0 h\u1ec7 th\u1ed1ng.<\/li>\n<li data-sourcepos=\"9:1-9:43\"><strong>Kh\u1ea3 n\u0103ng ch\u1ed1ng n\u01b0\u1edbc t\u1ed1t:<\/strong> Ng\u0103n ng\u1eeba s\u1ef1 x\u00e2m nh\u1eadp c\u1ee7a n\u01b0\u1edbc, b\u1ea3o v\u1ec7 c\u00e1c b\u1ed9 ph\u1eadn kim lo\u1ea1i kh\u1ecfi r\u1ec9 s\u00e9t v\u00e0 \u0103n m\u00f2n.<\/li>\n<li data-sourcepos=\"10:1-10:114\"><strong>\u0110\u1ed9 b\u00e1m d\u00ednh cao:<\/strong> Gi\u1eef d\u1ea7u b\u00f4i tr\u01a1n tr\u00ean b\u1ec1 m\u1eb7t kim lo\u1ea1i, ngay c\u1ea3 trong \u0111i\u1ec1u ki\u1ec7n rung \u0111\u1ed9ng v\u00e0 t\u1ea3i tr\u1ecdng n\u1eb7ng.<\/li>\n<li data-sourcepos=\"11:1-12:0\"><strong>T\u00ednh t\u01b0\u01a1ng th\u00edch \u0111a kim lo\u1ea1i:<\/strong> T\u01b0\u01a1ng th\u00edch v\u1edbi nhi\u1ec1u lo\u1ea1i kim lo\u1ea1i kh\u00e1c nhau, an to\u00e0n cho h\u1ec7 th\u1ed1ng.<\/li>\n<\/ul>\n<h2 data-sourcepos=\"13:1-13:13\"><strong>\u1ee8ng d\u1ee5ng:<\/strong><\/h2>\n<p><img decoding=\"async\" title=\"mobil-vacuoline-1405-20l-c-jpeg-1750324383487-1\" src=\"https:\/\/yenhung.com\/wp-content\/uploads\/2025\/11\/mobil-vacuoline-1405-20l-c-jpeg-1750324383487-1.jpg\" alt=\"MOBIL VACUOLINE 1405 20L\/x\u00f4\" data-thumb=\"large\" \/><\/p>\n<ul data-sourcepos=\"15:1-19:0\">\n<li data-sourcepos=\"15:1-15:73\"><strong>M\u00e1y n\u00e9n kh\u00ed:<\/strong> B\u00f4i tr\u01a1n c\u00e1c \u1ed5 tr\u1ee5c, van v\u00e0 v\u00f2ng bi trong m\u00e1y n\u00e9n kh\u00ed.<\/li>\n<li data-sourcepos=\"16:1-16:91\"><strong>H\u1ec7 th\u1ed1ng th\u1ee7y l\u1ef1c:<\/strong> B\u00f4i tr\u01a1n c\u00e1c b\u01a1m th\u1ee7y l\u1ef1c, van v\u00e0 xy lanh trong h\u1ec7 th\u1ed1ng th\u1ee7y l\u1ef1c.<\/li>\n<li data-sourcepos=\"17:1-17:87\"><strong>M\u00e1y c\u00f4ng c\u1ee5:<\/strong> B\u00f4i tr\u01a1n c\u00e1c \u0111\u01b0\u1eddng d\u1eabn h\u01b0\u1edbng, \u1ed5 tr\u1ee5c v\u00e0 b\u00e1nh r\u0103ng trong m\u00e1y c\u00f4ng c\u1ee5.<\/li>\n<li data-sourcepos=\"18:1-19:0\"><strong>H\u1ec7 th\u1ed1ng truy\u1ec1n \u0111\u1ed9ng:<\/strong> B\u00f4i tr\u01a1n c\u00e1c h\u1ed9p s\u1ed1, b\u1ed9 vi sai v\u00e0 \u1ed5 tr\u1ee5c b\u00e1nh xe trong h\u1ec7 th\u1ed1ng truy\u1ec1n \u0111\u1ed9ng.<\/li>\n<\/ul>\n<p data-sourcepos=\"20:1-20:22\"><strong>Th\u00f4ng s\u1ed1 k\u1ef9 thu\u1eadt:<\/strong><\/p>\n<ul data-sourcepos=\"22:1-23:27\">\n<li data-sourcepos=\"22:1-22:25\"><strong>\u0110\u1ed9 nh\u1edbt:<\/strong> ISO VG 140<\/li>\n<li data-sourcepos=\"23:1-23:27\"><strong>C\u1ea5p hi\u1ec7u su\u1ea5t:<\/strong> DIN 51524 HLP<\/li>\n<li data-sourcepos=\"24:1-24:27\"><strong>Ti\u00eau chu\u1ea9n:<\/strong> ISO 11086<\/li>\n<li data-sourcepos=\"25:1-25:22\"><strong>Th\u1ec3 t\u00edch:<\/strong> 20L\/x\u00f4<\/li>\n<li data-sourcepos=\"26:1-26:29\"><strong>Th\u01b0\u01a1ng hi\u1ec7u:<\/strong> ExxonMobil<\/li>\n<li data-sourcepos=\"27:1-28:0\"><strong>M\u00e3 s\u1ea3n ph\u1ea9m:<\/strong> 142772<\/li>\n<\/ul>\n<p data-sourcepos=\"29:1-29:10\"><strong>L\u01b0u \u00fd:<\/strong><\/p>\n<ul data-sourcepos=\"31:1-34:0\">\n<li data-sourcepos=\"31:1-31:51\">Tham kh\u1ea3o k\u1ef9 h\u01b0\u1edbng d\u1eabn s\u1eed d\u1ee5ng tr\u01b0\u1edbc khi s\u1eed d\u1ee5ng.<\/li>\n<li data-sourcepos=\"32:1-32:41\">Tr\u00e1nh ti\u1ebfp x\u00fac tr\u1ef1c ti\u1ebfp v\u1edbi da v\u00e0 m\u1eaft.<\/li>\n<li data-sourcepos=\"33:1-34:0\">B\u1ea3o qu\u1ea3n s\u1ea3n ph\u1ea9m n\u01a1i kh\u00f4 r\u00e1o, tho\u00e1ng m\u00e1t.<\/li>\n<\/ul>\n<p data-sourcepos=\"35:1-35:260\"><strong>Mobil Vacuoline 1405 20L\/X\u00f4<\/strong> l\u00e0 l\u1ef1a ch\u1ecdn ho\u00e0n h\u1ea3o cho vi\u1ec7c b\u1ea3o v\u1ec7 v\u00e0 b\u00f4i tr\u01a1n hi\u1ec7u qu\u1ea3 cho m\u00e1y n\u00e9n kh\u00ed, h\u1ec7 th\u1ed1ng th\u1ee7y l\u1ef1c v\u00e0 c\u00e1c lo\u1ea1i m\u00e1y m\u00f3c c\u00f4ng nghi\u1ec7p kh\u00e1c. H\u00e3y s\u1eed d\u1ee5ng s\u1ea3n ph\u1ea9m \u0111\u1ec3 \u0111\u1ea3m b\u1ea3o m\u00e1y m\u00f3c ho\u1ea1t \u0111\u1ed9ng tr\u01a1n tru, b\u1ec1n b\u1ec9 v\u00e0 ti\u1ebft ki\u1ec7m chi ph\u00ed s\u1eeda ch\u1eefa<\/p>\n<\/div>\n","protected":false},"excerpt":{"rendered":"<p><strong>T\u00ean sa\u0309n ph\u00e2\u0309m: MOBIL VACUOLINE 1405 20L\/x\u00f4<\/strong><\/p>\n","protected":false},"featured_media":8659,"comment_status":"closed","ping_status":"closed","template":"","meta":[],"product_brand":[],"product_cat":[165],"product_tag":[],"class_list":{"0":"post-8658","1":"product","2":"type-product","3":"status-publish","4":"has-post-thumbnail","6":"product_cat-mobil","8":"first","9":"instock","10":"shipping-taxable","11":"product-type-simple"},"_links":{"self":[{"href":"https:\/\/yenhung.com\/index.php?rest_route=\/wp\/v2\/product\/8658","targetHints":{"allow":["GET"]}}],"collection":[{"href":"https:\/\/yenhung.com\/index.php?rest_route=\/wp\/v2\/product"}],"about":[{"href":"https:\/\/yenhung.com\/index.php?rest_route=\/wp\/v2\/types\/product"}],"replies":[{"embeddable":true,"href":"https:\/\/yenhung.com\/index.php?rest_route=%2Fwp%2Fv2%2Fcomments&post=8658"}],"wp:featuredmedia":[{"embeddable":true,"href":"https:\/\/yenhung.com\/index.php?rest_route=\/wp\/v2\/media\/8659"}],"wp:attachment":[{"href":"https:\/\/yenhung.com\/index.php?rest_route=%2Fwp%2Fv2%2Fmedia&parent=8658"}],"wp:term":[{"taxonomy":"product_brand","embeddable":true,"href":"https:\/\/yenhung.com\/index.php?rest_route=%2Fwp%2Fv2%2Fproduct_brand&post=8658"},{"taxonomy":"product_cat","embeddable":true,"href":"https:\/\/yenhung.com\/index.php?rest_route=%2Fwp%2Fv2%2Fproduct_cat&post=8658"},{"taxonomy":"product_tag","embeddable":true,"href":"https:\/\/yenhung.com\/index.php?rest_route=%2Fwp%2Fv2%2Fproduct_tag&post=8658"}],"curies":[{"name":"wp","href":"https:\/\/api.w.org\/{rel}","templated":true}]}}