{"id":8675,"date":"2025-11-10T08:56:39","date_gmt":"2025-11-10T08:56:39","guid":{"rendered":"https:\/\/yenhung.com\/?product=mo-renolit-fm-hd-2_-18kg-thung"},"modified":"2026-02-07T01:56:18","modified_gmt":"2026-02-07T01:56:18","slug":"mo-renolit-fm-hd-2_-18kg-thung","status":"publish","type":"product","link":"https:\/\/yenhung.com\/?product=mo-renolit-fm-hd-2_-18kg-thung","title":{"rendered":"M\u1ee1 RENOLIT FM HD 2_ 18kg\/Th\u00f9ng"},"content":{"rendered":"<div class=\"ba-text-fpt\">\n<h2 data-sourcepos=\"1:1-1:249\"><strong>M\u1ee1 RENOLIT FM HD 2_ 18kg\/Th\u00f9ng<\/strong><\/h2>\n<p data-sourcepos=\"1:1-1:249\"><strong>M\u1ee1 RENOLIT FM HD 2<\/strong> c\u1ee7a h\u00e3ng <strong>FUCHS (\u0110\u1ee9c)<\/strong>, v\u1edbi quy c\u00e1ch \u0111\u00f3ng g\u00f3i <strong>18kg<\/strong>. \u0110\u00e2y l\u00e0 m\u1ed9t lo\u1ea1i m\u1ee1 b\u00f4i tr\u01a1n b\u00e1n t\u1ed5ng h\u1ee3p \u0111\u1eb7c bi\u1ec7t, \u0111\u01b0\u1ee3c thi\u1ebft k\u1ebf chuy\u00ean bi\u1ec7t cho c\u00e1c thi\u1ebft b\u1ecb trong ng\u00e0nh c\u00f4ng nghi\u1ec7p <strong>ch\u1ebf bi\u1ebfn th\u1ef1c ph\u1ea9m v\u00e0 \u0111\u1ed3 u\u1ed1ng<\/strong>.<\/p>\n<p data-sourcepos=\"1:1-1:249\"><img decoding=\"async\" title=\"mo-renolit-fm-hd-2-18kg-4-1\" src=\"https:\/\/yenhung.com\/wp-content\/uploads\/2025\/11\/mo-renolit-fm-hd-2-18kg-4-1.jpg\" alt=\"M\u1ee1 RENOLIT FM HD 2_ 18kg\" data-thumb=\"large\" \/><\/p>\n<p data-sourcepos=\"3:1-3:161\">RENOLIT FM HD 2 th\u01b0\u1eddng \u0111\u01b0\u1ee3c bi\u1ebft \u0111\u1ebfn v\u1edbi t\u00ean <strong>Cassida FM Grease HD 2<\/strong> trong d\u00f2ng s\u1ea3n ph\u1ea9m an to\u00e0n th\u1ef1c ph\u1ea9m c\u1ee7a FUCHS, m\u1eb7c d\u00f9 n\u00f3 v\u1eabn thu\u1ed9c danh m\u1ee5c m\u1ee1 RENOLIT.<\/p>\n<h3 data-sourcepos=\"7:1-7:71\">\u0110\u1eb7c \u0111i\u1ec3m n\u1ed5i b\u1eadt c\u1ee7a M\u1ee1 RENOLIT FM HD 2 (Cassida FM Grease HD 2)<\/h3>\n<p data-sourcepos=\"9:1-9:117\">M\u1ee1 RENOLIT FM HD 2 (hay Cassida FM Grease HD 2) n\u1ed5i b\u1eadt v\u1edbi c\u00e1c t\u00ednh n\u0103ng chuy\u00ean bi\u1ec7t cho ng\u00e0nh th\u1ef1c ph\u1ea9m v\u00e0 \u0111\u1ed3 u\u1ed1ng:<\/p>\n<p data-sourcepos=\"9:1-9:117\"><img decoding=\"async\" title=\"mo-renolit-fm-hd-2-18kg-3-1\" src=\"https:\/\/yenhung.com\/wp-content\/uploads\/2025\/11\/mo-renolit-fm-hd-2-18kg-3-1.jpg\" alt=\"M\u1ee1 RENOLIT FM HD 2_ 18kg\" data-thumb=\"large\" \/><\/p>\n<ul data-sourcepos=\"11:1-21:0\">\n<li data-sourcepos=\"11:1-11:373\"><strong>\u0110\u1ea1t chu\u1ea9n an to\u00e0n th\u1ef1c ph\u1ea9m NSF H1:<\/strong> \u0110\u00e2y l\u00e0 \u0111\u1eb7c \u0111i\u1ec3m quan tr\u1ecdng nh\u1ea5t. S\u1ea3n ph\u1ea9m \u0111\u01b0\u1ee3c NSF \u0111\u0103ng k\u00fd l\u00e0 d\u1ea7u b\u00f4i tr\u01a1n H1, c\u00f3 ngh\u0129a l\u00e0 n\u00f3 an to\u00e0n cho c\u00e1c \u1ee9ng d\u1ee5ng c\u00f3 kh\u1ea3 n\u0103ng ti\u1ebfp x\u00fac ng\u1eabu nhi\u00ean v\u1edbi th\u1ef1c ph\u1ea9m. N\u00f3 c\u0169ng tu\u00e2n th\u1ee7 c\u00e1c ch\u1ee9ng nh\u1eadn qu\u1ed1c t\u1ebf kh\u00e1c nh\u01b0 <strong>Kosher<\/strong> v\u00e0 <strong>Halal<\/strong>, v\u00e0 \u0111\u01b0\u1ee3c s\u1ea3n xu\u1ea5t t\u1ea1i c\u00e1c c\u01a1 s\u1edf tu\u00e2n th\u1ee7 HACCP v\u00e0 ISO 21469, \u0111\u1ea3m b\u1ea3o an to\u00e0n v\u1ec7 sinh t\u1ed1i \u0111a.<\/li>\n<li data-sourcepos=\"12:1-12:128\"><strong>Ch\u1ea5t l\u00e0m \u0111\u1eb7c ph\u1ee9c nh\u00f4m v\u00e0 d\u1ea7u g\u1ed1c b\u00e1n t\u1ed5ng h\u1ee3p:<\/strong> C\u1ea5u tr\u00fac n\u00e0y mang l\u1ea1i hi\u1ec7u su\u1ea5t b\u00f4i tr\u01a1n \u1ed5n \u0111\u1ecbnh v\u00e0 kh\u1ea3 n\u0103ng ch\u1ecbu t\u1ea3i t\u1ed1t.<\/li>\n<li data-sourcepos=\"13:1-13:128\"><strong>\u0110\u1ed9 \u0111\u1eb7c NLGI 2:<\/strong> \u0110\u00e2y l\u00e0 \u0111\u1ed9 \u0111\u1eb7c ph\u1ed5 bi\u1ebfn, ph\u00f9 h\u1ee3p cho nhi\u1ec1u \u1ee9ng d\u1ee5ng b\u00f4i tr\u01a1n t\u1ed5ng qu\u00e1t, \u0111\u1ea3m b\u1ea3o m\u1ee1 d\u1ec5 d\u00e0ng b\u01a1m v\u00e0 ph\u00e2n ph\u1ed1i.<\/li>\n<li data-sourcepos=\"14:1-14:184\"><strong>Kh\u00e1ng n\u01b0\u1edbc n\u00f3ng v\u00e0 l\u1ea1nh c\u1ef1c t\u1ed1t:<\/strong> M\u1ee1 c\u00f3 kh\u1ea3 n\u0103ng ch\u1ed1ng r\u1eeda tr\u00f4i b\u1edfi n\u01b0\u1edbc tuy\u1ec7t v\u1eddi, r\u1ea5t quan tr\u1ecdng trong m\u00f4i tr\u01b0\u1eddng s\u1ea3n xu\u1ea5t th\u1ef1c ph\u1ea9m th\u01b0\u1eddng xuy\u00ean c\u00f3 ho\u1ea1t \u0111\u1ed9ng v\u1ec7 sinh b\u1eb1ng n\u01b0\u1edbc.<\/li>\n<li data-sourcepos=\"15:1-15:197\"><strong>\u0110\u1ed9 \u1ed5n \u0111\u1ecbnh c\u01a1 h\u1ecdc v\u00e0 oxy h\u00f3a cao:<\/strong> Duy tr\u00ec c\u1ea5u tr\u00fac v\u00e0 t\u00ednh ch\u1ea5t b\u00f4i tr\u01a1n trong th\u1eddi gian d\u00e0i, ch\u1ed1ng l\u1ea1i s\u1ef1 xu\u1ed1ng c\u1ea5p do nhi\u1ec7t \u0111\u1ed9 v\u00e0 l\u1ef1c c\u1eaft, gi\u00fap k\u00e9o d\u00e0i tu\u1ed5i th\u1ecd m\u1ee1 v\u00e0 gi\u1ea3m t\u1ea7n su\u1ea5t b\u1ea3o tr\u00ec.<\/li>\n<li data-sourcepos=\"16:1-16:125\"><strong>Ph\u00f2ng ch\u1ed1ng \u0103n m\u00f2n t\u1ed1t:<\/strong> B\u1ea3o v\u1ec7 c\u00e1c chi ti\u1ebft kim lo\u1ea1i kh\u1ecfi hi\u1ec7n t\u01b0\u1ee3ng r\u1ec9 s\u00e9t v\u00e0 \u0103n m\u00f2n, ngay c\u1ea3 trong m\u00f4i tr\u01b0\u1eddng \u1ea9m \u01b0\u1edbt.<\/li>\n<li data-sourcepos=\"17:1-17:100\"><strong>\u0110\u1eb7c t\u00ednh k\u1ebft d\u00ednh t\u1ed1t:<\/strong> M\u1ee1 b\u00e1m d\u00ednh t\u1ed1t v\u00e0o b\u1ec1 m\u1eb7t kim lo\u1ea1i, gi\u1ea3m thi\u1ec3u s\u1ef1 v\u0103ng b\u1eafn v\u00e0 hao h\u1ee5t.<\/li>\n<li data-sourcepos=\"18:1-18:106\"><strong>M\u00f9i v\u00e0 v\u1ecb trung t\u00ednh:<\/strong> Kh\u00f4ng \u1ea3nh h\u01b0\u1edfng \u0111\u1ebfn m\u00f9i v\u1ecb c\u1ee7a th\u1ef1c ph\u1ea9m trong tr\u01b0\u1eddng h\u1ee3p ti\u1ebfp x\u00fac ng\u1eabu nhi\u00ean.<\/li>\n<li data-sourcepos=\"19:1-19:176\"><strong>Ph\u1ea1m vi nhi\u1ec7t \u0111\u1ed9 ho\u1ea1t \u0111\u1ed9ng r\u1ed9ng:<\/strong> Th\u01b0\u1eddng t\u1eeb <strong>-10\u00b0C \u0111\u1ebfn +140\u00b0C<\/strong> (c\u00f3 th\u1ec3 l\u00ean t\u1edbi +150\u00b0C trong th\u1eddi gian ng\u1eafn), ph\u00f9 h\u1ee3p v\u1edbi nhi\u1ec1u \u0111i\u1ec1u ki\u1ec7n nhi\u1ec7t \u0111\u1ed9 trong nh\u00e0 m\u00e1y ch\u1ebf bi\u1ebfn.<\/li>\n<li data-sourcepos=\"20:1-21:0\"><strong>T\u01b0\u01a1ng th\u00edch v\u1edbi v\u1eadt li\u1ec7u l\u00e0m k\u00edn v\u00e0 s\u01a1n:<\/strong> Kh\u00f4ng g\u00e2y h\u1ea1i cho c\u00e1c lo\u1ea1i gio\u0103ng, ph\u1edbt v\u00e0 l\u1edbp s\u01a1n th\u01b0\u1eddng d\u00f9ng trong m\u00e1y m\u00f3c ng\u00e0nh th\u1ef1c ph\u1ea9m.<br \/>\n<h3 data-sourcepos=\"24:1-24:38\">\u1ee8ng d\u1ee5ng c\u1ee7a M\u1ee1 RENOLIT FM HD 2<\/h3>\n<\/li>\n<li data-sourcepos=\"20:1-21:0\">\n<p data-sourcepos=\"26:1-26:242\"><img decoding=\"async\" title=\"mo-renolit-fm-hd-2-18kg-2-2\" src=\"https:\/\/yenhung.com\/wp-content\/uploads\/2025\/11\/mo-renolit-fm-hd-2-18kg-2-2.jpg\" alt=\"M\u1ee1 RENOLIT FM HD 2_ 18kg\" data-thumb=\"large\" \/><\/p>\n<\/li>\n<li data-sourcepos=\"20:1-21:0\">\n<p data-sourcepos=\"26:1-26:242\">M\u1ee1 RENOLIT FM HD 2 \u0111\u01b0\u1ee3c khuy\u1ebfn ngh\u1ecb s\u1eed d\u1ee5ng r\u1ed9ng r\u00e3i trong c\u00e1c m\u00e1y m\u00f3c v\u00e0 thi\u1ebft b\u1ecb c\u1ee7a ng\u00e0nh c\u00f4ng nghi\u1ec7p th\u1ef1c ph\u1ea9m, \u0111\u1ed3 u\u1ed1ng, d\u01b0\u1ee3c ph\u1ea9m v\u00e0 th\u1ee9c \u0103n ch\u0103n nu\u00f4i, \u0111\u1eb7c bi\u1ec7t nh\u1eefng n\u01a1i c\u1ea7n thay d\u1ea7u m\u1ee1 th\u01b0\u1eddng xuy\u00ean ho\u1eb7c c\u00f3 t\u1ed1c \u0111\u1ed9 ti\u00eau th\u1ee5 s\u1ea3n ph\u1ea9m cao:<\/p>\n<\/li>\n<li data-sourcepos=\"28:1-28:88\"><strong>V\u00f2ng bi v\u00e0 con l\u0103n:<\/strong> B\u00f4i tr\u01a1n c\u00e1c v\u00f2ng bi l\u0103n v\u00e0 tr\u01a1n c\u00f3 t\u1ed1c \u0111\u1ed9 trung b\u00ecnh v\u00e0 ch\u1eadm.<\/li>\n<li data-sourcepos=\"29:1-29:102\"><strong>\u1ee8ng d\u1ee5ng ch\u1ecbu t\u1ea3i n\u1eb7ng v\u00e0 s\u1ed1c t\u1ea3i:<\/strong> B\u1ea3o v\u1ec7 c\u00e1c chi ti\u1ebft m\u00e1y trong \u0111i\u1ec1u ki\u1ec7n v\u1eadn h\u00e0nh kh\u1eafc nghi\u1ec7t.<\/li>\n<li data-sourcepos=\"30:1-30:76\"><strong>M\u1ed1i n\u1ed1i v\u00e0 kh\u1edbp n\u1ed1i:<\/strong> B\u00f4i tr\u01a1n c\u00e1c \u0111i\u1ec3m li\u00ean k\u1ebft, m\u1ed1i n\u1ed1i v\u00e0 ray tr\u01b0\u1ee3t.<\/li>\n<li data-sourcepos=\"31:1-31:87\"><strong>H\u1ec7 th\u1ed1ng b\u0103ng t\u1ea3i tr\u00ean cao:<\/strong> \u0110\u1ea3m b\u1ea3o ho\u1ea1t \u0111\u1ed9ng tr\u01a1n tru c\u1ee7a c\u00e1c h\u1ec7 th\u1ed1ng b\u0103ng t\u1ea3i.<\/li>\n<li data-sourcepos=\"32:1-32:152\"><strong>Ch\u1ea5t b\u1ea3o v\u1ec7 ch\u1ed1ng \u0103n m\u00f2n:<\/strong> C\u00f3 th\u1ec3 \u0111\u01b0\u1ee3c s\u1eed d\u1ee5ng l\u00e0m l\u1edbp m\u00e0ng b\u1ea3o v\u1ec7 ch\u1ed1ng \u0103n m\u00f2n v\u00e0 l\u00e0m ch\u1ea5t gi\u1ea3i ph\u00f3ng tr\u00ean c\u00e1c mi\u1ebfng \u0111\u1ec7m v\u00e0 con d\u1ea5u c\u1ee7a n\u1eafp th\u00f9ng.<\/li>\n<li data-sourcepos=\"33:1-34:0\"><strong>C\u00e1c b\u1ed9 ph\u1eadn kh\u00e1c:<\/strong> Ph\u00f9 h\u1ee3p cho nhi\u1ec1u b\u1ed9 ph\u1eadn m\u00e1y m\u00f3c trong khu v\u1ef1c ch\u1ebf bi\u1ebfn th\u1ef1c ph\u1ea9m n\u01a1i c\u00f3 kh\u1ea3 n\u0103ng ti\u1ebfp x\u00fac ng\u1eabu nhi\u00ean.<\/li>\n<\/ul>\n<\/div>\n","protected":false},"excerpt":{"rendered":"<p><strong>T\u00ean sa\u0309n ph\u00e2\u0309m:\u00a0M\u1ee1 RENOLIT FM HD 2_ 18kg\/Th\u00f9ng<\/strong><\/p>\n","protected":false},"featured_media":8676,"comment_status":"closed","ping_status":"closed","template":"","meta":[],"product_brand":[],"product_cat":[167],"product_tag":[],"class_list":{"0":"post-8675","1":"product","2":"type-product","3":"status-publish","4":"has-post-thumbnail","6":"product_cat-fuchs","8":"first","9":"instock","10":"shipping-taxable","11":"product-type-simple"},"_links":{"self":[{"href":"https:\/\/yenhung.com\/index.php?rest_route=\/wp\/v2\/product\/8675","targetHints":{"allow":["GET"]}}],"collection":[{"href":"https:\/\/yenhung.com\/index.php?rest_route=\/wp\/v2\/product"}],"about":[{"href":"https:\/\/yenhung.com\/index.php?rest_route=\/wp\/v2\/types\/product"}],"replies":[{"embeddable":true,"href":"https:\/\/yenhung.com\/index.php?rest_route=%2Fwp%2Fv2%2Fcomments&post=8675"}],"wp:featuredmedia":[{"embeddable":true,"href":"https:\/\/yenhung.com\/index.php?rest_route=\/wp\/v2\/media\/8676"}],"wp:attachment":[{"href":"https:\/\/yenhung.com\/index.php?rest_route=%2Fwp%2Fv2%2Fmedia&parent=8675"}],"wp:term":[{"taxonomy":"product_brand","embeddable":true,"href":"https:\/\/yenhung.com\/index.php?rest_route=%2Fwp%2Fv2%2Fproduct_brand&post=8675"},{"taxonomy":"product_cat","embeddable":true,"href":"https:\/\/yenhung.com\/index.php?rest_route=%2Fwp%2Fv2%2Fproduct_cat&post=8675"},{"taxonomy":"product_tag","embeddable":true,"href":"https:\/\/yenhung.com\/index.php?rest_route=%2Fwp%2Fv2%2Fproduct_tag&post=8675"}],"curies":[{"name":"wp","href":"https:\/\/api.w.org\/{rel}","templated":true}]}}