{"id":8691,"date":"2025-11-10T08:56:51","date_gmt":"2025-11-10T08:56:51","guid":{"rendered":"https:\/\/yenhung.com\/?product=mo-renolit-ep-1-_-18kg-thung"},"modified":"2026-02-07T01:56:02","modified_gmt":"2026-02-07T01:56:02","slug":"mo-renolit-ep-1-_-18kg-thung","status":"publish","type":"product","link":"https:\/\/yenhung.com\/?product=mo-renolit-ep-1-_-18kg-thung","title":{"rendered":"M\u1ee1 RENOLIT EP 1 _ 18kg\/Th\u00f9ng"},"content":{"rendered":"<div class=\"ba-text-fpt\">\n<h2 data-sourcepos=\"1:1-1:263\"><strong>M\u1ee1 RENOLIT EP 1 _ 18kg\/Th\u00f9ng<\/strong><\/h2>\n<p data-sourcepos=\"1:1-1:263\"><strong>M\u1ee1 RENOLIT EP 1<\/strong> c\u1ee7a h\u00e3ng <strong>FUCHS (\u0110\u1ee9c)<\/strong>, v\u1edbi quy c\u00e1ch \u0111\u00f3ng g\u00f3i <strong>18kg<\/strong>. \u0110\u00e2y l\u00e0 m\u1ed9t lo\u1ea1i m\u1ee1 b\u00f4i tr\u01a1n \u0111a d\u1ee5ng, hi\u1ec7u su\u1ea5t cao, \u0111\u01b0\u1ee3c thi\u1ebft k\u1ebf cho c\u00e1c \u1ee9ng d\u1ee5ng c\u00f4ng nghi\u1ec7p v\u00e0 \u00f4 t\u00f4, \u0111\u1eb7c bi\u1ec7t nh\u1eefng n\u01a1i y\u00eau c\u1ea7u m\u1ee1 c\u00f3 \u0111\u1ed9 m\u1ec1m h\u01a1n so v\u1edbi NLGI 2 ho\u1eb7c 3.<\/p>\n<p data-sourcepos=\"1:1-1:263\"><img decoding=\"async\" src=\"https:\/\/bizweb.dktcdn.net\/thumb\/large\/100\/510\/748\/products\/mo-renolit-ep-1-18kg-3.jpg?v=1748850187787\" alt=\"M\u1ee1 RENOLIT EP 1 _ 18kg\/Th\u00f9ng\" data-thumb=\"large\" \/><\/p>\n<p data-sourcepos=\"3:1-3:166\">M\u1ee1 RENOLIT EP 1 th\u01b0\u1eddng thu\u1ed9c d\u00f2ng m\u1ee1 g\u1ed1c <strong>Lithium 12-Hydroxystearate<\/strong> ho\u1eb7c <strong>Lithium Complex<\/strong>, v\u00e0 \u0111\u01b0\u1ee3c pha ch\u1ebf v\u1edbi c\u00e1c ph\u1ee5 gia ch\u1ecbu c\u1ef1c \u00e1p (EP &#8211; Extreme Pressure).<\/p>\n<h3 data-sourcepos=\"7:1-7:44\">\u0110\u1eb7c \u0111i\u1ec3m n\u1ed5i b\u1eadt c\u1ee7a M\u1ee1 RENOLIT EP 1<\/h3>\n<p data-sourcepos=\"9:1-9:55\">M\u1ee1 RENOLIT EP 1 c\u1ee7a FUCHS n\u1ed5i b\u1eadt v\u1edbi c\u00e1c \u0111\u1eb7c t\u00ednh sau:<\/p>\n<ul data-sourcepos=\"11:3-19:0\">\n<li data-sourcepos=\"11:3-11:207\"><strong>\u0110\u1ed9 \u0111\u1eb7c NLGI 1:<\/strong> \u0110\u00e2y l\u00e0 m\u1ed9t lo\u1ea1i m\u1ee1 kh\u00e1 m\u1ec1m (NLGI Grade 1), cho ph\u00e9p m\u1ee1 c\u00f3 kh\u1ea3 n\u0103ng b\u01a1m \u0111\u1eb7c bi\u1ec7t t\u1ed1t trong c\u00e1c h\u1ec7 th\u1ed1ng b\u00f4i tr\u01a1n trung t\u00e2m, \u0111\u1eb7c bi\u1ec7t l\u00e0 trong \u0111i\u1ec1u ki\u1ec7n nhi\u1ec7t \u0111\u1ed9 th\u1ea5p ho\u1eb7c \u0111\u01b0\u1eddng \u1ed1ng d\u00e0i.<\/li>\n<li data-sourcepos=\"12:3-12:208\"><strong>Ch\u1ee9a ph\u1ee5 gia ch\u1ecbu c\u1ef1c \u00e1p (EP):<\/strong> M\u1ee1 \u0111\u01b0\u1ee3c pha ch\u1ebf v\u1edbi c\u00e1c ph\u1ee5 gia EP kh\u00f4ng ch\u1ee9a kim lo\u1ea1i n\u1eb7ng (nh\u01b0 ch\u00ec), gi\u00fap b\u1ea3o v\u1ec7 c\u00e1c b\u1ec1 m\u1eb7t kim lo\u1ea1i kh\u1ecfi m\u00e0i m\u00f2n v\u00e0 tr\u1ea7y x\u01b0\u1edbc d\u01b0\u1edbi t\u1ea3i tr\u1ecdng n\u1eb7ng v\u00e0 t\u1ea3i tr\u1ecdng va \u0111\u1eadp.<\/li>\n<li data-sourcepos=\"13:3-13:238\"><strong>\u0110\u1ed9 \u1ed5n \u0111\u1ecbnh c\u01a1 h\u1ecdc v\u00e0 nhi\u1ec7t cao:<\/strong> Duy tr\u00ec \u0111\u1ed9 \u0111\u1eb7c v\u00e0 t\u00ednh ch\u1ea5t b\u00f4i tr\u01a1n \u1ed5n \u0111\u1ecbnh trong m\u1ed9t d\u1ea3i nhi\u1ec7t \u0111\u1ed9 r\u1ed9ng, v\u00e0 kh\u00f4ng b\u1ecb ph\u00e2n h\u1ee7y d\u01b0\u1edbi t\u00e1c \u0111\u1ed9ng c\u1ee7a l\u1ef1c c\u1eaft c\u01a1 h\u1ecdc. \u0110i\u1ec1u n\u00e0y gi\u00fap m\u1ee1 kh\u00f4ng b\u1ecb ch\u1ea3y l\u1ecfng qu\u00e1 m\u1ee9c trong qu\u00e1 tr\u00ecnh v\u1eadn h\u00e0nh.<\/li>\n<li data-sourcepos=\"13:3-13:238\"><img decoding=\"async\" title=\"mo-renolit-ep-1-18kg-1-1\" src=\"https:\/\/yenhung.com\/wp-content\/uploads\/2025\/11\/mo-renolit-ep-1-18kg-1-1.jpg\" alt=\"M\u1ee1 RENOLIT EP 1 _ 18kg\/Th\u00f9ng\" data-thumb=\"large\" \/><\/li>\n<li data-sourcepos=\"14:3-14:168\"><strong>Ch\u1ed1ng n\u01b0\u1edbc t\u1ed1t:<\/strong> Kh\u1ea3 n\u0103ng ch\u1ed1ng r\u1eeda tr\u00f4i b\u1edfi n\u01b0\u1edbc hi\u1ec7u qu\u1ea3, gi\u00fap b\u1ea3o v\u1ec7 c\u00e1c b\u1ed9 ph\u1eadn trong m\u00f4i tr\u01b0\u1eddng \u1ea9m \u01b0\u1edbt ho\u1eb7c c\u00f3 ti\u1ebfp x\u00fac v\u1edbi n\u01b0\u1edbc, k\u00e9o d\u00e0i tu\u1ed5i th\u1ecd b\u00f4i tr\u01a1n.<\/li>\n<li data-sourcepos=\"15:3-15:133\"><strong>Ch\u1ed1ng \u0103n m\u00f2n v\u00e0 r\u1ec9 s\u00e9t:<\/strong> Ch\u1ee9a c\u00e1c ch\u1ea5t ph\u1ee5 gia ch\u1ed1ng g\u1ec9 v\u00e0 ch\u1ed1ng \u0103n m\u00f2n, b\u1ea3o v\u1ec7 c\u00e1c b\u1ec1 m\u1eb7t kim lo\u1ea1i kh\u1ecfi h\u01b0 h\u1ea1i do m\u00f4i tr\u01b0\u1eddng.<\/li>\n<li data-sourcepos=\"16:3-16:130\"><strong>Ch\u1ed1ng oxy h\u00f3a v\u00e0 l\u00e3o h\u00f3a:<\/strong> C\u00e1c ch\u1ea5t ch\u1ed1ng oxy h\u00f3a trong m\u1ee1 gi\u00fap k\u00e9o d\u00e0i tu\u1ed5i th\u1ecd c\u1ee7a m\u1ee1, gi\u1ea3m t\u1ea7n su\u1ea5t b\u1ea3o tr\u00ec v\u00e0 thay th\u1ebf.<\/li>\n<li data-sourcepos=\"17:3-17:153\"><strong>Kh\u1ea3 n\u0103ng b\u01a1m v\u01b0\u1ee3t tr\u1ed9i:<\/strong> L\u00e0 l\u1ef1a ch\u1ecdn t\u1ed1i \u01b0u cho c\u00e1c h\u1ec7 th\u1ed1ng b\u00f4i tr\u01a1n t\u1ef1 \u0111\u1ed9ng trong nhi\u1ec1u ng\u00e0nh c\u00f4ng nghi\u1ec7p do \u0111\u1ed9 \u0111\u1eb7c m\u1ec1m v\u00e0 kh\u1ea3 n\u0103ng b\u01a1m d\u1ec5 d\u00e0ng.<\/li>\n<li data-sourcepos=\"18:3-19:0\"><strong>Ph\u1ea1m vi nhi\u1ec7t \u0111\u1ed9 ho\u1ea1t \u0111\u1ed9ng:<\/strong> Th\u01b0\u1eddng ph\u00f9 h\u1ee3p cho c\u00e1c \u1ee9ng d\u1ee5ng trong d\u1ea3i nhi\u1ec7t \u0111\u1ed9 r\u1ed9ng, \u0111\u1eb7c bi\u1ec7t hi\u1ec7u qu\u1ea3 \u1edf nhi\u1ec7t \u0111\u1ed9 th\u1ea5p.<br \/>\n<h3 data-sourcepos=\"22:1-22:36\">\u1ee8ng d\u1ee5ng c\u1ee7a M\u1ee1 RENOLIT EP 1<\/h3>\n<p data-sourcepos=\"24:1-24:164\">M\u1ee1 RENOLIT EP 1 l\u00e0 lo\u1ea1i m\u1ee1 \u0111a n\u0103ng, l\u00fd t\u01b0\u1edfng cho nhi\u1ec1u \u1ee9ng d\u1ee5ng c\u00f4ng nghi\u1ec7p v\u00e0 \u00f4 t\u00f4, \u0111\u1eb7c bi\u1ec7t l\u00e0 nh\u1eefng n\u01a1i y\u00eau c\u1ea7u m\u1ee1 c\u00f3 \u0111\u1ed9 xuy\u00ean kim cao (m\u1ec1m) v\u00e0 kh\u1ea3 n\u0103ng b\u01a1m t\u1ed1t:<\/p>\n<\/li>\n<li data-sourcepos=\"18:3-19:0\">\n<p data-sourcepos=\"24:1-24:164\"><img decoding=\"async\" title=\"mo-renolit-ep-1-18kg-4-1\" src=\"https:\/\/yenhung.com\/wp-content\/uploads\/2025\/11\/mo-renolit-ep-1-18kg-4-1.jpg\" alt=\"M\u1ee1 RENOLIT EP 1 _ 18kg\/Th\u00f9ng\" data-thumb=\"large\" \/><\/p>\n<\/li>\n<li data-sourcepos=\"26:3-26:213\"><strong>H\u1ec7 th\u1ed1ng b\u00f4i tr\u01a1n trung t\u00e2m (Centralized Lubrication Systems):<\/strong> \u0110\u00e2y l\u00e0 \u1ee9ng d\u1ee5ng ch\u00ednh c\u1ee7a m\u1ee1 NLGI 1. N\u00f3 d\u1ec5 d\u00e0ng \u0111\u01b0\u1ee3c b\u01a1m qua c\u00e1c \u0111\u01b0\u1eddng \u1ed1ng d\u00e0i v\u00e0 h\u1eb9p \u0111\u1ec3 \u0111\u01b0a m\u1ee1 \u0111\u1ebfn c\u00e1c \u0111i\u1ec3m b\u00f4i tr\u01a1n kh\u00e1c nhau trong nh\u00e0 m\u00e1y.<\/li>\n<li data-sourcepos=\"27:3-27:181\"><strong>\u1ed4 bi v\u00e0 \u1ed5 tr\u01b0\u1ee3t:<\/strong> B\u00f4i tr\u01a1n c\u00e1c lo\u1ea1i \u1ed5 bi v\u00e0 \u1ed5 tr\u01b0\u1ee3t trong c\u00e1c m\u00e1y m\u00f3c c\u00f4ng nghi\u1ec7p v\u00e0 \u00f4 t\u00f4, \u0111\u1eb7c bi\u1ec7t l\u00e0 nh\u1eefng n\u01a1i y\u00eau c\u1ea7u b\u00f4i tr\u01a1n li\u00ean t\u1ee5c ho\u1eb7c trong \u0111i\u1ec1u ki\u1ec7n nhi\u1ec7t \u0111\u1ed9 th\u1ea5p.<\/li>\n<li data-sourcepos=\"28:3-28:150\"><strong>M\u00e1y m\u00f3c c\u00f4ng nghi\u1ec7p:<\/strong> Th\u00edch h\u1ee3p cho c\u00e1c \u0111i\u1ec3m b\u00f4i tr\u01a1n trong nh\u00e0 m\u00e1y s\u1ea3n xu\u1ea5t nh\u01b0 b\u0103ng t\u1ea3i, qu\u1ea1t, b\u01a1m, m\u00e1y c\u00f4ng c\u1ee5, n\u01a1i c\u1ea7n kh\u1ea3 n\u0103ng b\u01a1m m\u1ee1 t\u1ed1t.<\/li>\n<li data-sourcepos=\"29:3-29:166\"><strong>Thi\u1ebft b\u1ecb x\u00e2y d\u1ef1ng v\u00e0 n\u00f4ng nghi\u1ec7p:<\/strong> B\u00f4i tr\u01a1n c\u00e1c kh\u1edbp n\u1ed1i, b\u1ea1c \u0111\u1ea1n trong m\u00e1y m\u00f3c x\u00e2y d\u1ef1ng v\u00e0 n\u00f4ng nghi\u1ec7p, \u0111\u1eb7c bi\u1ec7t khi ho\u1ea1t \u0111\u1ed9ng trong \u0111i\u1ec1u ki\u1ec7n th\u1eddi ti\u1ebft l\u1ea1nh.<\/li>\n<li data-sourcepos=\"30:3-31:0\"><strong>C\u00e1c \u1ee9ng d\u1ee5ng \u0111\u00f2i h\u1ecfi \u0111\u1ed9 ma s\u00e1t th\u1ea5p v\u00e0 kh\u1ea3 n\u0103ng tho\u00e1t nhi\u1ec7t t\u1ed1t:<\/strong> Do \u0111\u1ed9 m\u1ec1m, m\u1ee1 c\u00f3 th\u1ec3 l\u01b0u th\u00f4ng t\u1ed1t h\u01a1n, gi\u00fap truy\u1ec1n nhi\u1ec7t v\u00e0 gi\u1ea3m ma s\u00e1t hi\u1ec7u qu\u1ea3.<br \/>\n<h3><\/h3>\n<\/li>\n<\/ul>\n<\/div>\n","protected":false},"excerpt":{"rendered":"<p><strong>T\u00ean sa\u0309n ph\u00e2\u0309m:\u00a0M\u1ee1 RENOLIT EP 1 _ 18kg\/Th\u00f9ng<\/strong><\/p>\n","protected":false},"featured_media":8692,"comment_status":"closed","ping_status":"closed","template":"","meta":[],"product_brand":[],"product_cat":[167],"product_tag":[],"class_list":{"0":"post-8691","1":"product","2":"type-product","3":"status-publish","4":"has-post-thumbnail","6":"product_cat-fuchs","8":"first","9":"instock","10":"shipping-taxable","11":"product-type-simple"},"_links":{"self":[{"href":"https:\/\/yenhung.com\/index.php?rest_route=\/wp\/v2\/product\/8691","targetHints":{"allow":["GET"]}}],"collection":[{"href":"https:\/\/yenhung.com\/index.php?rest_route=\/wp\/v2\/product"}],"about":[{"href":"https:\/\/yenhung.com\/index.php?rest_route=\/wp\/v2\/types\/product"}],"replies":[{"embeddable":true,"href":"https:\/\/yenhung.com\/index.php?rest_route=%2Fwp%2Fv2%2Fcomments&post=8691"}],"wp:featuredmedia":[{"embeddable":true,"href":"https:\/\/yenhung.com\/index.php?rest_route=\/wp\/v2\/media\/8692"}],"wp:attachment":[{"href":"https:\/\/yenhung.com\/index.php?rest_route=%2Fwp%2Fv2%2Fmedia&parent=8691"}],"wp:term":[{"taxonomy":"product_brand","embeddable":true,"href":"https:\/\/yenhung.com\/index.php?rest_route=%2Fwp%2Fv2%2Fproduct_brand&post=8691"},{"taxonomy":"product_cat","embeddable":true,"href":"https:\/\/yenhung.com\/index.php?rest_route=%2Fwp%2Fv2%2Fproduct_cat&post=8691"},{"taxonomy":"product_tag","embeddable":true,"href":"https:\/\/yenhung.com\/index.php?rest_route=%2Fwp%2Fv2%2Fproduct_tag&post=8691"}],"curies":[{"name":"wp","href":"https:\/\/api.w.org\/{rel}","templated":true}]}}