{"id":8731,"date":"2025-11-10T09:00:50","date_gmt":"2025-11-10T09:00:50","guid":{"rendered":"https:\/\/yenhung.com\/?product=dau-shell-turbo-t68-20l-can"},"modified":"2026-02-07T01:51:41","modified_gmt":"2026-02-07T01:51:41","slug":"dau-shell-turbo-t68-20l-can","status":"publish","type":"product","link":"https:\/\/yenhung.com\/?product=dau-shell-turbo-t68-20l-can","title":{"rendered":"D\u1ea7u Shell Turbo T68 (20L\/Can)"},"content":{"rendered":"<div class=\"ba-text-fpt\">\n<h2><strong>D\u1ea7u Shell Turbo T68 (20L\/Can)<\/strong><\/h2>\n<p><strong><img decoding=\"async\" title=\"shell-turbo-oil-t68-jpeg-f39ee225-dbd7-4591-8ac4-33b945b38184-1\" src=\"https:\/\/yenhung.com\/wp-content\/uploads\/2025\/11\/shell-turbo-oil-t68-jpeg-f39ee225-dbd7-4591-8ac4-33b945b38184-1.jpg\" alt=\"D\u1ea7u Shell Turbo T68 (20L\/Can)\" data-thumb=\"large\" \/><\/strong><\/p>\n<p><strong>D\u1ea7u tuabin Shell Turbo T68<\/strong> v\u1edbi quy c\u00e1ch <strong>20 l\u00edt (Can\/X\u00f4)<\/strong>. \u0110\u00e2y l\u00e0 m\u1ed9t lo\u1ea1i d\u1ea7u b\u00f4i tr\u01a1n tuabin ch\u1ea5t l\u01b0\u1ee3ng cao c\u1ee7a Shell, \u0111\u01b0\u1ee3c thi\u1ebft k\u1ebf \u0111\u1eb7c bi\u1ec7t cho c\u00e1c tuabin h\u01a1i n\u01b0\u1edbc v\u00e0 tuabin kh\u00ed t\u1ea3i nh\u1eb9. Shell Turbo T68 n\u1ed5i ti\u1ebfng v\u1ec1 kh\u1ea3 n\u0103ng ch\u1ed1ng oxy h\u00f3a, ch\u1ed1ng r\u1ec9 s\u00e9t v\u00e0 ch\u1ed1ng t\u1ea1o b\u1ecdt v\u01b0\u1ee3t tr\u1ed9i.<\/p>\n<h3 data-sourcepos=\"5:1-5:55\">\u0110\u1eb7c \u0111i\u1ec3m n\u1ed5i b\u1eadt c\u1ee7a D\u1ea7u tuabin Shell Turbo T68<\/h3>\n<p><img decoding=\"async\" title=\"shell-turbo-oil-t68-1-008c5329-1bf9-4d15-b3a8-6b1f6c3d3f99-1\" src=\"https:\/\/yenhung.com\/wp-content\/uploads\/2025\/11\/shell-turbo-oil-t68-1-008c5329-1bf9-4d15-b3a8-6b1f6c3d3f99-1.jpg\" alt=\"D\u1ea7u Shell Turbo T68 (20L\/Can)\" data-thumb=\"large\" \/><\/p>\n<ul data-sourcepos=\"7:3-21:0\">\n<li data-sourcepos=\"7:3-7:156\"><strong>D\u1ea7u g\u1ed1c kho\u00e1ng tinh ch\u1ebf cao:<\/strong> \u0110\u01b0\u1ee3c pha ch\u1ebf t\u1eeb d\u1ea7u g\u1ed1c kho\u00e1ng \u0111\u01b0\u1ee3c x\u1eed l\u00fd b\u1eb1ng hydro (Group II ho\u1eb7c Group I cao c\u1ea5p) v\u00e0 h\u1ec7 ph\u1ee5 gia ti\u00ean ti\u1ebfn kh\u00f4ng tro.<\/li>\n<li data-sourcepos=\"8:3-8:355\"><strong>Ch\u1ed1ng oxy h\u00f3a tuy\u1ec7t h\u1ea3o:<\/strong> \u0110\u00e2y l\u00e0 t\u00ednh n\u0103ng quan tr\u1ecdng nh\u1ea5t c\u1ee7a d\u1ea7u tuabin. Shell Turbo T68 c\u00f3 \u0111\u1ed9 b\u1ec1n oxy h\u00f3a ban \u0111\u1ea7u c\u1ef1c t\u1ed1t k\u1ebft h\u1ee3p v\u1edbi ph\u1ee5 gia ch\u1ed1ng \u1ee9c ch\u1ebf hi\u1ec7u qu\u1ea3, gi\u00fap d\u1ea7u duy tr\u00ec \u0111\u01b0\u1ee3c c\u00e1c t\u00ednh ch\u1ea5t c\u1ee7a m\u00ecnh trong th\u1eddi gian d\u00e0i, k\u00e9o d\u00e0i tu\u1ed5i th\u1ecd d\u1ea7u v\u00e0 gi\u1ea3m s\u1ef1 h\u00ecnh th\u00e0nh c\u1eb7n b\u1ea9n, axit \u0103n m\u00f2n. \u0110i\u1ec1u n\u00e0y gi\u00fap gi\u1ea3m chi ph\u00ed b\u1ea3o d\u01b0\u1ee1ng v\u00e0 s\u1eeda ch\u1eefa.<\/li>\n<li data-sourcepos=\"9:3-9:299\"><strong>Ki\u1ec3m so\u00e1t b\u1ecdt v\u00e0 t\u00e1ch kh\u00ed nhanh:<\/strong> M\u1ee1 \u0111\u01b0\u1ee3c pha ch\u1ebf v\u1edbi ph\u1ee5 gia kh\u00f4ng ch\u1ee9a silicone, gi\u00fap ki\u1ec3m so\u00e1t b\u1ecdt r\u1ea5t t\u1ed1t v\u00e0 cho ph\u00e9p kh\u00f4ng kh\u00ed b\u1ecb cu\u1ed1n v\u00e0o d\u1ea7u tho\u00e1t ra nhanh ch\u00f3ng. \u0110i\u1ec1u n\u00e0y ng\u0103n ng\u1eeba hi\u1ec7n t\u01b0\u1ee3ng r\u1ed7 m\u1eb7t b\u01a1m (cavitation), oxy h\u00f3a d\u1ea7u s\u1edbm v\u00e0 m\u00e0i m\u00f2n qu\u00e1 m\u1ee9c, t\u1eeb \u0111\u00f3 t\u0103ng \u0111\u1ed9 b\u1ec1n c\u1ee7a h\u1ec7 th\u1ed1ng.<\/li>\n<li data-sourcepos=\"10:3-10:263\"><strong>Kh\u1ea3 n\u0103ng t\u00e1ch n\u01b0\u1edbc m\u1ea1nh m\u1ebd:<\/strong> D\u1ea7u c\u00f3 kh\u1ea3 n\u0103ng t\u00e1ch n\u01b0\u1edbc r\u1ea5t t\u1ed1t, gi\u00fap ki\u1ec3m so\u00e1t m\u1ea1nh m\u1ebd hi\u1ec7n t\u01b0\u1ee3ng nh\u0169 t\u01b0\u01a1ng (h\u1ed7n h\u1ee3p d\u1ea7u v\u00e0 n\u01b0\u1edbc). \u0110i\u1ec1u n\u00e0y \u0111\u1eb7c bi\u1ec7t quan tr\u1ecdng trong c\u00e1c tuabin h\u01a1i n\u01b0\u1edbc, n\u01a1i n\u01b0\u1edbc c\u00f3 th\u1ec3 b\u1ecb l\u1eabn v\u00e0o d\u1ea7u, g\u00e2y \u0103n m\u00f2n v\u00e0 gi\u1ea3m kh\u1ea3 n\u0103ng b\u00f4i tr\u01a1n.<\/li>\n<li data-sourcepos=\"11:3-11:252\"><strong>B\u1ea3o v\u1ec7 ch\u1ed1ng r\u1ec9 s\u00e9t v\u00e0 \u0103n m\u00f2n \u01b0u vi\u1ec7t:<\/strong> T\u1ea1o m\u1ed9t l\u1edbp m\u00e0ng b\u1ea3o v\u1ec7 hi\u1ec7u qu\u1ea3, ng\u0103n ch\u1eb7n s\u1ef1 h\u00ecnh th\u00e0nh r\u1ec9 s\u00e9t v\u00e0 \u0103n m\u00f2n tr\u00ean c\u00e1c b\u1ec1 m\u1eb7t kim lo\u1ea1i, b\u1ea3o v\u1ec7 thi\u1ebft b\u1ecb ngay c\u1ea3 khi ti\u1ebfp x\u00fac v\u1edbi m\u00f4i tr\u01b0\u1eddng \u1ea9m ho\u1eb7c n\u01b0\u1edbc trong qu\u00e1 tr\u00ecnh v\u1eadn h\u00e0nh ho\u1eb7c d\u1eebng m\u00e1y.<\/li>\n<li data-sourcepos=\"12:3-12:115\"><strong>ISO VG 68:<\/strong> \u0110\u00e2y l\u00e0 c\u1ea5p \u0111\u1ed9 nh\u1edbt c\u1ee7a d\u1ea7u, ph\u00f9 h\u1ee3p cho nhi\u1ec1u \u1ee9ng d\u1ee5ng tuabin v\u00e0 h\u1ec7 th\u1ed1ng tu\u1ea7n ho\u00e0n c\u00f4ng nghi\u1ec7p.<\/li>\n<li data-sourcepos=\"13:3-21:0\"><strong>Th\u00f4ng s\u1ed1 k\u1ef9 thu\u1eadt \u0111i\u1ec3n h\u00ecnh:<\/strong>\n<ul data-sourcepos=\"14:7-21:0\">\n<li data-sourcepos=\"14:7-14:47\">\u0110\u1ed9 nh\u1edbt \u0111\u1ed9ng h\u1ecdc @40\u00b0C: Kho\u1ea3ng 68.0 cSt<\/li>\n<li data-sourcepos=\"15:7-15:48\">\u0110\u1ed9 nh\u1edbt \u0111\u1ed9ng h\u1ecdc @100\u00b0C: Kho\u1ea3ng 8.95 cSt<\/li>\n<li data-sourcepos=\"16:7-16:39\">Ch\u1ec9 s\u1ed1 \u0111\u1ed9 nh\u1edbt (VI): Kho\u1ea3ng 105<\/li>\n<li data-sourcepos=\"17:7-17:38\">\u0110i\u1ec3m ch\u1edbp ch\u00e1y (COC): &gt; 240\u00b0C<\/li>\n<li data-sourcepos=\"18:7-18:34\">\u0110i\u1ec3m \u0111\u00f4ng \u0111\u1eb7c: &lt; -24\u00b0C<\/li>\n<li data-sourcepos=\"19:7-19:48\">Kh\u1ea3 n\u0103ng t\u00e1ch kh\u00ed (@50\u00b0C): Kho\u1ea3ng 5 ph\u00fat<\/li>\n<li data-sourcepos=\"20:7-21:0\">Kh\u1ea3 n\u0103ng t\u00e1ch n\u01b0\u1edbc (@54\u00b0C): Kho\u1ea3ng 20 ph\u00fat (th\u1eddi gian t\u00e1ch ho\u00e0n to\u00e0n)<\/li>\n<li data-sourcepos=\"20:7-21:0\">\n<h3 data-sourcepos=\"24:1-24:47\"><img decoding=\"async\" title=\"shell-turbo-oil-t68-2-jpeg-a8d6f337-732b-4012-b23b-34e4b1562b32-2\" src=\"https:\/\/yenhung.com\/wp-content\/uploads\/2025\/11\/shell-turbo-oil-t68-2-jpeg-a8d6f337-732b-4012-b23b-34e4b1562b32-2.jpg\" alt=\"D\u1ea7u Shell Turbo T68 (20L\/Can)\" data-thumb=\"large\" \/><\/h3>\n<\/li>\n<li data-sourcepos=\"20:7-21:0\">\n<h3 data-sourcepos=\"24:1-24:47\">\u1ee8ng d\u1ee5ng c\u1ee7a D\u1ea7u tuabin Shell Turbo T68<\/h3>\n<p data-sourcepos=\"26:1-26:120\">Shell Turbo T68 \u0111\u01b0\u1ee3c thi\u1ebft k\u1ebf \u0111\u1ec3 s\u1eed d\u1ee5ng trong c\u00e1c h\u1ec7 th\u1ed1ng \u0111\u00f2i h\u1ecfi \u0111\u1ed9 b\u1ec1n oxy h\u00f3a, ch\u1ed1ng r\u1ec9 v\u00e0 ch\u1ed1ng t\u1ea1o b\u1ecdt tuy\u1ec7t v\u1eddi:<\/p>\n<\/li>\n<li data-sourcepos=\"28:3-28:84\"><strong>Tuabin h\u01a1i n\u01b0\u1edbc c\u00f4ng nghi\u1ec7p:<\/strong> L\u00e0 l\u1ef1a ch\u1ecdn ti\u00eau chu\u1ea9n cho c\u00e1c tuabin h\u01a1i n\u01b0\u1edbc.<\/li>\n<li data-sourcepos=\"29:3-29:123\"><strong>Tuabin kh\u00ed t\u1ea3i tr\u1ecdng nh\u1eb9:<\/strong> Th\u00edch h\u1ee3p cho c\u00e1c tuabin kh\u00ed kh\u00f4ng y\u00eau c\u1ea7u t\u00ednh n\u0103ng ch\u1ed1ng m\u00e0i m\u00f2n t\u0103ng c\u01b0\u1eddng cho h\u1ed9p s\u1ed1.<\/li>\n<li data-sourcepos=\"30:3-30:79\"><strong>Tuabin th\u1ee7y \u0111i\u1ec7n:<\/strong> B\u00f4i tr\u01a1n c\u00e1c h\u1ec7 th\u1ed1ng tuabin trong nh\u00e0 m\u00e1y th\u1ee7y \u0111i\u1ec7n.<\/li>\n<li data-sourcepos=\"31:3-31:172\"><strong>M\u00e1y n\u00e9n kh\u00ed v\u00e0 b\u01a1m ly t\u00e2m\/h\u01b0\u1edbng tr\u1ee5c:<\/strong> \u0110\u1eb7c bi\u1ec7t c\u00e1c lo\u1ea1i kh\u00f4ng c\u00f3 h\u1ed9p s\u1ed1 gi\u1ea3m t\u1ed1c y\u00eau c\u1ea7u d\u1ea7u c\u00f3 t\u00ednh n\u0103ng R&amp;O (Rust &amp; Oxidation Inhibited) ho\u1eb7c d\u1ea7u tuabin.<\/li>\n<li data-sourcepos=\"32:3-33:0\"><strong>C\u00e1c \u1ee9ng d\u1ee5ng y\u00eau c\u1ea7u d\u1ea7u tu\u1ea7n ho\u00e0n v\u1edbi kh\u1ea3 n\u0103ng ki\u1ec3m so\u00e1t ch\u1eb7t ch\u1ebd v\u1ec1 oxy h\u00f3a v\u00e0 ch\u1ed1ng r\u1ec9 s\u00e9t.<\/strong><\/li>\n<\/ul>\n<\/li>\n<\/ul>\n<\/div>\n","protected":false},"excerpt":{"rendered":"<p><strong>T\u00ean sa\u0309n ph\u00e2\u0309m:D\u1ea7u Shell Turbo T68 (20L\/Can)<\/strong><\/p>\n","protected":false},"featured_media":8732,"comment_status":"closed","ping_status":"closed","template":"","meta":[],"product_brand":[],"product_cat":[168],"product_tag":[],"class_list":{"0":"post-8731","1":"product","2":"type-product","3":"status-publish","4":"has-post-thumbnail","6":"product_cat-shell","8":"first","9":"instock","10":"shipping-taxable","11":"product-type-simple"},"_links":{"self":[{"href":"https:\/\/yenhung.com\/index.php?rest_route=\/wp\/v2\/product\/8731","targetHints":{"allow":["GET"]}}],"collection":[{"href":"https:\/\/yenhung.com\/index.php?rest_route=\/wp\/v2\/product"}],"about":[{"href":"https:\/\/yenhung.com\/index.php?rest_route=\/wp\/v2\/types\/product"}],"replies":[{"embeddable":true,"href":"https:\/\/yenhung.com\/index.php?rest_route=%2Fwp%2Fv2%2Fcomments&post=8731"}],"wp:featuredmedia":[{"embeddable":true,"href":"https:\/\/yenhung.com\/index.php?rest_route=\/wp\/v2\/media\/8732"}],"wp:attachment":[{"href":"https:\/\/yenhung.com\/index.php?rest_route=%2Fwp%2Fv2%2Fmedia&parent=8731"}],"wp:term":[{"taxonomy":"product_brand","embeddable":true,"href":"https:\/\/yenhung.com\/index.php?rest_route=%2Fwp%2Fv2%2Fproduct_brand&post=8731"},{"taxonomy":"product_cat","embeddable":true,"href":"https:\/\/yenhung.com\/index.php?rest_route=%2Fwp%2Fv2%2Fproduct_cat&post=8731"},{"taxonomy":"product_tag","embeddable":true,"href":"https:\/\/yenhung.com\/index.php?rest_route=%2Fwp%2Fv2%2Fproduct_tag&post=8731"}],"curies":[{"name":"wp","href":"https:\/\/api.w.org\/{rel}","templated":true}]}}